{"id":57600,"date":"2026-03-19T04:01:29","date_gmt":"2026-03-19T04:01:29","guid":{"rendered":"https:\/\/soydeaqui.ddns.net\/pachuca\/index.php\/producto\/lampara-de-obstruccion-autonoma-con-led-color-ambar-con-panel-solar-luz-fija-o-estroboscopica-configurable-no-incluye-montaje\/"},"modified":"2026-03-19T04:01:30","modified_gmt":"2026-03-19T04:01:30","slug":"lampara-de-obstruccion-autonoma-con-led-color-ambar-con-panel-solar-luz-fija-o-estroboscopica-configurable-no-incluye-montaje","status":"publish","type":"product","link":"https:\/\/soydeaqui.ddns.net\/pachuca\/index.php\/producto\/lampara-de-obstruccion-autonoma-con-led-color-ambar-con-panel-solar-luz-fija-o-estroboscopica-configurable-no-incluye-montaje\/","title":{"rendered":"L\u00e1mpara de Obstrucci\u00f3n Aut\u00f3noma con Led Color Ambar con Panel Solar (Luz Fija o Estrobosc\u00f3pica configurable) \/ No incluye montaje"},"content":{"rendered":"<div style='width: 100%; max-width: 1200px; margin: 0 auto; font-family: sans-serif; line-height: 1.6; color: inherit; background-color: transparent;'>\n<div style='display: flex; flex-wrap: wrap; gap: 30px; margin-bottom: 30px;'>\n<div style='flex: 1 1 300px; min-width: 280px;'>\n<h3 style='font-size: 22px; border-bottom: 2px solid currentColor; padding-bottom: 5px; margin-top: 0; color: inherit; opacity: 0.8;'>Caracter\u00edsticas<\/h3>\n<ul style='padding-left: 20px; font-size: 15px; color: inherit;'>\n<li style='margin-bottom: 5px;'>La fotoc\u00e9lula puede encender \/ apagar la luz en d\u00edas lluviosos o por la noche autom\u00e1ticamente.<\/li>\n<li style='margin-bottom: 5px;'>Estandarizaci\u00f3n del dise\u00f1o \u00f3ptico&comma; alta eficiencia de conversi\u00f3n fotoel\u00e9ctrica.<\/li>\n<li style='margin-bottom: 5px;'>Adopta la eficiencia de conversi\u00f3n fotoel\u00e9ctrica de chip solar de alta eficiencia es m\u00e1s del 19%.<\/li>\n<li style='margin-bottom: 5px;'>La integraci\u00f3n del dise\u00f1o a prueba de agua&comma; puede trabajar en inmersi\u00f3n en agua de mar&comma; grado de protecci\u00f3n IP68.<\/li>\n<li style='margin-bottom: 5px;'>Adopta chip de LED personalizado&comma; la eficiencia de transferencia y la vida \u00fatil es m\u00e1s alta que el LED normal.<\/li>\n<li style='margin-bottom: 5px;'>El circuito adopta un avanzado sistema de administraci\u00f3n de carga y descarga&comma; prolonga la vida \u00fatil de la bater\u00eda de manera efectiva.<\/li>\n<li style='margin-bottom: 5px;'>La l\u00e1mpara ampl\u00eda el interruptor de estado&comma; puede ajustar la base del modo de trabajo de luz constante o intermitente en un requisito.<\/li>\n<li style='margin-bottom: 5px;'>Proporciona la capacidad de protecci\u00f3n contra rayos&comma; resistencia a la luz&comma; resistencia a la nieve y la lluvia.<\/li>\n<li style='margin-bottom: 5px;'>Interior adopta una bater\u00eda de hierro de \u00e1cido fosf\u00f3rico solar cuya vida \u00fatil puede superar los 3 a\u00f1os&comma; reducir el costo de mantenimiento y la dificultad.<\/li>\n<li style='margin-bottom: 5px;'>La base adopta material pl\u00e1stico dedicado de grado marino&comma; puede aplicarse a v\u00edas mar\u00edtimas y plantas qu\u00edmicas que tienen un ambiente hostil y corrosivo fuerte.<\/li>\n<li style='margin-bottom: 5px;'>Con aguja de p\u00e1jaro para evitar la ca\u00edda de las aves.<\/li>\n<li style='margin-bottom: 5px;'>Sin radiofrecuencia (RF)&comma; sin interferencia electromagn\u00e9tica<\/li>\n<li style='margin-bottom: 5px;'>Trabajo estable&comma; bajo costo.<\/li>\n<\/ul><\/div>\n<\/p><\/div>\n<div style='margin-bottom: 30px;'>\n<p style='font-size: 14pt; margin-bottom: 20px; color: inherit;'> <strong>No incluye montaje&comma; considerar el modelo de montaje <\/strong> <a style='color: #005cb9; text-decoration: none; font-weight: 600;' href='https:\/\/www.syscom.mx\/producto\/HLU-3-EPCOM-INDUSTRIAL-156084.html'>HLU-3<\/a> <\/p>\n<\/p><\/div>\n<div style='display: flex; flex-wrap: wrap; gap: 20px; margin-bottom: 30px;'>\n<div style='flex: 1 1 250px; border: 1px solid rgba(150&comma; 150&comma; 150&comma; 0.4); border-radius: 8px; overflow: hidden; display: flex; flex-direction: column;'>\n<div style='padding: 15px; border-bottom: 1px solid rgba(150&comma; 150&comma; 150&comma; 0.2); font-weight: bold; font-size: 18px; color: inherit;'>Especificaciones<\/div>\n<div style='padding: 15px; color: inherit;'>\n<ul style='padding-left: 20px; margin: 0; font-size: 14px; list-style-type: disc;'>\n<li style='margin-bottom: 5px;'><strong>Nombre:<\/strong> Fuente Servicio Vida <strong>Par\u00e1metro:<\/strong> &gt; 100000 horas<\/li>\n<li style='margin-bottom: 5px;'><strong>Nombre:<\/strong> Fuente de alimentaci\u00f3n <strong>Par\u00e1metro:<\/strong> Clase A panel solar de alta eficiencia<\/li>\n<li style='margin-bottom: 5px;'><strong>Nombre:<\/strong> Capacidad de la bater\u00eda <strong>Par\u00e1metro:<\/strong> 3.2V 3.3AH<\/li>\n<li style='margin-bottom: 5px;'><strong>Nombre:<\/strong> Tipo de bater\u00eda <strong>Par\u00e1metro:<\/strong> Bater\u00eda reemplazable de fosfato de hierro y litio<\/li>\n<li style='margin-bottom: 5px;'><strong>Nombre:<\/strong> Energ\u00eda del panel solar <strong>Par\u00e1metro:<\/strong> 1.8W<\/li>\n<li style='margin-bottom: 5px;'><strong>Nombre:<\/strong> Vida del panel solar <strong>Par\u00e1metro:<\/strong> &gt; 20 a\u00f1os<\/li>\n<li style='margin-bottom: 5px;'><strong>Nombre:<\/strong> Consumo de energ\u00eda <strong>Par\u00e1metro:<\/strong> \u22640.3W<\/li>\n<li style='margin-bottom: 5px;'><strong>Nombre:<\/strong> Divergencia vertical <strong>Par\u00e1metro:<\/strong> &gt; 8 \u00b0<\/li>\n<li style='margin-bottom: 5px;'><strong>Nombre:<\/strong> Salida horizontal <strong>Par\u00e1metro:<\/strong> 360 \u00b0<\/li>\n<li style='margin-bottom: 5px;'><strong>Nombre:<\/strong> Fuente de luz <strong>Par\u00e1metro:<\/strong> LED<\/li>\n<li style='margin-bottom: 5px;'><strong>Nombre:<\/strong> Tama\u00f1o total (mm) <strong>Par\u00e1metro:<\/strong> 186 mm (D) \u00d7 190 mm (H)<\/li>\n<li style='margin-bottom: 5px;'><strong>Nombre:<\/strong> Tama\u00f1o de instalaci\u00f3n <strong>Par\u00e1metro:<\/strong> \u00a2 170 mm \u00d7 M6<\/li>\n<li style='margin-bottom: 5px;'><strong>Nombre:<\/strong> Temperatura de almacenamiento <strong>Par\u00e1metro:<\/strong> -40 \u00e2\u201e\u0192 ~ 70 \u00e2\u201e\u0192<\/li>\n<li style='margin-bottom: 5px;'><strong>Nombre:<\/strong> Temperatura de trabajo <strong>Par\u00e1metro:<\/strong> -40 \u00e2\u201e\u0192 ~ 60 \u00e2\u201e\u0192<\/li>\n<li style='margin-bottom: 5px;'><strong>Nombre:<\/strong> Capacidad anti-viento <strong>Par\u00e1metro:<\/strong> 80m \/ s<\/li>\n<li style='margin-bottom: 5px;'><strong>Nombre:<\/strong> Intensidad de luz constante <strong>Par\u00e1metro:<\/strong> Ambar 29cd<\/li>\n<li style='margin-bottom: 5px;'><strong>Nombre:<\/strong> Intensidad de luz intermitente <strong>Par\u00e1metro:<\/strong> Ambar 33cd<\/li>\n<li style='margin-bottom: 5px;'><strong>Nombre:<\/strong> Peso <strong>Par\u00e1metro:<\/strong> 1.2kg<\/li>\n<li style='margin-bottom: 5px;'><strong>Nombre:<\/strong> Modo de trabajo <strong>Par\u00e1metro:<\/strong> Intermitente \/ constante<\/li>\n<li style='margin-bottom: 5px;'><strong>Nombre:<\/strong> Tiempo de trabajo continuo <strong>Par\u00e1metro:<\/strong> &gt; 30 d\u00edas (trabajo 10 horas por d\u00eda)<\/li>\n<li style='margin-bottom: 5px;'><strong>Nombre:<\/strong> Brillo ambiental controlado \u00f3pticamente <strong>Par\u00e1metro:<\/strong> 300 \u00b1 100LUX<\/li>\n<li style='margin-bottom: 5px;'><strong>Nombre:<\/strong> IP est\u00e1ndar <strong>Par\u00e1metro:<\/strong> IP68<\/li>\n<\/ul><\/div>\n<\/p><\/div>\n<\/p><\/div>\n<\/p><\/div>\n","protected":false},"excerpt":{"rendered":"<p>L\u00e1mpara de Obstrucci\u00f3n Aut\u00f3noma con Led Color Ambar con Panel Solar (Luz Fija o Estrobosc\u00f3pica configurable) \/ No incluye montaje<\/p>\n","protected":false},"featured_media":32,"comment_status":"open","ping_status":"closed","template":"","meta":[],"product_brand":[],"product_cat":[1632],"product_tag":[181,1633,246],"class_list":{"0":"post-57600","1":"product","2":"type-product","3":"status-publish","4":"has-post-thumbnail","6":"product_cat-lamparas-de-obstruccion","7":"product_tag-epcom-industrial","8":"product_tag-lamparas-de-obstruccion","9":"product_tag-torres-y-mastiles","11":"first","12":"outofstock","13":"sale","14":"shipping-taxable","15":"purchasable","16":"product-type-simple"},"_links":{"self":[{"href":"https:\/\/soydeaqui.ddns.net\/pachuca\/index.php\/wp-json\/wp\/v2\/product\/57600","targetHints":{"allow":["GET"]}}],"collection":[{"href":"https:\/\/soydeaqui.ddns.net\/pachuca\/index.php\/wp-json\/wp\/v2\/product"}],"about":[{"href":"https:\/\/soydeaqui.ddns.net\/pachuca\/index.php\/wp-json\/wp\/v2\/types\/product"}],"replies":[{"embeddable":true,"href":"https:\/\/soydeaqui.ddns.net\/pachuca\/index.php\/wp-json\/wp\/v2\/comments?post=57600"}],"wp:featuredmedia":[{"embeddable":true,"href":"https:\/\/soydeaqui.ddns.net\/pachuca\/index.php\/wp-json\/wp\/v2\/media\/32"}],"wp:attachment":[{"href":"https:\/\/soydeaqui.ddns.net\/pachuca\/index.php\/wp-json\/wp\/v2\/media?parent=57600"}],"wp:term":[{"taxonomy":"product_brand","embeddable":true,"href":"https:\/\/soydeaqui.ddns.net\/pachuca\/index.php\/wp-json\/wp\/v2\/product_brand?post=57600"},{"taxonomy":"product_cat","embeddable":true,"href":"https:\/\/soydeaqui.ddns.net\/pachuca\/index.php\/wp-json\/wp\/v2\/product_cat?post=57600"},{"taxonomy":"product_tag","embeddable":true,"href":"https:\/\/soydeaqui.ddns.net\/pachuca\/index.php\/wp-json\/wp\/v2\/product_tag?post=57600"}],"curies":[{"name":"wp","href":"https:\/\/api.w.org\/{rel}","templated":true}]}}