{"id":57544,"date":"2026-03-19T03:59:30","date_gmt":"2026-03-19T03:59:30","guid":{"rendered":"https:\/\/soydeaqui.ddns.net\/pachuca\/index.php\/producto\/servicio-de-radio-ptt-basico-tassta-para-equipos-android-1-ano-de-servicio\/"},"modified":"2026-03-19T03:59:30","modified_gmt":"2026-03-19T03:59:30","slug":"servicio-de-radio-ptt-basico-tassta-para-equipos-android-1-ano-de-servicio","status":"publish","type":"product","link":"https:\/\/soydeaqui.ddns.net\/pachuca\/index.php\/producto\/servicio-de-radio-ptt-basico-tassta-para-equipos-android-1-ano-de-servicio\/","title":{"rendered":"Servicio de Radio PTT B\u00e1sico TASSTA para equipos Android (1 A\u00f1o de Servicio)"},"content":{"rendered":"<div style='width: 100%; max-width: 1200px; margin: 0 auto; font-family: sans-serif; line-height: 1.6; color: inherit; background-color: transparent;'>\n<div style='display: flex; flex-wrap: wrap; gap: 30px; margin-bottom: 30px;'>\n<div style='flex: 1 1 300px; min-width: 280px;'>\n<h3 style='font-size: 22px; border-bottom: 2px solid currentColor; padding-bottom: 5px; margin-top: 0; color: inherit; opacity: 0.8;'>Modelo T.Qonnector<\/h3>\n<p style='font-size: 14px; color: inherit;'>Servicio de interconexi\u00f3n de grupos en dos puertos diferentes.<\/p>\n<h3 style='font-size: 22px; border-bottom: 2px solid currentColor; padding-bottom: 5px; margin-top: 0; color: inherit; opacity: 0.8;'>Caracter\u00edsticas Principales<\/h3>\n<ul style='padding-left: 20px; font-size: 15px; color: inherit;'>\n<li style='margin-bottom: 5px; font-size: 14px;'>Incluye: 12 meses de servicio en plataforma TASSTA.<\/li>\n<li style='margin-bottom: 5px; font-size: 14px;'>Requiere una licencia por cada puerto.<\/li>\n<\/ul><\/div>\n<div style='flex: 1 1 300px; min-width: 280px;'>\n<h3 style='font-size: 22px; border-bottom: 2px solid currentColor; padding-bottom: 5px; margin-top: 0; color: inherit; opacity: 0.8;'>Soluci\u00f3n Profesional TASSTA<\/h3>\n<ul style='padding-left: 20px; font-size: 14px; color: inherit;'>\n<li style='margin-bottom: 5px;'>TASSTA ofrece una soluci\u00f3n moderna Push-to-Talk que utiliza todas las capacidades t\u00e9cnicas de uso de dispositivos m\u00f3viles inteligentes.<\/li>\n<li style='margin-bottom: 5px;'>Proporciona un paquete completo de llamadas individuales&comma; grupales y prioritarias&comma; incluyendo mensajes&comma; transferencia de datos&comma; grabaci\u00f3n de voz&comma; GPS y localizaci\u00f3n en interiores&comma; alarmas&comma; alertas de emergencia&comma; Push to Video&comma; gesti\u00f3n de tareas y muchas otras caracter\u00edsticas.<\/li>\n<\/ul>\n<p style='font-weight: bold; font-size: 14px; color: inherit; margin-top: 20px;'>\u00a1TASSTA ofrece comunicaciones de radio r\u00e1pidas y seguras sin limitaciones geogr\u00e1ficas!<\/p>\n<\/p><\/div>\n<div style='flex: 1 1 300px; min-width: 280px;'> <img style='width: 100%; height: auto; border: 1px solid rgba(150&comma;150&comma;150&comma;0.3); border-radius: 8px;' src='https:\/\/ftp3.syscom.mx\/usuarios\/fotos\/TFLEXPTT\/218614-banner-m22-1024x629.png' alt=''><\/div>\n<\/p><\/div>\n<\/p><\/div>\n","protected":false},"excerpt":{"rendered":"<p>Servicio de Radio PTT B\u00e1sico TASSTA para equipos Android (1 A\u00f1o de Servicio)<\/p>\n","protected":false},"featured_media":32,"comment_status":"open","ping_status":"closed","template":"","meta":[],"product_brand":[],"product_cat":[1507],"product_tag":[1509,1508,1510],"class_list":{"0":"post-57544","1":"product","2":"type-product","3":"status-publish","4":"has-post-thumbnail","6":"product_cat-plataforma-tassta","7":"product_tag-plataforma-tassta","8":"product_tag-radios-lte","9":"product_tag-tassta","11":"first","12":"instock","13":"sale","14":"shipping-taxable","15":"purchasable","16":"product-type-simple"},"_links":{"self":[{"href":"https:\/\/soydeaqui.ddns.net\/pachuca\/index.php\/wp-json\/wp\/v2\/product\/57544","targetHints":{"allow":["GET"]}}],"collection":[{"href":"https:\/\/soydeaqui.ddns.net\/pachuca\/index.php\/wp-json\/wp\/v2\/product"}],"about":[{"href":"https:\/\/soydeaqui.ddns.net\/pachuca\/index.php\/wp-json\/wp\/v2\/types\/product"}],"replies":[{"embeddable":true,"href":"https:\/\/soydeaqui.ddns.net\/pachuca\/index.php\/wp-json\/wp\/v2\/comments?post=57544"}],"wp:featuredmedia":[{"embeddable":true,"href":"https:\/\/soydeaqui.ddns.net\/pachuca\/index.php\/wp-json\/wp\/v2\/media\/32"}],"wp:attachment":[{"href":"https:\/\/soydeaqui.ddns.net\/pachuca\/index.php\/wp-json\/wp\/v2\/media?parent=57544"}],"wp:term":[{"taxonomy":"product_brand","embeddable":true,"href":"https:\/\/soydeaqui.ddns.net\/pachuca\/index.php\/wp-json\/wp\/v2\/product_brand?post=57544"},{"taxonomy":"product_cat","embeddable":true,"href":"https:\/\/soydeaqui.ddns.net\/pachuca\/index.php\/wp-json\/wp\/v2\/product_cat?post=57544"},{"taxonomy":"product_tag","embeddable":true,"href":"https:\/\/soydeaqui.ddns.net\/pachuca\/index.php\/wp-json\/wp\/v2\/product_tag?post=57544"}],"curies":[{"name":"wp","href":"https:\/\/api.w.org\/{rel}","templated":true}]}}