{"id":57509,"date":"2026-03-19T03:58:24","date_gmt":"2026-03-19T03:58:24","guid":{"rendered":"https:\/\/soydeaqui.ddns.net\/pachuca\/index.php\/producto\/reloj-garmin-tactix-7-pro-edition-color-negro-en-bisel-de-titanio-multideporte-con-gps-ofrece-funciones-tacticas-especializadas-asi-como-mapas-musica-funciones-de-entreno-avanzada\/"},"modified":"2026-03-19T03:58:34","modified_gmt":"2026-03-19T03:58:34","slug":"reloj-garmin-tactix-7-pro-edition-color-negro-en-bisel-de-titanio-multideporte-con-gps-ofrece-funciones-tacticas-especializadas-asi-como-mapas-musica-funciones-de-entreno-avanzada","status":"publish","type":"product","link":"https:\/\/soydeaqui.ddns.net\/pachuca\/index.php\/producto\/reloj-garmin-tactix-7-pro-edition-color-negro-en-bisel-de-titanio-multideporte-con-gps-ofrece-funciones-tacticas-especializadas-asi-como-mapas-musica-funciones-de-entreno-avanzada\/","title":{"rendered":"Reloj Garmin tactix\u00ae 7 \u2013 Pro Edition color negro en bisel de titanio,  multideporte con GPS ofrece funciones t\u00e1cticas especializadas, as\u00ed como mapas, m\u00fasica, funciones de entreno avanzadas."},"content":{"rendered":"<div style='width: 100%; max-width: 1200px; margin: 0 auto; font-family: sans-serif; line-height: 1.6; color: inherit;'>\n<div style='display: flex; flex-wrap: wrap; gap: 30px; margin-bottom: 30px;'>\n<div style='flex: 1 1 300px; min-width: 280px;'>\n<h3 style='font-size: 22px; border-bottom: 2px solid currentColor; padding-bottom: 5px; margin-top: 0; color: inherit; opacity: 0.8;'>Caracter\u00edsticas generales<\/h3>\n<ul style='padding-left: 20px; font-size: 15px; color: inherit;'>\n<li style='margin-bottom: 5px;'>Material del lente: Power Sapphire.<\/li>\n<li style='margin-bottom: 5px;'>Material del bisel: Titanio.<\/li>\n<li style='margin-bottom: 5px;'>Correa de Nailon y silic\u00f3n.<\/li>\n<li style='margin-bottom: 5px;'>Pantalla t\u00e1ctil a color.<\/li>\n<li style='margin-bottom: 5px;'>Resistente al agua 10 ATM.<\/li>\n<li style='margin-bottom: 5px;'>Sensores GPS&comma; GLONASS y GALILEO.<\/li>\n<li style='margin-bottom: 5px;'>Funciones de alt\u00edmetro&comma; br\u00fajula&comma; giroscopio y aceler\u00f3metro integradas.<\/li>\n<li style='margin-bottom: 5px;'>Funciones inteligentes incluidas.<\/li>\n<li style='margin-bottom: 5px;'>Funciones de entrenamiento&comma; planificaci\u00f3n y an\u00e1lisis.<\/li>\n<li style='margin-bottom: 5px;'>Sensor de frecuencia cardiaca en tiempo real.<\/li>\n<\/ul><\/div>\n<\/p><\/div>\n<div style='display: flex; flex-wrap: wrap; gap: 30px; margin-bottom: 30px;'>\n<div style='flex: 1 1 300px; min-width: 280px;'>\n<h3 style='font-size: 22px; border-bottom: 2px solid currentColor; padding-bottom: 5px; margin-top: 0; color: inherit; opacity: 0.8;'>Incluye<\/h3>\n<ul style='padding-left: 20px; font-size: 15px; color: inherit;'>\n<li style='margin-bottom: 5px;'>Tactix 7 \u2013 Pro Edition&comma; titanio con revestimiento de DLC negro con correa t\u00e1ctica de nailon negro<\/li>\n<li style='margin-bottom: 5px;'>Correa de reloj de silicona negra<\/li>\n<li style='margin-bottom: 5px;'>Cable cargador\/datos<\/li>\n<li style='margin-bottom: 5px;'>Documentaci\u00f3n<\/li>\n<\/ul><\/div>\n<\/p><\/div>\n<div style='display: flex; flex-wrap: wrap; gap: 20px; margin-bottom: 30px;'>\n<div style='flex: 1 1 250px; border: 1px solid rgba(150&comma; 150&comma; 150&comma; 0.4); border-radius: 8px; overflow: hidden; display: flex; flex-direction: column;'>\n<div style='padding: 15px; border-bottom: 1px solid rgba(150&comma; 150&comma; 150&comma; 0.2); font-weight: bold; font-size: 18px; color: inherit;'>Te va a encantar<\/div>\n<div style='padding: 15px; color: inherit;'>\n<ul style='padding-left: 20px; margin: 0; font-size: 14px; list-style-type: disc;'>\n<li style='margin-bottom: 5px;'><strong><a style='color: inherit; text-decoration: none; border-bottom: 1px solid transparent; transition: color 0.2s&comma; border-color 0.2s;' href='https:\/\/www.garmin.com\/es-MX\/garmin-technology\/health-science\/sleep-tracking\/'>Puntuaci\u00f3n de sue\u00f1o e Insights<\/a><\/strong><\/li>\n<li style='margin-bottom: 5px;'><strong>Autonom\u00eda de la bater\u00eda (modo smartwatch):<\/strong> Hasta 28\/37 d\u00edas con carga solar<\/li>\n<li style='margin-bottom: 5px;'><strong>Mapas integrados:<\/strong> S\u00ed<\/li>\n<li style='margin-bottom: 5px;'><strong><a style='color: inherit; text-decoration: none; border-bottom: 1px solid transparent; transition: color 0.2s&comma; border-color 0.2s;' href='https:\/\/www.garmin.com\/es-MX\/garmin-technology\/running-science\/physiological-measurements\/daily-suggested-workouts-feature\/'>SESIONES DE ENTRENAMIENTO DIARIAS RECOMENDADAS<\/a><\/strong><\/li>\n<li style='margin-bottom: 5px;'><strong><a style='color: inherit; text-decoration: none; border-bottom: 1px solid transparent; transition: color 0.2s&comma; border-color 0.2s;' href='https:\/\/www.garmin.com\/es-MX\/garmin-technology\/health-science\/pulse-ox\/'>Saturaci\u00f3n de ox\u00edgeno en sangre mediante el pulsiox\u00edmetro<\/a><\/strong><\/li>\n<li style='margin-bottom: 5px;'><strong>Linterna LED:<\/strong> Si (blanco \/ verde)<\/li>\n<li style='margin-bottom: 5px;'><strong>Garmin Pay\u2122:<\/strong> S\u00ed<\/li>\n<li style='margin-bottom: 5px;'><strong>GPS multibanda:<\/strong> S\u00ed<\/li>\n<li style='margin-bottom: 5px;'><strong>Almacenamiento de m\u00fasica:<\/strong> S\u00ed<\/li>\n<li style='margin-bottom: 5px;'><strong><a style='color: inherit; text-decoration: none; border-bottom: 1px solid transparent; transition: color 0.2s&comma; border-color 0.2s;' href='https:\/\/www.garmin.com\/es-MX\/garmin-technology\/running-science\/physiological-measurements\/training-readiness\/'>predisposici\u00f3n para entrenar<\/a><\/strong><\/li>\n<li style='margin-bottom: 5px;'><strong><a style='color: inherit; text-decoration: none; border-bottom: 1px solid transparent; transition: color 0.2s&comma; border-color 0.2s;' href='https:\/\/www.garmin.com\/es-MX\/garmin-technology\/running-science\/physiological-measurements\/training-status\/'>Estado de entrenamiento<\/a><\/strong><\/li>\n<li style='margin-bottom: 5px;'><strong>Tipo de pantalla del reloj:<\/strong> Visible a la luz del sol&comma; transflectiva&comma; memoria a nivel de p\u00edxeles (MIP)<\/li>\n<li style='margin-bottom: 5px;'><strong>Carga solar:<\/strong> S\u00ed<\/li>\n<li style='margin-bottom: 5px;'><strong>Pantalla t\u00e1ctil:<\/strong> S\u00ed<\/li>\n<li style='margin-bottom: 5px;'><strong><a style='color: inherit; text-decoration: none; border-bottom: 1px solid transparent; transition: color 0.2s&comma; border-color 0.2s;' href='https:\/\/www.garmin.com\/es-MX\/legal\/waterrating-definitions\/'>Clasificaci\u00f3n de resistencia al agua:<\/a><\/strong> 10 ATM<\/li>\n<\/ul><\/div>\n<\/p><\/div>\n<div style='flex: 1 1 250px; border: 1px solid rgba(150&comma; 150&comma; 150&comma; 0.4); border-radius: 8px; overflow: hidden; display: flex; flex-direction: column;'>\n<div style='padding: 15px; border-bottom: 1px solid rgba(150&comma; 150&comma; 150&comma; 0.2); font-weight: bold; font-size: 18px; color: inherit;'>Autonom\u00eda y carga<\/div>\n<div style='padding: 15px; color: inherit;'>\n<ul style='padding-left: 20px; margin: 0; font-size: 14px; list-style-type: disc;'>\n<li style='margin-bottom: 5px;'><strong>Autonom\u00eda de la bater\u00eda:<\/strong> Smartwatch: hasta 28\/37 d\u00edas con carga solar*<br \/>Modo reloj de ahorro de energ\u00eda: hasta 90 d\u00edas\/m\u00e1s de 1 a\u00f1o con carga solar*<br \/>Solo GPS: hasta 89\/122 horas con carga solar**<br \/>Todos los sistemas de sat\u00e9lite: hasta 63 horas\/77 horas con carga solar*<br \/>Todos los sistemas de sat\u00e9lite + m\u00fasica: hasta 16 horas GPS<br \/>con uso m\u00e1ximo de bater\u00eda: hasta 213\/578 horas con carga solar**<br \/>GPS de expedici\u00f3n: hasta 62\/139 d\u00edas con carga solar*<br \/>* Carga solar&comma; en condiciones de uso durante todo el d\u00eda con 3 horas al d\u00eda en entornos exteriores de 50 000 Lux<br \/>** Carga solar&comma; en condiciones de uso en entornos de 50 000 Lux<\/li>\n<li style='margin-bottom: 5px;'><strong>M\u00e9todo de carga:<\/strong> Cargador de enchufe exclusivo de Garmin<\/li>\n<li style='margin-bottom: 5px;'><strong>Memoria\/historial:<\/strong> 32 GB<\/li>\n<\/ul><\/div>\n<\/p><\/div>\n<div style='flex: 1 1 250px; border: 1px solid rgba(150&comma; 150&comma; 150&comma; 0.4); border-radius: 8px; overflow: hidden; display: flex; flex-direction: column;'>\n<div style='padding: 15px; border-bottom: 1px solid rgba(150&comma; 150&comma; 150&comma; 0.2); font-weight: bold; font-size: 18px; color: inherit;'>Funciones del reloj<\/div>\n<div style='padding: 15px; color: inherit;'>\n<ul style='padding-left: 20px; margin: 0; font-size: 14px; list-style-type: disc;'>\n<li style='margin-bottom: 5px;'><strong>Fecha\/hora:<\/strong> S\u00ed<\/li>\n<li style='margin-bottom: 5px;'><strong>Sincronizaci\u00f3n de la hora con el GPS:<\/strong> S\u00ed<\/li>\n<li style='margin-bottom: 5px;'><strong>Horario de verano autom\u00e1tico:<\/strong> S\u00ed<\/li>\n<li style='margin-bottom: 5px;'><strong>Reloj despertador:<\/strong> S\u00ed<\/li>\n<li style='margin-bottom: 5px;'><strong>Temporizador:<\/strong> S\u00ed<\/li>\n<li style='margin-bottom: 15px;'><strong>Cron\u00f3metro:<\/strong> S\u00ed<\/li>\n<li style='margin-bottom: 5px;'><strong>Horario del amanecer\/atardecer:<\/strong> S\u00ed<\/li>\n<\/ul><\/div>\n<\/p><\/div>\n<div style='flex: 1 1 250px; border: 1px solid rgba(150&comma; 150&comma; 150&comma; 0.4); border-radius: 8px; overflow: hidden; display: flex; flex-direction: column;'>\n<div style='padding: 15px; border-bottom: 1px solid rgba(150&comma; 150&comma; 150&comma; 0.2); font-weight: bold; font-size: 18px; color: inherit;'>Control de salud y forma f\u00edsica<\/div>\n<div style='padding: 15px; color: inherit;'>\n<ul style='padding-left: 20px; margin: 0; font-size: 14px; list-style-type: disc;'>\n<li style='margin-bottom: 5px;'><strong>Sensor de frecuencia cardiaca en la mu\u00f1eca (constante&comma; a cada segundo):<\/strong> S\u00ed<\/li>\n<li style='margin-bottom: 5px;'><strong>Frecuencia cardiaca diaria en reposo:<\/strong> S\u00ed<\/li>\n<li style='margin-bottom: 5px;'><strong>Alertas de frecuencia cardiaca anormal:<\/strong> Si (alto y bajo)<\/li>\n<li style='margin-bottom: 5px;'><strong><a style='color: inherit; text-decoration: none; border-bottom: 1px solid transparent; transition: color 0.2s&comma; border-color 0.2s;' href='https:\/\/www.garmin.com\/es-MX\/garmin-technology\/health-science\/respiration-rate\/'>Frecuencia respiratoria<\/a> (24&#215;7):<\/strong> S\u00ed<\/li>\n<li style='margin-bottom: 5px;'><strong><a style='color: inherit; text-decoration: none; border-bottom: 1px solid transparent; transition: color 0.2s&comma; border-color 0.2s;' href='https:\/\/www.garmin.com\/es-MX\/garmin-technology\/health-science\/fitness-age\/'>EDAD FISIOL\u00d3GICA<\/a>:<\/strong> S\u00ed (en Garmin Connect\u2122)<\/li>\n<li style='margin-bottom: 5px;'><strong><a style='color: inherit; text-decoration: none; border-bottom: 1px solid transparent; transition: color 0.2s&comma; border-color 0.2s;' href='https:\/\/www.garmin.com\/es-MX\/garmin-technology\/health-science\/body-battery\/'>MONITOR DE ENERG\u00cdA BODY BATTERY\u2122<\/a>:<\/strong> S\u00ed<\/li>\n<li style='margin-bottom: 5px;'><strong><a style='color: inherit; text-decoration: none; border-bottom: 1px solid transparent; transition: color 0.2s&comma; border-color 0.2s;' href='https:\/\/www.garmin.com\/es-MX\/garmin-technology\/health-science\/stress-tracking\/'>Estr\u00e9s durante todo el d\u00eda<\/a>:<\/strong> S\u00ed<\/li>\n<li style='margin-bottom: 5px;'><strong>Entrenador de sue\u00f1o:<\/strong> S\u00ed<\/li>\n<li style='margin-bottom: 5px;'><strong>Detecci\u00f3n de siestas:<\/strong> S\u00ed<\/li>\n<li style='margin-bottom: 5px;'><strong><a style='color: inherit; text-decoration: none; border-bottom: 1px solid transparent; transition: color 0.2s&comma; border-color 0.2s;' href='https:\/\/www.garmin.com\/es-MX\/garmin-technology\/health-science\/hydration\/'>Hidrataci\u00f3n:<\/a><\/strong> S\u00ed (en Garmin Connect\u2122 y en el widget de Connect IQ\u2122 opcional)<\/li>\n<li style='margin-bottom: 5px;'><strong><a style='color: inherit; text-decoration: none; border-bottom: 1px solid transparent; transition: color 0.2s&comma; border-color 0.2s;' href='https:\/\/www.garmin.com\/es-MX\/garmin-technology\/health-science\/womens-health\/'>Salud femenina<\/a>:<\/strong> S\u00ed<\/li>\n<\/ul><\/div>\n<\/p><\/div>\n<\/p><\/div>\n<div style='position: relative; padding-bottom: 56.25%; height: 0; overflow: hidden; margin-bottom: 30px;'>   <\/div>\n<hr style='border: 0; border-top: 1px solid rgba(150&comma; 150&comma; 150&comma; 0.3); margin: 30px 0;'> <\/div>\n","protected":false},"excerpt":{"rendered":"<p>Reloj Garmin tactix\u00ae 7 \u2013 Pro Edition color negro en bisel de titanio,  multideporte con GPS ofrece funciones t\u00e1cticas especializadas, as\u00ed como mapas, m\u00fasica, funciones de entreno avanzadas.<\/p>\n","protected":false},"featured_media":57508,"comment_status":"open","ping_status":"closed","template":"","meta":[],"product_brand":[],"product_cat":[1336],"product_tag":[417,1337,1449],"class_list":{"0":"post-57509","1":"product","2":"type-product","3":"status-publish","4":"has-post-thumbnail","6":"product_cat-accesorios-generales-accesorios-para-otras-marcas","7":"product_tag-accesorios-generales","8":"product_tag-accesorios-para-otras-marcas","9":"product_tag-garmin","11":"first","12":"outofstock","13":"sale","14":"shipping-taxable","15":"purchasable","16":"product-type-simple"},"_links":{"self":[{"href":"https:\/\/soydeaqui.ddns.net\/pachuca\/index.php\/wp-json\/wp\/v2\/product\/57509","targetHints":{"allow":["GET"]}}],"collection":[{"href":"https:\/\/soydeaqui.ddns.net\/pachuca\/index.php\/wp-json\/wp\/v2\/product"}],"about":[{"href":"https:\/\/soydeaqui.ddns.net\/pachuca\/index.php\/wp-json\/wp\/v2\/types\/product"}],"replies":[{"embeddable":true,"href":"https:\/\/soydeaqui.ddns.net\/pachuca\/index.php\/wp-json\/wp\/v2\/comments?post=57509"}],"wp:featuredmedia":[{"embeddable":true,"href":"https:\/\/soydeaqui.ddns.net\/pachuca\/index.php\/wp-json\/wp\/v2\/media\/57508"}],"wp:attachment":[{"href":"https:\/\/soydeaqui.ddns.net\/pachuca\/index.php\/wp-json\/wp\/v2\/media?parent=57509"}],"wp:term":[{"taxonomy":"product_brand","embeddable":true,"href":"https:\/\/soydeaqui.ddns.net\/pachuca\/index.php\/wp-json\/wp\/v2\/product_brand?post=57509"},{"taxonomy":"product_cat","embeddable":true,"href":"https:\/\/soydeaqui.ddns.net\/pachuca\/index.php\/wp-json\/wp\/v2\/product_cat?post=57509"},{"taxonomy":"product_tag","embeddable":true,"href":"https:\/\/soydeaqui.ddns.net\/pachuca\/index.php\/wp-json\/wp\/v2\/product_tag?post=57509"}],"curies":[{"name":"wp","href":"https:\/\/api.w.org\/{rel}","templated":true}]}}