{"id":57504,"date":"2026-03-19T03:58:14","date_gmt":"2026-03-19T03:58:14","guid":{"rendered":"https:\/\/soydeaqui.ddns.net\/pachuca\/index.php\/producto\/accesorio-de-sellado-de-aire-cool-boot-para-entradas-de-cable-por-piso-falso-con-retardante-de-llama-y-disipador-electrostatico-de-152-4-x-203-2-mm\/"},"modified":"2026-03-19T03:58:21","modified_gmt":"2026-03-19T03:58:21","slug":"accesorio-de-sellado-de-aire-cool-boot-para-entradas-de-cable-por-piso-falso-con-retardante-de-llama-y-disipador-electrostatico-de-152-4-x-203-2-mm","status":"publish","type":"product","link":"https:\/\/soydeaqui.ddns.net\/pachuca\/index.php\/producto\/accesorio-de-sellado-de-aire-cool-boot-para-entradas-de-cable-por-piso-falso-con-retardante-de-llama-y-disipador-electrostatico-de-152-4-x-203-2-mm\/","title":{"rendered":"Accesorio de Sellado de Aire Cool Boot\u00ae, Para Entradas de Cable por Piso Falso, Con retardante de llama y disipador electrost\u00e1tico, de 152.4 x 203.2 mm"},"content":{"rendered":"<div style='width: 100%; max-width: 1200px; margin: 0 auto; font-family: sans-serif; line-height: 1.6; color: inherit; background-color: transparent;'> <!-- Secci\u00f3n de descripci\u00f3n --> <\/p>\n<div style='margin-bottom: 30px;'>\n<h2 style='font-size: 24px; border-bottom: 2px solid currentColor; padding-bottom: 5px; margin-top: 0; color: inherit; opacity: 0.85;'>Descripci\u00f3n<\/h2>\n<p style='font-size: 15px; margin-top: 15px; color: inherit;'>El accesorio de sellado de aire para piso falso Cool Boot\u00ae est\u00e1 dise\u00f1ado para entornos de pasillo caliente\/pasillo fr\u00edo en un centro de datos donde los cables pasan a trav\u00e9s de un espacio en el piso falso. Reduce el flujo de aire no deseado mejorando la refrigeraci\u00f3n de los equipos de red y previniendo la ca\u00edda de part\u00edculas bajo el piso falso.<\/p>\n<\/p><\/div>\n<p> <!-- Secci\u00f3n de caracter\u00edsticas principales --> <\/p>\n<div style='margin-bottom: 30px;'>\n<h2 style='font-size: 24px; border-bottom: 2px solid currentColor; padding-bottom: 5px; margin-top: 0; color: inherit; opacity: 0.85;'>Caracter\u00edsticas Principales<\/h2>\n<ul style='padding-left: 20px; font-size: 15px; color: inherit; margin-top: 15px;'>\n<li style='margin-bottom: 5px;'>Dise\u00f1ado para sistemas pasillo caliente\/pasillo fr\u00edo<\/li>\n<li style='margin-bottom: 5px;'>Reduce flujo de aire no deseado&comma; mejorando la refrigeraci\u00f3n de equipos<\/li>\n<li style='margin-bottom: 5px;'>Rango de temperatura de operaci\u00f3n: -40\u00b0C a 60\u00b0C<\/li>\n<li style='margin-bottom: 5px;'>Material cumple con normativa ambiental RoHS<\/li>\n<li style='margin-bottom: 5px;'>Dise\u00f1o de baja altura (menos de 0.71 pulgadas sobre la superficie del piso)<\/li>\n<li style='margin-bottom: 5px;'>Cubre el borde interior del orificio del piso para proteger cables de abrasi\u00f3n<\/li>\n<\/ul><\/div>\n<p> <!-- Secci\u00f3n de especificaciones t\u00e9cnicas --> <\/p>\n<div style='display: flex; flex-wrap: wrap; gap: 20px; margin-bottom: 30px;'>\n<div style='flex: 1 1 250px; border: 1px solid rgba(150&comma; 150&comma; 150&comma; 0.4); border-radius: 8px; overflow: hidden; display: flex; flex-direction: column;'>\n<div style='padding: 15px; border-bottom: 1px solid rgba(150&comma; 150&comma; 150&comma; 0.2); font-weight: bold; font-size: 18px; color: inherit;'>Especificaciones T\u00e9cnicas<\/div>\n<div style='padding: 15px; color: inherit;'>\n<ul style='padding-left: 20px; margin: 0; font-size: 14px; list-style-type: disc;'>\n<li style='margin-bottom: 5px;'><strong>Ancho total:<\/strong> 152.4 mm<\/li>\n<li style='margin-bottom: 5px;'><strong>Profundidad total:<\/strong> 15.2 mm<\/li>\n<li style='margin-bottom: 5px;'><strong>Altura total:<\/strong> 203.2 mm<\/li>\n<li style='margin-bottom: 5px;'><strong>Temperatura operaci\u00f3n:<\/strong> -40\u00b0C a 60\u00b0C<\/li>\n<li style='margin-bottom: 5px;'><strong>Material anillo exterior:<\/strong> Policarbonato disipador electrost\u00e1tico y retardante de llama<\/li>\n<li style='margin-bottom: 5px;'><strong>Material sellado:<\/strong> Termopl\u00e1stico vulcanizado retardante de llama (instalaciones nuevas)<\/li>\n<li style='margin-bottom: 5px;'><strong>Material tejido:<\/strong> Tela vin\u00edlica disipadora electrost\u00e1tica y retardante de llama<\/li>\n<\/ul><\/div>\n<\/p><\/div>\n<p> <!-- Secci\u00f3n de normativas y certificaciones --> <\/p>\n<div style='flex: 1 1 250px; border: 1px solid rgba(150&comma; 150&comma; 150&comma; 0.4); border-radius: 8px; overflow: hidden; display: flex; flex-direction: column;'>\n<div style='padding: 15px; border-bottom: 1px solid rgba(150&comma; 150&comma; 150&comma; 0.2); font-weight: bold; font-size: 18px; color: inherit;'>Normativas y Certificaciones<\/div>\n<div style='padding: 15px; color: inherit;'>\n<ul style='padding-left: 20px; margin: 0; font-size: 14px; list-style-type: disc;'>\n<li style='margin-bottom: 5px;'>Cumple con RoHS (Directiva Europea 2002\/95\/EC)<\/li>\n<li style='margin-bottom: 5px;'>Cumple con NEC Art\u00edculo 645 Secci\u00f3n 5(D)(4) del 2005<\/li>\n<li style='margin-bottom: 5px;'>Material anillo y sellado cumple UL94 V-0<\/li>\n<li style='margin-bottom: 5px;'>Material tejido cumple FAR 25.853<\/li>\n<\/ul><\/div>\n<\/p><\/div>\n<p> <!-- Secci\u00f3n de compatibilidad --> <\/p>\n<div style='flex: 1 1 250px; border: 1px solid rgba(150&comma; 150&comma; 150&comma; 0.4); border-radius: 8px; overflow: hidden; display: flex; flex-direction: column;'>\n<div style='padding: 15px; border-bottom: 1px solid rgba(150&comma; 150&comma; 150&comma; 0.2); font-weight: bold; font-size: 18px; color: inherit;'>Compatibilidad<\/div>\n<div style='padding: 15px; color: inherit;'>\n<ul style='padding-left: 20px; margin: 0; font-size: 14px; list-style-type: disc;'>\n<li style='margin-bottom: 5px;'>PatchRunner\u2122 Vertical Cable Management System<\/li>\n<li style='margin-bottom: 5px;'>NetRunner\u2122 Vertical Cable Managers<\/li>\n<li style='margin-bottom: 5px;'>Net-Access\u2122 Cabinet<\/li>\n<\/ul><\/div>\n<\/p><\/div>\n<\/p><\/div>\n<p> <!-- Secci\u00f3n de aplicaciones --> <\/p>\n<div style='margin-bottom: 30px;'>\n<h2 style='font-size: 24px; border-bottom: 2px solid currentColor; padding-bottom: 5px; margin-top: 0; color: inherit; opacity: 0.85;'>Aplicaciones<\/h2>\n<ul style='padding-left: 20px; font-size: 15px; color: inherit; margin-top: 15px;'>\n<li style='margin-bottom: 5px;'>Entornos de pasillo caliente\/pasillo fr\u00edo en centros de datos<\/li>\n<li style='margin-bottom: 5px;'>Instalaciones nuevas y retrofit<\/li>\n<li style='margin-bottom: 5px;'>Aplicaciones que requieren separaci\u00f3n de haces de cables (datos y potencia)<\/li>\n<li style='margin-bottom: 5px;'>Aplicaciones que requieren un solo haz de cable<\/li>\n<\/ul><\/div>\n<p> <!-- Secci\u00f3n de capacidad m\u00e1xima de cables --> <\/p>\n<div style='margin-bottom: 30px;'>\n<h2 style='font-size: 24px; border-bottom: 2px solid currentColor; padding-bottom: 5px; margin-top: 0; color: inherit; opacity: 0.85;'>Capacidad M\u00e1xima de Cables<\/h2>\n<div style='overflow-x: auto; margin-top: 15px;'>\n<table style='width: 100%; border-collapse: collapse; color: inherit; font-size: 14px;'>\n<thead>\n<tr style='background-color: rgba(150&comma; 150&comma; 150&comma; 0.1);'>\n<th style='border: 1px solid rgba(150&comma; 150&comma; 150&comma; 0.3); padding: 10px; text-align: left;'>Tipo de Cable<\/th>\n<th style='border: 1px solid rgba(150&comma; 150&comma; 150&comma; 0.3); padding: 10px; text-align: left;'>Capacidad<\/th>\n<\/tr>\n<\/thead>\n<tbody>\n<tr>\n<td style='border: 1px solid rgba(150&comma; 150&comma; 150&comma; 0.3); padding: 8px;'>Cat. 6A (0.300&#8242;)<\/td>\n<td style='border: 1px solid rgba(150&comma; 150&comma; 150&comma; 0.3); padding: 8px;'>183 cables<\/td>\n<\/tr>\n<tr>\n<td style='border: 1px solid rgba(150&comma; 150&comma; 150&comma; 0.3); padding: 8px;'>Cat. 6\/6A-SD (0.240&#8242;)<\/td>\n<td style='border: 1px solid rgba(150&comma; 150&comma; 150&comma; 0.3); padding: 8px;'>287 cables<\/td>\n<\/tr>\n<tr>\n<td style='border: 1px solid rgba(150&comma; 150&comma; 150&comma; 0.3); padding: 8px;'>Cat. 5e (0.225&#8242;)<\/td>\n<td style='border: 1px solid rgba(150&comma; 150&comma; 150&comma; 0.3); padding: 8px;'>326 cables<\/td>\n<\/tr>\n<\/tbody>\n<\/table><\/div>\n<\/p><\/div>\n<p> <!-- Secci\u00f3n de complementarios --> <\/p>\n<div style='margin-bottom: 30px;'>\n<h2 style='font-size: 24px; border-bottom: 2px solid currentColor; padding-bottom: 5px; margin-top: 0; color: inherit; opacity: 0.85;'>Productos Complementarios<\/h2>\n<div style='overflow-x: auto; margin-top: 15px;'>\n<table style='width: 100%; border-collapse: collapse; color: inherit; font-size: 14px;'>\n<thead>\n<tr style='background-color: rgba(150&comma; 150&comma; 150&comma; 0.1);'>\n<th style='border: 1px solid rgba(150&comma; 150&comma; 150&comma; 0.3); padding: 10px; text-align: left;'>Sistema<\/th>\n<th style='border: 1px solid rgba(150&comma; 150&comma; 150&comma; 0.3); padding: 10px; text-align: left;'>Modelos Compatibles<\/th>\n<\/tr>\n<\/thead>\n<tbody>\n<tr>\n<td style='border: 1px solid rgba(150&comma; 150&comma; 150&comma; 0.3); padding: 8px;'>PatchRunner\u2122 Vertical Cable Management<\/td>\n<td style='border: 1px solid rgba(150&comma; 150&comma; 150&comma; 0.3); padding: 8px;'>PEV8&comma; PEVF8&comma; PRV6&comma; PRVF6&comma; WMPVHC45E&comma; WMPVHCF45E&comma; NRV6&comma; NRVF6&comma; NRV10&comma; NRVF10&comma; NRV12&comma; NRVF12<\/td>\n<\/tr>\n<tr>\n<td style='border: 1px solid rgba(150&comma; 150&comma; 150&comma; 0.3); padding: 8px;'>NetRunner\u2122 Vertical Cable Managers<\/td>\n<td style='border: 1px solid rgba(150&comma; 150&comma; 150&comma; 0.3); padding: 8px;'>NRV6&comma; NRVF6&comma; NRV10&comma; NRVF10&comma; NRV12&comma; NRVF12<\/td>\n<\/tr>\n<tr>\n<td style='border: 1px solid rgba(150&comma; 150&comma; 150&comma; 0.3); padding: 8px;'>Net-Access\u2122 Cabinet<\/td>\n<td style='border: 1px solid rgba(150&comma; 150&comma; 150&comma; 0.3); padding: 8px;'>N8512B&comma; N8519B&comma; N8519BS&comma; S8512B&comma; S8519B&comma; S8519BS<\/td>\n<\/tr>\n<\/tbody>\n<\/table><\/div>\n<\/p><\/div>\n<p> <!-- Separador --> <\/p>\n<hr style='border: 0; border-top: 1px solid rgba(150&comma; 150&comma; 150&comma; 0.3); margin: 30px 0;'> <\/div>\n","protected":false},"excerpt":{"rendered":"<p>Accesorio de Sellado de Aire Cool Boot\u00ae, Para Entradas de Cable por Piso Falso, Con retardante de llama y disipador electrost\u00e1tico, de 152.4 x 203.2 mm<\/p>\n","protected":false},"featured_media":57503,"comment_status":"open","ping_status":"closed","template":"","meta":[],"product_brand":[],"product_cat":[604],"product_tag":[606,445,605],"class_list":{"0":"post-57504","1":"product","2":"type-product","3":"status-publish","4":"has-post-thumbnail","6":"product_cat-accesorios-para-racks-y-gabinetes","7":"product_tag-accesorios-para-racks-y-gabinetes","8":"product_tag-panduit","9":"product_tag-racks-y-gabinetes","11":"first","12":"instock","13":"sale","14":"shipping-taxable","15":"purchasable","16":"product-type-simple"},"_links":{"self":[{"href":"https:\/\/soydeaqui.ddns.net\/pachuca\/index.php\/wp-json\/wp\/v2\/product\/57504","targetHints":{"allow":["GET"]}}],"collection":[{"href":"https:\/\/soydeaqui.ddns.net\/pachuca\/index.php\/wp-json\/wp\/v2\/product"}],"about":[{"href":"https:\/\/soydeaqui.ddns.net\/pachuca\/index.php\/wp-json\/wp\/v2\/types\/product"}],"replies":[{"embeddable":true,"href":"https:\/\/soydeaqui.ddns.net\/pachuca\/index.php\/wp-json\/wp\/v2\/comments?post=57504"}],"wp:featuredmedia":[{"embeddable":true,"href":"https:\/\/soydeaqui.ddns.net\/pachuca\/index.php\/wp-json\/wp\/v2\/media\/57503"}],"wp:attachment":[{"href":"https:\/\/soydeaqui.ddns.net\/pachuca\/index.php\/wp-json\/wp\/v2\/media?parent=57504"}],"wp:term":[{"taxonomy":"product_brand","embeddable":true,"href":"https:\/\/soydeaqui.ddns.net\/pachuca\/index.php\/wp-json\/wp\/v2\/product_brand?post=57504"},{"taxonomy":"product_cat","embeddable":true,"href":"https:\/\/soydeaqui.ddns.net\/pachuca\/index.php\/wp-json\/wp\/v2\/product_cat?post=57504"},{"taxonomy":"product_tag","embeddable":true,"href":"https:\/\/soydeaqui.ddns.net\/pachuca\/index.php\/wp-json\/wp\/v2\/product_tag?post=57504"}],"curies":[{"name":"wp","href":"https:\/\/api.w.org\/{rel}","templated":true}]}}