{"id":57475,"date":"2026-03-19T03:57:14","date_gmt":"2026-03-19T03:57:14","guid":{"rendered":"https:\/\/soydeaqui.ddns.net\/pachuca\/index.php\/producto\/wattmetro-digital-direccional-thrueline-de-banda-ancha-libre-de-elemento\/"},"modified":"2026-03-19T03:57:15","modified_gmt":"2026-03-19T03:57:15","slug":"wattmetro-digital-direccional-thrueline-de-banda-ancha-libre-de-elemento","status":"publish","type":"product","link":"https:\/\/soydeaqui.ddns.net\/pachuca\/index.php\/producto\/wattmetro-digital-direccional-thrueline-de-banda-ancha-libre-de-elemento\/","title":{"rendered":"Wattmetro Digital direccional Thrueline de banda ancha libre de elemento"},"content":{"rendered":"<div style='width: 100%; max-width: 1200px; margin: 0 auto; font-family: sans-serif; line-height: 1.6; color: inherit; background-color: transparent;'> <!-- Descripci\u00f3n principal --> <\/p>\n<div style='margin-bottom: 30px;'>\n<h2 style='font-size: 20px; margin-top: 0; margin-bottom: 15px; color: inherit; opacity: 0.9;'>Wattmetro Digital direccional Thrueline de banda ancha<\/h2>\n<p style='font-size: 15px; margin-bottom: 20px; color: inherit;'>El Wattmetro digital 4480A est\u00e1 dise\u00f1ado para medir niveles de potencia de RF y acoplamiento de carga en l\u00edneas de transmisi\u00f3n coaxial a impedancia de 50 ohm (VSWR) sin necesidad de utilizar elementos.<\/p>\n<\/p><\/div>\n<p> <!-- Caracter\u00edsticas principales --> <\/p>\n<div style='display: flex; flex-wrap: wrap; gap: 15px; margin-bottom: 30px;'>\n<div style='flex: 1 1 200px; min-width: 180px; background-color: rgba(150&comma;150&comma;150&comma;0.05); border: 1px solid rgba(150&comma;150&comma;150&comma;0.2); border-radius: 6px; padding: 12px 15px;'> <strong style='font-weight: 600; color: inherit;'>Frecuencia:<\/strong> <\/p>\n<ul style='margin: 8px 0 0 20px; padding: 0; color: inherit; font-size: 14px;'>\n<li>2 MHz &#8211; 30 MHz<\/li>\n<li>25 MHz &#8211; 1000 MHz<\/li>\n<\/ul><\/div>\n<div style='flex: 1 1 200px; min-width: 180px; background-color: rgba(150&comma;150&comma;150&comma;0.05); border: 1px solid rgba(150&comma;150&comma;150&comma;0.2); border-radius: 6px; padding: 12px 15px;'> <strong style='font-weight: 600; color: inherit;'>Exactitud:<\/strong> <\/p>\n<p style='margin: 8px 0 0 0; color: inherit; font-size: 14px;'>\u00b1 4%<\/p>\n<\/p><\/div>\n<\/p><\/div>\n<p> <!-- Secci\u00f3n de especificaciones --> <\/p>\n<div style='margin-bottom: 30px;'>\n<h3 style='font-size: 18px; margin-top: 0; margin-bottom: 15px; color: inherit; opacity: 0.85; border-bottom: 2px solid currentColor; padding-bottom: 5px;'>Especificaciones<\/h3>\n<div style='display: flex; flex-wrap: wrap; gap: 20px;'>\n<div style='flex: 1 1 250px; border: 1px solid rgba(150&comma; 150&comma; 150&comma; 0.4); border-radius: 8px; overflow: hidden; display: flex; flex-direction: column;'>\n<div style='padding: 15px; border-bottom: 1px solid rgba(150&comma; 150&comma; 150&comma; 0.2); font-weight: bold; font-size: 16px; color: inherit;'>Caracter\u00edsticas Generales<\/div>\n<div style='padding: 15px; color: inherit;'>\n<ul style='padding-left: 20px; margin: 0; font-size: 14px; list-style-type: disc;'>\n<li style='margin-bottom: 8px;'><strong>Descripci\u00f3n:<\/strong> Wattmetro digital libre de Elementos de 25-1000 MHz<\/li>\n<li style='margin-bottom: 8px;'><strong>Rango de Potencia:<\/strong> 10W &#8211; 10kW en banda baja<br \/>1W &#8211; 1kW en banda alta<\/li>\n<li style='margin-bottom: 8px;'><strong>Intervalo de calibraci\u00f3n:<\/strong> 12 meses recomendado<\/li>\n<li style='margin-bottom: 8px;'><strong>Exactitud:<\/strong> La precisi\u00f3n de \u00b14% garantiza mediciones de potencia confiables para un rendimiento optimizado del sistema.<\/li>\n<\/ul><\/div>\n<\/p><\/div>\n<div style='flex: 1 1 250px; border: 1px solid rgba(150&comma; 150&comma; 150&comma; 0.4); border-radius: 8px; overflow: hidden; display: flex; flex-direction: column;'>\n<div style='padding: 15px; border-bottom: 1px solid rgba(150&comma; 150&comma; 150&comma; 0.2); font-weight: bold; font-size: 16px; color: inherit;'>Caracter\u00edsticas F\u00edsicas<\/div>\n<div style='padding: 15px; color: inherit;'>\n<ul style='padding-left: 20px; margin: 0; font-size: 14px; list-style-type: disc;'>\n<li style='margin-bottom: 8px;'><strong>Conectores:<\/strong> N Hembra<\/li>\n<li style='margin-bottom: 8px;'><strong>Acabado:<\/strong> Capa Delgada de Polvo Gris.<\/li>\n<li style='margin-bottom: 8px;'><strong>Dimensiones:<\/strong> (H x W x D) Alto x Ancho x Profundo<br \/>5 in W x 7.3 in H x 2.65 in D<br \/>127 mm W x 185.42 mm H x 67.31 mm D<\/li>\n<li style='margin-bottom: 8px;'><strong>Peso:<\/strong> 2.9 lbs. (1.32 kg) incluyendo bater\u00edas.<\/li>\n<\/ul><\/div>\n<\/p><\/div>\n<\/p><\/div>\n<\/p><\/div>\n<p> <!-- Separador --> <\/p>\n<hr style='border: 0; border-top: 1px solid rgba(150&comma; 150&comma; 150&comma; 0.3); margin: 30px 0;'> <\/div>\n","protected":false},"excerpt":{"rendered":"<p>Wattmetro Digital direccional Thrueline de banda ancha libre de elemento<\/p>\n","protected":false},"featured_media":32,"comment_status":"open","ping_status":"closed","template":"","meta":[],"product_brand":[],"product_cat":[1639],"product_tag":[1641,931,1640],"class_list":{"0":"post-57475","1":"product","2":"type-product","3":"status-publish","4":"has-post-thumbnail","6":"product_cat-wattmetros-y-elementos","7":"product_tag-bird-technologies","8":"product_tag-equipo-de-laboratorio","9":"product_tag-wattmetros-y-elementos","11":"first","12":"outofstock","13":"sale","14":"shipping-taxable","15":"purchasable","16":"product-type-simple"},"_links":{"self":[{"href":"https:\/\/soydeaqui.ddns.net\/pachuca\/index.php\/wp-json\/wp\/v2\/product\/57475","targetHints":{"allow":["GET"]}}],"collection":[{"href":"https:\/\/soydeaqui.ddns.net\/pachuca\/index.php\/wp-json\/wp\/v2\/product"}],"about":[{"href":"https:\/\/soydeaqui.ddns.net\/pachuca\/index.php\/wp-json\/wp\/v2\/types\/product"}],"replies":[{"embeddable":true,"href":"https:\/\/soydeaqui.ddns.net\/pachuca\/index.php\/wp-json\/wp\/v2\/comments?post=57475"}],"wp:featuredmedia":[{"embeddable":true,"href":"https:\/\/soydeaqui.ddns.net\/pachuca\/index.php\/wp-json\/wp\/v2\/media\/32"}],"wp:attachment":[{"href":"https:\/\/soydeaqui.ddns.net\/pachuca\/index.php\/wp-json\/wp\/v2\/media?parent=57475"}],"wp:term":[{"taxonomy":"product_brand","embeddable":true,"href":"https:\/\/soydeaqui.ddns.net\/pachuca\/index.php\/wp-json\/wp\/v2\/product_brand?post=57475"},{"taxonomy":"product_cat","embeddable":true,"href":"https:\/\/soydeaqui.ddns.net\/pachuca\/index.php\/wp-json\/wp\/v2\/product_cat?post=57475"},{"taxonomy":"product_tag","embeddable":true,"href":"https:\/\/soydeaqui.ddns.net\/pachuca\/index.php\/wp-json\/wp\/v2\/product_tag?post=57475"}],"curies":[{"name":"wp","href":"https:\/\/api.w.org\/{rel}","templated":true}]}}