{"id":57448,"date":"2026-03-19T03:56:28","date_gmt":"2026-03-19T03:56:28","guid":{"rendered":"https:\/\/soydeaqui.ddns.net\/pachuca\/index.php\/producto\/guardian-gateway-de-gestion-y-monitoreo-ambiental-para-detectar-rastrear-almacenar-y-generar-alarmas-sobre-parametros-de-seguridad-y-salud-en-una-infraestructura-de-centro-de-datos-de-ti\/"},"modified":"2026-03-19T03:56:29","modified_gmt":"2026-03-19T03:56:29","slug":"guardian-gateway-de-gestion-y-monitoreo-ambiental-para-detectar-rastrear-almacenar-y-generar-alarmas-sobre-parametros-de-seguridad-y-salud-en-una-infraestructura-de-centro-de-datos-de-ti","status":"publish","type":"product","link":"https:\/\/soydeaqui.ddns.net\/pachuca\/index.php\/producto\/guardian-gateway-de-gestion-y-monitoreo-ambiental-para-detectar-rastrear-almacenar-y-generar-alarmas-sobre-parametros-de-seguridad-y-salud-en-una-infraestructura-de-centro-de-datos-de-ti\/","title":{"rendered":"Guardian Gateway de Gesti\u00f3n y Monitoreo Ambiental, para Detectar, Rastrear, Almacenar y Generar Alarmas Sobre Par\u00e1metros de Seguridad y Salud en una Infraestructura de Centro de Datos de TI"},"content":{"rendered":"<div style='width: 100%; max-width: 1200px; margin: 0 auto; font-family: sans-serif; line-height: 1.6; color: inherit; background-color: transparent;'> <!-- Imagen de logo --> <\/p>\n<div style='display: flex; justify-content: center; margin: 20px 0;'> <img style='width: 100%; max-width: 300px; height: auto; border: 1px solid rgba(150&comma;150&comma;150&comma;0.3); border-radius: 8px;' src='https:\/\/ftp3.syscom.mx\/usuarios\/fotos\/11079000\/234552-nvent_schroff_logo.jpg' alt=''> <\/div>\n<p> <!-- Descripci\u00f3n principal --> <\/p>\n<div style='margin: 30px 0; font-size: 15px;'>\n<p>nVent SCHROFF Guardian Management Gateway es una plataforma de monitoreo ambiental dise\u00f1ada para detectar&comma; rastrear&comma; almacenar y generar alarmas sobre par\u00e1metros de seguridad y salud en una infraestructura de centro de datos de TI. El coraz\u00f3n de la plataforma es una unidad de control compacta con solo 1U de altura\/profundidad y 250 mm de ancho&comma; que se puede instalar como una unidad de 19 in o en cualquier espacio disponible en un rack de centro de datos.<\/p>\n<p>Management Gateway ofrece tres puertos de administraci\u00f3n de sensores&comma; cada uno de los cuales puede monitorear hasta 16 dispositivos de sensores con una longitud total de cable de 40 metros por puerto&comma; lo que permite que una sola unidad Management Gateway monitoree varios racks o pasillos de racks completos.<\/p>\n<p>Adem\u00e1s de monitorear par\u00e1metros f\u00edsicos como temperatura&comma; humedad&comma; humo&comma; estado de la puerta o intrusi\u00f3n de agua&comma; Management Gateway tambi\u00e9n puede monitorear enfriadores en hilera y enfriadores en rack nVent SCHROFF&comma; con una f\u00e1cil instalaci\u00f3n plug and play. La configuraci\u00f3n de Management Gateway con funciones de seguridad&comma; configuraci\u00f3n de sensores&comma; administraci\u00f3n de usuarios&comma; alarmas y administraci\u00f3n de registros se puede realizar f\u00e1cilmente a trav\u00e9s de una interfaz web incorporada. El acceso principal al Management Gateway es a trav\u00e9s de la interfaz de red 1 GBE&comma; que admite protocolos est\u00e1ndar de la industria como SNMP&comma; SMTP&comma; HTTPS&comma; BACnet&comma; Modbus\/TCP y HPI.<\/p>\n<\/p><\/div>\n<p> <!-- Secciones en grid --> <\/p>\n<div style='display: grid; grid-template-columns: repeat(auto-fit&comma; minmax(280px&comma; 1fr)); gap: 30px; margin: 30px 0;'> <!-- Beneficios y Caracter\u00edsticas --> <\/p>\n<div style='border: 1px solid rgba(150&comma; 150&comma; 150&comma; 0.4); border-radius: 8px; overflow: hidden;'>\n<div style='padding: 15px; border-bottom: 1px solid rgba(150&comma; 150&comma; 150&comma; 0.2); font-weight: bold; font-size: 18px; color: inherit;'>Beneficios y Caracter\u00edsticas<\/div>\n<div style='padding: 15px; color: inherit;'>\n<ul style='padding-left: 20px; margin: 0; font-size: 14px; list-style-type: disc;'>\n<li style='margin-bottom: 5px;'>Plataforma de monitoreo ambiental para centros de datos<\/li>\n<li style='margin-bottom: 5px;'>Dise\u00f1o compacto&comma; se adapta a cualquier lugar en un rack de centro de datos<\/li>\n<li style='margin-bottom: 5px;'>Interfaz gr\u00e1fica de usuario de navegador web para configuraci\u00f3n y mantenimiento<\/li>\n<li style='margin-bottom: 5px;'>Tres puertos de administraci\u00f3n para conectar sensores externos y dispositivos Modbus<\/li>\n<li style='margin-bottom: 5px;'>Hasta 16 sensores por puerto de administraci\u00f3n con una longitud de cable de hasta 40 m<\/li>\n<li style='margin-bottom: 5px;'>Pantalla t\u00e1ctil LCD con orientaci\u00f3n autom\u00e1tica<\/li>\n<li style='margin-bottom: 5px;'>Admite protocolos de red est\u00e1ndar de la industria (HTTPS&comma; SNMP&comma; SMTP&comma; BACnet&comma; Modbus\/TCP)<\/li>\n<\/ul><\/div>\n<\/p><\/div>\n<p> <!-- Especificaciones T\u00e9cnicas --> <\/p>\n<div style='border: 1px solid rgba(150&comma; 150&comma; 150&comma; 0.4); border-radius: 8px; overflow: hidden;'>\n<div style='padding: 15px; border-bottom: 1px solid rgba(150&comma; 150&comma; 150&comma; 0.2); font-weight: bold; font-size: 18px; color: inherit;'>Especificaciones T\u00e9cnicas<\/div>\n<div style='padding: 15px; color: inherit;'>\n<ul style='padding-left: 20px; margin: 0; font-size: 14px; list-style-type: disc;'>\n<li style='margin-bottom: 5px;'>Altura\/anchura\/profundidad: 1 UR\/ 250 mm \/1 UR<\/li>\n<li style='margin-bottom: 5px;'>Temperatura ambiente: 5-60 \u00b0C<\/li>\n<li style='margin-bottom: 5px;'>Humedad: 5-90 % HR&comma; sin condensaci\u00f3n<\/li>\n<li style='margin-bottom: 5px;'>Material de la carcasa: Aluminio&comma; recubierto de polvo<\/li>\n<li style='margin-bottom: 5px;'>Emisiones: EN 61000-6-3&comma; incluida EN 55032 nivel B&comma; FCC parte 15 pendiente<\/li>\n<li style='margin-bottom: 5px;'>Inmunidad: EN 61000-6-2 (entorno industrial)<\/li>\n<li style='margin-bottom: 5px;'>Seguridad: EN 62368-1&comma; UL 62368-1 pendiente<\/li>\n<\/ul><\/div>\n<\/p><\/div>\n<p> <!-- Descripci\u00f3n General de la Interfaz --> <\/p>\n<div style='border: 1px solid rgba(150&comma; 150&comma; 150&comma; 0.4); border-radius: 8px; overflow: hidden;'>\n<div style='padding: 15px; border-bottom: 1px solid rgba(150&comma; 150&comma; 150&comma; 0.2); font-weight: bold; font-size: 18px; color: inherit;'>Descripci\u00f3n General de la Interfaz<\/div>\n<div style='padding: 15px; color: inherit;'>\n<ul style='padding-left: 20px; margin: 0; font-size: 14px; list-style-type: disc;'>\n<li style='margin-bottom: 5px;'>1 interfaz USB (consola tipo B)<\/li>\n<li style='margin-bottom: 5px;'>3 puertos de gesti\u00f3n de sensores (RJ45)<\/li>\n<li style='margin-bottom: 5px;'>2 interfaces USB (USB 1 y USB 2)<\/li>\n<li style='margin-bottom: 5px;'>1 interfaz de red GBE (RJ45)<\/li>\n<li style='margin-bottom: 5px;'>1 pantalla t\u00e1ctil LCD con orientaci\u00f3n autom\u00e1tica<\/li>\n<li style='margin-bottom: 5px;'>1 conector de alimentaci\u00f3n de 2.1\/5.5 mm<\/li>\n<\/ul><\/div>\n<\/p><\/div>\n<\/p><\/div>\n<p> <!-- Galer\u00eda de im\u00e1genes --> <\/p>\n<div style='display: flex; flex-wrap: wrap; gap: 20px; margin: 30px 0; justify-content: center;'>\n<div style='flex: 1 1 400px; min-width: 300px;'> <img style='width: 100%; height: auto; border: 1px solid rgba(150&comma;150&comma;150&comma;0.3); border-radius: 8px;' src='https:\/\/ftp3.syscom.mx\/usuarios\/fotos\/11079000\/234552-console.jpg' alt=''> <\/div>\n<div style='flex: 1 1 400px; min-width: 300px;'> <img style='width: 100%; height: auto; border: 1px solid rgba(150&comma;150&comma;150&comma;0.3); border-radius: 8px;' src='https:\/\/ftp3.syscom.mx\/usuarios\/fotos\/11079000\/234552-modbus.jpg' alt=''> <\/div>\n<\/p><\/div>\n<\/p><\/div>\n","protected":false},"excerpt":{"rendered":"<p>Guardian Gateway de Gesti\u00f3n y Monitoreo Ambiental, para Detectar, Rastrear, Almacenar y Generar Alarmas Sobre Par\u00e1metros de Seguridad y Salud en una Infraestructura de Centro de Datos de TI<\/p>\n","protected":false},"featured_media":57447,"comment_status":"open","ping_status":"closed","template":"","meta":[],"product_brand":[],"product_cat":[604],"product_tag":[606,698,605],"class_list":{"0":"post-57448","1":"product","2":"type-product","3":"status-publish","4":"has-post-thumbnail","6":"product_cat-accesorios-para-racks-y-gabinetes","7":"product_tag-accesorios-para-racks-y-gabinetes","8":"product_tag-hoffman","9":"product_tag-racks-y-gabinetes","11":"first","12":"outofstock","13":"sale","14":"shipping-taxable","15":"purchasable","16":"product-type-simple"},"_links":{"self":[{"href":"https:\/\/soydeaqui.ddns.net\/pachuca\/index.php\/wp-json\/wp\/v2\/product\/57448","targetHints":{"allow":["GET"]}}],"collection":[{"href":"https:\/\/soydeaqui.ddns.net\/pachuca\/index.php\/wp-json\/wp\/v2\/product"}],"about":[{"href":"https:\/\/soydeaqui.ddns.net\/pachuca\/index.php\/wp-json\/wp\/v2\/types\/product"}],"replies":[{"embeddable":true,"href":"https:\/\/soydeaqui.ddns.net\/pachuca\/index.php\/wp-json\/wp\/v2\/comments?post=57448"}],"wp:featuredmedia":[{"embeddable":true,"href":"https:\/\/soydeaqui.ddns.net\/pachuca\/index.php\/wp-json\/wp\/v2\/media\/57447"}],"wp:attachment":[{"href":"https:\/\/soydeaqui.ddns.net\/pachuca\/index.php\/wp-json\/wp\/v2\/media?parent=57448"}],"wp:term":[{"taxonomy":"product_brand","embeddable":true,"href":"https:\/\/soydeaqui.ddns.net\/pachuca\/index.php\/wp-json\/wp\/v2\/product_brand?post=57448"},{"taxonomy":"product_cat","embeddable":true,"href":"https:\/\/soydeaqui.ddns.net\/pachuca\/index.php\/wp-json\/wp\/v2\/product_cat?post=57448"},{"taxonomy":"product_tag","embeddable":true,"href":"https:\/\/soydeaqui.ddns.net\/pachuca\/index.php\/wp-json\/wp\/v2\/product_tag?post=57448"}],"curies":[{"name":"wp","href":"https:\/\/api.w.org\/{rel}","templated":true}]}}