{"id":57438,"date":"2026-03-19T03:56:12","date_gmt":"2026-03-19T03:56:12","guid":{"rendered":"https:\/\/soydeaqui.ddns.net\/pachuca\/index.php\/producto\/radar-gmr-fantom-256-de-antena-de-6-pies-alcance-maximo-de-96-millas-nauticas\/"},"modified":"2026-03-19T03:56:17","modified_gmt":"2026-03-19T03:56:17","slug":"radar-gmr-fantom-256-de-antena-de-6-pies-alcance-maximo-de-96-millas-nauticas","status":"publish","type":"product","link":"https:\/\/soydeaqui.ddns.net\/pachuca\/index.php\/producto\/radar-gmr-fantom-256-de-antena-de-6-pies-alcance-maximo-de-96-millas-nauticas\/","title":{"rendered":"Radar GMR Fantom 256 de antena de 6 pies, alcance m\u00e1ximo de 96 Millas N\u00e1uticas."},"content":{"rendered":"<div style='width: 100%; max-width: 1200px; margin: 0 auto; font-family: sans-serif; line-height: 1.6; color: inherit; background-color: transparent;'> <!-- Secci\u00f3n de caracter\u00edsticas --> <\/p>\n<div style='display: flex; flex-wrap: wrap; gap: 30px; margin-bottom: 30px;'>\n<div style='flex: 1 1 300px; min-width: 280px;'>\n<h3 style='font-size: 22px; border-bottom: 2px solid currentColor; padding-bottom: 5px; margin-top: 0; color: inherit; opacity: 0.8;'>Caracter\u00edsticas<\/h3>\n<ul style='padding-left: 20px; font-size: 15px; color: inherit;'>\n<li style='margin-bottom: 5px;'>La tecnolog\u00eda MotionScope\u2122 muestra los objetivos en color a medida que se alejan o se acercan<\/li>\n<li style='margin-bottom: 5px;'>250 W de potencia de salida.<\/li>\n<li style='margin-bottom: 5px;'>Alcanc\u00e9 m\u00e1ximo de hasta 96 millas n\u00e1uticas.<\/li>\n<li style='margin-bottom: 5px;'>Alta resoluci\u00f3n sin gastar energ\u00eda<\/li>\n<li style='margin-bottom: 5px;'>Funci\u00f3n de auto bird gain.<\/li>\n<\/ul><\/div>\n<\/p><\/div>\n<p> <!-- Secci\u00f3n de incluye --> <\/p>\n<div style='display: flex; flex-wrap: wrap; gap: 30px; margin-bottom: 30px;'>\n<div style='flex: 1 1 300px; min-width: 280px;'>\n<h3 style='font-size: 22px; border-bottom: 2px solid currentColor; padding-bottom: 5px; margin-top: 0; color: inherit; opacity: 0.8;'>Incluye<\/h3>\n<ul style='padding-left: 20px; font-size: 15px; color: inherit;'>\n<li style='margin-bottom: 5px;'>Pedestal y antena GMR Fantom 256<\/li>\n<li style='margin-bottom: 5px;'>Kit de componentes de montaje y plantilla<\/li>\n<li style='margin-bottom: 5px;'>Cable de alimentaci\u00f3n con conector en \u00e1ngulo recto (15 metros)<\/li>\n<li style='margin-bottom: 5px;'>Cable de red con conector en \u00e1ngulo recto (15 metros)<\/li>\n<li style='margin-bottom: 5px;'>Conversor de voltaje<\/li>\n<li style='margin-bottom: 5px;'>Documentaci\u00f3n<\/li>\n<\/ul><\/div>\n<\/p><\/div>\n<p> <!-- Secci\u00f3n de especificaciones --> <\/p>\n<div style='display: flex; flex-wrap: wrap; gap: 30px; margin-bottom: 30px;'>\n<div style='flex: 1 1 300px; min-width: 280px;'>\n<h3 style='font-size: 22px; border-bottom: 2px solid currentColor; padding-bottom: 5px; margin-top: 0; color: inherit; opacity: 0.8;'>Especificaciones<\/h3>\n<ul style='padding-left: 20px; font-size: 15px; color: inherit;'>\n<li style='margin-bottom: 5px;'><strong>Dimensiones:<\/strong> Montaje completo: 40&comma;3 cm x 190&comma;9 cm<\/li>\n<li style='margin-bottom: 5px;'><strong>Peso:<\/strong> Pedestal: 15&comma;7 kg (34&comma;7 lb) Radar: 7.3 kg (16 lb)<\/li>\n<\/ul><\/div>\n<\/p><\/div>\n<p> <!-- Secci\u00f3n de cards con especificaciones --> <\/p>\n<div style='display: flex; flex-wrap: wrap; gap: 20px; margin-bottom: 30px;'>\n<div style='flex: 1 1 250px; border: 1px solid rgba(150&comma; 150&comma; 150&comma; 0.4); border-radius: 8px; overflow: hidden; display: flex; flex-direction: column;'>\n<div style='padding: 15px; border-bottom: 1px solid rgba(150&comma; 150&comma; 150&comma; 0.2); font-weight: bold; font-size: 18px; color: inherit;'>Funciones de radar<\/div>\n<div style='padding: 15px; color: inherit;'>\n<ul style='padding-left: 20px; margin: 0; font-size: 14px; list-style-type: disc; color: inherit;'>\n<li style='margin-bottom: 5px;'><strong>Escala dual:<\/strong> S\u00ed<\/li>\n<li style='margin-bottom: 5px;'><strong>Superposici\u00f3n:<\/strong> S\u00ed<\/li>\n<li style='margin-bottom: 5px;'><strong>Compatibilidad con radar dual:<\/strong> S\u00ed<\/li>\n<li style='margin-bottom: 5px;'><strong>Ganancia autom\u00e1tica de aves:<\/strong> S\u00ed<\/li>\n<li style='margin-bottom: 5px;'><strong>Ganancia autom\u00e1tica:<\/strong> Dynamic<\/li>\n<li style='margin-bottom: 5px;'><strong>Rastreo de objetivos MARPA:<\/strong> S\u00ed (requiere un sensor de rumbo&comma; de venta por separado)<\/li>\n<li style='margin-bottom: 5px;'><strong>Seguimientos de eco:<\/strong> S\u00ed<\/li>\n<li style='margin-bottom: 5px;'><strong>MotionScope:<\/strong> S\u00ed<\/li>\n<li style='margin-bottom: 5px;'><strong>Aparcamiento de antena programable:<\/strong> S\u00ed<\/li>\n<li style='margin-bottom: 5px;'><strong>Promedio de lectura:<\/strong> S\u00ed<\/li>\n<\/ul><\/div>\n<\/p><\/div>\n<div style='flex: 1 1 250px; border: 1px solid rgba(150&comma; 150&comma; 150&comma; 0.4); border-radius: 8px; overflow: hidden; display: flex; flex-direction: column;'>\n<div style='padding: 15px; border-bottom: 1px solid rgba(150&comma; 150&comma; 150&comma; 0.2); font-weight: bold; font-size: 18px; color: inherit;'>Adicional<\/div>\n<div style='padding: 15px; color: inherit;'>\n<ul style='padding-left: 20px; margin: 0; font-size: 14px; list-style-type: disc; color: inherit;'>\n<li style='margin-bottom: 5px;'>Media de exploraci\u00f3n: S\u00ed<\/li>\n<li style='margin-bottom: 5px;'>MotionScope: S\u00ed<\/li>\n<li style='margin-bottom: 5px;'>Auto Bird Gain: S\u00ed<\/li>\n<li style='margin-bottom: 5px;'>Compatibilidad con radares duales: S\u00ed<\/li>\n<li style='margin-bottom: 5px;'>Seguimientos de eco: s\u00ed (real)<\/li>\n<\/ul><\/div>\n<\/p><\/div>\n<\/p><\/div>\n<p> <!-- Separador --> <\/p>\n<hr style='border: 0; border-top: 1px solid rgba(150&comma; 150&comma; 150&comma; 0.3); margin: 30px 0;'> <\/div>\n","protected":false},"excerpt":{"rendered":"<p>Radar GMR Fantom 256 de antena de 6 pies, alcance m\u00e1ximo de 96 Millas N\u00e1uticas.<\/p>\n","protected":false},"featured_media":57437,"comment_status":"open","ping_status":"closed","template":"","meta":[],"product_brand":[],"product_cat":[1541],"product_tag":[1542,1449,1172],"class_list":{"0":"post-57438","1":"product","2":"type-product","3":"status-publish","4":"has-post-thumbnail","6":"product_cat-equipos-para-pesca-comercial-y-recreativa","7":"product_tag-equipos-para-pesca-comercial-y-recreativa","8":"product_tag-garmin","9":"product_tag-soluciones-marinas","11":"first","12":"outofstock","13":"sale","14":"shipping-taxable","15":"purchasable","16":"product-type-simple"},"_links":{"self":[{"href":"https:\/\/soydeaqui.ddns.net\/pachuca\/index.php\/wp-json\/wp\/v2\/product\/57438","targetHints":{"allow":["GET"]}}],"collection":[{"href":"https:\/\/soydeaqui.ddns.net\/pachuca\/index.php\/wp-json\/wp\/v2\/product"}],"about":[{"href":"https:\/\/soydeaqui.ddns.net\/pachuca\/index.php\/wp-json\/wp\/v2\/types\/product"}],"replies":[{"embeddable":true,"href":"https:\/\/soydeaqui.ddns.net\/pachuca\/index.php\/wp-json\/wp\/v2\/comments?post=57438"}],"wp:featuredmedia":[{"embeddable":true,"href":"https:\/\/soydeaqui.ddns.net\/pachuca\/index.php\/wp-json\/wp\/v2\/media\/57437"}],"wp:attachment":[{"href":"https:\/\/soydeaqui.ddns.net\/pachuca\/index.php\/wp-json\/wp\/v2\/media?parent=57438"}],"wp:term":[{"taxonomy":"product_brand","embeddable":true,"href":"https:\/\/soydeaqui.ddns.net\/pachuca\/index.php\/wp-json\/wp\/v2\/product_brand?post=57438"},{"taxonomy":"product_cat","embeddable":true,"href":"https:\/\/soydeaqui.ddns.net\/pachuca\/index.php\/wp-json\/wp\/v2\/product_cat?post=57438"},{"taxonomy":"product_tag","embeddable":true,"href":"https:\/\/soydeaqui.ddns.net\/pachuca\/index.php\/wp-json\/wp\/v2\/product_tag?post=57438"}],"curies":[{"name":"wp","href":"https:\/\/api.w.org\/{rel}","templated":true}]}}