{"id":57431,"date":"2026-03-19T03:55:59","date_gmt":"2026-03-19T03:55:59","guid":{"rendered":"https:\/\/soydeaqui.ddns.net\/pachuca\/index.php\/producto\/bomba-centrifuga-cyclone-de-24-vcd-de-acero-inoxidable\/"},"modified":"2026-03-19T03:55:59","modified_gmt":"2026-03-19T03:55:59","slug":"bomba-centrifuga-cyclone-de-24-vcd-de-acero-inoxidable","status":"publish","type":"product","link":"https:\/\/soydeaqui.ddns.net\/pachuca\/index.php\/producto\/bomba-centrifuga-cyclone-de-24-vcd-de-acero-inoxidable\/","title":{"rendered":"Bomba centrifuga Cyclone de 24 Vcd de acero inoxidable"},"content":{"rendered":"<div style='width: 100%; max-width: 1200px; margin: 0 auto; font-family: sans-serif; line-height: 1.6; color: inherit; background-color: transparent;'> <!-- Secci\u00f3n de caracter\u00edsticas --> <\/p>\n<div style='display: flex; flex-wrap: wrap; gap: 30px; margin-bottom: 30px;'>\n<div style='flex: 1 1 300px; min-width: 280px;'>\n<h3 style='font-size: 22px; border-bottom: 2px solid currentColor; padding-bottom: 5px; margin-top: 0; color: inherit; opacity: 0.8;'>Caracter\u00edsticas<\/h3>\n<ul style='padding-left: 20px; font-size: 15px; color: inherit;'>\n<li style='margin-bottom: 5px;'>Cuerpo robusto de acero inoxidable y impulsor de dise\u00f1o antiobstrucci\u00f3n.<\/li>\n<li style='margin-bottom: 5px;'>Puerto de conexi\u00f3n NPT de 3\/4<\/li>\n<li style='margin-bottom: 5px;'>Soporta presi\u00f3n de hasta 17 psi.<\/li>\n<li style='margin-bottom: 5px;'>Flujo m\u00e1ximo de 21 GPM.<\/li>\n<li style='margin-bottom: 5px;'>Servicio recomendado: m\u00e1ximo 30 minutos encendido&comma; m\u00ednimo 30 minutos apagado.<\/li>\n<li style='margin-bottom: 5px;'>Vida \u00fatil del motor 2500 horas.<\/li>\n<li style='margin-bottom: 5px;'>Elevaci\u00f3n de succi\u00f3n de 2 m cuando est\u00e1 mojado.<\/li>\n<li style='margin-bottom: 5px;'>Temperatura del fluido +4 grados C m\u00edn. +95 grados C m\u00e1x.<\/li>\n<li style='margin-bottom: 5px;'>Dise\u00f1o robusto y resistente.<\/li>\n<li style='margin-bottom: 5px;'>Motor de corriente continua de larga duraci\u00f3n.<\/li>\n<li style='margin-bottom: 5px;'>Funcionamiento silencioso.<\/li>\n<li style='margin-bottom: 5px;'>Sello mec\u00e1nico de larga duraci\u00f3n.<\/li>\n<li style='margin-bottom: 5px;'>S\u00f3lo se necesita una herramienta para todos los servicios.<\/li>\n<li style='margin-bottom: 5px;'>Cumple con USCG 183.410 e ISO 8846 MARINE.<\/li>\n<li style='margin-bottom: 5px;'>ISO 8849 MARINA.<\/li>\n<\/ul><\/div>\n<\/p><\/div>\n<p> <!-- Secci\u00f3n de especificaciones --> <\/p>\n<div style='display: flex; flex-wrap: wrap; gap: 20px; margin-bottom: 30px;'>\n<div style='flex: 1 1 250px; border: 1px solid rgba(150&comma; 150&comma; 150&comma; 0.4); border-radius: 8px; overflow: hidden; display: flex; flex-direction: column;'>\n<div style='padding: 15px; border-bottom: 1px solid rgba(150&comma; 150&comma; 150&comma; 0.2); font-weight: bold; font-size: 18px; color: inherit;'>Especificaciones<\/div>\n<div style='padding: 15px; color: inherit;'>\n<ul style='padding-left: 20px; margin: 0; font-size: 14px; list-style-type: disc;'>\n<li style='margin-bottom: 5px;'><strong>Instalaci\u00f3n:<\/strong> Debe instalarse por debajo del nivel de fluido m\u00e1s bajo para mantener la succi\u00f3n inundada<\/li>\n<li style='margin-bottom: 5px;'><strong>Dimensiones:<\/strong> L:31.00 x H:14.00 x W:16.00cm<\/li>\n<li style='margin-bottom: 5px;'><strong>Peso:<\/strong> 5.32kg aprox.<\/li>\n<\/ul><\/div>\n<\/p><\/div>\n<\/p><\/div>\n<p> <!-- Separador --> <\/p>\n<hr style='border: 0; border-top: 1px solid rgba(150&comma; 150&comma; 150&comma; 0.3); margin: 30px 0;'> <\/div>\n","protected":false},"excerpt":{"rendered":"<p>Bomba centrifuga Cyclone de 24 Vcd de acero inoxidable<\/p>\n","protected":false},"featured_media":57430,"comment_status":"open","ping_status":"closed","template":"","meta":[],"product_brand":[],"product_cat":[1541],"product_tag":[1542,1537,1172],"class_list":{"0":"post-57431","1":"product","2":"type-product","3":"status-publish","4":"has-post-thumbnail","6":"product_cat-equipos-para-pesca-comercial-y-recreativa","7":"product_tag-equipos-para-pesca-comercial-y-recreativa","8":"product_tag-jabsco","9":"product_tag-soluciones-marinas","11":"first","12":"instock","13":"sale","14":"shipping-taxable","15":"purchasable","16":"product-type-simple"},"_links":{"self":[{"href":"https:\/\/soydeaqui.ddns.net\/pachuca\/index.php\/wp-json\/wp\/v2\/product\/57431","targetHints":{"allow":["GET"]}}],"collection":[{"href":"https:\/\/soydeaqui.ddns.net\/pachuca\/index.php\/wp-json\/wp\/v2\/product"}],"about":[{"href":"https:\/\/soydeaqui.ddns.net\/pachuca\/index.php\/wp-json\/wp\/v2\/types\/product"}],"replies":[{"embeddable":true,"href":"https:\/\/soydeaqui.ddns.net\/pachuca\/index.php\/wp-json\/wp\/v2\/comments?post=57431"}],"wp:featuredmedia":[{"embeddable":true,"href":"https:\/\/soydeaqui.ddns.net\/pachuca\/index.php\/wp-json\/wp\/v2\/media\/57430"}],"wp:attachment":[{"href":"https:\/\/soydeaqui.ddns.net\/pachuca\/index.php\/wp-json\/wp\/v2\/media?parent=57431"}],"wp:term":[{"taxonomy":"product_brand","embeddable":true,"href":"https:\/\/soydeaqui.ddns.net\/pachuca\/index.php\/wp-json\/wp\/v2\/product_brand?post=57431"},{"taxonomy":"product_cat","embeddable":true,"href":"https:\/\/soydeaqui.ddns.net\/pachuca\/index.php\/wp-json\/wp\/v2\/product_cat?post=57431"},{"taxonomy":"product_tag","embeddable":true,"href":"https:\/\/soydeaqui.ddns.net\/pachuca\/index.php\/wp-json\/wp\/v2\/product_tag?post=57431"}],"curies":[{"name":"wp","href":"https:\/\/api.w.org\/{rel}","templated":true}]}}