{"id":57407,"date":"2026-03-19T03:55:25","date_gmt":"2026-03-19T03:55:25","guid":{"rendered":"https:\/\/soydeaqui.ddns.net\/pachuca\/index.php\/producto\/bomba-para-sanitario-para-conversion-de-manual-a-electrico-de-12-vcd\/"},"modified":"2026-03-19T03:55:25","modified_gmt":"2026-03-19T03:55:25","slug":"bomba-para-sanitario-para-conversion-de-manual-a-electrico-de-12-vcd","status":"publish","type":"product","link":"https:\/\/soydeaqui.ddns.net\/pachuca\/index.php\/producto\/bomba-para-sanitario-para-conversion-de-manual-a-electrico-de-12-vcd\/","title":{"rendered":"Bomba para sanitario para conversi\u00f3n de manual a el\u00e9ctrico de 12 Vcd"},"content":{"rendered":"<div style='width: 100%; max-width: 1200px; margin: 0 auto; font-family: sans-serif; line-height: 1.6; color: inherit; background-color: transparent;'>\n<div style='display: flex; flex-wrap: wrap; gap: 30px; margin-bottom: 30px;'>\n<div style='flex: 1 1 300px; min-width: 280px;'>\n<h3 style='font-size: 22px; border-bottom: 2px solid currentColor; padding-bottom: 5px; margin-top: 0; color: inherit; opacity: 0.8;'>Caracter\u00edsticas<\/h3>\n<ul style='padding-left: 20px; font-size: 15px; color: inherit;'>\n<li style='margin-bottom: 5px;'><strong style='font-weight: bold; color: inherit;'>Conexiones:<\/strong> Para manguera de entrada con orificio de 19 mm (\u00be\u201d). Utiliza el codo de descarga y la manguera de salida existentes en la bomba manual<\/li>\n<li style='margin-bottom: 5px;'><span style='color: inherit;'>Reemplaza directamente el conjunto de bomba manual.<\/span><\/li>\n<li style='margin-bottom: 5px;'><span style='color: inherit;'>Se adapta a todos los inodoros est\u00e1ndar y de taza grande Jabsco y Par 29090 y 29120<\/span><\/li>\n<li style='margin-bottom: 5px;'><span style='color: inherit;'>Adecuado para su uso en instalaciones por encima o por debajo de la l\u00ednea de flotaci\u00f3n.<\/span><\/li>\n<li style='margin-bottom: 5px;'><span style='color: inherit;'>Macerador incorporado con placa picadora de acero inoxidable.<\/span><\/li>\n<li style='margin-bottom: 5px;'><span style='color: inherit;'>Cumple con las normas ISO 8846 MARINE y USCG 183.410 para protecci\u00f3n contra ignici\u00f3n.<\/span><\/li>\n<li style='margin-bottom: 5px;'><span style='color: inherit;'>Autocebante hasta 0&comma;6 m (2 pies)<\/span><\/li>\n<li style='margin-bottom: 5px;'><span style='color: inherit;'>La bomba de desechos descarga a trav\u00e9s de un circuito antisif\u00f3n hasta 1&comma;8 m (6 pies) y fuera de un accesorio pasacasco hasta 0&comma;9 m (3 pies) debajo de la superficie.<\/span><\/li>\n<li style='margin-bottom: 5px;'><span style='color: inherit;'>El consumo de energ\u00eda t\u00edpico es inferior a 1&comma;0 amperio hora (12 voltios) o 0&comma;5 amperios hora (24 voltios) por d\u00eda<\/span><\/li>\n<\/ul><\/div>\n<\/p><\/div>\n<div style='display: flex; flex-wrap: wrap; gap: 20px; margin-bottom: 30px;'>\n<div style='flex: 1 1 250px; border: 1px solid rgba(150&comma; 150&comma; 150&comma; 0.4); border-radius: 8px; overflow: hidden; display: flex; flex-direction: column;'>\n<div style='padding: 15px; border-bottom: 1px solid rgba(150&comma; 150&comma; 150&comma; 0.2); font-weight: bold; font-size: 18px; color: inherit;'>Dimensiones<\/div>\n<div style='padding: 15px; color: inherit; font-size: 14px;'>\n<p style='margin: 0; color: inherit;'>L: 32&comma;00 x H: 17&comma;00 x W: 25&comma;00 cm<\/p>\n<\/p><\/div>\n<\/p><\/div>\n<div style='flex: 1 1 250px; border: 1px solid rgba(150&comma; 150&comma; 150&comma; 0.4); border-radius: 8px; overflow: hidden; display: flex; flex-direction: column;'>\n<div style='padding: 15px; border-bottom: 1px solid rgba(150&comma; 150&comma; 150&comma; 0.2); font-weight: bold; font-size: 18px; color: inherit;'>Peso<\/div>\n<div style='padding: 15px; color: inherit; font-size: 14px;'>\n<p style='margin: 0; color: inherit;'>3&comma;66 kg (aprox. 4&comma;16 kg con embalaje)<\/p>\n<\/p><\/div>\n<\/p><\/div>\n<\/p><\/div>\n<hr style='border: 0; border-top: 1px solid rgba(150&comma; 150&comma; 150&comma; 0.3); margin: 30px 0;'> <\/div>\n","protected":false},"excerpt":{"rendered":"<p>Bomba para sanitario para conversi\u00f3n de manual a el\u00e9ctrico de 12 Vcd<\/p>\n","protected":false},"featured_media":57406,"comment_status":"open","ping_status":"closed","template":"","meta":[],"product_brand":[],"product_cat":[1541],"product_tag":[1542,1537,1172],"class_list":{"0":"post-57407","1":"product","2":"type-product","3":"status-publish","4":"has-post-thumbnail","6":"product_cat-equipos-para-pesca-comercial-y-recreativa","7":"product_tag-equipos-para-pesca-comercial-y-recreativa","8":"product_tag-jabsco","9":"product_tag-soluciones-marinas","11":"first","12":"instock","13":"sale","14":"shipping-taxable","15":"purchasable","16":"product-type-simple"},"_links":{"self":[{"href":"https:\/\/soydeaqui.ddns.net\/pachuca\/index.php\/wp-json\/wp\/v2\/product\/57407","targetHints":{"allow":["GET"]}}],"collection":[{"href":"https:\/\/soydeaqui.ddns.net\/pachuca\/index.php\/wp-json\/wp\/v2\/product"}],"about":[{"href":"https:\/\/soydeaqui.ddns.net\/pachuca\/index.php\/wp-json\/wp\/v2\/types\/product"}],"replies":[{"embeddable":true,"href":"https:\/\/soydeaqui.ddns.net\/pachuca\/index.php\/wp-json\/wp\/v2\/comments?post=57407"}],"wp:featuredmedia":[{"embeddable":true,"href":"https:\/\/soydeaqui.ddns.net\/pachuca\/index.php\/wp-json\/wp\/v2\/media\/57406"}],"wp:attachment":[{"href":"https:\/\/soydeaqui.ddns.net\/pachuca\/index.php\/wp-json\/wp\/v2\/media?parent=57407"}],"wp:term":[{"taxonomy":"product_brand","embeddable":true,"href":"https:\/\/soydeaqui.ddns.net\/pachuca\/index.php\/wp-json\/wp\/v2\/product_brand?post=57407"},{"taxonomy":"product_cat","embeddable":true,"href":"https:\/\/soydeaqui.ddns.net\/pachuca\/index.php\/wp-json\/wp\/v2\/product_cat?post=57407"},{"taxonomy":"product_tag","embeddable":true,"href":"https:\/\/soydeaqui.ddns.net\/pachuca\/index.php\/wp-json\/wp\/v2\/product_tag?post=57407"}],"curies":[{"name":"wp","href":"https:\/\/api.w.org\/{rel}","templated":true}]}}