{"id":5740,"date":"2026-03-18T06:35:00","date_gmt":"2026-03-18T06:35:00","guid":{"rendered":"https:\/\/soydeaqui.ddns.net\/pachuca\/index.php\/producto\/detector-de-movimiento-inalambrico-con-inmunidad-de-mascotas-de-36-kilos-bateria-de-larga-duracion-3-4-anos\/"},"modified":"2026-03-18T06:35:02","modified_gmt":"2026-03-18T06:35:02","slug":"detector-de-movimiento-inalambrico-con-inmunidad-de-mascotas-de-36-kilos-bateria-de-larga-duracion-3-4-anos","status":"publish","type":"product","link":"https:\/\/soydeaqui.ddns.net\/pachuca\/index.php\/producto\/detector-de-movimiento-inalambrico-con-inmunidad-de-mascotas-de-36-kilos-bateria-de-larga-duracion-3-4-anos\/","title":{"rendered":"Detector de movimiento inal\u00e1mbrico con inmunidad de mascotas de 36 kilos \/ Bater\u00eda de Larga Duraci\u00f3n 3-4 a\u00f1os"},"content":{"rendered":"<div style='width: 100%; max-width: 1200px; margin: 0 auto; font-family: sans-serif; line-height: 1.6; color: inherit; background-color: transparent;'>\n<div style='display: flex; flex-wrap: wrap; gap: 30px; margin-bottom: 30px;'>\n<div style='flex: 1 1 300px; min-width: 280px;'>\n<h3 style='font-size: 22px; border-bottom: 2px solid currentColor; padding-bottom: 5px; margin-top: 0; color: inherit; opacity: 0.8;'>CARACTER\u00cdSTICAS PRINCIPALES<\/h3>\n<ul style='padding-left: 20px; font-size: 15px; color: inherit;'>\n<li style='margin-bottom: 5px;'>Patr\u00f3n de cobertura de 11 x 12 metros<\/li>\n<li style='margin-bottom: 5px;'>Compensaci\u00f3n de temperatura para precisi\u00f3n mejorada<\/li>\n<li style='margin-bottom: 5px;'>Protecci\u00f3n UV en la lente para durabilidad<\/li>\n<li style='margin-bottom: 5px;'>Tamper en frontal y trasera para seguridad<\/li>\n<li style='margin-bottom: 5px;'>Temperatura de operaci\u00f3n de -10 a 50 \u00b0C<\/li>\n<\/ul><\/div>\n<div style='flex: 1 1 300px; min-width: 280px;'>\n<h3 style='font-size: 22px; border-bottom: 2px solid currentColor; padding-bottom: 5px; margin-top: 0; color: inherit; opacity: 0.8;'>ESPECIFICACIONES T\u00c9CNICAS<\/h3>\n<ul style='padding-left: 20px; font-size: 15px; color: inherit;'>\n<li style='margin-bottom: 5px;'><strong>Modelo:<\/strong> 5800PIR<\/li>\n<li style='margin-bottom: 5px;'><strong>Marca:<\/strong> HONEYWELL HOME RESIDEO<\/li>\n<li style='margin-bottom: 5px;'><strong>Bater\u00eda:<\/strong> LITIUM3V<\/li>\n<li style='margin-bottom: 5px;'><strong>Bater\u00eda compatible:<\/strong> CR123AP<\/li>\n<li style='margin-bottom: 5px;'><strong>Alerta por baja temperatura:<\/strong> S\u00ed<\/li>\n<\/ul><\/div>\n<\/p><\/div>\n<hr style='border: 0; border-top: 1px solid rgba(150&comma; 150&comma; 150&comma; 0.3); margin: 30px 0;'> <\/div>\n","protected":false},"excerpt":{"rendered":"<p>Detector de movimiento inal\u00e1mbrico con inmunidad de mascotas de 36 kilos \/ Bater\u00eda de Larga Duraci\u00f3n 3-4 a\u00f1os<\/p>\n","protected":false},"featured_media":5739,"comment_status":"open","ping_status":"closed","template":"","meta":[],"product_brand":[],"product_cat":[18],"product_tag":[19,45,20],"class_list":{"0":"post-5740","1":"product","2":"type-product","3":"status-publish","4":"has-post-thumbnail","6":"product_cat-movimiento-para-interior","7":"product_tag-detectores-sensores","8":"product_tag-honeywell-home-resideo","9":"product_tag-movimiento-para-interior","11":"first","12":"instock","13":"sale","14":"shipping-taxable","15":"purchasable","16":"product-type-simple"},"_links":{"self":[{"href":"https:\/\/soydeaqui.ddns.net\/pachuca\/index.php\/wp-json\/wp\/v2\/product\/5740","targetHints":{"allow":["GET"]}}],"collection":[{"href":"https:\/\/soydeaqui.ddns.net\/pachuca\/index.php\/wp-json\/wp\/v2\/product"}],"about":[{"href":"https:\/\/soydeaqui.ddns.net\/pachuca\/index.php\/wp-json\/wp\/v2\/types\/product"}],"replies":[{"embeddable":true,"href":"https:\/\/soydeaqui.ddns.net\/pachuca\/index.php\/wp-json\/wp\/v2\/comments?post=5740"}],"wp:featuredmedia":[{"embeddable":true,"href":"https:\/\/soydeaqui.ddns.net\/pachuca\/index.php\/wp-json\/wp\/v2\/media\/5739"}],"wp:attachment":[{"href":"https:\/\/soydeaqui.ddns.net\/pachuca\/index.php\/wp-json\/wp\/v2\/media?parent=5740"}],"wp:term":[{"taxonomy":"product_brand","embeddable":true,"href":"https:\/\/soydeaqui.ddns.net\/pachuca\/index.php\/wp-json\/wp\/v2\/product_brand?post=5740"},{"taxonomy":"product_cat","embeddable":true,"href":"https:\/\/soydeaqui.ddns.net\/pachuca\/index.php\/wp-json\/wp\/v2\/product_cat?post=5740"},{"taxonomy":"product_tag","embeddable":true,"href":"https:\/\/soydeaqui.ddns.net\/pachuca\/index.php\/wp-json\/wp\/v2\/product_tag?post=5740"}],"curies":[{"name":"wp","href":"https:\/\/api.w.org\/{rel}","templated":true}]}}