{"id":574,"date":"2026-03-18T05:41:05","date_gmt":"2026-03-18T05:41:05","guid":{"rendered":"https:\/\/soydeaqui.ddns.net\/pachuca\/index.php\/producto\/bobina-de-cable-305-metros-1000-pies-6-x-18-awg-color-blanco-cmr-para-sistemas-de-seguridad-y-alarmas\/"},"modified":"2026-03-18T05:41:07","modified_gmt":"2026-03-18T05:41:07","slug":"bobina-de-cable-305-metros-1000-pies-6-x-18-awg-color-blanco-cmr-para-sistemas-de-seguridad-y-alarmas","status":"publish","type":"product","link":"https:\/\/soydeaqui.ddns.net\/pachuca\/index.php\/producto\/bobina-de-cable-305-metros-1000-pies-6-x-18-awg-color-blanco-cmr-para-sistemas-de-seguridad-y-alarmas\/","title":{"rendered":"Bobina de Cable 305 Metros (1000 Pies): 6 x 18 AWG, Color Blanco, CMR, Para Sistemas de Seguridad y Alarmas"},"content":{"rendered":"<div style='width: 100%; max-width: 1200px; margin: 0 auto; font-family: sans-serif; line-height: 1.6; color: inherit; background-color: transparent;'>\n<div style='display: flex; flex-wrap: wrap; gap: 30px; margin-bottom: 30px;'>\n<div style='flex: 1 1 300px; min-width: 280px;'>\n<h3 style='font-size: 22px; border-bottom: 2px solid currentColor; padding-bottom: 5px; margin-top: 0; color: inherit; opacity: 0.8;'>Caracter\u00edsticas<\/h3>\n<p style='font-size: 15px; color: inherit; margin-top: 0; margin-bottom: 15px;'>Los cables de LinkedPro est\u00e1n dise\u00f1ados para su uso en sistemas de seguridad y alarmas&comma; permitiendo la conexi\u00f3n de teclados&comma; sirenas&comma; luces estrobosc\u00f3picas&comma; intercomunicadores&comma; paneles de control&comma; sistemas de audio y m\u00e1s.<\/p>\n<\/p><\/div>\n<\/p><\/div>\n<div style='display: flex; flex-wrap: wrap; gap: 20px; margin-bottom: 30px;'>\n<div style='flex: 1 1 250px; border: 1px solid rgba(150&comma; 150&comma; 150&comma; 0.4); border-radius: 8px; overflow: hidden; display: flex; flex-direction: column;'>\n<div style='padding: 15px; border-bottom: 1px solid rgba(150&comma; 150&comma; 150&comma; 0.2); font-weight: bold; font-size: 18px; color: inherit;'>Especificaciones T\u00e9cnicas<\/div>\n<div style='padding: 15px; color: inherit;'>\n<ul style='padding-left: 20px; margin: 0; font-size: 14px; list-style-type: disc;'>\n<li style='margin-bottom: 5px;'>Conductor: Cobre s\u00f3lido desnudo calibre 18AWG<\/li>\n<li style='margin-bottom: 5px;'>N\u00famero de Conductores: 6<\/li>\n<li style='margin-bottom: 5px;'>Aislamiento: PVC&comma; con un grosor nominal de 0&comma;30 mm y un di\u00e1metro de 1&comma;60 mm<\/li>\n<li style='margin-bottom: 5px;'>Colores de los Conductores: Negro&comma; rojo&comma; blanco&comma; verde&comma; marr\u00f3n&comma; azul<\/li>\n<li style='margin-bottom: 5px;'>Cord\u00f3n de Desgarre: S\u00ed<\/li>\n<li style='margin-bottom: 5px;'>Cubierta Externa: PVC&comma; con un grosor nominal de 0&comma;40 mm y un di\u00e1metro nominal de 5&comma;40 mm<\/li>\n<li style='margin-bottom: 5px;'>Color de la Cubierta: Blanco<\/li>\n<\/ul><\/div>\n<\/p><\/div>\n<div style='flex: 1 1 250px; border: 1px solid rgba(150&comma; 150&comma; 150&comma; 0.4); border-radius: 8px; overflow: hidden; display: flex; flex-direction: column;'>\n<div style='padding: 15px; border-bottom: 1px solid rgba(150&comma; 150&comma; 150&comma; 0.2); font-weight: bold; font-size: 18px; color: inherit;'>Propiedades El\u00e9ctricas<\/div>\n<div style='padding: 15px; color: inherit;'>\n<ul style='padding-left: 20px; margin: 0; font-size: 14px; list-style-type: disc;'>\n<li style='margin-bottom: 5px;'>Rango de Temperatura: -20 a 75\u00baC<\/li>\n<li style='margin-bottom: 5px;'>Voltaje de Operaci\u00f3n: M\u00e1ximo 300 voltios<\/li>\n<li style='margin-bottom: 5px;'>Capacitancia: 530 PF<\/li>\n<li style='margin-bottom: 5px;'>Resistencia CC: 22&comma;70 Ohms\/1000 a 20\u00baC<\/li>\n<li style='margin-bottom: 5px;'>Clasificaci\u00f3n de Flama: UL 1666&comma; CMR (Riser)<\/li>\n<\/ul><\/div>\n<\/p><\/div>\n<\/p><\/div>\n<\/p><\/div>\n","protected":false},"excerpt":{"rendered":"<p>Bobina de Cable 305 Metros (1000 Pies): 6 x 18 AWG, Color Blanco, CMR, Para Sistemas de Seguridad y Alarmas<\/p>\n","protected":false},"featured_media":573,"comment_status":"open","ping_status":"closed","template":"","meta":[],"product_brand":[],"product_cat":[137],"product_tag":[138,219,62],"class_list":{"0":"post-574","1":"product","2":"type-product","3":"status-publish","4":"has-post-thumbnail","6":"product_cat-todos-cables","7":"product_tag-cables","8":"product_tag-linkedpro","9":"product_tag-todos","11":"first","12":"instock","13":"sale","14":"shipping-taxable","15":"purchasable","16":"product-type-simple"},"_links":{"self":[{"href":"https:\/\/soydeaqui.ddns.net\/pachuca\/index.php\/wp-json\/wp\/v2\/product\/574","targetHints":{"allow":["GET"]}}],"collection":[{"href":"https:\/\/soydeaqui.ddns.net\/pachuca\/index.php\/wp-json\/wp\/v2\/product"}],"about":[{"href":"https:\/\/soydeaqui.ddns.net\/pachuca\/index.php\/wp-json\/wp\/v2\/types\/product"}],"replies":[{"embeddable":true,"href":"https:\/\/soydeaqui.ddns.net\/pachuca\/index.php\/wp-json\/wp\/v2\/comments?post=574"}],"wp:featuredmedia":[{"embeddable":true,"href":"https:\/\/soydeaqui.ddns.net\/pachuca\/index.php\/wp-json\/wp\/v2\/media\/573"}],"wp:attachment":[{"href":"https:\/\/soydeaqui.ddns.net\/pachuca\/index.php\/wp-json\/wp\/v2\/media?parent=574"}],"wp:term":[{"taxonomy":"product_brand","embeddable":true,"href":"https:\/\/soydeaqui.ddns.net\/pachuca\/index.php\/wp-json\/wp\/v2\/product_brand?post=574"},{"taxonomy":"product_cat","embeddable":true,"href":"https:\/\/soydeaqui.ddns.net\/pachuca\/index.php\/wp-json\/wp\/v2\/product_cat?post=574"},{"taxonomy":"product_tag","embeddable":true,"href":"https:\/\/soydeaqui.ddns.net\/pachuca\/index.php\/wp-json\/wp\/v2\/product_tag?post=574"}],"curies":[{"name":"wp","href":"https:\/\/api.w.org\/{rel}","templated":true}]}}