{"id":57385,"date":"2026-03-19T03:54:39","date_gmt":"2026-03-19T03:54:39","guid":{"rendered":"https:\/\/soydeaqui.ddns.net\/pachuca\/index.php\/producto\/radio-portatil-de-dos-via-con-navegador-gps-rino-750\/"},"modified":"2026-03-19T03:54:57","modified_gmt":"2026-03-19T03:54:57","slug":"radio-portatil-de-dos-via-con-navegador-gps-rino-750","status":"publish","type":"product","link":"https:\/\/soydeaqui.ddns.net\/pachuca\/index.php\/producto\/radio-portatil-de-dos-via-con-navegador-gps-rino-750\/","title":{"rendered":"Radio port\u00e1til de dos v\u00eda  con navegador GPS  RINO 750"},"content":{"rendered":"<div style='width: 100%; max-width: 1200px; margin: 0 auto; font-family: sans-serif; line-height: 1.6; color: inherit; background-color: transparent;'>\n<div style='display: flex; flex-wrap: wrap; gap: 30px; margin-bottom: 30px;'>\n<div style='flex: 1 1 300px; min-width: 280px;'>\n<h3 style='font-size: 22px; border-bottom: 2px solid currentColor; padding-bottom: 5px; margin-top: 0; color: inherit; opacity: 0.8;'>Caracter\u00edsticas<\/h3>\n<ul style='padding-left: 20px; font-size: 15px; color: inherit;'>\n<li style='margin-bottom: 5px;'>5 W de potencia de RF<\/li>\n<li style='margin-bottom: 5px;'>Receptor GPS y GLONASS<\/li>\n<li style='margin-bottom: 5px;'>Cuenta con bater\u00eda interna de Li Ion<\/li>\n<li style='margin-bottom: 5px;'>Pantalla monocrom\u00e1tica de 4 niveles de gris<\/li>\n<li style='margin-bottom: 5px;'>Fabricado con especificaciones IPX7<\/li>\n<li style='margin-bottom: 5px;'>Puerto de datos mini USB<\/li>\n<li style='margin-bottom: 5px;'>Cuenta con mapa base<\/li>\n<li style='margin-bottom: 5px;'>Almacena hasta 1000 puntos de interes<\/li>\n<\/ul><\/div>\n<\/p><\/div>\n<div style='display: flex; flex-wrap: wrap; gap: 30px; margin-bottom: 30px;'>\n<div style='flex: 1 1 300px; min-width: 280px;'>\n<h3 style='font-size: 22px; border-bottom: 2px solid currentColor; padding-bottom: 5px; margin-top: 0; color: inherit; opacity: 0.8;'>Incluye<\/h3>\n<ul style='padding-left: 20px; font-size: 15px; color: inherit;'>\n<li style='margin-bottom: 5px;'>Rino 750<\/li>\n<li style='margin-bottom: 5px;'>Bater\u00edas de iones de litio<\/li>\n<li style='margin-bottom: 5px;'>Cable USB<\/li>\n<li style='margin-bottom: 5px;'>Cargador de CA<\/li>\n<li style='margin-bottom: 5px;'>Clip del mosquet\u00f3n<\/li>\n<li style='margin-bottom: 5px;'>Documentaci\u00f3n<\/li>\n<\/ul><\/div>\n<\/p><\/div>\n<hr style='border: 0; border-top: 1px solid rgba(150&comma; 150&comma; 150&comma; 0.3); margin: 30px 0;'>\n<div style='display: flex; flex-wrap: wrap; gap: 20px; margin-bottom: 30px;'>\n<div style='flex: 1 1 250px; border: 1px solid rgba(150&comma; 150&comma; 150&comma; 0.4); border-radius: 8px; overflow: hidden; display: flex; flex-direction: column;'>\n<div style='padding: 15px; border-bottom: 1px solid rgba(150&comma; 150&comma; 150&comma; 0.2); font-weight: bold; font-size: 18px; color: inherit;'>Especificaciones<\/div>\n<div style='padding: 15px; color: inherit;'>\n<ul style='padding-left: 20px; margin: 0; font-size: 14px; list-style-type: disc;'>\n<li style='margin-bottom: 5px;'><strong>Material de los lentes:<\/strong> chemically strengthened glass<\/li>\n<li style='margin-bottom: 5px;'><strong>Dimensiones f\u00edsicas:<\/strong> 6&comma;6 x 20&comma;1 x 4&comma;1 cm (2&comma;6\u201d x 7&comma;9\u201d x 1&comma;6\u201d)<\/li>\n<li style='margin-bottom: 5px;'><strong>Peso:<\/strong> 348 g (12&comma;3 oz) con bater\u00eda<\/li>\n<li style='margin-bottom: 5px;'><strong>Clasificaci\u00f3n de resistencia al agua:<\/strong> IPX7<\/li>\n<li style='margin-bottom: 5px;'><strong>Pantalla t\u00e1ctil:<\/strong> S\u00ed<\/li>\n<li style='margin-bottom: 5px;'><strong>Tipo de pantalla:<\/strong> 3&comma;0&#8242; transflectiva&comma; TFT de 65 000 colores<\/li>\n<li style='margin-bottom: 5px;'><strong>Tama\u00f1o de la pantalla:<\/strong> 1&comma;53&#8242; x 2&comma;55&#8242; (3&comma;8 x 6&comma;4 cm); 3&comma;0&#8242; diag. (7&comma;6 cm)<\/li>\n<li style='margin-bottom: 5px;'><strong>Resoluci\u00f3n de la pantalla:<\/strong> 240 x 400 p\u00edxeles<\/li>\n<li style='margin-bottom: 5px;'><strong>Bater\u00eda:<\/strong> bater\u00eda de iones de litio recargable y extra\u00edble; bater\u00edas AA (no se incluyen)<\/li>\n<li style='margin-bottom: 5px;'><strong>Autonom\u00eda de la bater\u00eda:<\/strong> hasta 14 horas (hasta 18 horas con bater\u00edas AA opcionales a 2 watts)<\/li>\n<li style='margin-bottom: 5px;'><strong>Memoria\/historial:<\/strong> 1&comma;7 GB<\/li>\n<li style='margin-bottom: 5px;'><strong>Interfaz:<\/strong> high speed mini USB and NMEA 0183 compatible<\/li>\n<\/ul><\/div>\n<\/p><\/div>\n<div style='flex: 1 1 250px; border: 1px solid rgba(150&comma; 150&comma; 150&comma; 0.4); border-radius: 8px; overflow: hidden; display: flex; flex-direction: column;'>\n<div style='padding: 15px; border-bottom: 1px solid rgba(150&comma; 150&comma; 150&comma; 0.2); font-weight: bold; font-size: 18px; color: inherit;'>Mapas y memoria<\/div>\n<div style='padding: 15px; color: inherit;'>\n<ul style='padding-left: 20px; margin: 0; font-size: 14px; list-style-type: disc;'>\n<li style='margin-bottom: 5px;'><strong>Mapas preinstalados:<\/strong> no<\/li>\n<li style='margin-bottom: 5px;'><strong>Posibilidad de agregar mapas:<\/strong> S\u00ed<\/li>\n<li style='margin-bottom: 5px;'><strong>Mapa base:<\/strong> S\u00ed<\/li>\n<li style='margin-bottom: 5px;'><strong>Creaci\u00f3n autom\u00e1tica de rutas:<\/strong> S\u00ed (con mapas opcionales con informaci\u00f3n detallada de las carreteras)<\/li>\n<li style='margin-bottom: 5px;'><strong>Segmentos del mapa:<\/strong> 15000<\/li>\n<li style='margin-bottom: 5px;'><strong>BirdsEye:<\/strong> no<\/li>\n<li style='margin-bottom: 5px;'><strong>Almacenamiento y capacidad de carga:<\/strong> tarjeta microSD\u2122 (no se incluye)<\/li>\n<li style='margin-bottom: 5px;'><strong>Waypoints:<\/strong> 10000<\/li>\n<li style='margin-bottom: 5px;'><strong>Pistas:<\/strong> 250<\/li>\n<li style='margin-bottom: 5px;'><strong>Track log:<\/strong> 20 000 puntos&comma; 200 tracks guardados<\/li>\n<li style='margin-bottom: 5px;'><strong>Rutas:<\/strong> 250<\/li>\n<\/ul><\/div>\n<\/p><\/div>\n<div style='flex: 1 1 250px; border: 1px solid rgba(150&comma; 150&comma; 150&comma; 0.4); border-radius: 8px; overflow: hidden; display: flex; flex-direction: column;'>\n<div style='padding: 15px; border-bottom: 1px solid rgba(150&comma; 150&comma; 150&comma; 0.2); font-weight: bold; font-size: 18px; color: inherit;'>Sensores<\/div>\n<div style='padding: 15px; color: inherit;'>\n<ul style='padding-left: 20px; margin: 0; font-size: 14px; list-style-type: disc;'>\n<li style='margin-bottom: 5px;'><strong>GPS:<\/strong> S\u00ed<\/li>\n<li style='margin-bottom: 5px;'><strong>GLONASS:<\/strong> S\u00ed<\/li>\n<li style='margin-bottom: 5px;'><strong>Alt\u00edmetro barom\u00e9trico:<\/strong> S\u00ed<\/li>\n<li style='margin-bottom: 5px;'><strong>Br\u00fajula:<\/strong> S\u00ed (tres ejes con inclinaci\u00f3n compensada)<\/li>\n<li style='margin-bottom: 5px;'><strong>Receptor de alta sensibilidad:<\/strong> S\u00ed<\/li>\n<li style='margin-bottom: 5px;'><strong>Br\u00fajula GPS (mientras se est\u00e1 en movimiento):<\/strong> S\u00ed<\/li>\n<\/ul><\/div>\n<\/p><\/div>\n<div style='flex: 1 1 250px; border: 1px solid rgba(150&comma; 150&comma; 150&comma; 0.4); border-radius: 8px; overflow: hidden; display: flex; flex-direction: column;'>\n<div style='padding: 15px; border-bottom: 1px solid rgba(150&comma; 150&comma; 150&comma; 0.2); font-weight: bold; font-size: 18px; color: inherit;'>Funciones inteligentes diarias<\/div>\n<div style='padding: 15px; color: inherit;'>\n<ul style='padding-left: 20px; margin: 0; font-size: 14px; list-style-type: disc;'>\n<li style='margin-bottom: 5px;'><strong>Connect IQ\u2122:<\/strong> S\u00ed<\/li>\n<li style='margin-bottom: 5px;'><strong>Notificaciones inteligentes en dispositivos port\u00e1tiles:<\/strong> S\u00ed<\/li>\n<li style='margin-bottom: 5px;'><strong>Tiempo:<\/strong> S\u00ed<\/li>\n<li style='margin-bottom: 5px;'><strong>Active Weather:<\/strong> S\u00ed<\/li>\n<li style='margin-bottom: 5px;'><strong>Control remoto VIRB\u00ae:<\/strong> S\u00ed<\/li>\n<li style='margin-bottom: 5px;'><strong>Compatible con Garmin Connect\u2122 Mobile:<\/strong> S\u00ed<\/li>\n<\/ul><\/div>\n<\/p><\/div>\n<div style='flex: 1 1 250px; border: 1px solid rgba(150&comma; 150&comma; 150&comma; 0.4); border-radius: 8px; overflow: hidden; display: flex; flex-direction: column;'>\n<div style='padding: 15px; border-bottom: 1px solid rgba(150&comma; 150&comma; 150&comma; 0.2); font-weight: bold; font-size: 18px; color: inherit;'>Funciones t\u00e1cticas<\/div>\n<div style='padding: 15px; color: inherit;'>\n<ul style='padding-left: 20px; margin: 0; font-size: 14px; list-style-type: disc;'>\n<li style='margin-bottom: 5px;'><strong>XERO\u2122 Locations:<\/strong> S\u00ed<\/li>\n<\/ul><\/div>\n<\/p><\/div>\n<div style='flex: 1 1 250px; border: 1px solid rgba(150&comma; 150&comma; 150&comma; 0.4); border-radius: 8px; overflow: hidden; display: flex; flex-direction: column;'>\n<div style='padding: 15px; border-bottom: 1px solid rgba(150&comma; 150&comma; 150&comma; 0.2); font-weight: bold; font-size: 18px; color: inherit;'>Funciones para actividades de ocio y al aire libre<\/div>\n<div style='padding: 15px; color: inherit;'>\n<ul style='padding-left: 20px; margin: 0; font-size: 14px; list-style-type: disc;'>\n<li style='margin-bottom: 5px;'><strong>Navegaci\u00f3n punto a punto:<\/strong> S\u00ed<\/li>\n<\/ul><\/div>\n<\/p><\/div>\n<\/p><\/div>\n<hr style='border: 0; border-top: 1px solid rgba(150&comma; 150&comma; 150&comma; 0.3); margin: 30px 0;'>\n<div style='display: flex; flex-wrap: wrap; gap: 20px; margin-bottom: 30px;'>\n<div style='flex: 1 1 250px; border: 1px solid rgba(150&comma; 150&comma; 150&comma; 0.4); border-radius: 8px; overflow: hidden; display: flex; flex-direction: column;'>\n<div style='padding: 15px; border-bottom: 1px solid rgba(150&comma; 150&comma; 150&comma; 0.2); font-weight: bold; font-size: 18px; color: inherit;'>Funciones de seguimiento y seguridad<\/div>\n<div style='padding: 15px; color: inherit;'>\n<ul style='padding-left: 20px; margin: 0; font-size: 14px; list-style-type: disc;'>\n<li style='margin-bottom: 5px;'><strong>LiveTrack:<\/strong> S\u00ed<\/li>\n<\/ul><\/div>\n<\/p><\/div>\n<\/p><\/div>\n<\/p><\/div>\n","protected":false},"excerpt":{"rendered":"<p>Radio port\u00e1til de dos v\u00eda  con navegador GPS  RINO 750<\/p>\n","protected":false},"featured_media":57384,"comment_status":"open","ping_status":"closed","template":"","meta":[],"product_brand":[],"product_cat":[1634],"product_tag":[1449,1287,1513],"class_list":{"0":"post-57385","1":"product","2":"type-product","3":"status-publish","4":"has-post-thumbnail","6":"product_cat-portatiles-radios-amateur","7":"product_tag-garmin","8":"product_tag-portatiles","9":"product_tag-radios-amateur","11":"first","12":"outofstock","13":"sale","14":"shipping-taxable","15":"purchasable","16":"product-type-simple"},"_links":{"self":[{"href":"https:\/\/soydeaqui.ddns.net\/pachuca\/index.php\/wp-json\/wp\/v2\/product\/57385","targetHints":{"allow":["GET"]}}],"collection":[{"href":"https:\/\/soydeaqui.ddns.net\/pachuca\/index.php\/wp-json\/wp\/v2\/product"}],"about":[{"href":"https:\/\/soydeaqui.ddns.net\/pachuca\/index.php\/wp-json\/wp\/v2\/types\/product"}],"replies":[{"embeddable":true,"href":"https:\/\/soydeaqui.ddns.net\/pachuca\/index.php\/wp-json\/wp\/v2\/comments?post=57385"}],"wp:featuredmedia":[{"embeddable":true,"href":"https:\/\/soydeaqui.ddns.net\/pachuca\/index.php\/wp-json\/wp\/v2\/media\/57384"}],"wp:attachment":[{"href":"https:\/\/soydeaqui.ddns.net\/pachuca\/index.php\/wp-json\/wp\/v2\/media?parent=57385"}],"wp:term":[{"taxonomy":"product_brand","embeddable":true,"href":"https:\/\/soydeaqui.ddns.net\/pachuca\/index.php\/wp-json\/wp\/v2\/product_brand?post=57385"},{"taxonomy":"product_cat","embeddable":true,"href":"https:\/\/soydeaqui.ddns.net\/pachuca\/index.php\/wp-json\/wp\/v2\/product_cat?post=57385"},{"taxonomy":"product_tag","embeddable":true,"href":"https:\/\/soydeaqui.ddns.net\/pachuca\/index.php\/wp-json\/wp\/v2\/product_tag?post=57385"}],"curies":[{"name":"wp","href":"https:\/\/api.w.org\/{rel}","templated":true}]}}