{"id":57383,"date":"2026-03-19T03:54:36","date_gmt":"2026-03-19T03:54:36","guid":{"rendered":"https:\/\/soydeaqui.ddns.net\/pachuca\/index.php\/producto\/bomba-de-diafragma-controlada-por-presion-para-trabajo-pesado-parmax-de-12-vcd-caudal-de-5-gpm-presion-maxima-60-psi-para-manguera-de-diametro-interior-de-13-mm-1-2-y-19-mm-3-4\/"},"modified":"2026-03-19T03:54:37","modified_gmt":"2026-03-19T03:54:37","slug":"bomba-de-diafragma-controlada-por-presion-para-trabajo-pesado-parmax-de-12-vcd-caudal-de-5-gpm-presion-maxima-60-psi-para-manguera-de-diametro-interior-de-13-mm-1-2-y-19-mm-3-4","status":"publish","type":"product","link":"https:\/\/soydeaqui.ddns.net\/pachuca\/index.php\/producto\/bomba-de-diafragma-controlada-por-presion-para-trabajo-pesado-parmax-de-12-vcd-caudal-de-5-gpm-presion-maxima-60-psi-para-manguera-de-diametro-interior-de-13-mm-1-2-y-19-mm-3-4\/","title":{"rendered":"Bomba de diafragma controlada por presi\u00f3n para trabajo pesado ParMax de 12 Vcd, caudal de 5 GPM, presi\u00f3n m\u00e1xima 60 psi, para manguera de di\u00e1metro interior de 13 mm (1\/2&#8243;) y 19 mm (3\/4&#8243;)"},"content":{"rendered":"<div style='width: 100%; max-width: 1200px; margin: 0 auto; font-family: sans-serif; line-height: 1.6; color: inherit; background-color: transparent;'> <!-- Secci\u00f3n de caracter\u00edsticas --> <\/p>\n<div style='display: flex; flex-wrap: wrap; gap: 30px; margin-bottom: 30px;'>\n<div style='flex: 1 1 300px; min-width: 280px;'>\n<h3 style='font-size: 22px; border-bottom: 2px solid currentColor; padding-bottom: 5px; margin-top: 0; color: inherit; opacity: 0.8;'>Caracter\u00edsticas<\/h3>\n<ul style='padding-left: 20px; font-size: 15px; color: inherit;'>\n<li style='margin-bottom: 5px;'><strong>Conexiones:<\/strong> Para manguera de di\u00e1metro interior de 13 mm (1\/2&#8242;) y 19 mm (3\/4&#8242;)<\/li>\n<li style='margin-bottom: 5px;'><strong>Tama\u00f1o del fusible:<\/strong> 20 A<\/li>\n<li style='margin-bottom: 5px;'><strong>Presi\u00f3n m\u00e1xima:<\/strong> 4&comma;8 bar (60 psi)<\/li>\n<li style='margin-bottom: 5px;'><strong>Salida:<\/strong> 18&comma;9 litros\/minuto (5 galones\/minuto)<\/li>\n<li style='margin-bottom: 5px;'><strong>Dimensiones:<\/strong> 245 mm de largo&comma; 127 mm de ancho&comma; 119 mm de alto<\/li>\n<li style='margin-bottom: 5px;'><strong>Peso:<\/strong> 3&comma;0 kg<\/li>\n<\/ul><\/div>\n<div style='flex: 1 1 300px; min-width: 280px;'>\n<h3 style='font-size: 22px; border-bottom: 2px solid currentColor; padding-bottom: 5px; margin-top: 0; color: inherit; opacity: 0.8;'>Detalles t\u00e9cnicos<\/h3>\n<ul style='padding-left: 20px; font-size: 15px; color: inherit;'>\n<li style='margin-bottom: 5px;'>Nuevo dise\u00f1o de 5 c\u00e1maras<\/li>\n<li style='margin-bottom: 5px;'>Motor revestido de alta resistencia<\/li>\n<li style='margin-bottom: 5px;'>El dise\u00f1o del diafragma permite el funcionamiento en seco<\/li>\n<li style='margin-bottom: 5px;'>Alto caudal\/alta presi\u00f3n<\/li>\n<li style='margin-bottom: 5px;'>Resistente al agua (IPx6). Apto para uso con agua de mar<\/li>\n<li style='margin-bottom: 5px;'>Autocebante hasta elevaci\u00f3n vertical de 2&comma;4 m\/8 pies<\/li>\n<li style='margin-bottom: 5px;'>Los modelos de servicio pesado (HD) cuentan con motores y carcasas inferiores de aluminio fundido para una vida \u00fatil m\u00e1s prolongada incluso a altas presiones<\/li>\n<\/ul><\/div>\n<\/p><\/div>\n<p> <!-- Separador --> <\/p>\n<hr style='border: 0; border-top: 1px solid rgba(150&comma; 150&comma; 150&comma; 0.3); margin: 30px 0;'> <\/div>\n","protected":false},"excerpt":{"rendered":"<p>Bomba de diafragma controlada por presi\u00f3n para trabajo pesado ParMax de 12 Vcd, caudal de 5 GPM, presi\u00f3n m\u00e1xima 60 psi, para manguera de di\u00e1metro interior de 13 mm (1\/2&#8243;) y 19 mm (3\/4&#8243;)<\/p>\n","protected":false},"featured_media":57382,"comment_status":"open","ping_status":"closed","template":"","meta":[],"product_brand":[],"product_cat":[1541],"product_tag":[1542,1537,1172],"class_list":{"0":"post-57383","1":"product","2":"type-product","3":"status-publish","4":"has-post-thumbnail","6":"product_cat-equipos-para-pesca-comercial-y-recreativa","7":"product_tag-equipos-para-pesca-comercial-y-recreativa","8":"product_tag-jabsco","9":"product_tag-soluciones-marinas","11":"first","12":"instock","13":"sale","14":"shipping-taxable","15":"purchasable","16":"product-type-simple"},"_links":{"self":[{"href":"https:\/\/soydeaqui.ddns.net\/pachuca\/index.php\/wp-json\/wp\/v2\/product\/57383","targetHints":{"allow":["GET"]}}],"collection":[{"href":"https:\/\/soydeaqui.ddns.net\/pachuca\/index.php\/wp-json\/wp\/v2\/product"}],"about":[{"href":"https:\/\/soydeaqui.ddns.net\/pachuca\/index.php\/wp-json\/wp\/v2\/types\/product"}],"replies":[{"embeddable":true,"href":"https:\/\/soydeaqui.ddns.net\/pachuca\/index.php\/wp-json\/wp\/v2\/comments?post=57383"}],"wp:featuredmedia":[{"embeddable":true,"href":"https:\/\/soydeaqui.ddns.net\/pachuca\/index.php\/wp-json\/wp\/v2\/media\/57382"}],"wp:attachment":[{"href":"https:\/\/soydeaqui.ddns.net\/pachuca\/index.php\/wp-json\/wp\/v2\/media?parent=57383"}],"wp:term":[{"taxonomy":"product_brand","embeddable":true,"href":"https:\/\/soydeaqui.ddns.net\/pachuca\/index.php\/wp-json\/wp\/v2\/product_brand?post=57383"},{"taxonomy":"product_cat","embeddable":true,"href":"https:\/\/soydeaqui.ddns.net\/pachuca\/index.php\/wp-json\/wp\/v2\/product_cat?post=57383"},{"taxonomy":"product_tag","embeddable":true,"href":"https:\/\/soydeaqui.ddns.net\/pachuca\/index.php\/wp-json\/wp\/v2\/product_tag?post=57383"}],"curies":[{"name":"wp","href":"https:\/\/api.w.org\/{rel}","templated":true}]}}