{"id":57341,"date":"2026-03-19T03:53:16","date_gmt":"2026-03-19T03:53:16","guid":{"rendered":"https:\/\/soydeaqui.ddns.net\/pachuca\/index.php\/producto\/bomba-controlada-por-presion-par-max-hd-4-a-12-vca-alta-presion-40-psi-15-lpm-4-gpm-2\/"},"modified":"2026-03-19T03:53:17","modified_gmt":"2026-03-19T03:53:17","slug":"bomba-controlada-por-presion-par-max-hd-4-a-12-vca-alta-presion-40-psi-15-lpm-4-gpm-2","status":"publish","type":"product","link":"https:\/\/soydeaqui.ddns.net\/pachuca\/index.php\/producto\/bomba-controlada-por-presion-par-max-hd-4-a-12-vca-alta-presion-40-psi-15-lpm-4-gpm-2\/","title":{"rendered":"Bomba controlada por presi\u00f3n Par Max HD 4&#8242; a 12 Vca, alta presi\u00f3n 40 psi 15 lpm \/ 4 gpm"},"content":{"rendered":"<div style='width: 100%; max-width: 1200px; margin: 0 auto; font-family: sans-serif; line-height: 1.6; color: inherit; background-color: transparent;'>\n<h1 style='font-size: 24px; margin-top: 0; margin-bottom: 15px; color: inherit;'>Bomba controlada por presi\u00f3n Par Max 3.5&#8242;<\/h1>\n<div style='display: flex; flex-wrap: wrap; gap: 30px; margin-bottom: 30px;'>\n<div style='flex: 1 1 300px; min-width: 280px;'>\n<h3 style='font-size: 22px; border-bottom: 2px solid currentColor; padding-bottom: 5px; margin-top: 0; color: inherit; opacity: 0.8;'>Caracter\u00edsticas<\/h3>\n<ul style='padding-left: 20px; font-size: 15px; color: inherit; list-style-type: disc;'>\n<li style='margin-bottom: 5px;'><strong style='color: inherit;'>Conexiones:<\/strong> para manguera de di\u00e1metro interior de 13 mm (\u00bd\u201d)<\/li>\n<li style='margin-bottom: 5px;'><strong style='color: inherit;'>Tama\u00f1o del fusible:<\/strong> 15 (amperios)<\/li>\n<li style='margin-bottom: 5px;'><strong style='color: inherit;'>Salida:<\/strong> 15 litros\/minuto (4 galones\/minuto) flujo abierto<\/li>\n<li style='margin-bottom: 5px;'><strong style='color: inherit;'>Interruptor de presi\u00f3n:<\/strong> se activa a 1&comma;4 bar (20 psi) y se desactiva a 2&comma;8 bar (40 psi)<\/li>\n<li style='margin-bottom: 5px;'><strong style='color: inherit;'>Caracter\u00edstica:<\/strong> Bomba autocebante de alto caudal y eficiente que atiende 4 o m\u00e1s salidas<\/li>\n<li style='margin-bottom: 5px;'><strong style='color: inherit;'>Caracter\u00edstica:<\/strong> El dise\u00f1o de m\u00faltiples diafragmas se autocebante hasta una elevaci\u00f3n vertical de 1&comma;5 m y puede funcionar en seco sin sufrir da\u00f1os.<\/li>\n<li style='margin-bottom: 5px;'><strong style='color: inherit;'>Caracter\u00edstica:<\/strong> Se suministra con puertos a presi\u00f3n para manguera de 1\/2&#8242; (13 mm) y filtro.<\/li>\n<li style='margin-bottom: 5px;'><strong style='color: inherit;'>Caracter\u00edstica:<\/strong> Motor protegido por corte autom\u00e1tico de sobrecarga t\u00e9rmica Los modelos de servicio pesado (HD) cuentan con motores y carcasas inferiores de aluminio fundido para una vida \u00fatil m\u00e1s prolongada incluso a altas presiones<\/li>\n<li style='margin-bottom: 5px;'><strong style='color: inherit;'>Caracter\u00edstica:<\/strong> Hay otros puertos a presi\u00f3n disponibles para conexiones de mangueras.<\/li>\n<\/ul><\/div>\n<\/p><\/div>\n<div style='display: flex; flex-wrap: wrap; gap: 30px; margin-bottom: 30px;'>\n<div style='flex: 1 1 250px; min-width: 220px;'>\n<h3 style='font-size: 22px; border-bottom: 2px solid currentColor; padding-bottom: 5px; margin-top: 0; color: inherit; opacity: 0.8;'>Especificaciones<\/h3>\n<ul style='padding-left: 20px; font-size: 15px; color: inherit; list-style-type: disc;'>\n<li style='margin-bottom: 5px;'><strong style='color: inherit;'>Dimensiones:<\/strong> 239 mm de largo&comma; 109 mm de ancho&comma; 97 mm de alto.<\/li>\n<li style='margin-bottom: 5px;'><strong style='color: inherit;'>Peso:<\/strong> 2&comma;47 kg (aprox. 2&comma;97 kg con embalaje)<\/li>\n<\/ul><\/div>\n<\/p><\/div>\n<\/p><\/div>\n","protected":false},"excerpt":{"rendered":"<p>Bomba controlada por presi\u00f3n Par Max HD 4&#8242; a 12 Vca, alta presi\u00f3n 40 psi 15 lpm \/ 4 gpm<\/p>\n","protected":false},"featured_media":57340,"comment_status":"open","ping_status":"closed","template":"","meta":[],"product_brand":[],"product_cat":[1541],"product_tag":[1542,1537,1172],"class_list":{"0":"post-57341","1":"product","2":"type-product","3":"status-publish","4":"has-post-thumbnail","6":"product_cat-equipos-para-pesca-comercial-y-recreativa","7":"product_tag-equipos-para-pesca-comercial-y-recreativa","8":"product_tag-jabsco","9":"product_tag-soluciones-marinas","11":"first","12":"outofstock","13":"sale","14":"shipping-taxable","15":"purchasable","16":"product-type-simple"},"_links":{"self":[{"href":"https:\/\/soydeaqui.ddns.net\/pachuca\/index.php\/wp-json\/wp\/v2\/product\/57341","targetHints":{"allow":["GET"]}}],"collection":[{"href":"https:\/\/soydeaqui.ddns.net\/pachuca\/index.php\/wp-json\/wp\/v2\/product"}],"about":[{"href":"https:\/\/soydeaqui.ddns.net\/pachuca\/index.php\/wp-json\/wp\/v2\/types\/product"}],"replies":[{"embeddable":true,"href":"https:\/\/soydeaqui.ddns.net\/pachuca\/index.php\/wp-json\/wp\/v2\/comments?post=57341"}],"wp:featuredmedia":[{"embeddable":true,"href":"https:\/\/soydeaqui.ddns.net\/pachuca\/index.php\/wp-json\/wp\/v2\/media\/57340"}],"wp:attachment":[{"href":"https:\/\/soydeaqui.ddns.net\/pachuca\/index.php\/wp-json\/wp\/v2\/media?parent=57341"}],"wp:term":[{"taxonomy":"product_brand","embeddable":true,"href":"https:\/\/soydeaqui.ddns.net\/pachuca\/index.php\/wp-json\/wp\/v2\/product_brand?post=57341"},{"taxonomy":"product_cat","embeddable":true,"href":"https:\/\/soydeaqui.ddns.net\/pachuca\/index.php\/wp-json\/wp\/v2\/product_cat?post=57341"},{"taxonomy":"product_tag","embeddable":true,"href":"https:\/\/soydeaqui.ddns.net\/pachuca\/index.php\/wp-json\/wp\/v2\/product_tag?post=57341"}],"curies":[{"name":"wp","href":"https:\/\/api.w.org\/{rel}","templated":true}]}}