{"id":57330,"date":"2026-03-19T03:52:56","date_gmt":"2026-03-19T03:52:56","guid":{"rendered":"https:\/\/soydeaqui.ddns.net\/pachuca\/index.php\/producto\/kit-de-bomba-manual-con-cuerpo-de-laton\/"},"modified":"2026-03-19T03:52:57","modified_gmt":"2026-03-19T03:52:57","slug":"kit-de-bomba-manual-con-cuerpo-de-laton","status":"publish","type":"product","link":"https:\/\/soydeaqui.ddns.net\/pachuca\/index.php\/producto\/kit-de-bomba-manual-con-cuerpo-de-laton\/","title":{"rendered":"Kit de bomba manual con cuerpo de lat\u00f3n."},"content":{"rendered":"<div style='width: 100%; max-width: 1200px; margin: 0 auto; font-family: sans-serif; line-height: 1.6; color: inherit; background-color: transparent;'> <!-- Secci\u00f3n de caracter\u00edsticas --> <\/p>\n<div style='display: flex; flex-wrap: wrap; gap: 30px; margin-bottom: 30px;'>\n<div style='flex: 1 1 300px; min-width: 280px;'>\n<h3 style='font-size: 22px; border-bottom: 2px solid currentColor; padding-bottom: 5px; margin-top: 0; color: inherit; opacity: 0.8;'>Caracter\u00edsticas<\/h3>\n<ul style='padding-left: 20px; font-size: 15px; color: inherit;'>\n<li style='margin-bottom: 5px;'><strong>Conexiones:<\/strong> Salida para manguera de di\u00e1metro interior de 13 mm (\u00bd\u201d)&comma; m\u00e1s adaptador de entrada del mismo tama\u00f1o<\/li>\n<li style='margin-bottom: 5px;'>Se suministra con 2 mangueras de 0&comma;9 m de di\u00e1metro interior de 13 mm&comma; 1 m de tubo de 8 mm de di\u00e1metro exterior&comma; 1 m de tubo de 6 mm de di\u00e1metro exterior<\/li>\n<li style='margin-bottom: 5px;'><strong>Salida:<\/strong> Hasta 7 litros\/minuto (1\u00bd galones\/minuto) 6 golpes\/litro<\/li>\n<li style='margin-bottom: 5px;'>Supera el problema de los tapones de drenaje y las tapas de llenado de dif\u00edcil acceso.<\/li>\n<li style='margin-bottom: 5px;'><strong>Fabricaci\u00f3n:<\/strong> Caucho resistente al aceite y lat\u00f3n resistente a la corrosi\u00f3n.<\/li>\n<li style='margin-bottom: 5px;'><strong>Autocebado:<\/strong> La entrada est\u00e1 sumergida en el agua o la bomba se autocebar\u00e1 a trav\u00e9s del adaptador provisto.<\/li>\n<\/ul><\/div>\n<\/p><\/div>\n<p> <!-- Secci\u00f3n de especificaciones --> <\/p>\n<div style='display: flex; flex-wrap: wrap; gap: 20px; margin-bottom: 30px;'>\n<div style='flex: 1 1 250px; border: 1px solid rgba(150&comma; 150&comma; 150&comma; 0.4); border-radius: 8px; overflow: hidden; display: flex; flex-direction: column;'>\n<div style='padding: 15px; border-bottom: 1px solid rgba(150&comma; 150&comma; 150&comma; 0.2); font-weight: bold; font-size: 18px; color: inherit;'>Especificaciones<\/div>\n<div style='padding: 15px; color: inherit;'>\n<ul style='padding-left: 20px; margin: 0; font-size: 14px; list-style-type: disc;'>\n<li style='margin-bottom: 5px;'><strong>Dimensiones:<\/strong> 300 mm de largo&comma; 30 mm de di\u00e1metro.<\/li>\n<li style='margin-bottom: 5px;'><strong>Peso:<\/strong> 0&comma;85 kg (aprox. 1&comma;15 kg embalado)<\/li>\n<\/ul><\/div>\n<\/p><\/div>\n<\/p><\/div>\n<p> <!-- Separador --> <\/p>\n<hr style='border: 0; border-top: 1px solid rgba(150&comma; 150&comma; 150&comma; 0.3); margin: 30px 0;'> <\/div>\n","protected":false},"excerpt":{"rendered":"<p>Kit de bomba manual con cuerpo de lat\u00f3n.<\/p>\n","protected":false},"featured_media":57329,"comment_status":"open","ping_status":"closed","template":"","meta":[],"product_brand":[],"product_cat":[1541],"product_tag":[1542,1537,1172],"class_list":{"0":"post-57330","1":"product","2":"type-product","3":"status-publish","4":"has-post-thumbnail","6":"product_cat-equipos-para-pesca-comercial-y-recreativa","7":"product_tag-equipos-para-pesca-comercial-y-recreativa","8":"product_tag-jabsco","9":"product_tag-soluciones-marinas","11":"first","12":"outofstock","13":"sale","14":"shipping-taxable","15":"purchasable","16":"product-type-simple"},"_links":{"self":[{"href":"https:\/\/soydeaqui.ddns.net\/pachuca\/index.php\/wp-json\/wp\/v2\/product\/57330","targetHints":{"allow":["GET"]}}],"collection":[{"href":"https:\/\/soydeaqui.ddns.net\/pachuca\/index.php\/wp-json\/wp\/v2\/product"}],"about":[{"href":"https:\/\/soydeaqui.ddns.net\/pachuca\/index.php\/wp-json\/wp\/v2\/types\/product"}],"replies":[{"embeddable":true,"href":"https:\/\/soydeaqui.ddns.net\/pachuca\/index.php\/wp-json\/wp\/v2\/comments?post=57330"}],"wp:featuredmedia":[{"embeddable":true,"href":"https:\/\/soydeaqui.ddns.net\/pachuca\/index.php\/wp-json\/wp\/v2\/media\/57329"}],"wp:attachment":[{"href":"https:\/\/soydeaqui.ddns.net\/pachuca\/index.php\/wp-json\/wp\/v2\/media?parent=57330"}],"wp:term":[{"taxonomy":"product_brand","embeddable":true,"href":"https:\/\/soydeaqui.ddns.net\/pachuca\/index.php\/wp-json\/wp\/v2\/product_brand?post=57330"},{"taxonomy":"product_cat","embeddable":true,"href":"https:\/\/soydeaqui.ddns.net\/pachuca\/index.php\/wp-json\/wp\/v2\/product_cat?post=57330"},{"taxonomy":"product_tag","embeddable":true,"href":"https:\/\/soydeaqui.ddns.net\/pachuca\/index.php\/wp-json\/wp\/v2\/product_tag?post=57330"}],"curies":[{"name":"wp","href":"https:\/\/api.w.org\/{rel}","templated":true}]}}