{"id":57319,"date":"2026-03-19T03:52:36","date_gmt":"2026-03-19T03:52:36","guid":{"rendered":"https:\/\/soydeaqui.ddns.net\/pachuca\/index.php\/producto\/regulador-de-presion-de-agua-en-linea\/"},"modified":"2026-03-19T03:52:38","modified_gmt":"2026-03-19T03:52:38","slug":"regulador-de-presion-de-agua-en-linea","status":"publish","type":"product","link":"https:\/\/soydeaqui.ddns.net\/pachuca\/index.php\/producto\/regulador-de-presion-de-agua-en-linea\/","title":{"rendered":"Regulador de presi\u00f3n de agua en linea"},"content":{"rendered":"<div style='width: 100%; max-width: 1200px; margin: 0 auto; font-family: sans-serif; line-height: 1.6; color: inherit; background-color: transparent;'>\n<div style='display: flex; flex-wrap: wrap; gap: 30px; margin-bottom: 30px;'>\n<div style='flex: 1 1 300px; min-width: 280px;'>\n<h3 style='font-size: 22px; border-bottom: 2px solid currentColor; padding-bottom: 5px; margin-top: 0; color: inherit; opacity: 0.8;'>Caracter\u00edsticas<\/h3>\n<ul style='padding-left: 20px; font-size: 15px; color: inherit;'>\n<li style='margin-bottom: 5px;'>Limita autom\u00e1ticamente la presi\u00f3n de entrada de agua a 45 psi (3&comma;1 bar)<\/li>\n<li style='margin-bottom: 5px;'>Mantiene la presi\u00f3n regulada a varios caudales<\/li>\n<li style='margin-bottom: 5px;'>Cara de descarga limpia<\/li>\n<li style='margin-bottom: 5px;'>Se monta de forma permanente en la superestructura de la embarcaci\u00f3n<\/li>\n<li style='margin-bottom: 5px;'>El modelo de descarga tiene una salida de codo giratorio \u00fanica<\/li>\n<li style='margin-bottom: 5px;'>Prevenci\u00f3n de reflujo incorporado<\/li>\n<li style='margin-bottom: 5px;'>Tapa antipolvo<\/li>\n<li style='margin-bottom: 5px;'>Fabricado con materiales de calidad alimentaria<\/li>\n<li style='margin-bottom: 5px;'>Cumple con todos los c\u00f3digos y aprobaciones aplicables<\/li>\n<li style='margin-bottom: 5px;'>El filtro extra\u00edble y de f\u00e1cil limpieza protege la plomer\u00eda<\/li>\n<li style='margin-bottom: 5px;'>Requerido federal y estatal en veh\u00edculos recreativos con conexi\u00f3n de servicio de agua<\/li>\n<li style='margin-bottom: 5px;'>Entrada GHT (manguera de jard\u00edn) hembra de 3\/4&#8242; y salida GHT macho de 3\/4&#8242;<\/li>\n<\/ul><\/div>\n<\/p><\/div>\n<div style='display: flex; flex-wrap: wrap; gap: 20px; margin-bottom: 30px;'>\n<div style='flex: 1 1 250px; border: 1px solid rgba(150&comma; 150&comma; 150&comma; 0.4); border-radius: 8px; overflow: hidden; display: flex; flex-direction: column;'>\n<div style='padding: 15px; border-bottom: 1px solid rgba(150&comma; 150&comma; 150&comma; 0.2); font-weight: bold; font-size: 18px; color: inherit;'>Especificaciones<\/div>\n<div style='padding: 15px; color: inherit;'>\n<ul style='padding-left: 20px; margin: 0; font-size: 14px; list-style-type: disc;'>\n<li style='margin-bottom: 5px;'><strong>Dimensiones:<\/strong> 3&#8242; de largo x 1-1\/2&#8242; de di\u00e1metro (7&comma;7 cm x 3&comma;9 cm)<\/li>\n<li style='margin-bottom: 5px;'><strong>Peso:<\/strong> 0&comma;2 lb (0&comma;1 kg)<\/li>\n<\/ul><\/div>\n<\/p><\/div>\n<\/p><\/div>\n<hr style='border: 0; border-top: 1px solid rgba(150&comma; 150&comma; 150&comma; 0.3); margin: 30px 0;'> <\/div>\n","protected":false},"excerpt":{"rendered":"<p>Regulador de presi\u00f3n de agua en linea<\/p>\n","protected":false},"featured_media":57318,"comment_status":"open","ping_status":"closed","template":"","meta":[],"product_brand":[],"product_cat":[1541],"product_tag":[1542,1537,1172],"class_list":{"0":"post-57319","1":"product","2":"type-product","3":"status-publish","4":"has-post-thumbnail","6":"product_cat-equipos-para-pesca-comercial-y-recreativa","7":"product_tag-equipos-para-pesca-comercial-y-recreativa","8":"product_tag-jabsco","9":"product_tag-soluciones-marinas","11":"first","12":"instock","13":"sale","14":"shipping-taxable","15":"purchasable","16":"product-type-simple"},"_links":{"self":[{"href":"https:\/\/soydeaqui.ddns.net\/pachuca\/index.php\/wp-json\/wp\/v2\/product\/57319","targetHints":{"allow":["GET"]}}],"collection":[{"href":"https:\/\/soydeaqui.ddns.net\/pachuca\/index.php\/wp-json\/wp\/v2\/product"}],"about":[{"href":"https:\/\/soydeaqui.ddns.net\/pachuca\/index.php\/wp-json\/wp\/v2\/types\/product"}],"replies":[{"embeddable":true,"href":"https:\/\/soydeaqui.ddns.net\/pachuca\/index.php\/wp-json\/wp\/v2\/comments?post=57319"}],"wp:featuredmedia":[{"embeddable":true,"href":"https:\/\/soydeaqui.ddns.net\/pachuca\/index.php\/wp-json\/wp\/v2\/media\/57318"}],"wp:attachment":[{"href":"https:\/\/soydeaqui.ddns.net\/pachuca\/index.php\/wp-json\/wp\/v2\/media?parent=57319"}],"wp:term":[{"taxonomy":"product_brand","embeddable":true,"href":"https:\/\/soydeaqui.ddns.net\/pachuca\/index.php\/wp-json\/wp\/v2\/product_brand?post=57319"},{"taxonomy":"product_cat","embeddable":true,"href":"https:\/\/soydeaqui.ddns.net\/pachuca\/index.php\/wp-json\/wp\/v2\/product_cat?post=57319"},{"taxonomy":"product_tag","embeddable":true,"href":"https:\/\/soydeaqui.ddns.net\/pachuca\/index.php\/wp-json\/wp\/v2\/product_tag?post=57319"}],"curies":[{"name":"wp","href":"https:\/\/api.w.org\/{rel}","templated":true}]}}