{"id":57305,"date":"2026-03-19T03:52:08","date_gmt":"2026-03-19T03:52:08","guid":{"rendered":"https:\/\/soydeaqui.ddns.net\/pachuca\/index.php\/producto\/auriculares-de-ala-fija-con-atenuacion-de-ruido-pasivo-para-aviacion-general\/"},"modified":"2026-03-19T03:52:09","modified_gmt":"2026-03-19T03:52:09","slug":"auriculares-de-ala-fija-con-atenuacion-de-ruido-pasivo-para-aviacion-general","status":"publish","type":"product","link":"https:\/\/soydeaqui.ddns.net\/pachuca\/index.php\/producto\/auriculares-de-ala-fija-con-atenuacion-de-ruido-pasivo-para-aviacion-general\/","title":{"rendered":"Auriculares de ala fija con atenuaci\u00f3n de ruido pasivo para aviaci\u00f3n general"},"content":{"rendered":"<div style='width: 100%; max-width: 1200px; margin: 0 auto; font-family: sans-serif; line-height: 1.6; color: inherit; background-color: transparent;'>\n<div style='display: flex; flex-wrap: wrap; gap: 30px; margin-bottom: 30px;'>\n<div style='flex: 1 1 300px; min-width: 280px;'>\n<h3 style='font-size: 22px; border-bottom: 2px solid currentColor; padding-bottom: 5px; margin-top: 0; color: inherit; opacity: 0.8;'>Descripci\u00f3n general<\/h3>\n<p style='font-size: 15px; color: inherit; margin-bottom: 15px;'>Los auriculares de la serie 3300 est\u00e1n dise\u00f1ados para proporcionar comunicaciones n\u00edtidas y claras y una protecci\u00f3n auditiva eficaz en entornos con mucho ruido. El auricular con micr\u00f3fono H3530 es el auricular con micr\u00f3fono de referencia para su uso en aplicaciones de empuje en aerol\u00edneas.<\/p>\n<p style='font-size: 15px; color: inherit; margin-bottom: 15px;'>El modelo H3530 es un auricular de estilo sobre la cabeza de dos orejas capaz de brindar comodidad y claridad en la comunicaci\u00f3n durante largos per\u00edodos de tiempo.<\/p>\n<p style='font-size: 15px; color: inherit; margin-bottom: 15px;'>Utiliza el micr\u00f3fono din\u00e1mico amplificado DC-1A con cancelaci\u00f3n de ruido&comma; que brinda una excelente inteligibilidad de voz&comma; montado en un conjunto de brazo no giratorio sobremoldeado para una confiabilidad resistente. El control del micr\u00f3fono se logra mediante el uso de estaciones de cintur\u00f3n de la serie C35-xx (se venden por separado).<\/p>\n<\/p><\/div>\n<\/p><\/div>\n<div style='display: flex; flex-wrap: wrap; gap: 30px; margin-bottom: 30px;'>\n<div style='flex: 1 1 300px; min-width: 280px;'>\n<h3 style='font-size: 22px; border-bottom: 2px solid currentColor; padding-bottom: 5px; margin-top: 0; color: inherit; opacity: 0.8;'>Caracter\u00edsticas de dise\u00f1o<\/h3>\n<ul style='padding-left: 20px; font-size: 15px; color: inherit; margin-bottom: 15px;'>\n<li style='margin-bottom: 5px;'>La construcci\u00f3n duradera y los componentes de calidad se encuentran en todos los auriculares de la serie 3300.<\/li>\n<li style='margin-bottom: 5px;'>Las caracter\u00edsticas de comodidad&comma; como los sellos para los o\u00eddos y la almohadilla para la cabeza&comma; se eligen espec\u00edficamente para una comodidad excepcional en cualquier temperatura o condiciones ambientales.<\/li>\n<li style='margin-bottom: 5px;'>Los auriculares con atenuaci\u00f3n de ruido brindan una recepci\u00f3n clara y aislada de las comunicaciones de la cabina de vuelo&comma; al mismo tiempo que protegen de manera eficaz la audici\u00f3n del usuario.<\/li>\n<\/ul><\/div>\n<\/p><\/div>\n<div style='display: flex; flex-wrap: wrap; gap: 30px; margin-bottom: 30px;'>\n<div style='flex: 1 1 300px; min-width: 280px;'>\n<h3 style='font-size: 22px; border-bottom: 2px solid currentColor; padding-bottom: 5px; margin-top: 0; color: inherit; opacity: 0.8;'>Herencia tecnol\u00f3gica<\/h3>\n<p style='font-size: 15px; color: inherit; margin-bottom: 15px;'>David Clark cre\u00f3 los primeros auriculares de comunicaci\u00f3n con atenuaci\u00f3n de ruido del mundo y contin\u00faa liderando el mundo en la entrega de herramientas de comunicaci\u00f3n de calidad.<\/p>\n<\/p><\/div>\n<\/p><\/div>\n<hr style='border: 0; border-top: 1px solid rgba(150&comma; 150&comma; 150&comma; 0.3); margin: 30px 0;'> <\/div>\n","protected":false},"excerpt":{"rendered":"<p>Auriculares de ala fija con atenuaci\u00f3n de ruido pasivo para aviaci\u00f3n general<\/p>\n","protected":false},"featured_media":32,"comment_status":"open","ping_status":"closed","template":"","meta":[],"product_brand":[],"product_cat":[1598],"product_tag":[1517,1599,1584],"class_list":{"0":"post-57305","1":"product","2":"type-product","3":"status-publish","4":"has-post-thumbnail","6":"product_cat-diademas-accesorios-para-icom","7":"product_tag-accesorios-para-icom","8":"product_tag-david-clark","9":"product_tag-diademas","11":"first","12":"outofstock","13":"sale","14":"shipping-taxable","15":"purchasable","16":"product-type-simple"},"_links":{"self":[{"href":"https:\/\/soydeaqui.ddns.net\/pachuca\/index.php\/wp-json\/wp\/v2\/product\/57305","targetHints":{"allow":["GET"]}}],"collection":[{"href":"https:\/\/soydeaqui.ddns.net\/pachuca\/index.php\/wp-json\/wp\/v2\/product"}],"about":[{"href":"https:\/\/soydeaqui.ddns.net\/pachuca\/index.php\/wp-json\/wp\/v2\/types\/product"}],"replies":[{"embeddable":true,"href":"https:\/\/soydeaqui.ddns.net\/pachuca\/index.php\/wp-json\/wp\/v2\/comments?post=57305"}],"wp:featuredmedia":[{"embeddable":true,"href":"https:\/\/soydeaqui.ddns.net\/pachuca\/index.php\/wp-json\/wp\/v2\/media\/32"}],"wp:attachment":[{"href":"https:\/\/soydeaqui.ddns.net\/pachuca\/index.php\/wp-json\/wp\/v2\/media?parent=57305"}],"wp:term":[{"taxonomy":"product_brand","embeddable":true,"href":"https:\/\/soydeaqui.ddns.net\/pachuca\/index.php\/wp-json\/wp\/v2\/product_brand?post=57305"},{"taxonomy":"product_cat","embeddable":true,"href":"https:\/\/soydeaqui.ddns.net\/pachuca\/index.php\/wp-json\/wp\/v2\/product_cat?post=57305"},{"taxonomy":"product_tag","embeddable":true,"href":"https:\/\/soydeaqui.ddns.net\/pachuca\/index.php\/wp-json\/wp\/v2\/product_tag?post=57305"}],"curies":[{"name":"wp","href":"https:\/\/api.w.org\/{rel}","templated":true}]}}