{"id":57304,"date":"2026-03-19T03:52:07","date_gmt":"2026-03-19T03:52:07","guid":{"rendered":"https:\/\/soydeaqui.ddns.net\/pachuca\/index.php\/producto\/bomba-de-lavado-de-alta-presion-y-alto-caudal-hotshot-hd-4-de-12-vcd-15lpm-4gpm-60-psi\/"},"modified":"2026-03-19T03:52:07","modified_gmt":"2026-03-19T03:52:07","slug":"bomba-de-lavado-de-alta-presion-y-alto-caudal-hotshot-hd-4-de-12-vcd-15lpm-4gpm-60-psi","status":"publish","type":"product","link":"https:\/\/soydeaqui.ddns.net\/pachuca\/index.php\/producto\/bomba-de-lavado-de-alta-presion-y-alto-caudal-hotshot-hd-4-de-12-vcd-15lpm-4gpm-60-psi\/","title":{"rendered":"Bomba de lavado de alta presi\u00f3n y alto caudal HotShot HD 4 de 12 Vcd, 15LPM \/ 4GPM \/ 60 PSI"},"content":{"rendered":"<div style='width: 100%; max-width: 1200px; margin: 0 auto; font-family: sans-serif; line-height: 1.6; color: inherit; background-color: transparent;'>\n<div style='display: flex; flex-wrap: wrap; gap: 30px; margin-bottom: 30px;'>\n<div style='flex: 1 1 300px; min-width: 280px;'>\n<h3 style='font-size: 22px; border-bottom: 2px solid currentColor; padding-bottom: 5px; margin-top: 0; color: inherit; opacity: 0.8;'>Caracter\u00edsticas<\/h3>\n<ul style='padding-left: 20px; font-size: 15px; color: inherit;'>\n<li style='margin-bottom: 5px;'><strong>Conexiones:<\/strong> Para mangueras con orificio de 13 mm (\u00bd&#8217;) y 19 mm (3\/4&#8242;) y US GHT<\/li>\n<li style='margin-bottom: 5px;'><strong>Dimensiones:<\/strong> 239 mm de largo&comma; 109 mm de ancho&comma; 97 mm de alto<\/li>\n<li style='margin-bottom: 5px;'><strong>Tama\u00f1o del fusible:<\/strong> 20 amperios<\/li>\n<li style='margin-bottom: 5px;'><strong>Corriente m\u00e1xima:<\/strong> 11 amperios<\/li>\n<li style='margin-bottom: 5px;'><strong>Salida:<\/strong> 15 litros\/minuto (4 galones\/minuto) flujo abierto<\/li>\n<li style='margin-bottom: 5px;'><strong>Interruptor de presi\u00f3n:<\/strong> Se corta a 4&comma;1 bar (60 psi)<\/li>\n<li style='margin-bottom: 5px;'>Bomba autocebante de alto caudal y eficiente<\/li>\n<li style='margin-bottom: 5px;'>El dise\u00f1o de m\u00faltiples diafragmas se autocebante hasta una elevaci\u00f3n vertical de 2&comma;4 m y puede funcionar en seco sin sufrir da\u00f1os<\/li>\n<li style='margin-bottom: 5px;'>Se suministra con puertos a presi\u00f3n para mangueras de 1\/2&#8242; (13 mm) y 3\/4&#8242; (19 mm) y rosca de manguera de jard\u00edn estadounidense de 3\/4&#8242; (1 pieza). Filtro Pumpgard y boquilla de gatillo incluidos<\/li>\n<li style='margin-bottom: 5px;'>Motor de servicio pesado protegido por corte autom\u00e1tico de sobrecarga t\u00e9rmica. Los modelos de servicio pesado (HD) cuentan con motores y carcasas inferiores de aluminio fundido para una vida \u00fatil m\u00e1s prolongada incluso a altas presiones<\/li>\n<li style='margin-bottom: 5px;'>Clasificaci\u00f3n IPX6. Rango de temperatura del fluido: 32 \u00b0F &#8211; 140 \u00b0F (0 \u00b0C &#8211; 60 \u00b0C). Ciclo de trabajo intermitente<\/li>\n<li style='margin-bottom: 5px;'><strong>Peso:<\/strong> 2&comma;50 kg (aprox. 3&comma;00 kg embalado)<\/li>\n<\/ul><\/div>\n<\/p><\/div>\n<hr style='border: 0; border-top: 1px solid rgba(150&comma; 150&comma; 150&comma; 0.3); margin: 30px 0;'> <\/div>\n","protected":false},"excerpt":{"rendered":"<p>Bomba de lavado de alta presi\u00f3n y alto caudal HotShot HD 4 de 12 Vcd, 15LPM \/ 4GPM \/ 60 PSI<\/p>\n","protected":false},"featured_media":57303,"comment_status":"open","ping_status":"closed","template":"","meta":[],"product_brand":[],"product_cat":[1541],"product_tag":[1542,1537,1172],"class_list":{"0":"post-57304","1":"product","2":"type-product","3":"status-publish","4":"has-post-thumbnail","6":"product_cat-equipos-para-pesca-comercial-y-recreativa","7":"product_tag-equipos-para-pesca-comercial-y-recreativa","8":"product_tag-jabsco","9":"product_tag-soluciones-marinas","11":"first","12":"instock","13":"sale","14":"shipping-taxable","15":"purchasable","16":"product-type-simple"},"_links":{"self":[{"href":"https:\/\/soydeaqui.ddns.net\/pachuca\/index.php\/wp-json\/wp\/v2\/product\/57304","targetHints":{"allow":["GET"]}}],"collection":[{"href":"https:\/\/soydeaqui.ddns.net\/pachuca\/index.php\/wp-json\/wp\/v2\/product"}],"about":[{"href":"https:\/\/soydeaqui.ddns.net\/pachuca\/index.php\/wp-json\/wp\/v2\/types\/product"}],"replies":[{"embeddable":true,"href":"https:\/\/soydeaqui.ddns.net\/pachuca\/index.php\/wp-json\/wp\/v2\/comments?post=57304"}],"wp:featuredmedia":[{"embeddable":true,"href":"https:\/\/soydeaqui.ddns.net\/pachuca\/index.php\/wp-json\/wp\/v2\/media\/57303"}],"wp:attachment":[{"href":"https:\/\/soydeaqui.ddns.net\/pachuca\/index.php\/wp-json\/wp\/v2\/media?parent=57304"}],"wp:term":[{"taxonomy":"product_brand","embeddable":true,"href":"https:\/\/soydeaqui.ddns.net\/pachuca\/index.php\/wp-json\/wp\/v2\/product_brand?post=57304"},{"taxonomy":"product_cat","embeddable":true,"href":"https:\/\/soydeaqui.ddns.net\/pachuca\/index.php\/wp-json\/wp\/v2\/product_cat?post=57304"},{"taxonomy":"product_tag","embeddable":true,"href":"https:\/\/soydeaqui.ddns.net\/pachuca\/index.php\/wp-json\/wp\/v2\/product_tag?post=57304"}],"curies":[{"name":"wp","href":"https:\/\/api.w.org\/{rel}","templated":true}]}}