{"id":57248,"date":"2026-03-19T03:50:47","date_gmt":"2026-03-19T03:50:47","guid":{"rendered":"https:\/\/soydeaqui.ddns.net\/pachuca\/index.php\/producto\/bomba-recirculadora\/"},"modified":"2026-03-19T03:50:47","modified_gmt":"2026-03-19T03:50:47","slug":"bomba-recirculadora","status":"publish","type":"product","link":"https:\/\/soydeaqui.ddns.net\/pachuca\/index.php\/producto\/bomba-recirculadora\/","title":{"rendered":"Bomba recirculadora."},"content":{"rendered":"<div style='width: 100%; max-width: 1200px; margin: 0 auto; font-family: sans-serif; line-height: 1.6; color: inherit; background-color: transparent;'> <!-- Secci\u00f3n de caracter\u00edsticas --> <\/p>\n<div style='display: flex; flex-wrap: wrap; gap: 30px; margin-bottom: 30px;'>\n<div style='flex: 1 1 300px; min-width: 280px;'>\n<h3 style='font-size: 22px; border-bottom: 2px solid currentColor; padding-bottom: 5px; margin-top: 0; color: inherit; opacity: 0.8;'>Caracter\u00edsticas<\/h3>\n<ul style='padding-left: 20px; font-size: 15px; color: inherit;'>\n<li style='margin-bottom: 5px;'>12.5 litros\/min<\/li>\n<li style='margin-bottom: 5px;'>Arrastre magn\u00e9tico &#8211; cuerpo aislado<\/li>\n<li style='margin-bottom: 5px;'>Antideflagrante (ISO 8846 MARINE)<\/li>\n<li style='margin-bottom: 5px;'>Cumple con lasmas EMC<\/li>\n<li style='margin-bottom: 5px;'>Conexiones para 19mm (3\/4&#8242;) tubo<\/li>\n<li style='margin-bottom: 5px;'>Trabajo en cont\u00ednuo<\/li>\n<li style='margin-bottom: 5px;'>Bombea agua a 100\u00b0C<\/li>\n<li style='margin-bottom: 5px;'>Bombea l\u00edquidos agresivos<\/li>\n<li style='margin-bottom: 5px;'>Motor de larga duraci\u00f3n DC sin escobillas<\/li>\n<\/ul><\/div>\n<\/p><\/div>\n<p> <!-- Secci\u00f3n de advertencia --> <\/p>\n<div style='margin-bottom: 30px;'>\n<div style='padding: 15px; border-left: 4px solid #d9534f; background-color: rgba(217&comma; 83&comma; 79&comma; 0.1); color: inherit;'>\n<p style='margin: 0; font-weight: bold;'>PRECAUCI\u00d3N! No utilice cualquier bomba JABSCO para gasolina&comma; derivados del petr\u00f3leo o l\u00edquidos con un punto de ebullici\u00f3n debajo de 37\u00b0C.<\/p>\n<\/p><\/div>\n<\/p><\/div>\n<p> <!-- Secci\u00f3n de especificaciones --> <\/p>\n<div style='display: flex; flex-wrap: wrap; gap: 20px; margin-bottom: 30px;'>\n<div style='flex: 1 1 250px; border: 1px solid rgba(150&comma; 150&comma; 150&comma; 0.4); border-radius: 8px; overflow: hidden; display: flex; flex-direction: column;'>\n<div style='padding: 15px; border-bottom: 1px solid rgba(150&comma; 150&comma; 150&comma; 0.2); font-weight: bold; font-size: 18px; color: inherit;'>Especificaciones<\/div>\n<div style='padding: 15px; color: inherit;'>\n<ul style='padding-left: 20px; margin: 0; font-size: 14px; list-style-type: disc;'>\n<li style='margin-bottom: 5px;'><strong>Dimensiones:<\/strong> 69 mm de largo&comma; 69 mm de ancho&comma; 96.8 mm de alto.<\/li>\n<li style='margin-bottom: 5px;'><strong>Peso:<\/strong> 0&comma;25 kg<\/li>\n<\/ul><\/div>\n<\/p><\/div>\n<\/p><\/div>\n<p> <!-- Separador --> <\/p>\n<hr style='border: 0; border-top: 1px solid rgba(150&comma; 150&comma; 150&comma; 0.3); margin: 30px 0;'> <\/div>\n","protected":false},"excerpt":{"rendered":"<p>Bomba recirculadora.<\/p>\n","protected":false},"featured_media":57247,"comment_status":"open","ping_status":"closed","template":"","meta":[],"product_brand":[],"product_cat":[1541],"product_tag":[1542,1537,1172],"class_list":{"0":"post-57248","1":"product","2":"type-product","3":"status-publish","4":"has-post-thumbnail","6":"product_cat-equipos-para-pesca-comercial-y-recreativa","7":"product_tag-equipos-para-pesca-comercial-y-recreativa","8":"product_tag-jabsco","9":"product_tag-soluciones-marinas","11":"first","12":"outofstock","13":"sale","14":"shipping-taxable","15":"purchasable","16":"product-type-simple"},"_links":{"self":[{"href":"https:\/\/soydeaqui.ddns.net\/pachuca\/index.php\/wp-json\/wp\/v2\/product\/57248","targetHints":{"allow":["GET"]}}],"collection":[{"href":"https:\/\/soydeaqui.ddns.net\/pachuca\/index.php\/wp-json\/wp\/v2\/product"}],"about":[{"href":"https:\/\/soydeaqui.ddns.net\/pachuca\/index.php\/wp-json\/wp\/v2\/types\/product"}],"replies":[{"embeddable":true,"href":"https:\/\/soydeaqui.ddns.net\/pachuca\/index.php\/wp-json\/wp\/v2\/comments?post=57248"}],"wp:featuredmedia":[{"embeddable":true,"href":"https:\/\/soydeaqui.ddns.net\/pachuca\/index.php\/wp-json\/wp\/v2\/media\/57247"}],"wp:attachment":[{"href":"https:\/\/soydeaqui.ddns.net\/pachuca\/index.php\/wp-json\/wp\/v2\/media?parent=57248"}],"wp:term":[{"taxonomy":"product_brand","embeddable":true,"href":"https:\/\/soydeaqui.ddns.net\/pachuca\/index.php\/wp-json\/wp\/v2\/product_brand?post=57248"},{"taxonomy":"product_cat","embeddable":true,"href":"https:\/\/soydeaqui.ddns.net\/pachuca\/index.php\/wp-json\/wp\/v2\/product_cat?post=57248"},{"taxonomy":"product_tag","embeddable":true,"href":"https:\/\/soydeaqui.ddns.net\/pachuca\/index.php\/wp-json\/wp\/v2\/product_tag?post=57248"}],"curies":[{"name":"wp","href":"https:\/\/api.w.org\/{rel}","templated":true}]}}