{"id":57244,"date":"2026-03-19T03:50:40","date_gmt":"2026-03-19T03:50:40","guid":{"rendered":"https:\/\/soydeaqui.ddns.net\/pachuca\/index.php\/producto\/valvula-joker-de-retencion-para-inodoro-en-kit-de-servicio\/"},"modified":"2026-03-19T03:50:41","modified_gmt":"2026-03-19T03:50:41","slug":"valvula-joker-de-retencion-para-inodoro-en-kit-de-servicio","status":"publish","type":"product","link":"https:\/\/soydeaqui.ddns.net\/pachuca\/index.php\/producto\/valvula-joker-de-retencion-para-inodoro-en-kit-de-servicio\/","title":{"rendered":"V\u00e1lvula Joker de retenci\u00f3n para inodoro en kit de servicio."},"content":{"rendered":"<div style='width: 100%; max-width: 1200px; margin: 0 auto; font-family: sans-serif; line-height: 1.6; color: inherit; background-color: transparent;'>\n<div style='display: flex; flex-wrap: wrap; gap: 30px; margin-bottom: 30px;'>\n<div style='flex: 1 1 300px; min-width: 280px;'>\n<h3 style='font-size: 22px; border-bottom: 2px solid currentColor; padding-bottom: 5px; margin-top: 0; color: inherit; opacity: 0.8;'>Contenido del kit<\/h3>\n<ul style='padding-left: 20px; font-size: 15px; color: inherit;'>\n<li style='margin-bottom: 5px;'>V\u00e1lvula Joker<\/li>\n<li style='margin-bottom: 5px;'>Juntas t\u00f3ricas<\/li>\n<li style='margin-bottom: 5px;'>Sello (tenga en cuenta que la junta t\u00f3rica de la carcasa del sello&comma; clave 18&comma; no se muestra) Para los inodoros el\u00e9ctricos Quiet Flush de las series 37045 y 37245 y los inodoros el\u00e9ctricos Designer Style 37075 y 37275.<\/li>\n<\/ul><\/div>\n<\/p><\/div>\n<div style='display: flex; flex-wrap: wrap; gap: 20px; margin-bottom: 30px;'>\n<div style='flex: 1 1 250px; border: 1px solid rgba(150&comma; 150&comma; 150&comma; 0.4); border-radius: 8px; overflow: hidden; display: flex; flex-direction: column;'>\n<div style='padding: 15px; border-bottom: 1px solid rgba(150&comma; 150&comma; 150&comma; 0.2); font-weight: bold; font-size: 18px; color: inherit;'>Especificaciones<\/div>\n<div style='padding: 15px; color: inherit;'>\n<ul style='padding-left: 20px; margin: 0; font-size: 14px; list-style-type: disc;'>\n<li style='margin-bottom: 5px;'><strong>Dimensiones del paquete:<\/strong> 7&comma;6 x 7&comma;6 x 2&comma;5 cm<\/li>\n<li style='margin-bottom: 5px;'><strong>Peso real:<\/strong> 0&comma;01 kg (aprox. 0&comma;21 kg empaquetado)<\/li>\n<\/ul><\/div>\n<\/p><\/div>\n<\/p><\/div>\n<hr style='border: 0; border-top: 1px solid rgba(150&comma; 150&comma; 150&comma; 0.3); margin: 30px 0;'> <\/div>\n","protected":false},"excerpt":{"rendered":"<p>V\u00e1lvula Joker de retenci\u00f3n para inodoro en kit de servicio.<\/p>\n","protected":false},"featured_media":57243,"comment_status":"open","ping_status":"closed","template":"","meta":[],"product_brand":[],"product_cat":[1541],"product_tag":[1542,1537,1172],"class_list":{"0":"post-57244","1":"product","2":"type-product","3":"status-publish","4":"has-post-thumbnail","6":"product_cat-equipos-para-pesca-comercial-y-recreativa","7":"product_tag-equipos-para-pesca-comercial-y-recreativa","8":"product_tag-jabsco","9":"product_tag-soluciones-marinas","11":"first","12":"instock","13":"sale","14":"shipping-taxable","15":"purchasable","16":"product-type-simple"},"_links":{"self":[{"href":"https:\/\/soydeaqui.ddns.net\/pachuca\/index.php\/wp-json\/wp\/v2\/product\/57244","targetHints":{"allow":["GET"]}}],"collection":[{"href":"https:\/\/soydeaqui.ddns.net\/pachuca\/index.php\/wp-json\/wp\/v2\/product"}],"about":[{"href":"https:\/\/soydeaqui.ddns.net\/pachuca\/index.php\/wp-json\/wp\/v2\/types\/product"}],"replies":[{"embeddable":true,"href":"https:\/\/soydeaqui.ddns.net\/pachuca\/index.php\/wp-json\/wp\/v2\/comments?post=57244"}],"wp:featuredmedia":[{"embeddable":true,"href":"https:\/\/soydeaqui.ddns.net\/pachuca\/index.php\/wp-json\/wp\/v2\/media\/57243"}],"wp:attachment":[{"href":"https:\/\/soydeaqui.ddns.net\/pachuca\/index.php\/wp-json\/wp\/v2\/media?parent=57244"}],"wp:term":[{"taxonomy":"product_brand","embeddable":true,"href":"https:\/\/soydeaqui.ddns.net\/pachuca\/index.php\/wp-json\/wp\/v2\/product_brand?post=57244"},{"taxonomy":"product_cat","embeddable":true,"href":"https:\/\/soydeaqui.ddns.net\/pachuca\/index.php\/wp-json\/wp\/v2\/product_cat?post=57244"},{"taxonomy":"product_tag","embeddable":true,"href":"https:\/\/soydeaqui.ddns.net\/pachuca\/index.php\/wp-json\/wp\/v2\/product_tag?post=57244"}],"curies":[{"name":"wp","href":"https:\/\/api.w.org\/{rel}","templated":true}]}}