{"id":57219,"date":"2026-03-19T03:50:01","date_gmt":"2026-03-19T03:50:01","guid":{"rendered":"https:\/\/soydeaqui.ddns.net\/pachuca\/index.php\/producto\/receptor-de-comunicacion-portatil-para-senal-analogica-am-fm-wfm-f3e-a3e\/"},"modified":"2026-03-19T03:50:02","modified_gmt":"2026-03-19T03:50:02","slug":"receptor-de-comunicacion-portatil-para-senal-analogica-am-fm-wfm-f3e-a3e","status":"publish","type":"product","link":"https:\/\/soydeaqui.ddns.net\/pachuca\/index.php\/producto\/receptor-de-comunicacion-portatil-para-senal-analogica-am-fm-wfm-f3e-a3e\/","title":{"rendered":"Receptor de comunicaci\u00f3n port\u00e1til para se\u00f1al anal\u00f3gica AM, FM, WFM (F3E, A3E)"},"content":{"rendered":"<div style='width: 100%; max-width: 1200px; margin: 0 auto; font-family: sans-serif; line-height: 1.6; color: inherit; background-color: transparent;'>\n<div style='display: flex; flex-wrap: wrap; gap: 30px; margin-bottom: 30px;'>\n<div style='flex: 1 1 300px; min-width: 280px;'>\n<h3 style='font-size: 22px; border-bottom: 2px solid currentColor; padding-bottom: 5px; margin-top: 0; color: inherit; opacity: 0.8;'>Descripci\u00f3n<\/h3>\n<ul style='padding-left: 20px; font-size: 15px; color: inherit;'>\n<li style='margin-bottom: 5px;'><strong>Modelo:<\/strong> ICR15<\/li>\n<li style='margin-bottom: 5px;'><strong>Marca:<\/strong> ICOM<\/li>\n<li style='margin-bottom: 5px;'><strong>Modo:<\/strong> MEJORAR<\/li>\n<li style='margin-bottom: 5px;'><strong>Rango de operaci\u00f3n:<\/strong> 108.000 ~ 500.000 MHz<\/li>\n<\/ul><\/div>\n<div style='flex: 1 1 300px; min-width: 280px;'> <img style='width: 100%; height: auto; border: 1px solid rgba(150&comma;150&comma;150&comma;0.3); border-radius: 8px;' src='data:image\/jpeg;base64&comma;\/9j\/4AAQSkZJRgABAQAAAQABAAD\/2wCEAAkGBxIQEBUQDxAQFRUSFRAPEBUOEBAQFRUSFRcXFxUWFRUYHSggGBolHRMVITEhJykrLi4vFx8zODMtNygtLisBCgoKDg0OFxAQGCwdHx8tKysrLTcwLzcvMysrLTItLS03MiswNTcxLS01NysyNzYvLy03LC0wKy0rLTc3LS0rK\/\/AABEIAOEA4QMBIgACEQEDEQH\/xAAcAAEAAQUBAQAAAAAAAAAAAAAABwEEBQYIAwL\/xABIEAACAQMBBAQKBwMKBwEAAAAAAQIDBBEFBgcSIRMxQVEIIiNhcXOBkbGyFDI0UmJyoTM1QhUkQ1ODkqLBwvAlVGOT0eHxF\/\/EABoBAQACAwEAAAAAAAAAAAAAAAACAwEFBgT\/xAAmEQEAAQMCBQUBAQAAAAAAAAAAAQIDBBESEyFBUWEFFTEy8CIU\/9oADAMBAAIRAxEAPwCcQAAAAAAAAAAAAAAAAAAAAAAAAAAAAAAAAAAAAAAAAAAAAAAAAAAAAAAAAAAAAAAAAAAAAAAAAAAAAAAAAAAAAAAAAAAAAAAAAAAAAAAAAAAAAAAAAAAAAAAAAAAAAAAAAAAAAAAAAAAAAAAAAAAAAAAAAAAAAAAAf\/\/Z' alt='Resultado de imagen para ICOM'> <\/div>\n<\/p><\/div>\n<div style='display: flex; flex-wrap: wrap; gap: 30px; margin-bottom: 30px;'>\n<div style='flex: 1 1 300px; min-width: 280px;'>\n<h3 style='font-size: 22px; border-bottom: 2px solid currentColor; padding-bottom: 5px; color: inherit; opacity: 0.8;'>Caracter\u00edsticas generales<\/h3>\n<ul style='padding-left: 20px; font-size: 15px; color: inherit;'>\n<li style='margin-bottom: 5px;'>Decodificaci\u00f3n anal\u00f3gica AM&comma; FM&comma; WFM (F3E&comma; A3E)<\/li>\n<li style='margin-bottom: 5px;'>2000 canales divididos entre 100 grupos<\/li>\n<li style='margin-bottom: 5px;'>Funci\u00f3n de Bluetooth incluido<\/li>\n<li style='margin-bottom: 5px;'>GPS incluido que permite mostrar en pantalla posici\u00f3n&comma; curso&comma; velocidad y altura<\/li>\n<li style='margin-bottom: 5px;'>Protecci\u00f3n al ambiente IPX7<\/li>\n<li style='margin-bottom: 5px;'>Permite un monitoreo de doble banda de manera simult\u00e1nea<\/li>\n<li style='margin-bottom: 5px;'>Grabaci\u00f3n de voz en formato WAV (requiere tarjeta micro SD)<\/li>\n<li style='margin-bottom: 5px;'>Escaneo de canales de alta velocidad (150 canales por segundo)<\/li>\n<\/ul><\/div>\n<div style='flex: 1 1 300px; min-width: 280px;'>\n<h3 style='font-size: 22px; border-bottom: 2px solid currentColor; padding-bottom: 5px; color: inherit; opacity: 0.8;'>Incluye<\/h3>\n<ul style='padding-left: 20px; font-size: 15px; color: inherit;'>\n<li style='margin-bottom: 5px;'>Antena FA-S270C<\/li>\n<li style='margin-bottom: 5px;'>Paquete de bater\u00eda de iones de litio BP-287<\/li>\n<li style='margin-bottom: 5px;'>Clip para cintur\u00f3n MB-127<\/li>\n<li style='margin-bottom: 5px;'>Cable USB tipo C\u2122 OPC-2480<\/li>\n<li style='margin-bottom: 5px;'>Correa de mano<\/li>\n<\/ul><\/div>\n<\/p><\/div>\n<div style='display: flex; flex-wrap: wrap; gap: 20px; margin-bottom: 30px;'>\n<div style='flex: 1 1 250px; border: 1px solid rgba(150&comma; 150&comma; 150&comma; 0.4); border-radius: 8px; overflow: hidden; display: flex; flex-direction: column;'>\n<div style='padding: 15px; border-bottom: 1px solid rgba(150&comma; 150&comma; 150&comma; 0.2); font-weight: bold; font-size: 18px; color: inherit;'>Cobertura de frecuencia<\/div>\n<div style='padding: 15px; color: inherit;'>\n<ul style='padding-left: 20px; margin: 0; font-size: 14px; list-style-type: disc;'>\n<li style='margin-bottom: 5px;'><strong>Banda A \/ Banda B:<\/strong> 108.000 ~ 500.000 MHz<\/li>\n<li style='margin-bottom: 5px;'><strong>BANDA BC:<\/strong> Estados Unidos: 88.000 ~ 108.000 MHz<\/li>\n<li style='margin-bottom: 5px;'>EUR: 76.000 ~ 108.000 MHz<\/li>\n<\/ul><\/div>\n<\/p><\/div>\n<div style='flex: 1 1 250px; border: 1px solid rgba(150&comma; 150&comma; 150&comma; 0.4); border-radius: 8px; overflow: hidden; display: flex; flex-direction: column;'>\n<div style='padding: 15px; border-bottom: 1px solid rgba(150&comma; 150&comma; 150&comma; 0.2); font-weight: bold; font-size: 18px; color: inherit;'>Especificaciones t\u00e9cnicas<\/div>\n<div style='padding: 15px; color: inherit;'>\n<ul style='padding-left: 20px; margin: 0; font-size: 14px; list-style-type: disc;'>\n<li style='margin-bottom: 5px;'><strong>Modo:<\/strong> AM&comma; FM&comma; WFM (F3E&comma; A3E)<\/li>\n<li style='margin-bottom: 5px;'><strong>Impedancia de la antena:<\/strong> 50 \u03a9 (SMA)<\/li>\n<li style='margin-bottom: 5px;'><strong>N\u00famero de canales de memoria:<\/strong> 2000 canales de memoria regulares&comma; 200 canales de memoria autom\u00e1tica&comma; 25 bordes de escaneo&comma; 100 canales de omisi\u00f3n<\/li>\n<li style='margin-bottom: 5px;'><strong>Estabilidad de frecuencia:<\/strong> Menos de \u00b12&comma;5 ppm sobre la base de 25 \u00e2\u201e\u0192 (-20 \u00e2\u201e\u0192 ~ 60 \u00e2\u201e\u0192)<\/li>\n<li style='margin-bottom: 5px;'><strong>Pasos de ajuste:<\/strong> 5\/6&comma;25\/8&comma;33\/10\/12&comma;5\/15\/20\/25\/30\/50\/100\/125\/200 kHz<\/li>\n<\/ul><\/div>\n<\/p><\/div>\n<div style='flex: 1 1 250px; border: 1px solid rgba(150&comma; 150&comma; 150&comma; 0.4); border-radius: 8px; overflow: hidden; display: flex; flex-direction: column;'>\n<div style='padding: 15px; border-bottom: 1px solid rgba(150&comma; 150&comma; 150&comma; 0.2); font-weight: bold; font-size: 18px; color: inherit;'>Especificaciones el\u00e9ctricas<\/div>\n<div style='padding: 15px; color: inherit;'>\n<ul style='padding-left: 20px; margin: 0; font-size: 14px; list-style-type: disc;'>\n<li style='margin-bottom: 5px;'><strong>Requisitos de bater\u00eda:<\/strong> 3&comma;6 V CC (BP-287)<\/li>\n<li style='margin-bottom: 5px;'><strong>Tiempo de operaci\u00f3n:<\/strong> 10 horas (modo de pantalla dual&comma; recepci\u00f3n continua en banda A y en espera en banda B&comma; funci\u00f3n de ahorro autom\u00e1tico de energ\u00eda activada)<\/li>\n<li style='margin-bottom: 5px;'><strong>Fuente de alimentaci\u00f3n externa:<\/strong> 5&comma;0 V CC \u00b15 % (carga USB)<\/li>\n<li style='margin-bottom: 5px;'><strong>Consumo de corriente (a 3&comma;6 V CC):<\/strong> Audio nominal: 380 mA t\u00edpico<\/li>\n<li style='margin-bottom: 5px;'>En espera: 150 mA t\u00edpico<\/li>\n<\/ul><\/div>\n<\/p><\/div>\n<div style='flex: 1 1 250px; border: 1px solid rgba(150&comma; 150&comma; 150&comma; 0.4); border-radius: 8px; overflow: hidden; display: flex; flex-direction: column;'>\n<div style='padding: 15px; border-bottom: 1px solid rgba(150&comma; 150&comma; 150&comma; 0.2); font-weight: bold; font-size: 18px; color: inherit;'>Especificaciones f\u00edsicas<\/div>\n<div style='padding: 15px; color: inherit;'>\n<ul style='padding-left: 20px; margin: 0; font-size: 14px; list-style-type: disc;'>\n<li style='margin-bottom: 5px;'><strong>Dimensiones:<\/strong> 58 x 116 x 33&comma;8 mm&comma; 2&comma;28 x 4&comma;57 x 1&comma;33 pulgadas (proyecciones no incluidas)<\/li>\n<li style='margin-bottom: 5px;'><strong>Peso:<\/strong> 260 g&comma; 9&comma;17 oz (con antena y bater\u00edas suministradas)<\/li>\n<li style='margin-bottom: 5px;'>150 g&comma; 5&comma;29 oz (sin accesorios suministrados)<\/li>\n<li style='margin-bottom: 5px;'><strong>Rango de temperatura utilizable:<\/strong> -20 \u00e2\u201e\u0192 ~ 60 \u00e2\u201e\u0192&comma; -4 \u00e2\u201e\u2030 ~ 140 \u00e2\u201e\u2030<\/li>\n<\/ul><\/div>\n<\/p><\/div>\n<div style='flex: 1 1 250px; border: 1px solid rgba(150&comma; 150&comma; 150&comma; 0.4); border-radius: 8px; overflow: hidden; display: flex; flex-direction: column;'>\n<div style='padding: 15px; border-bottom: 1px solid rgba(150&comma; 150&comma; 150&comma; 0.2); font-weight: bold; font-size: 18px; color: inherit;'>Sistema de recepci\u00f3n<\/div>\n<div style='padding: 15px; color: inherit;'>\n<ul style='padding-left: 20px; margin: 0; font-size: 14px; list-style-type: disc;'>\n<li style='margin-bottom: 5px;'><strong>Tipo:<\/strong> Superheterodino de doble conversi\u00f3n<\/li>\n<li style='margin-bottom: 5px;'><strong>Frecuencia intermedia:<\/strong> 58&comma;050 MHz\/450 kHz (1.\u00aa FI\/2.\u00aa FI)<\/li>\n<li style='margin-bottom: 5px;'><strong>Sensibilidad:<\/strong> Menos de 0 dB\u03bc en rango 108.000 ~ 142.000 MHz<\/li>\n<\/ul><\/div>\n<\/p><\/div>\n<\/p><\/div>\n<hr style='border: 0; border-top: 1px solid rgba(150&comma; 150&comma; 150&comma; 0.3); margin: 30px 0;'> <\/div>\n","protected":false},"excerpt":{"rendered":"<p>Receptor de comunicaci\u00f3n port\u00e1til para se\u00f1al anal\u00f3gica AM, FM, WFM (F3E, A3E)<\/p>\n","protected":false},"featured_media":57218,"comment_status":"open","ping_status":"closed","template":"","meta":[],"product_brand":[],"product_cat":[1512],"product_tag":[1288,1513,62],"class_list":{"0":"post-57219","1":"product","2":"type-product","3":"status-publish","4":"has-post-thumbnail","6":"product_cat-todos-radios-amateur","7":"product_tag-icom","8":"product_tag-radios-amateur","9":"product_tag-todos","11":"first","12":"instock","13":"sale","14":"shipping-taxable","15":"purchasable","16":"product-type-simple"},"_links":{"self":[{"href":"https:\/\/soydeaqui.ddns.net\/pachuca\/index.php\/wp-json\/wp\/v2\/product\/57219","targetHints":{"allow":["GET"]}}],"collection":[{"href":"https:\/\/soydeaqui.ddns.net\/pachuca\/index.php\/wp-json\/wp\/v2\/product"}],"about":[{"href":"https:\/\/soydeaqui.ddns.net\/pachuca\/index.php\/wp-json\/wp\/v2\/types\/product"}],"replies":[{"embeddable":true,"href":"https:\/\/soydeaqui.ddns.net\/pachuca\/index.php\/wp-json\/wp\/v2\/comments?post=57219"}],"wp:featuredmedia":[{"embeddable":true,"href":"https:\/\/soydeaqui.ddns.net\/pachuca\/index.php\/wp-json\/wp\/v2\/media\/57218"}],"wp:attachment":[{"href":"https:\/\/soydeaqui.ddns.net\/pachuca\/index.php\/wp-json\/wp\/v2\/media?parent=57219"}],"wp:term":[{"taxonomy":"product_brand","embeddable":true,"href":"https:\/\/soydeaqui.ddns.net\/pachuca\/index.php\/wp-json\/wp\/v2\/product_brand?post=57219"},{"taxonomy":"product_cat","embeddable":true,"href":"https:\/\/soydeaqui.ddns.net\/pachuca\/index.php\/wp-json\/wp\/v2\/product_cat?post=57219"},{"taxonomy":"product_tag","embeddable":true,"href":"https:\/\/soydeaqui.ddns.net\/pachuca\/index.php\/wp-json\/wp\/v2\/product_tag?post=57219"}],"curies":[{"name":"wp","href":"https:\/\/api.w.org\/{rel}","templated":true}]}}