{"id":57210,"date":"2026-03-19T03:49:42","date_gmt":"2026-03-19T03:49:42","guid":{"rendered":"https:\/\/soydeaqui.ddns.net\/pachuca\/index.php\/producto\/pdu-g6-monitoreable-mi-para-distribucion-de-energia-enchufe-de-entrada-nema-l5-30p-con-24-salidas-nema-5-20r-de-instalacion-vertical-120-vca-30-amp\/"},"modified":"2026-03-19T03:49:49","modified_gmt":"2026-03-19T03:49:49","slug":"pdu-g6-monitoreable-mi-para-distribucion-de-energia-enchufe-de-entrada-nema-l5-30p-con-24-salidas-nema-5-20r-de-instalacion-vertical-120-vca-30-amp","status":"publish","type":"product","link":"https:\/\/soydeaqui.ddns.net\/pachuca\/index.php\/producto\/pdu-g6-monitoreable-mi-para-distribucion-de-energia-enchufe-de-entrada-nema-l5-30p-con-24-salidas-nema-5-20r-de-instalacion-vertical-120-vca-30-amp\/","title":{"rendered":"PDU G6 Monitoreable (MI) para Distribuci\u00f3n de Energ\u00eda, Enchufe de Entrada NEMA L5-30P, Con 24 Salidas NEMA 5-20R, de Instalaci\u00f3n Vertical, 120 Vca, 30 Amp"},"content":{"rendered":"<div style='width: 100%; max-width: 1200px; margin: 0 auto; font-family: sans-serif; line-height: 1.6; color: inherit; background-color: transparent;'>\n<div style='display: flex; flex-wrap: wrap; gap: 30px; margin-bottom: 30px;'>\n<div style='flex: 1 1 300px; min-width: 280px;'>\n<p style='font-size: 15px; color: inherit; margin-bottom: 15px;'>La iPDU G6 de Panduit es m\u00e1s que una unidad de distribuci\u00f3n de energ\u00eda y un dispositivo de monitoreo de energ\u00eda. Estas iPDU monitorean la energ\u00eda y el ambiente del centro de datos (a nivel de rack o gabinete)&comma; al buscar continuamente sobrecargas en los circuitos el\u00e9ctricos y condiciones ambientales f\u00edsicas que pongan en riesgo a los equipos cr\u00edticos de TI. Las iPDU de Panduit brindan datos de medici\u00f3n de energ\u00eda completos y precisos para usar los recursos de energ\u00eda de manera eficiente&comma; tomar decisiones informadas sobre la planificaci\u00f3n de capacidad&comma; mejorar el tiempo de actividad&comma; medir el PUE (Uso Eficiente de la Energ\u00eda) e impulsar iniciativas de centros de datos sustentables para ahorrar energ\u00eda y dinero.<\/p>\n<p style='font-size: 15px; color: inherit; margin-bottom: 15px;'>Tomar la decisi\u00f3n correcta en el equipo de TI es esencial para una operaci\u00f3n segura y eficiente del centro de datos. Nuestra gama completa de iPDU G6&comma; sensores ambientales y cables de alimentaci\u00f3n de doble bloqueo son la clave para satisfacer las necesidades de los centros de datos de misi\u00f3n cr\u00edtica.<\/p>\n<p style='font-size: 15px; color: inherit; margin-bottom: 15px;'><strong style='color: inherit;'>Serie MI:<\/strong> Son PDU para rack que tienen la capacidad de monitorear la energ\u00eda agregada para identificar r\u00e1pidamente posibles problemas de energ\u00eda y recuperar la capacidad de energ\u00eda disponible o infrautilizada.<\/p>\n<\/p><\/div>\n<\/p><\/div>\n<div style='display: flex; flex-wrap: wrap; gap: 20px; margin-bottom: 30px;'>\n<div style='flex: 1 1 250px; border: 1px solid rgba(150&comma; 150&comma; 150&comma; 0.4); border-radius: 8px; overflow: hidden; display: flex; flex-direction: column;'>\n<div style='padding: 15px; border-bottom: 1px solid rgba(150&comma; 150&comma; 150&comma; 0.2); font-weight: bold; font-size: 18px; color: inherit;'>Especificaciones T\u00e9cnicas<\/div>\n<div style='padding: 15px; color: inherit;'>\n<ul style='padding-left: 20px; margin: 0; font-size: 14px; list-style-type: disc;'>\n<li style='margin-bottom: 5px;'><strong style='color: inherit;'>Voltaje de entrada:<\/strong> 120 Vca<\/li>\n<li style='margin-bottom: 5px;'><strong style='color: inherit;'>Voltaje de salida:<\/strong> 120 Vca<\/li>\n<li style='margin-bottom: 5px;'><strong style='color: inherit;'>Corriente de ingreso:<\/strong> 30 Amp<\/li>\n<li style='margin-bottom: 5px;'><strong style='color: inherit;'>Potencia aparente:<\/strong> 8.6 kVA<\/li>\n<li style='margin-bottom: 5px;'><strong style='color: inherit;'>Tipo de Plug de Entrada:<\/strong> NEMA L5-30P<\/li>\n<li style='margin-bottom: 5px;'><strong style='color: inherit;'>Longitud del cable:<\/strong> 3 m.<\/li>\n<li style='margin-bottom: 5px;'><strong style='color: inherit;'>Tipos de Recept\u00e1culos:<\/strong> (24) NEMA 5-20R<\/li>\n<li style='margin-bottom: 5px;'><strong style='color: inherit;'>Dimensiones:<\/strong> 52 x 1490 x 53 mm (Ancho x Alto x Profundidad)<\/li>\n<li style='margin-bottom: 5px;'><strong style='color: inherit;'>Temperatura en operaci\u00f3n:<\/strong> 10 a 60 \u00baC<\/li>\n<li style='margin-bottom: 5px;'><strong style='color: inherit;'>Temperatura en almacenamiento:<\/strong> -20 a 60 \u00baC<\/li>\n<li style='margin-bottom: 5px;'><strong style='color: inherit;'>Humedad relativa sin operar:<\/strong> 5 a 95%<\/li>\n<li style='margin-bottom: 5px;'><strong style='color: inherit;'>Humedad relativa en almacenamiento:<\/strong> 5 a 95%<\/li>\n<\/ul><\/div>\n<\/p><\/div>\n<\/p><\/div>\n<hr style='border: 0; border-top: 1px solid rgba(150&comma; 150&comma; 150&comma; 0.3); margin: 30px 0;'> <\/div>\n","protected":false},"excerpt":{"rendered":"<p>PDU G6 Monitoreable (MI) para Distribuci\u00f3n de Energ\u00eda, Enchufe de Entrada NEMA L5-30P, Con 24 Salidas NEMA 5-20R, de Instalaci\u00f3n Vertical, 120 Vca, 30 Amp<\/p>\n","protected":false},"featured_media":57209,"comment_status":"open","ping_status":"closed","template":"","meta":[],"product_brand":[],"product_cat":[707],"product_tag":[606,445,605],"class_list":{"0":"post-57210","1":"product","2":"type-product","3":"status-publish","4":"has-post-thumbnail","6":"product_cat-accesorios-para-racks-y-gabinetes-racks-y-gabinetes-radiocomunicacion","7":"product_tag-accesorios-para-racks-y-gabinetes","8":"product_tag-panduit","9":"product_tag-racks-y-gabinetes","11":"first","12":"outofstock","13":"sale","14":"shipping-taxable","15":"purchasable","16":"product-type-simple"},"_links":{"self":[{"href":"https:\/\/soydeaqui.ddns.net\/pachuca\/index.php\/wp-json\/wp\/v2\/product\/57210","targetHints":{"allow":["GET"]}}],"collection":[{"href":"https:\/\/soydeaqui.ddns.net\/pachuca\/index.php\/wp-json\/wp\/v2\/product"}],"about":[{"href":"https:\/\/soydeaqui.ddns.net\/pachuca\/index.php\/wp-json\/wp\/v2\/types\/product"}],"replies":[{"embeddable":true,"href":"https:\/\/soydeaqui.ddns.net\/pachuca\/index.php\/wp-json\/wp\/v2\/comments?post=57210"}],"wp:featuredmedia":[{"embeddable":true,"href":"https:\/\/soydeaqui.ddns.net\/pachuca\/index.php\/wp-json\/wp\/v2\/media\/57209"}],"wp:attachment":[{"href":"https:\/\/soydeaqui.ddns.net\/pachuca\/index.php\/wp-json\/wp\/v2\/media?parent=57210"}],"wp:term":[{"taxonomy":"product_brand","embeddable":true,"href":"https:\/\/soydeaqui.ddns.net\/pachuca\/index.php\/wp-json\/wp\/v2\/product_brand?post=57210"},{"taxonomy":"product_cat","embeddable":true,"href":"https:\/\/soydeaqui.ddns.net\/pachuca\/index.php\/wp-json\/wp\/v2\/product_cat?post=57210"},{"taxonomy":"product_tag","embeddable":true,"href":"https:\/\/soydeaqui.ddns.net\/pachuca\/index.php\/wp-json\/wp\/v2\/product_tag?post=57210"}],"curies":[{"name":"wp","href":"https:\/\/api.w.org\/{rel}","templated":true}]}}