{"id":57202,"date":"2026-03-19T03:49:28","date_gmt":"2026-03-19T03:49:28","guid":{"rendered":"https:\/\/soydeaqui.ddns.net\/pachuca\/index.php\/producto\/radio-movil-marino-en-banda-de-vhf-rx-156-025-162-000-tx-156-025-161-600-mhz-cumple-con-gmdss-bajo-el-requerimiento-de-solas-pantalla-de-4-3-pulgadas-incluye-microfono-kit-de-montaje-y-convert\/"},"modified":"2026-03-19T03:49:28","modified_gmt":"2026-03-19T03:49:28","slug":"radio-movil-marino-en-banda-de-vhf-rx-156-025-162-000-tx-156-025-161-600-mhz-cumple-con-gmdss-bajo-el-requerimiento-de-solas-pantalla-de-4-3-pulgadas-incluye-microfono-kit-de-montaje-y-convert","status":"publish","type":"product","link":"https:\/\/soydeaqui.ddns.net\/pachuca\/index.php\/producto\/radio-movil-marino-en-banda-de-vhf-rx-156-025-162-000-tx-156-025-161-600-mhz-cumple-con-gmdss-bajo-el-requerimiento-de-solas-pantalla-de-4-3-pulgadas-incluye-microfono-kit-de-montaje-y-convert\/","title":{"rendered":"Radio M\u00f3vil Marino en banda de VHF, Rx: 156.025-162.000, Tx: 156.025-161.600 MHz, cumple con GMDSS bajo el requerimiento de SOLAS, pantalla de 4.3 pulgadas. Incluye micr\u00f3fono, kit de montaje y convertidor de 12VD"},"content":{"rendered":"<div style='width: 100%; max-width: 1200px; margin: 0 auto; font-family: sans-serif; line-height: 1.6; color: inherit; background-color: transparent;'> <!-- Imagen principal --> <\/p>\n<div style='width: 100%; margin-bottom: 30px;'> <img style='width: 100%; height: auto; border: 1px solid rgba(150&comma;150&comma;150&comma;0.3); border-radius: 8px;' src='data:image\/jpeg;base64&comma;\/9j\/4AAQSkZJRgABAQAAAQABAAD\/2wCEAAkGBxMQEhUQExAVFhIVFxkVGBcXFhUZGBUXGR4WFhgWFxYYHSggGBomIRYVITIhJS0tLi4uFyAzOTMtNygtLisBCgoKDg0OGg8QGy0lHyQ3LTU3LSw1NzcuNzctNzcuNy83Nzc3NzUtNzc3Ny01MTUvNjcvNzU3LTUvLS0uNy0rL\/\/AABEIAHgA5AMBIgACEQEDEQH\/xAAcAAEAAgIDAQAAAAAAAAAAAAAABwgBBgMEBQL\/xABIEAABAwICBQcHBwoGAwAAAAABAAIDBBEFIQYHEjFREyJBYXGBkQgUIzJzobE0NUJicnSyFSQzNlKCs8HC0UNTkpPS8ERjov\/EABkBAQADAQEAAAAAAAAAAAAAAAADBAUCAf\/EACsRAQACAQMCAwcFAAAAAAAAAAABAgMEESESMSJRkRMyQWFxgeEUFUKSof\/EABkBAQADAQEAAAAAAAAAAAAAAAABAgMEBf\/EACQRAQACAQMEAgICAwAAAAAAAAABAgMREiExBEFhE1EiYXGB\/8QAGQEBAAMBAQAAAAAAAAAAAAAAAAECAwQF\/8QAKhEAAgIBAgQEBgIDAAAAAAAAAAECIxEDBBIhMUFRYXGBkRMyofAFIjNCcv\/EABgBAQEBAQEAAAAAAAAAAAAAAAABAgME\/8QAKhEAAgIBAwMDBQEBAAAAAAAAAAECEQMSIQRBE1FhE3GBkaGx8P\/EABQRAQAAAAAAAAAAAAAAAAAAAAD\/xAAUEAEj\/2gAMAwEAAhEDEQA\/AL+AB\/\/Z' alt='Resultado de imagen para logo icom'> <\/div>\n<p> <!-- Especificaciones de operaci\u00f3n --> <\/p>\n<div style='display: flex; flex-wrap: wrap; gap: 30px; margin-bottom: 30px;'>\n<div style='flex: 1 1 300px; min-width: 280px;'>\n<h3 style='font-size: 22px; border-bottom: 2px solid currentColor; padding-bottom: 5px; margin-top: 0; color: inherit; opacity: 0.8;'>Rango de Operaci\u00f3n<\/h3>\n<ul style='padding-left: 20px; font-size: 15px; color: inherit;'>\n<li style='margin-bottom: 5px;'><strong>Tx:<\/strong> 156.025-161.600 MHz<\/li>\n<li style='margin-bottom: 5px;'><strong>Rx:<\/strong> 156.025-162.000 MHz<\/li>\n<\/ul><\/div>\n<\/p><\/div>\n<p> <!-- Caracter\u00edsticas --> <\/p>\n<div style='display: flex; flex-wrap: wrap; gap: 20px; margin-bottom: 30px;'>\n<div style='flex: 1 1 250px; border: 1px solid rgba(150&comma; 150&comma; 150&comma; 0.4); border-radius: 8px; overflow: hidden; display: flex; flex-direction: column;'>\n<div style='padding: 15px; border-bottom: 1px solid rgba(150&comma; 150&comma; 150&comma; 0.2); font-weight: bold; font-size: 18px; color: inherit;'>Caracter\u00edsticas<\/div>\n<div style='padding: 15px; color: inherit;'>\n<ul style='padding-left: 20px; margin: 0; font-size: 14px; list-style-type: disc;'>\n<li style='margin-bottom: 5px;'>Cumple con el Sistema Mundial de Socorro y Seguridad Mar\u00edtima (GMDSS)<\/li>\n<li style='margin-bottom: 5px;'>Cumple con la Directiva Marina de Equipos y la marca de rueda (MED)<\/li>\n<li style='margin-bottom: 5px;'>Cumple con llamada selectiva digital (DSC ITU-R M.493 13) Monitorea permanente del canal 70<\/li>\n<li style='margin-bottom: 5px;'>Pantalla de 4.3 pulgadas<\/li>\n<li style='margin-bottom: 5px;'>Funci\u00f3n &#8216;AquaQuake&#8217; para eliminar residuos de agua de la bocina<\/li>\n<li style='margin-bottom: 5px;'>Teclado intuitivo y de f\u00e1cil manejo<\/li>\n<li style='margin-bottom: 5px;'>Ofrece una calidad de audio fuerte y clara<\/li>\n<li style='margin-bottom: 5px;'>Puerto DB-25 para conexi\u00f3n a impresora<\/li>\n<li style='margin-bottom: 5px;'>Doble y triple monitoreo de los canales<\/li>\n<li style='margin-bottom: 5px;'>Acceso inmediato al canal 16 o canales de llamada<\/li>\n<li style='margin-bottom: 5px;'>Funci\u00f3n de auto scan<\/li>\n<\/ul><\/div>\n<\/p><\/div>\n<\/p><\/div>\n<p> <!-- Informaci\u00f3n adicional --> <\/p>\n<div style='display: flex; flex-wrap: wrap; gap: 20px; margin-bottom: 30px;'>\n<div style='flex: 1 1 250px;'>\n<h3 style='font-size: 22px; border-bottom: 2px solid currentColor; padding-bottom: 5px; margin-top: 0; color: inherit; opacity: 0.8;'>GMDSS<\/h3>\n<p style='font-size: 15px; color: inherit;'>Sistema mundial de socorro y seguridad mar\u00edtimos (SMSSM)&comma; en ingl\u00e9s Global Maritime Distress Safety System (GMDSS)&comma; es un conjunto de procedimientos de seguridad&comma; equipos y protocolos de comunicaci\u00f3n dise\u00f1ados para aumentar la seguridad y facilitar la navegaci\u00f3n y el rescate de embarcaciones en peligro.<\/p>\n<\/p><\/div>\n<div style='flex: 1 1 250px;'>\n<h3 style='font-size: 22px; border-bottom: 2px solid currentColor; padding-bottom: 5px; margin-top: 0; color: inherit; opacity: 0.8;'>MED<\/h3>\n<p style='font-size: 15px; color: inherit;'>Directiva de Equipo Marino 2014\/90\/EU y cumple con las normas internacionales de seguridad en el mar y la prevenci\u00f3n de la contaminaci\u00f3n marina; y garantizar la libre circulaci\u00f3n de los equipos dentro de europa y los estados miembro de la uni\u00f3n y los estados AELC (Asociaci\u00f3n Europea de Libre Cambio).<\/p>\n<\/p><\/div>\n<div style='flex: 1 1 250px;'>\n<h3 style='font-size: 22px; border-bottom: 2px solid currentColor; padding-bottom: 5px; margin-top: 0; color: inherit; opacity: 0.8;'>ITU-R M.493-13<\/h3>\n<p style='font-size: 15px; color: inherit;'>Sistema de llamada selectiva digital para el servicio m\u00f3vil mar\u00edtimo<\/p>\n<\/p><\/div>\n<\/p><\/div>\n<p> <!-- Incluye --> <\/p>\n<div style='display: flex; flex-wrap: wrap; gap: 20px; margin-bottom: 30px;'>\n<div style='flex: 1 1 250px; border: 1px solid rgba(150&comma; 150&comma; 150&comma; 0.4); border-radius: 8px; overflow: hidden; display: flex; flex-direction: column;'>\n<div style='padding: 15px; border-bottom: 1px solid rgba(150&comma; 150&comma; 150&comma; 0.2); font-weight: bold; font-size: 18px; color: inherit;'>Incluye<\/div>\n<div style='padding: 15px; color: inherit;'>\n<ul style='padding-left: 20px; margin: 0; font-size: 14px; list-style-type: disc;'>\n<li style='margin-bottom: 5px;'>Micr\u00f3fono de mano HM-214V<\/li>\n<li style='margin-bottom: 5px;'>Cable de alimentaci\u00f3n<\/li>\n<li style='margin-bottom: 5px;'>Kit de montaje para soporte<\/li>\n<li style='margin-bottom: 5px;'>Convertidor de corriente PS310\/12<\/li>\n<\/ul><\/div>\n<\/p><\/div>\n<\/p><\/div>\n<p> <!-- Especificaciones f\u00edsicas --> <\/p>\n<div style='display: flex; flex-wrap: wrap; gap: 20px; margin-bottom: 30px;'>\n<div style='flex: 1 1 250px;'>\n<h3 style='font-size: 22px; border-bottom: 2px solid currentColor; padding-bottom: 5px; margin-top: 0; color: inherit; opacity: 0.8;'>Especificaciones F\u00edsicas<\/h3>\n<ul style='padding-left: 20px; font-size: 15px; color: inherit;'>\n<li style='margin-bottom: 5px;'><strong>Dimensiones:<\/strong> 274 \u00d7 114 \u00d7 121.5 mm<\/li>\n<li style='margin-bottom: 5px;'><strong>Peso:<\/strong> 1.6kg<\/li>\n<li style='margin-bottom: 5px;'><strong>Conector de antena:<\/strong> SO-239 o UHF hembra<\/li>\n<\/ul><\/div>\n<\/p><\/div>\n<\/p><\/div>\n","protected":false},"excerpt":{"rendered":"<p>Radio M\u00f3vil Marino en banda de VHF, Rx: 156.025-162.000, Tx: 156.025-161.600 MHz, cumple con GMDSS bajo el requerimiento de SOLAS, pantalla de 4.3 pulgadas. Incluye micr\u00f3fono, kit de montaje y convertidor de 12VD<\/p>\n","protected":false},"featured_media":57201,"comment_status":"open","ping_status":"closed","template":"","meta":[],"product_brand":[],"product_cat":[1628],"product_tag":[1288,1573,1286],"class_list":{"0":"post-57202","1":"product","2":"type-product","3":"status-publish","4":"has-post-thumbnail","6":"product_cat-moviles-radios-marinos","7":"product_tag-icom","8":"product_tag-moviles","9":"product_tag-radios-marinos","11":"first","12":"instock","13":"sale","14":"shipping-taxable","15":"purchasable","16":"product-type-simple"},"_links":{"self":[{"href":"https:\/\/soydeaqui.ddns.net\/pachuca\/index.php\/wp-json\/wp\/v2\/product\/57202","targetHints":{"allow":["GET"]}}],"collection":[{"href":"https:\/\/soydeaqui.ddns.net\/pachuca\/index.php\/wp-json\/wp\/v2\/product"}],"about":[{"href":"https:\/\/soydeaqui.ddns.net\/pachuca\/index.php\/wp-json\/wp\/v2\/types\/product"}],"replies":[{"embeddable":true,"href":"https:\/\/soydeaqui.ddns.net\/pachuca\/index.php\/wp-json\/wp\/v2\/comments?post=57202"}],"wp:featuredmedia":[{"embeddable":true,"href":"https:\/\/soydeaqui.ddns.net\/pachuca\/index.php\/wp-json\/wp\/v2\/media\/57201"}],"wp:attachment":[{"href":"https:\/\/soydeaqui.ddns.net\/pachuca\/index.php\/wp-json\/wp\/v2\/media?parent=57202"}],"wp:term":[{"taxonomy":"product_brand","embeddable":true,"href":"https:\/\/soydeaqui.ddns.net\/pachuca\/index.php\/wp-json\/wp\/v2\/product_brand?post=57202"},{"taxonomy":"product_cat","embeddable":true,"href":"https:\/\/soydeaqui.ddns.net\/pachuca\/index.php\/wp-json\/wp\/v2\/product_cat?post=57202"},{"taxonomy":"product_tag","embeddable":true,"href":"https:\/\/soydeaqui.ddns.net\/pachuca\/index.php\/wp-json\/wp\/v2\/product_tag?post=57202"}],"curies":[{"name":"wp","href":"https:\/\/api.w.org\/{rel}","templated":true}]}}