{"id":57198,"date":"2026-03-19T03:49:21","date_gmt":"2026-03-19T03:49:21","guid":{"rendered":"https:\/\/soydeaqui.ddns.net\/pachuca\/index.php\/producto\/hasta-4-kilometros-amplificador-de-senal-celular-4g-de-alta-potencia-especial-para-crear-una-zona-celular-en-areas-rurales-o-comunidades-alejadas-95-db-de-ganancia-20-watts-de-potencia-1700-2100\/"},"modified":"2026-03-19T03:49:26","modified_gmt":"2026-03-19T03:49:26","slug":"hasta-4-kilometros-amplificador-de-senal-celular-4g-de-alta-potencia-especial-para-crear-una-zona-celular-en-areas-rurales-o-comunidades-alejadas-95-db-de-ganancia-20-watts-de-potencia-1700-2100","status":"publish","type":"product","link":"https:\/\/soydeaqui.ddns.net\/pachuca\/index.php\/producto\/hasta-4-kilometros-amplificador-de-senal-celular-4g-de-alta-potencia-especial-para-crear-una-zona-celular-en-areas-rurales-o-comunidades-alejadas-95-db-de-ganancia-20-watts-de-potencia-1700-2100\/","title":{"rendered":"(HASTA 4 KIL\u00d3METROS) Amplificador de Se\u00f1al Celular 4G de ALTA POTENCIA: Especial para Crear una Zona Celular en \u00c1reas Rurales o Comunidades Alejadas. 95 dB de Ganancia, 20 Watts de Potencia, 1700\/2100 MHz."},"content":{"rendered":"<div style='width: 100%; max-width: 1200px; margin: 0 auto; font-family: sans-serif; line-height: 1.6; color: inherit; background-color: transparent;'> <!-- Secci\u00f3n de introducci\u00f3n --> <\/p>\n<div style='margin-bottom: 30px;'>\n<h3 style='font-size: 22px; border-bottom: 2px solid currentColor; padding-bottom: 5px; margin-top: 0; color: inherit; opacity: 0.8;'>Cobertura celular 4G para Pueblos y Comunidades alejadas<\/h3>\n<p style='font-size: 15px; margin-bottom: 15px; color: inherit;'>Amplificador de Se\u00f1al Celular de Alta Potencia dise\u00f1ado para brindar cobertura celular a pueblos que est\u00e1n hasta 5 kil\u00f3metros del sitio con se\u00f1al. Su alcance depende de varios factores (intensidad de se\u00f1al&comma; orograf\u00eda&comma; etc).<\/p>\n<\/p><\/div>\n<p> <!-- Secci\u00f3n de caracter\u00edsticas --> <\/p>\n<div style='margin-bottom: 30px;'>\n<h3 style='font-size: 22px; border-bottom: 2px solid currentColor; padding-bottom: 5px; margin-top: 0; color: inherit; opacity: 0.8;'>Caracter\u00edsticas del Producto<\/h3>\n<ul style='padding-left: 20px; font-size: 15px; color: inherit; list-style-type: disc;'>\n<li style='margin-bottom: 5px;'><strong style='color: inherit;'>Pantalla OLED:<\/strong> Muestra el estado operativo del sistema&comma; incluyendo frecuencia&comma; ganancia&comma; potencia de salida y aislamiento.<\/li>\n<li style='margin-bottom: 5px;'><strong style='color: inherit;'>Alarma en Tiempo Real:<\/strong> Comprobaci\u00f3n y alarma de aislamiento en tiempo real.<\/li>\n<li style='margin-bottom: 5px;'><strong style='color: inherit;'>Eliminaci\u00f3n de Auto-oscilaci\u00f3n:<\/strong> Degradaci\u00f3n autom\u00e1tica de la potencia de salida al detectar aislamiento insuficiente.<\/li>\n<li style='margin-bottom: 5px;'><strong style='color: inherit;'>Control Manual de Ganancia:<\/strong> Permite ajustar la ganancia de salida en pasos de 1 dB dentro de un rango de 31 dB.<\/li>\n<li style='margin-bottom: 5px;'><strong style='color: inherit;'>Control Autom\u00e1tico de Potencia:<\/strong> Garantiza una cobertura estable mediante el ajuste autom\u00e1tico de la potencia de salida.<\/li>\n<li style='margin-bottom: 5px;'><strong style='color: inherit;'>Equilibrio de Ganancia:<\/strong> Enlace entre la ganancia de subida y bajada&comma; manteniendo el equilibrio.<\/li>\n<li style='margin-bottom: 5px;'><strong style='color: inherit;'>Control y Monitoreo V\u00eda USB:<\/strong> Puede ser controlado y monitoreado mediante USB conectado a un PC para control local. Permite comprobar y configurar la frecuencia de trabajo&comma; potencia de salida&comma; alarmas de temperatura y alarmas ALC.<\/li>\n<\/ul><\/div>\n<p> <!-- Secci\u00f3n de descripci\u00f3n detallada --> <\/p>\n<div style='margin-bottom: 30px;'>\n<h3 style='font-size: 22px; border-bottom: 2px solid currentColor; padding-bottom: 5px; margin-top: 0; color: inherit; opacity: 0.8;'>Descripci\u00f3n Detallada<\/h3>\n<p style='font-size: 15px; color: inherit;'>El amplificador EP43-B466-ABSE es una soluci\u00f3n avanzada para la amplificaci\u00f3n de se\u00f1ales. La integraci\u00f3n de una pantalla OLED facilita la supervisi\u00f3n del estado operacional del equipo&comma; proporcionando informaci\u00f3n cr\u00edtica en tiempo real. El sistema permite ajustar la ganancia manualmente o confiar en su capacidad autom\u00e1tica para mantener una cobertura \u00f3ptima y segura. Adem\u00e1s&comma; su funcionalidad de monitoreo y configuraci\u00f3n v\u00eda USB proporciona gran versatilidad y conveniencia para usuarios t\u00e9cnicos.<\/p>\n<\/p><\/div>\n<p> <!-- Secci\u00f3n de especificaciones --> <\/p>\n<div style='margin-bottom: 30px;'>\n<h3 style='font-size: 22px; border-bottom: 2px solid currentColor; padding-bottom: 5px; margin-top: 0; color: inherit; opacity: 0.8;'>Especificaciones Principales<\/h3>\n<div style='overflow-x: auto;'>\n<table style='width: 100%; border-collapse: collapse; margin-top: 15px;'>\n<tbody>\n<tr style='border-bottom: 1px solid rgba(150&comma;150&comma;150&comma;0.3);'>\n<td style='padding: 12px; border-right: 1px solid rgba(150&comma;150&comma;150&comma;0.3); min-width: 160px; color: inherit;'><strong style='color: inherit;'>Rango de frecuencia<\/strong><\/td>\n<td style='padding: 12px; color: inherit;'>Uplink 1710-1780 MHz \/ Downlink 2110-2180 MHz<\/td>\n<\/tr>\n<tr style='border-bottom: 1px solid rgba(150&comma;150&comma;150&comma;0.3);'>\n<td style='padding: 12px; border-right: 1px solid rgba(150&comma;150&comma;150&comma;0.3); color: inherit;'><strong style='color: inherit;'>Ganancia<\/strong><\/td>\n<td style='padding: 12px; color: inherit;'>95 dB<\/td>\n<\/tr>\n<tr style='border-bottom: 1px solid rgba(150&comma;150&comma;150&comma;0.3);'>\n<td style='padding: 12px; border-right: 1px solid rgba(150&comma;150&comma;150&comma;0.3); color: inherit;'><strong style='color: inherit;'>M\u00e1xima de salida<\/strong><\/td>\n<td style='padding: 12px; color: inherit;'>Downlink 43 dBm (20 Watts)\/Uplink 27 dBm (0.5 Watts)<\/td>\n<\/tr>\n<tr style='border-bottom: 1px solid rgba(150&comma;150&comma;150&comma;0.3);'>\n<td style='padding: 12px; border-right: 1px solid rgba(150&comma;150&comma;150&comma;0.3); color: inherit;'><strong style='color: inherit;'>Conectores<\/strong><\/td>\n<td style='padding: 12px; color: inherit;'>N Hembra<\/td>\n<\/tr>\n<tr style='border-bottom: 1px solid rgba(150&comma;150&comma;150&comma;0.3);'>\n<td style='padding: 12px; border-right: 1px solid rgba(150&comma;150&comma;150&comma;0.3); color: inherit;'><strong style='color: inherit;'>Alimentaci\u00f3n<\/strong><\/td>\n<td style='padding: 12px; color: inherit;'>100-264 Vca<\/td>\n<\/tr>\n<tr style='border-bottom: 1px solid rgba(150&comma;150&comma;150&comma;0.3);'>\n<td style='padding: 12px; border-right: 1px solid rgba(150&comma;150&comma;150&comma;0.3); color: inherit;'><strong style='color: inherit;'>Consumo<\/strong><\/td>\n<td style='padding: 12px; color: inherit;'>180 Watts<\/td>\n<\/tr>\n<tr style='border-bottom: 1px solid rgba(150&comma;150&comma;150&comma;0.3);'>\n<td style='padding: 12px; border-right: 1px solid rgba(150&comma;150&comma;150&comma;0.3); color: inherit;'><strong style='color: inherit;'>Peso<\/strong><\/td>\n<td style='padding: 12px; color: inherit;'>25 kg<\/td>\n<\/tr>\n<tr style='border-bottom: 1px solid rgba(150&comma;150&comma;150&comma;0.3);'>\n<td style='padding: 12px; border-right: 1px solid rgba(150&comma;150&comma;150&comma;0.3); color: inherit;'><strong style='color: inherit;'>Dimensiones<\/strong><\/td>\n<td style='padding: 12px; color: inherit;'>410 x 490 x 190 mm<\/td>\n<\/tr>\n<\/tbody>\n<\/table><\/div>\n<\/p><\/div>\n<p> <!-- Imagen --> <\/p>\n<div style='margin-bottom: 30px;'> <img style='width: 100%; height: auto; border: 1px solid rgba(150&comma;150&comma;150&comma;0.3); border-radius: 8px;' src='https:\/\/ftp3.syscom.mx\/usuarios\/fotos\/CRSOG08WB\/13965-diagrama_de_funcionamiento..png' alt=''> <\/div>\n<p> <!-- Secci\u00f3n de notas --> <\/p>\n<div style='margin-bottom: 30px;'>\n<h3 style='font-size: 22px; border-bottom: 2px solid currentColor; padding-bottom: 5px; margin-top: 0; color: inherit; opacity: 0.8;'>NOTAS<\/h3>\n<ul style='padding-left: 20px; font-size: 15px; color: inherit; list-style-type: square;'>\n<li style='margin-bottom: 5px;'><strong style='color: inherit;'>NOTA:<\/strong> Instale el amplificador&comma; antenas y componentes de acuerdo al manual de usuario o gu\u00eda de instalaci\u00f3n.<\/li>\n<li style='margin-bottom: 5px;'><strong style='color: inherit;'>NOTA:<\/strong> Use el sistema amplificador para lo que est\u00e1 dise\u00f1ado.<\/li>\n<li style='margin-bottom: 5px;'><strong style='color: inherit;'>NOTA:<\/strong> Si tiene dudas contacte nuestro departamento de Ingenier\u00eda Radiocomunicaci\u00f3n.<\/li>\n<li style='margin-bottom: 5px;'><strong style='color: inherit;'>NOTA:<\/strong> Una mala instalaci\u00f3n o mal uso de este sistema puede provocar interferencia.<\/li>\n<\/ul><\/div>\n<p> <!-- Separador final --> <\/p>\n<hr style='border: 0; border-top: 1px solid rgba(150&comma; 150&comma; 150&comma; 0.3); margin: 30px 0;'> <\/div>\n","protected":false},"excerpt":{"rendered":"<p>(HASTA 4 KIL\u00d3METROS) Amplificador de Se\u00f1al Celular 4G de ALTA POTENCIA: Especial para Crear una Zona Celular en \u00c1reas Rurales o Comunidades Alejadas. 95 dB de Ganancia, 20 Watts de Potencia, 1700\/2100 MHz.<\/p>\n","protected":false},"featured_media":57197,"comment_status":"open","ping_status":"closed","template":"","meta":[],"product_brand":[],"product_cat":[1570,1552],"product_tag":[1535,1571,1553,935],"class_list":{"0":"post-57198","1":"product","2":"type-product","3":"status-publish","4":"has-post-thumbnail","6":"product_cat-amplificadores-de-senal-celular-adsc","7":"product_cat-cobertura-para-celular-4g-lte","8":"product_tag-3g-y-voz","9":"product_tag-amplificadores-de-senal-celular-adsc","10":"product_tag-cobertura-para-celular-4g-lte","11":"product_tag-epcom","13":"first","14":"outofstock","15":"sale","16":"shipping-taxable","17":"purchasable","18":"product-type-simple"},"_links":{"self":[{"href":"https:\/\/soydeaqui.ddns.net\/pachuca\/index.php\/wp-json\/wp\/v2\/product\/57198","targetHints":{"allow":["GET"]}}],"collection":[{"href":"https:\/\/soydeaqui.ddns.net\/pachuca\/index.php\/wp-json\/wp\/v2\/product"}],"about":[{"href":"https:\/\/soydeaqui.ddns.net\/pachuca\/index.php\/wp-json\/wp\/v2\/types\/product"}],"replies":[{"embeddable":true,"href":"https:\/\/soydeaqui.ddns.net\/pachuca\/index.php\/wp-json\/wp\/v2\/comments?post=57198"}],"wp:featuredmedia":[{"embeddable":true,"href":"https:\/\/soydeaqui.ddns.net\/pachuca\/index.php\/wp-json\/wp\/v2\/media\/57197"}],"wp:attachment":[{"href":"https:\/\/soydeaqui.ddns.net\/pachuca\/index.php\/wp-json\/wp\/v2\/media?parent=57198"}],"wp:term":[{"taxonomy":"product_brand","embeddable":true,"href":"https:\/\/soydeaqui.ddns.net\/pachuca\/index.php\/wp-json\/wp\/v2\/product_brand?post=57198"},{"taxonomy":"product_cat","embeddable":true,"href":"https:\/\/soydeaqui.ddns.net\/pachuca\/index.php\/wp-json\/wp\/v2\/product_cat?post=57198"},{"taxonomy":"product_tag","embeddable":true,"href":"https:\/\/soydeaqui.ddns.net\/pachuca\/index.php\/wp-json\/wp\/v2\/product_tag?post=57198"}],"curies":[{"name":"wp","href":"https:\/\/api.w.org\/{rel}","templated":true}]}}