{"id":57194,"date":"2026-03-19T03:49:13","date_gmt":"2026-03-19T03:49:13","guid":{"rendered":"https:\/\/soydeaqui.ddns.net\/pachuca\/index.php\/producto\/hasta-5-kilometros-amplificador-de-senal-celular-de-alta-potencia-especial-para-crear-una-zona-celular-en-areas-rurales-o-comunidades-alejadas-95-db-de-ganancia-20-watts-de-potencia-1900-mhz\/"},"modified":"2026-03-19T03:49:19","modified_gmt":"2026-03-19T03:49:19","slug":"hasta-5-kilometros-amplificador-de-senal-celular-de-alta-potencia-especial-para-crear-una-zona-celular-en-areas-rurales-o-comunidades-alejadas-95-db-de-ganancia-20-watts-de-potencia-1900-mhz","status":"publish","type":"product","link":"https:\/\/soydeaqui.ddns.net\/pachuca\/index.php\/producto\/hasta-5-kilometros-amplificador-de-senal-celular-de-alta-potencia-especial-para-crear-una-zona-celular-en-areas-rurales-o-comunidades-alejadas-95-db-de-ganancia-20-watts-de-potencia-1900-mhz\/","title":{"rendered":"(HASTA 5 KIL\u00d3METROS) Amplificador de Se\u00f1al Celular de ALTA POTENCIA: Especial para Crear una Zona Celular en \u00c1reas Rurales o Comunidades Alejadas. 95 dB de Ganancia, 20 Watts de Potencia, 1900 MHz."},"content":{"rendered":"<div style='width: 100%; max-width: 1200px; margin: 0 auto; font-family: sans-serif; line-height: 1.6; color: inherit; background-color: transparent;'>\n<div style='display: flex; flex-wrap: wrap; gap: 30px; margin-bottom: 30px;'>\n<div style='flex: 1 1 300px; min-width: 280px;'>\n<h3 style='font-size: 22px; border-bottom: 2px solid currentColor; padding-bottom: 5px; margin-top: 0; color: inherit; opacity: 0.8;'>Cobertura celular<\/h3>\n<p style='font-size: 14px; color: inherit; margin-bottom: 10px;'>Amplificador de Se\u00f1al Celular de Alta Potencia dise\u00f1ado para brindar cobertura celular a pueblos que est\u00e1n hasta 5 kil\u00f3metros del sitio con se\u00f1al. Su alcance depende de varios factores (intensidad de se\u00f1al&comma; orograf\u00eda&comma; etc).<\/p>\n<p style='font-size: 14px; color: inherit; margin-bottom: 10px;'><strong>Se requiere de un estudio previo en el sitio de instalaci\u00f3n para validar su alcance. Consulte los documentos en la secci\u00f3n Descargas para mayor informaci\u00f3n.<\/strong><\/p>\n<\/p><\/div>\n<\/p><\/div>\n<div style='display: flex; flex-wrap: wrap; gap: 20px; margin-bottom: 30px;'>\n<div style='flex: 1 1 250px; border: 1px solid rgba(150&comma; 150&comma; 150&comma; 0.4); border-radius: 8px; overflow: hidden; display: flex; flex-direction: column;'>\n<div style='padding: 15px; border-bottom: 1px solid rgba(150&comma; 150&comma; 150&comma; 0.2); font-weight: bold; font-size: 18px; color: inherit;'>Caracter\u00edsticas del Producto<\/div>\n<div style='padding: 15px; color: inherit;'>\n<ul style='padding-left: 20px; margin: 0; font-size: 14px; list-style-type: disc;'>\n<li style='margin-bottom: 5px;'><strong>Pantalla OLED<\/strong>: Muestra el estado operativo del sistema&comma; incluyendo frecuencia&comma; ganancia&comma; potencia de salida y aislamiento.<\/li>\n<li style='margin-bottom: 5px;'><strong>Alarma en Tiempo Real<\/strong>: Comprobaci\u00f3n y alarma de aislamiento en tiempo real.<\/li>\n<li style='margin-bottom: 5px;'><strong>Eliminaci\u00f3n de Auto-oscilaci\u00f3n<\/strong>: Degradaci\u00f3n autom\u00e1tica de la potencia de salida al detectar aislamiento insuficiente.<\/li>\n<li style='margin-bottom: 5px;'><strong>Control Manual de Ganancia<\/strong>: Permite ajustar la ganancia de salida en pasos de 1 dB dentro de un rango de 31 dB.<\/li>\n<li style='margin-bottom: 5px;'><strong>Control Autom\u00e1tico de Potencia<\/strong>: Garantiza una cobertura estable mediante el ajuste autom\u00e1tico de la potencia de salida.<\/li>\n<li style='margin-bottom: 5px;'><strong>Equilibrio de Ganancia<\/strong>: Enlace entre la ganancia de subida y bajada&comma; manteniendo el equilibrio.<\/li>\n<li style='margin-bottom: 5px;'><strong>Control y Monitoreo V\u00eda USB<\/strong>: Puede ser controlado y monitoreado mediante USB conectado a un PC para control local. Permite comprobar y configurar la frecuencia de trabajo&comma; potencia de salida&comma; alarmas de temperatura y alarmas ALC.<\/li>\n<\/ul><\/div>\n<\/p><\/div>\n<div style='flex: 1 1 250px; border: 1px solid rgba(150&comma; 150&comma; 150&comma; 0.4); border-radius: 8px; overflow: hidden; display: flex; flex-direction: column;'>\n<div style='padding: 15px; border-bottom: 1px solid rgba(150&comma; 150&comma; 150&comma; 0.2); font-weight: bold; font-size: 18px; color: inherit;'>Especificaciones Principales<\/div>\n<div style='padding: 15px; color: inherit;'>\n<ul style='padding-left: 20px; margin: 0; font-size: 14px; list-style-type: disc;'>\n<li style='margin-bottom: 5px;'><strong>Rango de frecuencia:<\/strong> Uplink 1850-19915 MHz \/ Downlink 1930-1995 MHz.<\/li>\n<li style='margin-bottom: 5px;'><strong>Ganancia:<\/strong> 95 dB.<\/li>\n<li style='margin-bottom: 5px;'><strong>M\u00e1xima de salida:<\/strong> Downlink 43 dBm (20 Watts)\/Uplink 27 dBm (0.5 Watts).<\/li>\n<li style='margin-bottom: 5px;'><strong>Conectores:<\/strong> N Hembra.<\/li>\n<li style='margin-bottom: 5px;'><strong>Alimentaci\u00f3n:<\/strong> 100-264 Vca.<\/li>\n<li style='margin-bottom: 5px;'><strong>Consumo:<\/strong> 180 Watts<\/li>\n<li style='margin-bottom: 5px;'><strong>Peso:<\/strong> 25 kg<\/li>\n<li style='margin-bottom: 5px;'><strong>Dimensiones:<\/strong> 410 x 490 x 190 mm<\/li>\n<\/ul><\/div>\n<\/p><\/div>\n<div style='flex: 1 1 250px; border: 1px solid rgba(150&comma; 150&comma; 150&comma; 0.4); border-radius: 8px; overflow: hidden; display: flex; flex-direction: column;'>\n<div style='padding: 15px; border-bottom: 1px solid rgba(150&comma; 150&comma; 150&comma; 0.2); font-weight: bold; font-size: 18px; color: inherit;'>Notas de Instalaci\u00f3n<\/div>\n<div style='padding: 15px; color: inherit;'>\n<ul style='padding-left: 20px; margin: 0; font-size: 14px; list-style-type: square;'>\n<li style='margin-bottom: 5px;'>Instale el amplificador&comma; antenas y componentes de acuerdo al manual de usuario o gu\u00eda de instalaci\u00f3n.<\/li>\n<li style='margin-bottom: 5px;'>Use el sistema amplificador para lo que est\u00e1 dise\u00f1ado.<\/li>\n<li style='margin-bottom: 5px;'>Si tiene dudas contacte nuestro departamento de Ingenier\u00eda Radiocomunicaci\u00f3n.<\/li>\n<li style='margin-bottom: 5px;'>Una mala instalaci\u00f3n o mal uso de este sistema puede provocar interferencia.<\/li>\n<\/ul><\/div>\n<\/p><\/div>\n<\/p><\/div>\n<div style='display: flex; flex-wrap: wrap; gap: 30px; margin-bottom: 30px;'>\n<div style='flex: 1 1 300px; min-width: 280px;'>\n<h3 style='font-size: 22px; border-bottom: 2px solid currentColor; padding-bottom: 5px; margin-top: 0; color: inherit; opacity: 0.8;'>Descripci\u00f3n Detallada<\/h3>\n<p style='font-size: 14px; color: inherit; margin-bottom: 10px;'>El amplificador EP43-B225-ABSE es una soluci\u00f3n avanzada para la amplificaci\u00f3n de se\u00f1ales. La integraci\u00f3n de una pantalla OLED facilita la supervisi\u00f3n del estado operacional del equipo&comma; proporcionando informaci\u00f3n cr\u00edtica en tiempo real. El sistema permite ajustar la ganancia manualmente o confiar en su capacidad autom\u00e1tica para mantener una cobertura \u00f3ptima y segura. Adem\u00e1s&comma; su funcionalidad de monitoreo y configuraci\u00f3n v\u00eda USB proporciona gran versatilidad y conveniencia para usuarios t\u00e9cnicos.<\/p>\n<\/p><\/div>\n<\/p><\/div>\n<div style='display: flex; flex-wrap: wrap; gap: 30px; margin-bottom: 30px;'>\n<div style='flex: 1 1 300px; min-width: 280px;'>\n<h3 style='font-size: 22px; border-bottom: 2px solid currentColor; padding-bottom: 5px; margin-top: 0; color: inherit; opacity: 0.8;'>Diagrama de Funcionamiento<\/h3>\n<p> <img style='width: 100%; height: auto; border: 1px solid rgba(150&comma;150&comma;150&comma;0.3); border-radius: 8px;' src='https:\/\/ftp3.syscom.mx\/usuarios\/fotos\/CRSOG08WB\/13965-diagrama_de_funcionamiento..png' alt=''> <\/div>\n<\/p><\/div>\n<hr style='border: 0; border-top: 1px solid rgba(150&comma; 150&comma; 150&comma; 0.3); margin: 30px 0;'> <\/div>\n","protected":false},"excerpt":{"rendered":"<p>(HASTA 5 KIL\u00d3METROS) Amplificador de Se\u00f1al Celular de ALTA POTENCIA: Especial para Crear una Zona Celular en \u00c1reas Rurales o Comunidades Alejadas. 95 dB de Ganancia, 20 Watts de Potencia, 1900 MHz.<\/p>\n","protected":false},"featured_media":57193,"comment_status":"open","ping_status":"closed","template":"","meta":[],"product_brand":[],"product_cat":[1570,1552],"product_tag":[1535,1571,1553,935],"class_list":{"0":"post-57194","1":"product","2":"type-product","3":"status-publish","4":"has-post-thumbnail","6":"product_cat-amplificadores-de-senal-celular-adsc","7":"product_cat-cobertura-para-celular-4g-lte","8":"product_tag-3g-y-voz","9":"product_tag-amplificadores-de-senal-celular-adsc","10":"product_tag-cobertura-para-celular-4g-lte","11":"product_tag-epcom","13":"first","14":"outofstock","15":"sale","16":"shipping-taxable","17":"purchasable","18":"product-type-simple"},"_links":{"self":[{"href":"https:\/\/soydeaqui.ddns.net\/pachuca\/index.php\/wp-json\/wp\/v2\/product\/57194","targetHints":{"allow":["GET"]}}],"collection":[{"href":"https:\/\/soydeaqui.ddns.net\/pachuca\/index.php\/wp-json\/wp\/v2\/product"}],"about":[{"href":"https:\/\/soydeaqui.ddns.net\/pachuca\/index.php\/wp-json\/wp\/v2\/types\/product"}],"replies":[{"embeddable":true,"href":"https:\/\/soydeaqui.ddns.net\/pachuca\/index.php\/wp-json\/wp\/v2\/comments?post=57194"}],"wp:featuredmedia":[{"embeddable":true,"href":"https:\/\/soydeaqui.ddns.net\/pachuca\/index.php\/wp-json\/wp\/v2\/media\/57193"}],"wp:attachment":[{"href":"https:\/\/soydeaqui.ddns.net\/pachuca\/index.php\/wp-json\/wp\/v2\/media?parent=57194"}],"wp:term":[{"taxonomy":"product_brand","embeddable":true,"href":"https:\/\/soydeaqui.ddns.net\/pachuca\/index.php\/wp-json\/wp\/v2\/product_brand?post=57194"},{"taxonomy":"product_cat","embeddable":true,"href":"https:\/\/soydeaqui.ddns.net\/pachuca\/index.php\/wp-json\/wp\/v2\/product_cat?post=57194"},{"taxonomy":"product_tag","embeddable":true,"href":"https:\/\/soydeaqui.ddns.net\/pachuca\/index.php\/wp-json\/wp\/v2\/product_tag?post=57194"}],"curies":[{"name":"wp","href":"https:\/\/api.w.org\/{rel}","templated":true}]}}