{"id":57188,"date":"2026-03-19T03:49:03","date_gmt":"2026-03-19T03:49:03","guid":{"rendered":"https:\/\/soydeaqui.ddns.net\/pachuca\/index.php\/producto\/inodoro-electrico-quiet-flush-e2-para-uso-en-embarcaciones-marinas-con-descarga-de-agua-de-mar-tamano-de-taza-compacto-12-vcd\/"},"modified":"2026-03-19T03:49:03","modified_gmt":"2026-03-19T03:49:03","slug":"inodoro-electrico-quiet-flush-e2-para-uso-en-embarcaciones-marinas-con-descarga-de-agua-de-mar-tamano-de-taza-compacto-12-vcd","status":"publish","type":"product","link":"https:\/\/soydeaqui.ddns.net\/pachuca\/index.php\/producto\/inodoro-electrico-quiet-flush-e2-para-uso-en-embarcaciones-marinas-con-descarga-de-agua-de-mar-tamano-de-taza-compacto-12-vcd\/","title":{"rendered":"Inodoro El\u00e9ctrico Quiet Flush E2 para uso en embarcaciones marinas, con descarga de agua de mar, tama\u00f1o de taza compacto, 12 Vcd."},"content":{"rendered":"<div style='width: 100%; max-width: 1200px; margin: 0 auto; font-family: sans-serif; line-height: 1.6; color: inherit; background-color: transparent;'>\n<div style='display: flex; flex-wrap: wrap; gap: 30px; margin-bottom: 30px;'>\n<div style='flex: 1 1 300px; min-width: 280px;'>\n<h3 style='font-size: 22px; border-bottom: 2px solid currentColor; padding-bottom: 5px; margin-top: 0; color: inherit; opacity: 0.8;'>Caracter\u00edsticas<\/h3>\n<ul style='padding-left: 20px; font-size: 15px; color: inherit;'>\n<li style='margin-bottom: 5px;'><strong>Conexiones:<\/strong> &#8211; para manguera de entrada con orificio de 19 mm (\u00be\u201d)&comma; manguera de descarga con orificio de 25 mm (1\u201d)<\/li>\n<li style='margin-bottom: 5px;'><strong>Dimensiones:<\/strong> &#8211; 352 mm de alto&comma; 331 mm de ancho&comma; 411 mm de profundidad<\/li>\n<li style='margin-bottom: 5px;'><strong>Tama\u00f1o del fusible:<\/strong> &#8211; 25 (amperios)<\/li>\n<li style='margin-bottom: 5px;'><strong>Corriente m\u00e1xima:<\/strong> &#8211; 20 (amperios)<\/li>\n<li style='margin-bottom: 5px;'><strong>Potencia:<\/strong> Potente bomba de descarga centr\u00edfuga para triturar y evacuar residuos<\/li>\n<li style='margin-bottom: 5px;'><strong>Suministro:<\/strong> Se suministra con bomba independiente para uso con agua de mar&comma; r\u00edo o lago<\/li>\n<li style='margin-bottom: 5px;'><strong>Cubierta:<\/strong> Cubierta f\u00e1cil de limpiar que oculta todos los accesorios<\/li>\n<li style='margin-bottom: 5px;'><strong>Control:<\/strong> Panel de control electr\u00f3nico con modo de ahorro de agua &#8216;eco&#8217;<\/li>\n<li style='margin-bottom: 5px;'><strong>Instalaci\u00f3n:<\/strong> Base giratoria y bomba de descarga para garantizar que las tuber\u00edas se puedan dirigir hacia la parte trasera<\/li>\n<li style='margin-bottom: 5px;'><strong>Puertos:<\/strong> Puertos de descarga de liberaci\u00f3n r\u00e1pida para una instalaci\u00f3n sencilla (descarga recta y de 90\u00b0 disponible)<\/li>\n<\/ul><\/div>\n<\/p><\/div>\n<div style='display: flex; flex-wrap: wrap; gap: 20px; margin-bottom: 30px;'>\n<div style='flex: 1 1 250px; border: 1px solid rgba(150&comma; 150&comma; 150&comma; 0.4); border-radius: 8px; overflow: hidden; display: flex; flex-direction: column;'>\n<div style='padding: 15px; border-bottom: 1px solid rgba(150&comma; 150&comma; 150&comma; 0.2); font-weight: bold; font-size: 18px; color: inherit;'>Especificaciones<\/div>\n<div style='padding: 15px; color: inherit;'>\n<ul style='padding-left: 20px; margin: 0; font-size: 14px; list-style-type: disc;'>\n<li style='margin-bottom: 5px;'><strong>Dimensiones:<\/strong> L: 54&comma;00 x H: 43&comma;00 x W: 52&comma;00 cm<\/li>\n<li style='margin-bottom: 5px;'><strong>Peso:<\/strong> 17&comma;50 kg (aprox. 19&comma;50 kg embalado)<\/li>\n<\/ul><\/div>\n<\/p><\/div>\n<\/p><\/div>\n<hr style='border: 0; border-top: 1px solid rgba(150&comma; 150&comma; 150&comma; 0.3); margin: 30px 0;'> <\/div>\n","protected":false},"excerpt":{"rendered":"<p>Inodoro El\u00e9ctrico Quiet Flush E2 para uso en embarcaciones marinas, con descarga de agua de mar, tama\u00f1o de taza compacto, 12 Vcd.<\/p>\n","protected":false},"featured_media":57187,"comment_status":"open","ping_status":"closed","template":"","meta":[],"product_brand":[],"product_cat":[1541],"product_tag":[1542,1537,1172],"class_list":{"0":"post-57188","1":"product","2":"type-product","3":"status-publish","4":"has-post-thumbnail","6":"product_cat-equipos-para-pesca-comercial-y-recreativa","7":"product_tag-equipos-para-pesca-comercial-y-recreativa","8":"product_tag-jabsco","9":"product_tag-soluciones-marinas","11":"first","12":"outofstock","13":"sale","14":"shipping-taxable","15":"purchasable","16":"product-type-simple"},"_links":{"self":[{"href":"https:\/\/soydeaqui.ddns.net\/pachuca\/index.php\/wp-json\/wp\/v2\/product\/57188","targetHints":{"allow":["GET"]}}],"collection":[{"href":"https:\/\/soydeaqui.ddns.net\/pachuca\/index.php\/wp-json\/wp\/v2\/product"}],"about":[{"href":"https:\/\/soydeaqui.ddns.net\/pachuca\/index.php\/wp-json\/wp\/v2\/types\/product"}],"replies":[{"embeddable":true,"href":"https:\/\/soydeaqui.ddns.net\/pachuca\/index.php\/wp-json\/wp\/v2\/comments?post=57188"}],"wp:featuredmedia":[{"embeddable":true,"href":"https:\/\/soydeaqui.ddns.net\/pachuca\/index.php\/wp-json\/wp\/v2\/media\/57187"}],"wp:attachment":[{"href":"https:\/\/soydeaqui.ddns.net\/pachuca\/index.php\/wp-json\/wp\/v2\/media?parent=57188"}],"wp:term":[{"taxonomy":"product_brand","embeddable":true,"href":"https:\/\/soydeaqui.ddns.net\/pachuca\/index.php\/wp-json\/wp\/v2\/product_brand?post=57188"},{"taxonomy":"product_cat","embeddable":true,"href":"https:\/\/soydeaqui.ddns.net\/pachuca\/index.php\/wp-json\/wp\/v2\/product_cat?post=57188"},{"taxonomy":"product_tag","embeddable":true,"href":"https:\/\/soydeaqui.ddns.net\/pachuca\/index.php\/wp-json\/wp\/v2\/product_tag?post=57188"}],"curies":[{"name":"wp","href":"https:\/\/api.w.org\/{rel}","templated":true}]}}