{"id":57173,"date":"2026-03-19T03:48:38","date_gmt":"2026-03-19T03:48:38","guid":{"rendered":"https:\/\/soydeaqui.ddns.net\/pachuca\/index.php\/producto\/microfono-de-mano-para-radios-garmin-con-conector-de-12-pines\/"},"modified":"2026-03-19T03:48:41","modified_gmt":"2026-03-19T03:48:41","slug":"microfono-de-mano-para-radios-garmin-con-conector-de-12-pines","status":"publish","type":"product","link":"https:\/\/soydeaqui.ddns.net\/pachuca\/index.php\/producto\/microfono-de-mano-para-radios-garmin-con-conector-de-12-pines\/","title":{"rendered":"Micr\u00f3fono de mano para radios Garmin con conector de 12 pines"},"content":{"rendered":"<div style='width: 100%; max-width: 1200px; margin: 0 auto; font-family: sans-serif; line-height: 1.6; color: inherit; background-color: transparent;'>\n<div style='display: flex; flex-wrap: wrap; gap: 30px; margin-bottom: 30px;'>\n<div style='flex: 1 1 300px; min-width: 280px;'>\n<h3 style='font-size: 22px; border-bottom: 2px solid currentColor; padding-bottom: 5px; margin-top: 0; color: inherit; opacity: 0.8;'>Caracter\u00edsticas<\/h3>\n<ul style='padding-left: 20px; font-size: 15px; color: inherit;'>\n<li style='margin-bottom: 5px;'>Largo del cable: 1 pie en espiral (5 pies extendido)<\/li>\n<li style='margin-bottom: 5px;'>Distancia segura de la br\u00fajula: 26 pulgadas<\/li>\n<li style='margin-bottom: 5px;'>Pantalla: LCD con retroiluminaci\u00f3n<\/li>\n<li style='margin-bottom: 5px;'>Micr\u00f3fono con altavoz incorporado: s\u00ed<\/li>\n<li style='margin-bottom: 5px;'>Bot\u00f3n de canal 16\/9 o 16+: s\u00ed<\/li>\n<li style='margin-bottom: 5px;'>Idiomas: ingl\u00e9s&comma; franc\u00e9s&comma; italiano&comma; alem\u00e1n y espa\u00f1ol<\/li>\n<li style='margin-bottom: 5px;'>Rango de temperatura de funcionamiento: -15 a 70 grados cent\u00edgrados<\/li>\n<li style='margin-bottom: 5px;'>Clasificaci\u00f3n de resistencia al agua: IPX7<\/li>\n<\/ul><\/div>\n<div style='flex: 1 1 300px; min-width: 280px;'>\n<h3 style='font-size: 22px; border-bottom: 2px solid currentColor; padding-bottom: 5px; margin-top: 0; color: inherit; opacity: 0.8;'>Incluye<\/h3>\n<ul style='padding-left: 20px; font-size: 15px; color: inherit;'>\n<li style='margin-bottom: 5px;'>Micr\u00f3fono de mano GHS 11<\/li>\n<\/ul>\n<h3 style='font-size: 22px; border-bottom: 2px solid currentColor; padding-bottom: 5px; margin-top: 25px; color: inherit; opacity: 0.8;'>Especificaciones<\/h3>\n<ul style='padding-left: 20px; font-size: 15px; color: inherit;'>\n<li style='margin-bottom: 5px;'>Dimensiones: 2&comma;7\u201d x 6&comma;1\u201d x 1&comma;6\u201d (6&comma;9 x 15&comma;4 x 4 cm)<\/li>\n<li style='margin-bottom: 5px;'>Peso: 0&comma;7 lb (0&comma;3 kg)<\/li>\n<\/ul><\/div>\n<\/p><\/div>\n<\/p><\/div>\n","protected":false},"excerpt":{"rendered":"<p>Micr\u00f3fono de mano para radios Garmin con conector de 12 pines<\/p>\n","protected":false},"featured_media":57172,"comment_status":"open","ping_status":"closed","template":"","meta":[],"product_brand":[],"product_cat":[1574],"product_tag":[1404,1449,1575],"class_list":{"0":"post-57173","1":"product","2":"type-product","3":"status-publish","4":"has-post-thumbnail","6":"product_cat-marinas","7":"product_tag-antenas","8":"product_tag-garmin","9":"product_tag-marinas","11":"first","12":"outofstock","13":"sale","14":"shipping-taxable","15":"purchasable","16":"product-type-simple"},"_links":{"self":[{"href":"https:\/\/soydeaqui.ddns.net\/pachuca\/index.php\/wp-json\/wp\/v2\/product\/57173","targetHints":{"allow":["GET"]}}],"collection":[{"href":"https:\/\/soydeaqui.ddns.net\/pachuca\/index.php\/wp-json\/wp\/v2\/product"}],"about":[{"href":"https:\/\/soydeaqui.ddns.net\/pachuca\/index.php\/wp-json\/wp\/v2\/types\/product"}],"replies":[{"embeddable":true,"href":"https:\/\/soydeaqui.ddns.net\/pachuca\/index.php\/wp-json\/wp\/v2\/comments?post=57173"}],"wp:featuredmedia":[{"embeddable":true,"href":"https:\/\/soydeaqui.ddns.net\/pachuca\/index.php\/wp-json\/wp\/v2\/media\/57172"}],"wp:attachment":[{"href":"https:\/\/soydeaqui.ddns.net\/pachuca\/index.php\/wp-json\/wp\/v2\/media?parent=57173"}],"wp:term":[{"taxonomy":"product_brand","embeddable":true,"href":"https:\/\/soydeaqui.ddns.net\/pachuca\/index.php\/wp-json\/wp\/v2\/product_brand?post=57173"},{"taxonomy":"product_cat","embeddable":true,"href":"https:\/\/soydeaqui.ddns.net\/pachuca\/index.php\/wp-json\/wp\/v2\/product_cat?post=57173"},{"taxonomy":"product_tag","embeddable":true,"href":"https:\/\/soydeaqui.ddns.net\/pachuca\/index.php\/wp-json\/wp\/v2\/product_tag?post=57173"}],"curies":[{"name":"wp","href":"https:\/\/api.w.org\/{rel}","templated":true}]}}