{"id":57132,"date":"2026-03-19T03:47:19","date_gmt":"2026-03-19T03:47:19","guid":{"rendered":"https:\/\/soydeaqui.ddns.net\/pachuca\/index.php\/producto\/hasta-5-kilometros-amplificador-de-senal-celular-de-alta-potencia-especial-para-crear-una-zona-celular-en-areas-rurales-o-comunidades-alejadas-95-db-de-ganancia-20-watts-de-potencia-850-mhz\/"},"modified":"2026-03-19T03:47:24","modified_gmt":"2026-03-19T03:47:24","slug":"hasta-5-kilometros-amplificador-de-senal-celular-de-alta-potencia-especial-para-crear-una-zona-celular-en-areas-rurales-o-comunidades-alejadas-95-db-de-ganancia-20-watts-de-potencia-850-mhz","status":"publish","type":"product","link":"https:\/\/soydeaqui.ddns.net\/pachuca\/index.php\/producto\/hasta-5-kilometros-amplificador-de-senal-celular-de-alta-potencia-especial-para-crear-una-zona-celular-en-areas-rurales-o-comunidades-alejadas-95-db-de-ganancia-20-watts-de-potencia-850-mhz\/","title":{"rendered":"(HASTA 5 KIL\u00d3METROS) Amplificador de Se\u00f1al Celular de ALTA POTENCIA: Especial para Crear una Zona Celular en \u00c1reas Rurales o Comunidades Alejadas. 95 dB de Ganancia, 20 Watts de Potencia, 850 MHz."},"content":{"rendered":"<div style='width: 100%; max-width: 1200px; margin: 0 auto; font-family: sans-serif; line-height: 1.6; color: inherit; background-color: transparent;'>\n<div style='display: flex; flex-wrap: wrap; gap: 30px; margin-bottom: 30px;'>\n<div style='flex: 1 1 300px; min-width: 280px;'>\n<h3 style='font-size: 22px; border-bottom: 2px solid currentColor; padding-bottom: 5px; margin-top: 0; color: inherit; opacity: 0.8;'>Caracter\u00edsticas<\/h3>\n<ul style='padding-left: 20px; font-size: 15px; color: inherit;'>\n<li style='margin-bottom: 5px;'>Cobertura celular 2G \/ 3G para Pueblos y Comunidades alejadas<\/li>\n<li style='margin-bottom: 5px;'>Amplificador de Se\u00f1al Celular de Alta Potencia dise\u00f1ado para brindar coberturas de 2G y\/o 3G y llamadas telef\u00f3nicas de 500 metros hasta 5 kil\u00f3metros<\/li>\n<li style='margin-bottom: 5px;'>Su alcance depende de varios factores (intensidad de se\u00f1al&comma; orograf\u00eda&comma; accesorios&comma; etc)<\/li>\n<li style='margin-bottom: 5px;'>Se requiere de un estudio de se\u00f1al previamente en el sitio de instalaci\u00f3n para validar su alcance<\/li>\n<li style='margin-bottom: 5px;'>Consulte los documentos en la secci\u00f3n Recursos para mayor informaci\u00f3n o por favor comun\u00edquese al departamento de Ingenier\u00eda Radiocomunicaci\u00f3n<\/li>\n<\/ul><\/div>\n<\/p><\/div>\n<div style='display: flex; flex-wrap: wrap; gap: 20px; margin-bottom: 30px;'>\n<div style='flex: 1 1 250px; border: 1px solid rgba(150&comma; 150&comma; 150&comma; 0.4); border-radius: 8px; overflow: hidden; display: flex; flex-direction: column;'>\n<div style='padding: 15px; border-bottom: 1px solid rgba(150&comma; 150&comma; 150&comma; 0.2); font-weight: bold; font-size: 18px; color: inherit;'>Especificaciones T\u00e9cnicas<\/div>\n<div style='padding: 15px; color: inherit;'>\n<ul style='padding-left: 20px; margin: 0; font-size: 14px; list-style-type: disc;'>\n<li style='margin-bottom: 5px;'><strong>Rango de frecuencia:<\/strong> Uplink 824-849 MHz \/ Downlink 869-894 MHz<\/li>\n<li style='margin-bottom: 5px;'><strong>Ganancia:<\/strong> 95 dB<\/li>\n<li style='margin-bottom: 5px;'><strong>M\u00e1xima de salida:<\/strong> Downlink 43 dBm (20 Watts)\/Uplink 24 dBm (251 miliWatts)<\/li>\n<li style='margin-bottom: 5px;'><strong>Conectores:<\/strong> N Hembra<\/li>\n<li style='margin-bottom: 5px;'><strong>Alimentaci\u00f3n:<\/strong> 110-220 Vca<\/li>\n<li style='margin-bottom: 5px;'><strong>Consumo de Energ\u00eda:<\/strong> <150 Watts<\/li>\n<li style='margin-bottom: 5px;'><strong>Peso:<\/strong> 25 kg<\/li>\n<li style='margin-bottom: 5px;'><strong>Dimensiones:<\/strong> 410 x 490 x 190 mm<\/li>\n<\/ul><\/div>\n<\/p><\/div>\n<div style='flex: 1 1 250px; border: 1px solid rgba(150&comma; 150&comma; 150&comma; 0.4); border-radius: 8px; overflow: hidden; display: flex; flex-direction: column;'>\n<div style='padding: 15px; border-bottom: 1px solid rgba(150&comma; 150&comma; 150&comma; 0.2); font-weight: bold; font-size: 18px; color: inherit;'>Notas de Instalaci\u00f3n<\/div>\n<div style='padding: 15px; color: inherit;'>\n<ul style='padding-left: 20px; margin: 0; font-size: 14px; list-style-type: disc;'>\n<li style='margin-bottom: 5px;'>Instale el amplificador de acuerdo al manual de usuario o gu\u00eda de instalaci\u00f3n<\/li>\n<li style='margin-bottom: 5px;'>Use el kit amplificador para lo que est\u00e1 dise\u00f1ado<\/li>\n<li style='margin-bottom: 5px;'>Si tiene dudas contacte nuestro departamento de Ingenier\u00eda Radiocomunicaci\u00f3n<\/li>\n<li style='margin-bottom: 5px;'>Una mala instalaci\u00f3n o mal uso de este sistema puede provocar interferencia<\/li>\n<\/ul><\/div>\n<\/p><\/div>\n<\/p><\/div>\n<div style='display: flex; flex-wrap: wrap; gap: 30px; margin-bottom: 30px;'>\n<div style='flex: 1 1 300px; min-width: 280px;'>\n<h3 style='font-size: 22px; border-bottom: 2px solid currentColor; padding-bottom: 5px; margin-top: 0; color: inherit; opacity: 0.8;'>Detalles Adicionales<\/h3>\n<ul style='padding-left: 20px; font-size: 15px; color: inherit;'>\n<li style='margin-bottom: 5px;'>El amplificador EP43-B5-ABSE es de banda sencilla&comma; s\u00f3lo amplifica la banda de 850 MHz<\/li>\n<li style='margin-bottom: 5px;'>En la siguiente imagen se resalta lo que puede mejorar<\/li>\n<\/ul><\/div>\n<\/p><\/div>\n<div style='width: 100%; margin-bottom: 30px;'> <img style='width: 100%; height: auto; border: 1px solid rgba(150&comma;150&comma;150&comma;0.3); border-radius: 8px;' src='https:\/\/ftp3.syscom.mx\/usuarios\/fotos\/CRSOG08WB\/13965-diagrama_de_funcionamiento..png' alt=''> <\/div>\n<div style='width: 100%; margin-bottom: 30px;'> <img style='width: 100%; height: auto; border: 1px solid rgba(150&comma;150&comma;150&comma;0.3); border-radius: 8px;' src='https:\/\/ftp3.syscom.mx\/usuarios\/amarquez\/AdSC\/Fotos%20y%20diagramas%20para%20AdSC\/850%20MHz%20Bandas%20de%20frecuencia%20y%20tecnologias.png' alt=''> <\/div>\n<hr style='border: 0; border-top: 1px solid rgba(150&comma; 150&comma; 150&comma; 0.3); margin: 30px 0;'> <\/div>\n","protected":false},"excerpt":{"rendered":"<p>(HASTA 5 KIL\u00d3METROS) Amplificador de Se\u00f1al Celular de ALTA POTENCIA: Especial para Crear una Zona Celular en \u00c1reas Rurales o Comunidades Alejadas. 95 dB de Ganancia, 20 Watts de Potencia, 850 MHz.<\/p>\n","protected":false},"featured_media":57131,"comment_status":"open","ping_status":"closed","template":"","meta":[],"product_brand":[],"product_cat":[1570,1552],"product_tag":[1535,1571,1553,935],"class_list":{"0":"post-57132","1":"product","2":"type-product","3":"status-publish","4":"has-post-thumbnail","6":"product_cat-amplificadores-de-senal-celular-adsc","7":"product_cat-cobertura-para-celular-4g-lte","8":"product_tag-3g-y-voz","9":"product_tag-amplificadores-de-senal-celular-adsc","10":"product_tag-cobertura-para-celular-4g-lte","11":"product_tag-epcom","13":"first","14":"outofstock","15":"sale","16":"shipping-taxable","17":"purchasable","18":"product-type-simple"},"_links":{"self":[{"href":"https:\/\/soydeaqui.ddns.net\/pachuca\/index.php\/wp-json\/wp\/v2\/product\/57132","targetHints":{"allow":["GET"]}}],"collection":[{"href":"https:\/\/soydeaqui.ddns.net\/pachuca\/index.php\/wp-json\/wp\/v2\/product"}],"about":[{"href":"https:\/\/soydeaqui.ddns.net\/pachuca\/index.php\/wp-json\/wp\/v2\/types\/product"}],"replies":[{"embeddable":true,"href":"https:\/\/soydeaqui.ddns.net\/pachuca\/index.php\/wp-json\/wp\/v2\/comments?post=57132"}],"wp:featuredmedia":[{"embeddable":true,"href":"https:\/\/soydeaqui.ddns.net\/pachuca\/index.php\/wp-json\/wp\/v2\/media\/57131"}],"wp:attachment":[{"href":"https:\/\/soydeaqui.ddns.net\/pachuca\/index.php\/wp-json\/wp\/v2\/media?parent=57132"}],"wp:term":[{"taxonomy":"product_brand","embeddable":true,"href":"https:\/\/soydeaqui.ddns.net\/pachuca\/index.php\/wp-json\/wp\/v2\/product_brand?post=57132"},{"taxonomy":"product_cat","embeddable":true,"href":"https:\/\/soydeaqui.ddns.net\/pachuca\/index.php\/wp-json\/wp\/v2\/product_cat?post=57132"},{"taxonomy":"product_tag","embeddable":true,"href":"https:\/\/soydeaqui.ddns.net\/pachuca\/index.php\/wp-json\/wp\/v2\/product_tag?post=57132"}],"curies":[{"name":"wp","href":"https:\/\/api.w.org\/{rel}","templated":true}]}}