{"id":57122,"date":"2026-03-19T03:47:05","date_gmt":"2026-03-19T03:47:05","guid":{"rendered":"https:\/\/soydeaqui.ddns.net\/pachuca\/index.php\/producto\/bomba-sumergible-de-achique-serie-gold-de-2000-galones-por-hora-a-12-volts-de-corriente-directa\/"},"modified":"2026-03-19T03:47:06","modified_gmt":"2026-03-19T03:47:06","slug":"bomba-sumergible-de-achique-serie-gold-de-2000-galones-por-hora-a-12-volts-de-corriente-directa","status":"publish","type":"product","link":"https:\/\/soydeaqui.ddns.net\/pachuca\/index.php\/producto\/bomba-sumergible-de-achique-serie-gold-de-2000-galones-por-hora-a-12-volts-de-corriente-directa\/","title":{"rendered":"Bomba sumergible de achique serie gold de 2000 galones por hora a 12 Volts de corriente directa."},"content":{"rendered":"<div style='width: 100%; max-width: 1200px; margin: 0 auto; font-family: sans-serif; line-height: 1.6; color: inherit; background-color: transparent;'>\n<div style='display: flex; flex-wrap: wrap; gap: 30px; margin-bottom: 30px;'>\n<div style='flex: 1 1 300px; min-width: 280px;'>\n<h3 style='font-size: 22px; border-bottom: 2px solid currentColor; padding-bottom: 5px; margin-top: 0; color: inherit; opacity: 0.8;'>Descripci\u00f3n<\/h3>\n<p style='font-size: 15px; margin-top: 0; margin-bottom: 15px; color: inherit;'>Mantener la sentina libre de agua es el objetivo n\u00famero uno de las bombas de sentina est\u00e1ndar Rule. La ingenier\u00eda y las pruebas rigurosas garantizan que las bombas puedan ofrecer de manera eficiente el flujo m\u00e1s alto incluso en las aplicaciones m\u00e1s desafiantes.<\/p>\n<p style='font-size: 15px; margin-top: 0; margin-bottom: 15px; color: inherit;'>Las bombas de achique est\u00e1ndar Rule son productos independientes con interruptores que se venden por separado. Las bombas se pueden combinar con un flotador o un interruptor de panel&comma; lo que proporciona un nivel adicional de seguridad y protecci\u00f3n.<\/p>\n<\/p><\/div>\n<\/p><\/div>\n<div style='display: flex; flex-wrap: wrap; gap: 20px; margin-bottom: 30px;'>\n<div style='flex: 1 1 250px; border: 1px solid rgba(150&comma; 150&comma; 150&comma; 0.4); border-radius: 8px; overflow: hidden; display: flex; flex-direction: column;'>\n<div style='padding: 15px; border-bottom: 1px solid rgba(150&comma; 150&comma; 150&comma; 0.2); font-weight: bold; font-size: 18px; color: inherit;'>Caracter\u00edsticas<\/div>\n<div style='padding: 15px; color: inherit;'>\n<ul style='padding-left: 20px; margin: 0; font-size: 14px; list-style-type: disc;'>\n<li style='margin-bottom: 5px;'>Tasa de desague de 2000 GPH.<\/li>\n<li style='margin-bottom: 5px;'>Versi\u00f3n de 12 Vcd.<\/li>\n<li style='margin-bottom: 5px;'>Construido con un motor compacto&comma; eficiente y de larga duraci\u00f3n&comma; con capacidad de operar en seco en periodos cortos.<\/li>\n<li style='margin-bottom: 5px;'>Base de filtro de f\u00e1cil limpieza y cierre a presi\u00f3n.<\/li>\n<li style='margin-bottom: 5px;'>Fabricado con ejes de acero inoxidable completamente sumergibles.<\/li>\n<li style='margin-bottom: 5px;'>Cableado de alta calidad en grado marino.<\/li>\n<li style='margin-bottom: 5px;'>Cuenta con protecci\u00f3n contra \u00f3xido y corrosi\u00f3n.<\/li>\n<li style='margin-bottom: 5px;'>Integra una protecci\u00f3n de desconexi\u00f3n t\u00e9rmica (TCO) integrada la cual proporciona una protecci\u00f3n adicional.<\/li>\n<li style='margin-bottom: 5px;'>Funcionamiento silencioso de m\u00ednima vibraci\u00f3n.<\/li>\n<li style='margin-bottom: 5px;'>Ofrece una protecci\u00f3n contra ignici\u00f3n.<\/li>\n<li style='margin-bottom: 5px;'>Certificado CE e ISO 8849.<\/li>\n<\/ul><\/div>\n<\/p><\/div>\n<div style='flex: 1 1 250px; border: 1px solid rgba(150&comma; 150&comma; 150&comma; 0.4); border-radius: 8px; overflow: hidden; display: flex; flex-direction: column;'>\n<div style='padding: 15px; border-bottom: 1px solid rgba(150&comma; 150&comma; 150&comma; 0.2); font-weight: bold; font-size: 18px; color: inherit;'>Especificaciones<\/div>\n<div style='padding: 15px; color: inherit;'>\n<ul style='padding-left: 20px; margin: 0; font-size: 14px; list-style-type: disc;'>\n<li style='margin-bottom: 5px;'><strong>Dimensiones:<\/strong> 155 mm de alto&comma; 105 mm de di\u00e1metro de base<\/li>\n<li style='margin-bottom: 5px;'><strong>Peso:<\/strong> 1&comma;45 kg (aprox. 1&comma;95 kg embalado)<\/li>\n<\/ul><\/div>\n<\/p><\/div>\n<\/p><\/div>\n<div style='display: flex; flex-wrap: wrap; gap: 30px; margin-bottom: 30px;'>\n<div style='flex: 1 1 300px; min-width: 280px;'>\n<h3 style='font-size: 22px; border-bottom: 2px solid currentColor; padding-bottom: 5px; margin-top: 0; color: inherit; opacity: 0.8;'>Logo<\/h3>\n<p> <img style='width: 100%; height: auto; border: 1px solid rgba(150&comma;150&comma;150&comma;0.3); border-radius: 8px;' src='https:\/\/www.jabscoshop.com\/images\/Rule_Logo.jpg' alt='Rule Logo'> <\/div>\n<div style='flex: 1 1 300px; min-width: 280px;'>\n<h3 style='font-size: 22px; border-bottom: 2px solid currentColor; padding-bottom: 5px; margin-top: 0; color: inherit; opacity: 0.8;'>Imagen del producto<\/h3>\n<p> <img style='width: 100%; height: auto; border: 1px solid rgba(150&comma;150&comma;150&comma;0.3); border-radius: 8px;' src='data:image\/jpeg;base64&comma;\/9j\/4AAQSkZJRgABAQAAAQABAAD\/2wCEAAkGBw8SEhUSExIWERUQFRIQFRUSERAVFRUVFRUXFxUVFRUYHiggGBolGxUVITEhJSkrLi4uFx8zODMtNygtLisBCgoKDg0OGhAQGi0lIB4tLjAtLTUtLS0tLzIrLy0tLSsvLS0tLSsrLS0rMi0vLS0tLS0tLS0tLS0tLS0tLTUtK\/\/AABEIAP4AxwMBIgACEQEDEQH\/xAAcAAEAAQUBAQAAAAAAAAAAAAAABQECAwQGBwj\/xABCEAABAwIEAQgGBwcEAwEAAAABAAIDBBEFEiExQQYHEyJRYXGBFCMykaGxM0JSYrLB0TRTcoKSouEXJJPwFnPSFf\/EABkBAQEBAQEBAAAAAAAAAAAAAAABAgMEBf\/EACgRAQACAQMEAgAHAQAAAAAAAAABAhEDEjEEEyFRQWEiMnGBkaHhQv\/EABkBAQEBAQEBAAAAAAAAAAAAAAABAgMEBf\/EACQRAAECBAQCAgMAAAAAAAAAAAABEQIDITEEEjFBUWGBkf\/EABQRAQAAAAAAAAAAAAAAAAAAAAAf\/8QAIhEAAgIBBAMBAQAAAAAAAAAAAAECEQMSITEEE1EiYf\/EABQRAQAAAAAAAAAAAAAAAAAAAAAf\/8QAIAQCAQMBAAAAAAAAAAAAAAAAAAECEQMSMf\/EACQRAAIBAgUFAAEFAAAAAAAAAAABEQIhMQQxQVHwYXGBkf\/EABQRAQAAAAAAAAAAAAAAAAAAAAAf\/8QAIhEAAgIBBAMBAQAAAAAAAAAAAAECEQMSITEEElEi\/8QAFhEBAQEAAAAAAAAAAAAAAAAAAAAx\/8QAGhEAAgIDAQAAAAAAAAAAAAAAAAECEQMSMf\/EABsRAAEFAQEBAQAAAAAAAAAAAAABAgMEEQUG\/8QAMREAAgIBAwMCBQMDAwUAAAAAAAECEQMEIRIxBFFhE3GBkaHwEzKxwdEUIuHxBRUjQv\/EABsBAQACAwEBAAAAAAAAAAAAAAABAgMEBQYH\/8QANhEAAgECBAQDBQYFAwUAAAAAAAECEQMEIRIxBUETIlFhcdHwBjKBkqHB4fEUIzNSYv\/EABgBAQEBAQEAAAAAAAAAAAAAAAABAgMEBv\/EACgRAQACAgEEAgICAwAAAAAAAAABEQIhAxIxE0FhBBQiUXGB\/8QAFQEBAQAAAAAAAAAAAAAAAAAAAAf\/xAAZEQEBAQEBAQAAAAAAAAAAAAAAAREhMUH\/2gAMAwEAAhEDEQA\/AL+AB\/\/Z' alt='Rule 09 - Rule 2000 Gold Series Submersible'> <\/div>\n<\/p><\/div>\n<hr style='border: 0; border-top: 1px solid rgba(150&comma; 150&comma; 150&comma; 0.3); margin: 30px 0;'> <\/div>\n","protected":false},"excerpt":{"rendered":"<p>Bomba sumergible de achique serie gold de 2000 galones por hora a 12 Volts de corriente directa.<\/p>\n","protected":false},"featured_media":57121,"comment_status":"open","ping_status":"closed","template":"","meta":[],"product_brand":[],"product_cat":[1541],"product_tag":[1542,1499,1172],"class_list":{"0":"post-57122","1":"product","2":"type-product","3":"status-publish","4":"has-post-thumbnail","6":"product_cat-equipos-para-pesca-comercial-y-recreativa","7":"product_tag-equipos-para-pesca-comercial-y-recreativa","8":"product_tag-rule","9":"product_tag-soluciones-marinas","11":"first","12":"instock","13":"sale","14":"shipping-taxable","15":"purchasable","16":"product-type-simple"},"_links":{"self":[{"href":"https:\/\/soydeaqui.ddns.net\/pachuca\/index.php\/wp-json\/wp\/v2\/product\/57122","targetHints":{"allow":["GET"]}}],"collection":[{"href":"https:\/\/soydeaqui.ddns.net\/pachuca\/index.php\/wp-json\/wp\/v2\/product"}],"about":[{"href":"https:\/\/soydeaqui.ddns.net\/pachuca\/index.php\/wp-json\/wp\/v2\/types\/product"}],"replies":[{"embeddable":true,"href":"https:\/\/soydeaqui.ddns.net\/pachuca\/index.php\/wp-json\/wp\/v2\/comments?post=57122"}],"wp:featuredmedia":[{"embeddable":true,"href":"https:\/\/soydeaqui.ddns.net\/pachuca\/index.php\/wp-json\/wp\/v2\/media\/57121"}],"wp:attachment":[{"href":"https:\/\/soydeaqui.ddns.net\/pachuca\/index.php\/wp-json\/wp\/v2\/media?parent=57122"}],"wp:term":[{"taxonomy":"product_brand","embeddable":true,"href":"https:\/\/soydeaqui.ddns.net\/pachuca\/index.php\/wp-json\/wp\/v2\/product_brand?post=57122"},{"taxonomy":"product_cat","embeddable":true,"href":"https:\/\/soydeaqui.ddns.net\/pachuca\/index.php\/wp-json\/wp\/v2\/product_cat?post=57122"},{"taxonomy":"product_tag","embeddable":true,"href":"https:\/\/soydeaqui.ddns.net\/pachuca\/index.php\/wp-json\/wp\/v2\/product_tag?post=57122"}],"curies":[{"name":"wp","href":"https:\/\/api.w.org\/{rel}","templated":true}]}}