{"id":57072,"date":"2026-03-19T03:45:22","date_gmt":"2026-03-19T03:45:22","guid":{"rendered":"https:\/\/soydeaqui.ddns.net\/pachuca\/index.php\/producto\/skylla-tg-24-80-cargador-de-baterias-para-ambientes-marinos-24-v-80-a-bancos-de-400-a-800-ah\/"},"modified":"2026-03-19T03:45:32","modified_gmt":"2026-03-19T03:45:32","slug":"skylla-tg-24-80-cargador-de-baterias-para-ambientes-marinos-24-v-80-a-bancos-de-400-a-800-ah","status":"publish","type":"product","link":"https:\/\/soydeaqui.ddns.net\/pachuca\/index.php\/producto\/skylla-tg-24-80-cargador-de-baterias-para-ambientes-marinos-24-v-80-a-bancos-de-400-a-800-ah\/","title":{"rendered":"Skylla-TG 24\/80 \/ Cargador de Bater\u00edas para Ambientes Marinos 24 V, 80 A \/ Bancos de 400 a 800 Ah"},"content":{"rendered":"<div style='width: 100%; max-width: 1200px; margin: 0 auto; font-family: sans-serif; line-height: 1.6; color: inherit; background-color: transparent;'>\n<div style='display: flex; flex-wrap: wrap; gap: 30px; margin-bottom: 30px;'>\n<div style='flex: 1 1 300px; min-width: 280px;'>\n<h3 style='font-size: 22px; border-bottom: 2px solid currentColor; padding-bottom: 5px; margin-top: 0; color: inherit; opacity: 0.8;'>Caracter\u00edsticas Generales<\/h3>\n<ul style='padding-left: 20px; font-size: 15px; color: inherit;'>\n<li style='margin-bottom: 5px;'>Cargador Skylla de 24 V con entrada a 230 V<\/li>\n<li style='margin-bottom: 5px;'>Cargadores perfectos para todo tipo de bater\u00edas<\/li>\n<li style='margin-bottom: 5px;'>La tensi\u00f3n de carga se puede ajustar con precisi\u00f3n para adaptarse a todos los tipos de bater\u00edas&comma; abiertas o selladas<\/li>\n<li style='margin-bottom: 5px;'>Las bater\u00edas selladas sin mantenimiento requieren una carga especialmente precisa para una buena duraci\u00f3n de vida<\/li>\n<\/ul><\/div>\n<div style='flex: 1 1 300px; min-width: 280px;'>\n<h3 style='font-size: 22px; border-bottom: 2px solid currentColor; padding-bottom: 5px; margin-top: 0; color: inherit; opacity: 0.8;'>Carga Regulada<\/h3>\n<ul style='padding-left: 20px; font-size: 15px; color: inherit;'>\n<li style='margin-bottom: 5px;'>Tres etapas de carga controladas con precisi\u00f3n por microprocesador<\/li>\n<li style='margin-bottom: 5px;'>Curva de carga IUoUo para carga m\u00e1s r\u00e1pida y segura<\/li>\n<li style='margin-bottom: 5px;'>Duraci\u00f3n de absorci\u00f3n ajustable mediante interruptor<\/li>\n<li style='margin-bottom: 5px;'>Funci\u00f3n &#8216;Intelligent Startup&#8217; evita iniciar un ciclo de carga completo en bater\u00eda ya cargada<\/li>\n<\/ul><\/div>\n<div style='flex: 1 1 300px; min-width: 280px;'>\n<h3 style='font-size: 22px; border-bottom: 2px solid currentColor; padding-bottom: 5px; margin-top: 0; color: inherit; opacity: 0.8;'>Doble Salida<\/h3>\n<ul style='padding-left: 20px; font-size: 15px; color: inherit;'>\n<li style='margin-bottom: 5px;'>Dos salidas aisladas en modelos de 24 V<\/li>\n<li style='margin-bottom: 5px;'>Segunda salida para carga de mantenimiento de bater\u00eda de arranque o auxiliar<\/li>\n<li style='margin-bottom: 5px;'>Salida secundaria limitada a 4 amperios con voltaje ligeramente inferior<\/li>\n<\/ul><\/div>\n<\/p><\/div>\n<p> <!-- Separador --> <\/p>\n<hr style='border: 0; border-top: 1px solid rgba(150&comma; 150&comma; 150&comma; 0.3); margin: 30px 0;'> <\/div>\n","protected":false},"excerpt":{"rendered":"<p>Skylla-TG 24\/80 \/ Cargador de Bater\u00edas para Ambientes Marinos 24 V, 80 A \/ Bancos de 400 a 800 Ah<\/p>\n","protected":false},"featured_media":57071,"comment_status":"open","ping_status":"closed","template":"","meta":[],"product_brand":[],"product_cat":[1171],"product_tag":[1173,1172,1174],"class_list":{"0":"post-57072","1":"product","2":"type-product","3":"status-publish","4":"has-post-thumbnail","6":"product_cat-fuentes-cargadores","7":"product_tag-fuentes-cargadores","8":"product_tag-soluciones-marinas","9":"product_tag-victron-energy","11":"first","12":"outofstock","13":"sale","14":"shipping-taxable","15":"purchasable","16":"product-type-simple"},"_links":{"self":[{"href":"https:\/\/soydeaqui.ddns.net\/pachuca\/index.php\/wp-json\/wp\/v2\/product\/57072","targetHints":{"allow":["GET"]}}],"collection":[{"href":"https:\/\/soydeaqui.ddns.net\/pachuca\/index.php\/wp-json\/wp\/v2\/product"}],"about":[{"href":"https:\/\/soydeaqui.ddns.net\/pachuca\/index.php\/wp-json\/wp\/v2\/types\/product"}],"replies":[{"embeddable":true,"href":"https:\/\/soydeaqui.ddns.net\/pachuca\/index.php\/wp-json\/wp\/v2\/comments?post=57072"}],"wp:featuredmedia":[{"embeddable":true,"href":"https:\/\/soydeaqui.ddns.net\/pachuca\/index.php\/wp-json\/wp\/v2\/media\/57071"}],"wp:attachment":[{"href":"https:\/\/soydeaqui.ddns.net\/pachuca\/index.php\/wp-json\/wp\/v2\/media?parent=57072"}],"wp:term":[{"taxonomy":"product_brand","embeddable":true,"href":"https:\/\/soydeaqui.ddns.net\/pachuca\/index.php\/wp-json\/wp\/v2\/product_brand?post=57072"},{"taxonomy":"product_cat","embeddable":true,"href":"https:\/\/soydeaqui.ddns.net\/pachuca\/index.php\/wp-json\/wp\/v2\/product_cat?post=57072"},{"taxonomy":"product_tag","embeddable":true,"href":"https:\/\/soydeaqui.ddns.net\/pachuca\/index.php\/wp-json\/wp\/v2\/product_tag?post=57072"}],"curies":[{"name":"wp","href":"https:\/\/api.w.org\/{rel}","templated":true}]}}