{"id":57049,"date":"2026-03-19T03:44:38","date_gmt":"2026-03-19T03:44:38","guid":{"rendered":"https:\/\/soydeaqui.ddns.net\/pachuca\/index.php\/producto\/divisor-de-potencia-de-4-salidas-50-ohm-600-4000mhz-con-conectores-n-hembra\/"},"modified":"2026-03-19T03:44:38","modified_gmt":"2026-03-19T03:44:38","slug":"divisor-de-potencia-de-4-salidas-50-ohm-600-4000mhz-con-conectores-n-hembra","status":"publish","type":"product","link":"https:\/\/soydeaqui.ddns.net\/pachuca\/index.php\/producto\/divisor-de-potencia-de-4-salidas-50-ohm-600-4000mhz-con-conectores-n-hembra\/","title":{"rendered":"Divisor de potencia de 4 salidas, 50 Ohm, 600-4000MHz con conectores N-Hembra."},"content":{"rendered":"<div style='width: 100%; max-width: 1200px; margin: 0 auto; font-family: sans-serif; line-height: 1.6; color: inherit; background-color: transparent;'>\n<div style='display: flex; flex-wrap: wrap; gap: 30px; margin-bottom: 30px;'>\n<div style='flex: 1 1 300px; min-width: 280px;'>\n<h3 style='font-size: 22px; border-bottom: 2px solid currentColor; padding-bottom: 5px; margin-top: 0; color: inherit; opacity: 0.8;'>Descripci\u00f3n<\/h3>\n<ul style='padding-left: 20px; font-size: 15px; color: inherit;'>\n<li style='margin-bottom: 5px;'>Divisor de potencia de 4 v\u00edas&comma; impedancia de 50 Ohm y conector N-Hembra<\/li>\n<li style='margin-bottom: 5px;'>Rango de frecuencia: 600 MHz &#8211; 4000 MHz<\/li>\n<li style='margin-bottom: 5px;'>-6 dB de p\u00e9rdida por cada salida<\/li>\n<li style='margin-bottom: 5px;'>Para usarse en sistemas de distribuci\u00f3n de la se\u00f1al para dividir la se\u00f1al amplificada con m\u00ednimo de p\u00e9rdida<\/li>\n<li style='margin-bottom: 5px;'>La misma cantidad de se\u00f1al es enviada a varias antenas para \u00e1reas de cobertura similares<\/li>\n<\/ul><\/div>\n<\/p><\/div>\n<div style='display: flex; flex-wrap: wrap; gap: 20px; margin-bottom: 30px;'>\n<div style='flex: 1 1 250px; border: 1px solid rgba(150&comma; 150&comma; 150&comma; 0.4); border-radius: 8px; overflow: hidden; display: flex; flex-direction: column;'>\n<div style='padding: 15px; border-bottom: 1px solid rgba(150&comma; 150&comma; 150&comma; 0.2); font-weight: bold; font-size: 18px; color: inherit;'>Caracter\u00edsticas T\u00e9cnicas<\/div>\n<div style='padding: 15px; color: inherit;'>\n<ul style='padding-left: 20px; margin: 0; font-size: 14px; list-style-type: disc;'>\n<li style='margin-bottom: 5px;'><strong>Tipo:<\/strong> Divisor de potencia de 4 v\u00edas<\/li>\n<li style='margin-bottom: 5px;'><strong>Impedancia:<\/strong> 50 ohm<\/li>\n<li style='margin-bottom: 5px;'><strong>Conector:<\/strong> N-hembra<\/li>\n<li style='margin-bottom: 5px;'><strong>Rango de frecuencia:<\/strong> 600 MHz &#8211; 4000 MHz<\/li>\n<li style='margin-bottom: 5px;'><strong>P\u00e9rdida por salida:<\/strong> -6 dB<\/li>\n<\/ul><\/div>\n<\/p><\/div>\n<\/p><\/div>\n<hr style='border: 0; border-top: 1px solid rgba(150&comma; 150&comma; 150&comma; 0.3); margin: 30px 0;'> <\/div>\n","protected":false},"excerpt":{"rendered":"<p>Divisor de potencia de 4 salidas, 50 Ohm, 600-4000MHz con conectores N-Hembra.<\/p>\n","protected":false},"featured_media":57048,"comment_status":"open","ping_status":"closed","template":"","meta":[],"product_brand":[],"product_cat":[1531,1532,1552],"product_tag":[1535,1404,1536,1553,1525],"class_list":{"0":"post-57049","1":"product","2":"type-product","3":"status-publish","4":"has-post-thumbnail","6":"product_cat-antenas-3g-y-voz","7":"product_cat-cables-y-accesorios","8":"product_cat-cobertura-para-celular-4g-lte","9":"product_tag-3g-y-voz","10":"product_tag-antenas","11":"product_tag-cables-y-accesorios","12":"product_tag-cobertura-para-celular-4g-lte","13":"product_tag-wilsonpro-weboost","15":"first","16":"instock","17":"sale","18":"shipping-taxable","19":"purchasable","20":"product-type-simple"},"_links":{"self":[{"href":"https:\/\/soydeaqui.ddns.net\/pachuca\/index.php\/wp-json\/wp\/v2\/product\/57049","targetHints":{"allow":["GET"]}}],"collection":[{"href":"https:\/\/soydeaqui.ddns.net\/pachuca\/index.php\/wp-json\/wp\/v2\/product"}],"about":[{"href":"https:\/\/soydeaqui.ddns.net\/pachuca\/index.php\/wp-json\/wp\/v2\/types\/product"}],"replies":[{"embeddable":true,"href":"https:\/\/soydeaqui.ddns.net\/pachuca\/index.php\/wp-json\/wp\/v2\/comments?post=57049"}],"wp:featuredmedia":[{"embeddable":true,"href":"https:\/\/soydeaqui.ddns.net\/pachuca\/index.php\/wp-json\/wp\/v2\/media\/57048"}],"wp:attachment":[{"href":"https:\/\/soydeaqui.ddns.net\/pachuca\/index.php\/wp-json\/wp\/v2\/media?parent=57049"}],"wp:term":[{"taxonomy":"product_brand","embeddable":true,"href":"https:\/\/soydeaqui.ddns.net\/pachuca\/index.php\/wp-json\/wp\/v2\/product_brand?post=57049"},{"taxonomy":"product_cat","embeddable":true,"href":"https:\/\/soydeaqui.ddns.net\/pachuca\/index.php\/wp-json\/wp\/v2\/product_cat?post=57049"},{"taxonomy":"product_tag","embeddable":true,"href":"https:\/\/soydeaqui.ddns.net\/pachuca\/index.php\/wp-json\/wp\/v2\/product_tag?post=57049"}],"curies":[{"name":"wp","href":"https:\/\/api.w.org\/{rel}","templated":true}]}}