{"id":57046,"date":"2026-03-19T03:44:32","date_gmt":"2026-03-19T03:44:32","guid":{"rendered":"https:\/\/soydeaqui.ddns.net\/pachuca\/index.php\/producto\/blue-smart-ip65-12-10-cargador-de-baterias-12v-10a-para-ambientes-marinos-y-terrestres-para-baterias-de-plomo-y-litio\/"},"modified":"2026-03-19T03:44:35","modified_gmt":"2026-03-19T03:44:35","slug":"blue-smart-ip65-12-10-cargador-de-baterias-12v-10a-para-ambientes-marinos-y-terrestres-para-baterias-de-plomo-y-litio","status":"publish","type":"product","link":"https:\/\/soydeaqui.ddns.net\/pachuca\/index.php\/producto\/blue-smart-ip65-12-10-cargador-de-baterias-12v-10a-para-ambientes-marinos-y-terrestres-para-baterias-de-plomo-y-litio\/","title":{"rendered":"Blue Smart IP65 12\/10 \/ Cargador de Bater\u00edas 12V, 10A \/ Para Ambientes Marinos y Terrestres. \/  Para bater\u00edas de Plomo y Litio"},"content":{"rendered":"<div style='width: 100%; max-width: 1200px; margin: 0 auto; font-family: sans-serif; line-height: 1.6; color: inherit; background-color: transparent;'> <!-- Secci\u00f3n de descripci\u00f3n principal --> <\/p>\n<div style='margin-bottom: 30px;'>\n<h2 style='font-size: 24px; margin-top: 0; color: inherit; opacity: 0.9;'>Cargador de Bater\u00edas 12V 10A IP65<\/h2>\n<p style='font-size: 15px; color: inherit; opacity: 0.8; margin-top: 15px; margin-bottom: 15px;'>El cargador Blue Smart IP65 es el nuevo cargador de bater\u00edas profesional con Bluetooth integrado. El cargador Blue Smart IP65 puede usarse en dispositivos tanto en su taller como en veh\u00edculos a motor&comma; como en coches (cl\u00e1sicos)&comma; motocicletas&comma; barcos y autocaravanas.<\/p>\n<h3 style='font-size: 20px; border-bottom: 2px solid currentColor; padding-bottom: 5px; margin-top: 25px; color: inherit; opacity: 0.85;'>La bater\u00eda se carga de forma inteligente&#8230; hasta alcanzar las condiciones perfectas<\/h3>\n<p style='font-size: 15px; color: inherit; opacity: 0.8; margin-top: 15px; margin-bottom: 15px;'>El algoritmo de carga de siete etapas saca lo mejor de su bater\u00eda. El cargador le proporciona a la bater\u00eda la potencia que necesita&comma; mantiene su buen estado&comma; garantiza un mejor rendimiento&#8230; y una vida \u00fatil mayor.<\/p>\n<h3 style='font-size: 20px; border-bottom: 2px solid currentColor; padding-bottom: 5px; margin-top: 25px; color: inherit; opacity: 0.85;'>Recuperaci\u00f3n de bater\u00edas &#8216;muertas&#8217; profundamente descargadas<\/h3>\n<p style='font-size: 15px; color: inherit; opacity: 0.8; margin-top: 15px; margin-bottom: 15px;'>Al contrario que otras marcas&comma; el cargador Blue Smart IP65 intentar\u00e1 recargar una bater\u00eda profundamente descargada aliment\u00e1ndola a la fuerza a baja corriente. Entonces&comma; tan pronto como haya suficiente tensi\u00f3n en los terminales de las bater\u00edas&comma; volver\u00e1 a cargarla normalmente.<\/p>\n<h3 style='font-size: 20px; border-bottom: 2px solid currentColor; padding-bottom: 5px; margin-top: 25px; color: inherit; opacity: 0.85;'>Conecte la bater\u00eda f\u00e1cilmente<\/h3>\n<p style='font-size: 15px; color: inherit; opacity: 0.8; margin-top: 15px; margin-bottom: 15px;'>El cargador viene tanto con pinzas de cocodrilo como con terminales de ojal M8 &#8211; lo que facilita la conexi\u00f3n de la bater\u00eda. Si lo desea&comma; puede dejarlo conectado permanentemente.<\/p>\n<h3 style='font-size: 20px; border-bottom: 2px solid currentColor; padding-bottom: 5px; margin-top: 25px; color: inherit; opacity: 0.85;'>Compruebe el estado de su bater\u00eda de forma remota<\/h3>\n<p style='font-size: 15px; color: inherit; opacity: 0.8; margin-top: 15px; margin-bottom: 15px;'>El cargador Blue Smart IP65 dispone de Bluetooth incorporado&comma; de manera que el estado de la bater\u00eda puede comprobarse desde un smartphone&comma; una tableta o un ordenador port\u00e1til. Con la app VictronConnect se pueden configurar todos los par\u00e1metros del cargador.<\/p>\n<\/p><\/div>\n<p> <!-- Secci\u00f3n de especificaciones --> <\/p>\n<div style='display: flex; flex-wrap: wrap; gap: 20px; margin-bottom: 30px;'>\n<div style='flex: 1 1 300px; min-width: 280px; border: 1px solid rgba(150&comma; 150&comma; 150&comma; 0.4); border-radius: 8px; overflow: hidden;'>\n<div style='padding: 15px; border-bottom: 1px solid rgba(150&comma; 150&comma; 150&comma; 0.2); font-weight: bold; font-size: 18px; color: inherit;'>Caracter\u00edsticas Principales<\/div>\n<div style='padding: 15px; color: inherit;'>\n<ul style='padding-left: 20px; margin: 0; font-size: 14px; list-style-type: disc; color: inherit;'>\n<li style='margin-bottom: 8px;'>Entrada 120 V y 60 Hz<\/li>\n<li style='margin-bottom: 8px;'>Una salida<\/li>\n<li style='margin-bottom: 8px;'>Carga en Tres Etapas con Compensaci\u00f3n de Temperatura<\/li>\n<li style='margin-bottom: 8px;'>Protecci\u00f3n contra polvo&comma; agua y productos qu\u00edmicos<\/li>\n<\/ul><\/div>\n<\/p><\/div>\n<div style='flex: 1 1 300px; min-width: 280px; border: 1px solid rgba(150&comma; 150&comma; 150&comma; 0.4); border-radius: 8px; overflow: hidden;'>\n<div style='padding: 15px; border-bottom: 1px solid rgba(150&comma; 150&comma; 150&comma; 0.2); font-weight: bold; font-size: 18px; color: inherit;'>Caracter\u00edsticas F\u00edsicas y El\u00e9ctricas<\/div>\n<div style='padding: 15px; color: inherit;'>\n<ul style='padding-left: 20px; margin: 0; font-size: 14px; list-style-type: disc; color: inherit;'>\n<li style='margin-bottom: 8px;'>Voltaje de Carga de Absorci\u00f3n: 14.4V Ajustable<\/li>\n<li style='margin-bottom: 8px;'>Voltaje de Carga Flotante: 13.8V Ajustable<\/li>\n<li style='margin-bottom: 8px;'>Corriente de Carga Nominal: 10A<\/li>\n<\/ul><\/div>\n<\/p><\/div>\n<div style='flex: 1 1 300px; min-width: 280px; border: 1px solid rgba(150&comma; 150&comma; 150&comma; 0.4); border-radius: 8px; overflow: hidden;'>\n<div style='padding: 15px; border-bottom: 1px solid rgba(150&comma; 150&comma; 150&comma; 0.2); font-weight: bold; font-size: 18px; color: inherit;'>Caracter\u00edsticas Adicionales<\/div>\n<div style='padding: 15px; color: inherit;'>\n<ul style='padding-left: 20px; margin: 0; font-size: 14px; list-style-type: disc; color: inherit;'>\n<li style='margin-bottom: 8px;'>Ultra alta eficiencia del 95%<\/li>\n<li style='margin-bottom: 8px;'>Modo para bater\u00edas de litio<\/li>\n<li style='margin-bottom: 8px;'>Protecci\u00f3n IP65<\/li>\n<li style='margin-bottom: 8px;'>Protecciones contra Polaridad inversa&comma; Cortocircuito de salida&comma; Sobretemperatura<\/li>\n<\/ul><\/div>\n<\/p><\/div>\n<\/p><\/div>\n<p> <!-- Secci\u00f3n final --> <\/p>\n<div style='margin-bottom: 30px;'>\n<p style='font-size: 15px; color: inherit; opacity: 0.8; margin-top: 15px; margin-bottom: 15px;'>Una instalaci\u00f3n sin complicaciones y un funcionamiento intuitivo hacen que el Cargador Centaur sea la elecci\u00f3n perfecta tanto para aplicaciones n\u00e1uticas como terrestres. Para m\u00e1s informaci\u00f3n y consultas&comma; visite: <a style='color: inherit; text-decoration: none; border-bottom: 1px dotted;' href='https:\/\/www.victronenergy.com' target='_blank'>Victron Energy<\/a>.<\/p>\n<\/p><\/div>\n<p> <!-- Separador final --> <\/p>\n<hr style='border: 0; border-top: 1px solid rgba(150&comma; 150&comma; 150&comma; 0.3); margin: 30px 0;'> <\/div>\n","protected":false},"excerpt":{"rendered":"<p>Blue Smart IP65 12\/10 \/ Cargador de Bater\u00edas 12V, 10A \/ Para Ambientes Marinos y Terrestres. \/  Para bater\u00edas de Plomo y Litio<\/p>\n","protected":false},"featured_media":57045,"comment_status":"open","ping_status":"closed","template":"","meta":[],"product_brand":[],"product_cat":[1171],"product_tag":[1173,1172,1174],"class_list":{"0":"post-57046","1":"product","2":"type-product","3":"status-publish","4":"has-post-thumbnail","6":"product_cat-fuentes-cargadores","7":"product_tag-fuentes-cargadores","8":"product_tag-soluciones-marinas","9":"product_tag-victron-energy","11":"first","12":"outofstock","13":"sale","14":"shipping-taxable","15":"purchasable","16":"product-type-simple"},"_links":{"self":[{"href":"https:\/\/soydeaqui.ddns.net\/pachuca\/index.php\/wp-json\/wp\/v2\/product\/57046","targetHints":{"allow":["GET"]}}],"collection":[{"href":"https:\/\/soydeaqui.ddns.net\/pachuca\/index.php\/wp-json\/wp\/v2\/product"}],"about":[{"href":"https:\/\/soydeaqui.ddns.net\/pachuca\/index.php\/wp-json\/wp\/v2\/types\/product"}],"replies":[{"embeddable":true,"href":"https:\/\/soydeaqui.ddns.net\/pachuca\/index.php\/wp-json\/wp\/v2\/comments?post=57046"}],"wp:featuredmedia":[{"embeddable":true,"href":"https:\/\/soydeaqui.ddns.net\/pachuca\/index.php\/wp-json\/wp\/v2\/media\/57045"}],"wp:attachment":[{"href":"https:\/\/soydeaqui.ddns.net\/pachuca\/index.php\/wp-json\/wp\/v2\/media?parent=57046"}],"wp:term":[{"taxonomy":"product_brand","embeddable":true,"href":"https:\/\/soydeaqui.ddns.net\/pachuca\/index.php\/wp-json\/wp\/v2\/product_brand?post=57046"},{"taxonomy":"product_cat","embeddable":true,"href":"https:\/\/soydeaqui.ddns.net\/pachuca\/index.php\/wp-json\/wp\/v2\/product_cat?post=57046"},{"taxonomy":"product_tag","embeddable":true,"href":"https:\/\/soydeaqui.ddns.net\/pachuca\/index.php\/wp-json\/wp\/v2\/product_tag?post=57046"}],"curies":[{"name":"wp","href":"https:\/\/api.w.org\/{rel}","templated":true}]}}