{"id":57000,"date":"2026-03-19T03:43:10","date_gmt":"2026-03-19T03:43:10","guid":{"rendered":"https:\/\/soydeaqui.ddns.net\/pachuca\/index.php\/producto\/kit-plus-de-amplificador-de-senal-celular-5g-penta-banda-soporta-2g-3g-4g-y-5g-compatible-con-telcel-att-movistar-y-omv-cobertura-hasta-250-m2-incluye-antenas-jumpers-coaxiales-y-masti\/"},"modified":"2026-03-19T03:43:20","modified_gmt":"2026-03-19T03:43:20","slug":"kit-plus-de-amplificador-de-senal-celular-5g-penta-banda-soporta-2g-3g-4g-y-5g-compatible-con-telcel-att-movistar-y-omv-cobertura-hasta-250-m2-incluye-antenas-jumpers-coaxiales-y-masti","status":"publish","type":"product","link":"https:\/\/soydeaqui.ddns.net\/pachuca\/index.php\/producto\/kit-plus-de-amplificador-de-senal-celular-5g-penta-banda-soporta-2g-3g-4g-y-5g-compatible-con-telcel-att-movistar-y-omv-cobertura-hasta-250-m2-incluye-antenas-jumpers-coaxiales-y-masti\/","title":{"rendered":"Kit PLUS de Amplificador de Se\u00f1al Celular 5G \/ Penta Banda \/ Soporta 2G, 3G, 4G y 5G \/ Compatible con TELCEL, AT&#038;T, MOVISTAR y OMV \/ Cobertura hasta 250 m2 \/ Incluye Antenas, Jumpers coaxiales y m\u00e1stil."},"content":{"rendered":"<div style='width: 100%; max-width: 1200px; margin: 0 auto; font-family: sans-serif; line-height: 1.6; color: inherit; background-color: transparent;'>\n<div style='width: 100%; max-width: 1200px; margin: 0 auto; font-family: sans-serif; line-height: 1.6; color: inherit; background-color: transparent;'>\n<div style='margin-bottom: 30px;'>\n<p style='font-size: 18px; line-height: 1.6; margin-top: 0; margin-bottom: 0; color: inherit;'>El Kit PLUS de Amplificador de Se\u00f1al Celular EP-5G-PBT-PLUS tiene una mayor cobertura porque la antena panel quedar\u00eda como de servicio (para interior) y la CRDLP072711 para exterior&comma; adem\u00e1s el cable 9523 minimiza la p\u00e9rdida de se\u00f1al.<\/p>\n<\/p><\/div>\n<div style='margin-bottom: 30px;'>\n<h2 style='font-size: 24px; font-weight: 600; margin-top: 0; margin-bottom: 20px; color: inherit; opacity: 0.9;'>Incluye los siguientes componentes:<\/h2>\n<table style='width: 100%; border-collapse: collapse; border: 1px solid rgba(150&comma;150&comma;150&comma;0.3);'>\n<thead>\n<tr style='background-color: rgba(0&comma;0&comma;0&comma;0.05);'>\n<th style='padding: 12px; border: 1px solid rgba(150&comma;150&comma;150&comma;0.3); text-align: center; width: 10%; color: inherit;'>Cantidad<\/th>\n<th style='padding: 12px; border: 1px solid rgba(150&comma;150&comma;150&comma;0.3); text-align: center; width: 20%; color: inherit;'>Modelo<\/th>\n<th style='padding: 12px; border: 1px solid rgba(150&comma;150&comma;150&comma;0.3); text-align: left; width: 70%; color: inherit;'>Descripci\u00f3n<\/th>\n<\/tr>\n<\/thead>\n<tbody>\n<tr>\n<td style='padding: 12px; border: 1px solid rgba(150&comma;150&comma;150&comma;0.3); text-align: center; color: inherit;'>1<\/td>\n<td style='padding: 12px; border: 1px solid rgba(150&comma;150&comma;150&comma;0.3); text-align: center; color: inherit;'><a href='https:\/\/betaweb.syscom.mx\/products\/222306' style='color: inherit; text-decoration: underline;'>EP5GPBT<\/a><\/td>\n<td style='padding: 12px; border: 1px solid rgba(150&comma;150&comma;150&comma;0.3); color: inherit;'>Kit Aplificador de Se\u00f1al Celular Penta Banda<\/td>\n<\/tr>\n<tr>\n<td style='padding: 12px; border: 1px solid rgba(150&comma;150&comma;150&comma;0.3); text-align: center; color: inherit;'>1<\/td>\n<td style='padding: 12px; border: 1px solid rgba(150&comma;150&comma;150&comma;0.3); text-align: center; color: inherit;'><a href='https:\/\/betaweb.syscom.mx\/products\/94638\/072711' style='color: inherit; text-decoration: underline;'>CRDLP072711<\/a><\/td>\n<td style='padding: 12px; border: 1px solid rgba(150&comma;150&comma;150&comma;0.3); color: inherit;'>Antena Direccional Logar\u00edtmica<\/td>\n<\/tr>\n<tr>\n<td style='padding: 12px; border: 1px solid rgba(150&comma;150&comma;150&comma;0.3); text-align: center; color: inherit;'>1<\/td>\n<td style='padding: 12px; border: 1px solid rgba(150&comma;150&comma;150&comma;0.3); text-align: center; color: inherit;'><a href='https:\/\/betaweb.syscom.mx\/products\/163269\/150' style='color: inherit; text-decoration: underline;'>SMRP150CF<\/a><\/td>\n<td style='padding: 12px; border: 1px solid rgba(150&comma;150&comma;150&comma;0.3); color: inherit;'>M\u00e1stil Liviano de Pared de 1.5 m (Diam. 1-1\/4&#8242;)<\/td>\n<\/tr>\n<tr>\n<td style='padding: 12px; border: 1px solid rgba(150&comma;150&comma;150&comma;0.3); text-align: center; color: inherit;'>1<\/td>\n<td style='padding: 12px; border: 1px solid rgba(150&comma;150&comma;150&comma;0.3); text-align: center; color: inherit;'><a href='https:\/\/betaweb.syscom.mx\/products\/9375\/952350' style='color: inherit; text-decoration: underline;'>952350<\/a><\/td>\n<td style='padding: 12px; border: 1px solid rgba(150&comma;150&comma;150&comma;0.3); color: inherit;'>Jumper Coaxial de 50 Ohm con Cable Wilson-400&comma; conector N Macho en los extremos&comma; 15.24 m de longitud<\/td>\n<\/tr>\n<tr>\n<td style='padding: 12px; border: 1px solid rgba(150&comma;150&comma;150&comma;0.3); text-align: center; color: inherit;'>1<\/td>\n<td style='padding: 12px; border: 1px solid rgba(150&comma;150&comma;150&comma;0.3); text-align: center; color: inherit;'><a href='https:\/\/betaweb.syscom.mx\/products\/28417' style='color: inherit; text-decoration: underline;'>RSA3452<\/a><\/td>\n<td style='padding: 12px; border: 1px solid rgba(150&comma;150&comma;150&comma;0.3); color: inherit;'>Adaptador de Linea de Conector SMA Macho a N Hembra&comma; Niquel\/Oro<\/td>\n<\/tr>\n<\/tbody>\n<\/table><\/div>\n<div style='margin-bottom: 30px;'>\n<h2 style='font-size: 24px; font-weight: 600; margin-top: 0; margin-bottom: 20px; color: inherit; opacity: 0.9;'>Aplicaciones y Casos de Uso<\/h2>\n<div style='display: flex; flex-wrap: wrap; gap: 20px;'>\n<div style='flex: 1 1 300px; min-width: 280px; border: 1px solid rgba(150&comma;150&comma;150&comma;0.3); border-radius: 8px; overflow: hidden; display: flex; flex-direction: column;'>\n<div style='padding: 15px; border-bottom: 1px solid rgba(150&comma;150&comma;150&comma;0.2); font-weight: bold; font-size: 18px; color: inherit;'>Hogares<\/div>\n<div style='padding: 15px; color: inherit;'>\n<p style='margin: 0; font-size: 14px;'>Mejora la se\u00f1al celular en hogares&comma; especialmente en \u00e1reas donde la cobertura y comunicaci\u00f3n se ha visto afectada y limitada por la misma estructura de construcci\u00f3n del edificio.<\/p>\n<\/p><\/div>\n<\/p><\/div>\n<div style='flex: 1 1 300px; min-width: 280px; border: 1px solid rgba(150&comma;150&comma;150&comma;0.3); border-radius: 8px; overflow: hidden; display: flex; flex-direction: column;'>\n<div style='padding: 15px; border-bottom: 1px solid rgba(150&comma;150&comma;150&comma;0.2); font-weight: bold; font-size: 18px; color: inherit;'>Oficinas<\/div>\n<div style='padding: 15px; color: inherit;'>\n<p style='margin: 0; font-size: 14px;'>Optimiza la conectividad en oficinas&comma; permitiendo m\u00faltiples usuarios simult\u00e1neamente.<\/p>\n<\/p><\/div>\n<\/p><\/div>\n<div style='flex: 1 1 300px; min-width: 280px; border: 1px solid rgba(150&comma;150&comma;150&comma;0.3); border-radius: 8px; overflow: hidden; display: flex; flex-direction: column;'>\n<div style='padding: 15px; border-bottom: 1px solid rgba(150&comma;150&comma;150&comma;0.2); font-weight: bold; font-size: 18px; color: inherit;'>\u00c1reas Rurales<\/div>\n<div style='padding: 15px; color: inherit;'>\n<p style='margin: 0; font-size: 14px;'>Amplifica la se\u00f1al en zonas rurales donde la cobertura es d\u00e9bil o intermitente.<\/p>\n<\/p><\/div>\n<\/p><\/div>\n<\/p><\/div>\n<\/p><\/div>\n<div style='margin-bottom: 30px;'>\n<h2 style='font-size: 24px; font-weight: 600; margin-top: 0; margin-bottom: 20px; color: inherit; opacity: 0.9;'>Aplicaci\u00f3n (Network Cell Info Lite) para medir la intensidad de se\u00f1al celular con Android<\/h2>\n<p style='font-size: 16px; margin-bottom: 15px; color: inherit;'>Puede usar una aplicaci\u00f3n gratuita para Android que le permite medir la intensidad real de se\u00f1al celular en su ubicaci\u00f3n&comma; lo cual es \u00fatil para una buena soluci\u00f3n de amplificador. M\u00e1s informaci\u00f3n aqu\u00ed: <a href='https:\/\/soporte.syscom.mx\/es\/articles\/6106035-aplicacion-app-para-medir-la-intensidad-de-senal-celular-con-android' target='_blank' rel='noopener' style='color: inherit; text-decoration: underline;'>Ver art\u00edculo de soporte<\/a>.<\/p>\n<\/p><\/div>\n<div style='margin-bottom: 30px;'>\n<p style='margin: 0 0 15px 0;'><img style='width: 100%; height: auto; border: 1px solid rgba(150&comma;150&comma;150&comma;0.3); border-radius: 8px;' src='https:\/\/ftp3.syscom.mx\/usuarios\/fotos\/EP5GPBTPLUS\/243852-editar.png' alt='Kit imagen'><\/p>\n<p style='margin: 0;'><img style='width: 100%; height: auto; border: 1px solid rgba(150&comma;150&comma;150&comma;0.3); border-radius: 8px;' src='http:\/\/ftp3.syscom.mx\/usuarios\/ftp\/2025\/07\/10\/234\/1752188241834.png_froala_6870455255d6f' alt='Tabla de cobertura'><\/p>\n<\/p><\/div>\n<div style='margin-bottom: 30px;'>\n<div style='padding: 15px; background-color: rgba(192&comma;57&comma;43&comma;0.05); border-left: 4px solid #c0392b; color: inherit;'>\n<p style='margin: 0; font-size: 20px; font-weight: bold; text-align: center; color: inherit;'>INFORMACI\u00d3N DE APOYO<\/p>\n<\/p><\/div>\n<\/p><\/div>\n<hr style='border: 0; border-top: 1px solid rgba(150&comma;150&comma;150&comma;0.3); margin: 30px 0;'> <\/div>\n<\/p><\/div>\n","protected":false},"excerpt":{"rendered":"<p>Kit PLUS de Amplificador de Se\u00f1al Celular 5G \/ Penta Banda \/ Soporta 2G, 3G, 4G y 5G \/ Compatible con TELCEL, AT&#038;T, MOVISTAR y OMV \/ Cobertura hasta 250 m2 \/ Incluye Antenas, Jumpers coaxiales y m\u00e1stil.<\/p>\n","protected":false},"featured_media":56999,"comment_status":"open","ping_status":"closed","template":"","meta":[],"product_brand":[],"product_cat":[1570,1552],"product_tag":[1535,1571,1553,935],"class_list":{"0":"post-57000","1":"product","2":"type-product","3":"status-publish","4":"has-post-thumbnail","6":"product_cat-amplificadores-de-senal-celular-adsc","7":"product_cat-cobertura-para-celular-4g-lte","8":"product_tag-3g-y-voz","9":"product_tag-amplificadores-de-senal-celular-adsc","10":"product_tag-cobertura-para-celular-4g-lte","11":"product_tag-epcom","13":"first","14":"outofstock","15":"sale","16":"shipping-taxable","17":"purchasable","18":"product-type-simple"},"_links":{"self":[{"href":"https:\/\/soydeaqui.ddns.net\/pachuca\/index.php\/wp-json\/wp\/v2\/product\/57000","targetHints":{"allow":["GET"]}}],"collection":[{"href":"https:\/\/soydeaqui.ddns.net\/pachuca\/index.php\/wp-json\/wp\/v2\/product"}],"about":[{"href":"https:\/\/soydeaqui.ddns.net\/pachuca\/index.php\/wp-json\/wp\/v2\/types\/product"}],"replies":[{"embeddable":true,"href":"https:\/\/soydeaqui.ddns.net\/pachuca\/index.php\/wp-json\/wp\/v2\/comments?post=57000"}],"wp:featuredmedia":[{"embeddable":true,"href":"https:\/\/soydeaqui.ddns.net\/pachuca\/index.php\/wp-json\/wp\/v2\/media\/56999"}],"wp:attachment":[{"href":"https:\/\/soydeaqui.ddns.net\/pachuca\/index.php\/wp-json\/wp\/v2\/media?parent=57000"}],"wp:term":[{"taxonomy":"product_brand","embeddable":true,"href":"https:\/\/soydeaqui.ddns.net\/pachuca\/index.php\/wp-json\/wp\/v2\/product_brand?post=57000"},{"taxonomy":"product_cat","embeddable":true,"href":"https:\/\/soydeaqui.ddns.net\/pachuca\/index.php\/wp-json\/wp\/v2\/product_cat?post=57000"},{"taxonomy":"product_tag","embeddable":true,"href":"https:\/\/soydeaqui.ddns.net\/pachuca\/index.php\/wp-json\/wp\/v2\/product_tag?post=57000"}],"curies":[{"name":"wp","href":"https:\/\/api.w.org\/{rel}","templated":true}]}}