{"id":56945,"date":"2026-03-19T03:41:21","date_gmt":"2026-03-19T03:41:21","guid":{"rendered":"https:\/\/soydeaqui.ddns.net\/pachuca\/index.php\/producto\/diodo-de-proteccion-contra-esd-diodos-tvs-1500w-15v-unidireccional\/"},"modified":"2026-03-19T03:41:22","modified_gmt":"2026-03-19T03:41:22","slug":"diodo-de-proteccion-contra-esd-diodos-tvs-1500w-15v-unidireccional","status":"publish","type":"product","link":"https:\/\/soydeaqui.ddns.net\/pachuca\/index.php\/producto\/diodo-de-proteccion-contra-esd-diodos-tvs-1500w-15v-unidireccional\/","title":{"rendered":"Diodo de protecci\u00f3n contra ESD \/ Diodos TVS 1,500W 15V Unidireccional"},"content":{"rendered":"<div style='width: 100%; max-width: 1200px; margin: 0 auto; font-family: sans-serif; line-height: 1.6; color: inherit; background-color: transparent;'>\n<div style='display: flex; flex-wrap: wrap; gap: 30px; margin-bottom: 30px;'>\n<div style='flex: 1 1 300px; min-width: 280px;'>\n<p style='text-align: center;'><img style='width: 100%; height: auto; border: 1px solid rgba(150&comma;150&comma;150&comma;0.3); border-radius: 8px;' src='data:image\/png;base64&comma;iVBORw0KGgoAAAANSUhEUgAAATkAAABvCAYAAACXQbevAAAAAXNSR0IArs4c6QAAAARnQU1BAACxjwv8YQUAAAAJcEhZcwAADsMAAA7DAcdvqGQAABqXSURBVHhe7Z0HmBFFtfDnTW8kFJHee5UivUgRQYqK2HvB3gWxYcPevXcF7L137L333nvvvffee493P3P27jIzZ2Z2d+8m8P6838\/3zZvJ3NnZsv9z7rnnHq0oijI9oCqnoiiRQ0VOURQl0qjIKYoSaVTkFEWJNCpyiqJEGhU5RVEijYqcoiiRRkVOUZRIoyKnKEqkUZFTFCXSqMgpihJpVOQURYk0KnKKokQaFTlFUSKNipyiKJFGRU5RlEijIqcoSqRRkVMUJdKoyCmKEmlU5BRFiTQqcoqiRBoVOUVRIs3\/A97629D6E5K3AAAAAElFTkSuQmCC' alt=''><\/p>\n<h3 style='font-size: 22px; border-bottom: 2px solid currentColor; padding-bottom: 5px; margin-top: 0; color: inherit; opacity: 0.8;'>Descripci\u00f3n<\/h3>\n<p style='color: inherit; font-size: 15px;'>La serie TVS de 1.5KE est\u00e1 dise\u00f1ada para proteger equipos sensibles contra descargas electrost\u00e1ticas y sobretensiones el\u00e9ctricas. Se utilizan para sobretensiones inferiores a 1500 W 10\/1000 \u03bcs. Esta tecnolog\u00eda planar los hace compatibles con equipos de gama alta y SMPS en los que se requiere una baja corriente de fuga y una alta temperatura de uni\u00f3n para proporcionar fiabilidad y estabilidad a lo largo del tiempo.<\/p>\n<\/div>\n<div style='flex: 1 1 300px; min-width: 280px;'>\n<h3 style='font-size: 22px; border-bottom: 2px solid currentColor; padding-bottom: 5px; margin-top: 0; color: inherit; opacity: 0.8;'>Caracter\u00edsticas<\/h3>\n<ul style='padding-left: 20px; font-size: 15px; color: inherit;'>\n<li style='margin-bottom: 5px;'>Pico de potencia de impulso: 1500 W (10\/1000 \u03bcs)&comma; 10 kW (8\/20 \u03bcs)<\/li>\n<li style='margin-bottom: 5px;'>Rango de tensi\u00f3n de desconexi\u00f3n de 5 V a 376 V<\/li>\n<li style='margin-bottom: 5px;'>Tipos unidireccional y bidireccional<\/li>\n<li style='margin-bottom: 5px;'>Tj de funcionamiento m\u00e1x: 175 \u00b0C<\/li>\n<li style='margin-bottom: 5px;'>Alta capacidad de potencia a Tj m\u00e1x.: hasta 1100 W (10\/1000 \u00b5s)<\/li>\n<li style='margin-bottom: 5px;'>Acabado del cable: esta\u00f1ado mate<\/li>\n<\/ul>\n<\/div>\n<\/div>\n<hr style='border: 0; border-top: 1px solid rgba(150&comma; 150&comma; 150&comma; 0.3); margin: 30px 0;'><\/div>\n","protected":false},"excerpt":{"rendered":"<p>Diodo de protecci\u00f3n contra ESD \/ Diodos TVS 1,500W 15V Unidireccional<\/p>\n","protected":false},"featured_media":56944,"comment_status":"open","ping_status":"closed","template":"","meta":[],"product_brand":[],"product_cat":[1501],"product_tag":[1502,751,547],"class_list":{"0":"post-56945","1":"product","2":"type-product","3":"status-publish","4":"has-post-thumbnail","6":"product_cat-miscelaneo","7":"product_tag-miscelaneo","8":"product_tag-refacciones","9":"product_tag-syscom-parts","11":"first","12":"outofstock","13":"sale","14":"shipping-taxable","15":"purchasable","16":"product-type-simple"},"_links":{"self":[{"href":"https:\/\/soydeaqui.ddns.net\/pachuca\/index.php\/wp-json\/wp\/v2\/product\/56945","targetHints":{"allow":["GET"]}}],"collection":[{"href":"https:\/\/soydeaqui.ddns.net\/pachuca\/index.php\/wp-json\/wp\/v2\/product"}],"about":[{"href":"https:\/\/soydeaqui.ddns.net\/pachuca\/index.php\/wp-json\/wp\/v2\/types\/product"}],"replies":[{"embeddable":true,"href":"https:\/\/soydeaqui.ddns.net\/pachuca\/index.php\/wp-json\/wp\/v2\/comments?post=56945"}],"wp:featuredmedia":[{"embeddable":true,"href":"https:\/\/soydeaqui.ddns.net\/pachuca\/index.php\/wp-json\/wp\/v2\/media\/56944"}],"wp:attachment":[{"href":"https:\/\/soydeaqui.ddns.net\/pachuca\/index.php\/wp-json\/wp\/v2\/media?parent=56945"}],"wp:term":[{"taxonomy":"product_brand","embeddable":true,"href":"https:\/\/soydeaqui.ddns.net\/pachuca\/index.php\/wp-json\/wp\/v2\/product_brand?post=56945"},{"taxonomy":"product_cat","embeddable":true,"href":"https:\/\/soydeaqui.ddns.net\/pachuca\/index.php\/wp-json\/wp\/v2\/product_cat?post=56945"},{"taxonomy":"product_tag","embeddable":true,"href":"https:\/\/soydeaqui.ddns.net\/pachuca\/index.php\/wp-json\/wp\/v2\/product_tag?post=56945"}],"curies":[{"name":"wp","href":"https:\/\/api.w.org\/{rel}","templated":true}]}}