{"id":56937,"date":"2026-03-19T03:41:06","date_gmt":"2026-03-19T03:41:06","guid":{"rendered":"https:\/\/soydeaqui.ddns.net\/pachuca\/index.php\/producto\/phoenix-smart-ip43-12-50-cargador-de-baterias-12v-50a-para-ambientes-marinos-y-terrestres-para-baterias-de-plomo-y-litio\/"},"modified":"2026-03-19T03:41:11","modified_gmt":"2026-03-19T03:41:11","slug":"phoenix-smart-ip43-12-50-cargador-de-baterias-12v-50a-para-ambientes-marinos-y-terrestres-para-baterias-de-plomo-y-litio","status":"publish","type":"product","link":"https:\/\/soydeaqui.ddns.net\/pachuca\/index.php\/producto\/phoenix-smart-ip43-12-50-cargador-de-baterias-12v-50a-para-ambientes-marinos-y-terrestres-para-baterias-de-plomo-y-litio\/","title":{"rendered":"Phoenix Smart IP43 12\/50 \/ Cargador de Bater\u00edas 12V, 50A \/ Para Ambientes Marinos y Terrestres. \/  Para bater\u00edas de Plomo y Litio"},"content":{"rendered":"<div style='width: 100%; max-width: 1200px; margin: 0 auto; font-family: sans-serif; line-height: 1.6; color: inherit; background-color: transparent;'> <!-- Secci\u00f3n principal --> <\/p>\n<div style='margin-bottom: 30px;'>\n<h3 style='font-size: 22px; border-bottom: 2px solid currentColor; padding-bottom: 5px; margin-top: 0; color: inherit; opacity: 0.8;'>Cargador de Bater\u00edas 12V 50A IP43<\/h3>\n<p style='color: inherit; font-size: 14px; margin-bottom: 15px;'>Pensando en los propietarios de barcos&comma; este cargador adaptativo de 5 pasos proporciona 50 A de carga a cada uno de los tres bancos de bater\u00edas. Hay modelos de 24 V disponibles con carga de 16 A\/25 A. Dispone de Bluetooth&comma; de modo que se puede controlar el cargador y programar alarmas directamente desde el tel\u00e9fono. Funciones de carga adaptativa&comma; inteligente y din\u00e1mica<\/p>\n<\/p><\/div>\n<p> <!-- Secci\u00f3n de caracter\u00edsticas con grid --> <\/p>\n<div style='display: grid; grid-template-columns: repeat(auto-fill&comma; minmax(280px&comma; 1fr)); gap: 30px; margin-bottom: 30px;'>\n<div style='border: 1px solid rgba(150&comma; 150&comma; 150&comma; 0.4); border-radius: 8px; overflow: hidden; display: flex; flex-direction: column;'>\n<div style='padding: 15px; border-bottom: 1px solid rgba(150&comma; 150&comma; 150&comma; 0.2); font-weight: bold; font-size: 18px; color: inherit; background-color: rgba(0&comma; 0&comma; 0&comma; 0.05);'>Bluetooth Smart integrado<\/div>\n<div style='padding: 15px; color: inherit;'>\n<p style='margin: 0;'>La soluci\u00f3n inal\u00e1mbrica para configurar&comma; monitorizar&comma; controlar&comma; actualizar y sincronizar los cargadores Smart IP43. Smart (1+1): dos salidas para cargar 2 bancadas de bater\u00edas La segunda salida&comma; limitada a aproximadamente 4 A y con una tensi\u00f3n de salida ligeramente m\u00e1s baja&comma; est\u00e1 pensada para cargar a tope una bater\u00eda de arranque.<\/p>\n<\/p><\/div>\n<\/p><\/div>\n<div style='border: 1px solid rgba(150&comma; 150&comma; 150&comma; 0.4); border-radius: 8px; overflow: hidden; display: flex; flex-direction: column;'>\n<div style='padding: 15px; border-bottom: 1px solid rgba(150&comma; 150&comma; 150&comma; 0.2); font-weight: bold; font-size: 18px; color: inherit; background-color: rgba(0&comma; 0&comma; 0&comma; 0.05);'>Compensaci\u00f3n autom\u00e1tica de la tensi\u00f3n<\/div>\n<div style='padding: 15px; color: inherit;'>\n<p style='margin: 0;'>El cargador compensa la ca\u00edda de tensi\u00f3n de los cables de CC aumentando gradualmente la tensi\u00f3n de salida cuando aumenta la corriente continua.<\/p>\n<\/p><\/div>\n<\/p><\/div>\n<div style='border: 1px solid rgba(150&comma; 150&comma; 150&comma; 0.4); border-radius: 8px; overflow: hidden; display: flex; flex-direction: column;'>\n<div style='padding: 15px; border-bottom: 1px solid rgba(150&comma; 150&comma; 150&comma; 0.2); font-weight: bold; font-size: 18px; color: inherit; background-color: rgba(0&comma; 0&comma; 0&comma; 0.05);'>Algoritmo de carga adaptativo de 6 etapas<\/div>\n<div style='padding: 15px; color: inherit;'>\n<p style='margin: 0;'>El Cargador Inteligente dispone de nuestro bien conocido sistema de gesti\u00f3n de bater\u00edas \u201cadaptativo\u201d que puede configurarse para distintos tipos de bater\u00eda. Su funci\u00f3n \u201cadaptativa\u201d optimizar\u00e1 autom\u00e1ticamente el proceso de carga en funci\u00f3n del uso que se le d\u00e9 a la bater\u00eda.<\/p>\n<\/p><\/div>\n<\/p><\/div>\n<div style='border: 1px solid rgba(150&comma; 150&comma; 150&comma; 0.4); border-radius: 8px; overflow: hidden; display: flex; flex-direction: column;'>\n<div style='padding: 15px; border-bottom: 1px solid rgba(150&comma; 150&comma; 150&comma; 0.2); font-weight: bold; font-size: 18px; color: inherit; background-color: rgba(0&comma; 0&comma; 0&comma; 0.05);'>La cantidad de carga correcta: tiempo de absorci\u00f3n adaptativa<\/div>\n<div style='padding: 15px; color: inherit;'>\n<p style='margin: 0;'>Cuando la descarga es poca (por ejemplo&comma; un yate conectado al pantal\u00e1n) la fase de carga de absorci\u00f3n se acorta para as\u00ed evitar una sobrecarga de la bater\u00eda. Despu\u00e9s de una descarga profunda&comma; el tiempo de carga de absorci\u00f3n aumenta autom\u00e1ticamente para garantizar una recarga completa de la bater\u00eda.<\/p>\n<\/p><\/div>\n<\/p><\/div>\n<div style='border: 1px solid rgba(150&comma; 150&comma; 150&comma; 0.4); border-radius: 8px; overflow: hidden; display: flex; flex-direction: column;'>\n<div style='padding: 15px; border-bottom: 1px solid rgba(150&comma; 150&comma; 150&comma; 0.2); font-weight: bold; font-size: 18px; color: inherit; background-color: rgba(0&comma; 0&comma; 0&comma; 0.05);'>Prevenci\u00f3n de da\u00f1os por un exceso de gaseado: el modo BatterySafe<\/div>\n<div style='padding: 15px; color: inherit;'>\n<p style='margin: 0;'>Si&comma; para cargar una bater\u00eda r\u00e1pidamente&comma; se ha elegido una combinaci\u00f3n de alta corriente de carga con una tensi\u00f3n de absorci\u00f3n alta&comma; el cargador evitar\u00e1 que se produzcan da\u00f1os por exceso de gaseado&comma; limitando autom\u00e1ticamente el ritmo de incremento de tensi\u00f3n una vez se haya alcanzado la tensi\u00f3n de gaseado<\/p>\n<\/p><\/div>\n<\/p><\/div>\n<\/p><\/div>\n<p> <!-- Separador --> <\/p>\n<hr style='border: 0; border-top: 1px solid rgba(150&comma; 150&comma; 150&comma; 0.3); margin: 30px 0;'> <!-- Secci\u00f3n de especificaciones --> <\/p>\n<div style='display: grid; grid-template-columns: repeat(auto-fill&comma; minmax(280px&comma; 1fr)); gap: 20px; margin-bottom: 30px;'>\n<div style='border: 1px solid rgba(150&comma; 150&comma; 150&comma; 0.4); border-radius: 8px; overflow: hidden; display: flex; flex-direction: column;'>\n<div style='padding: 15px; border-bottom: 1px solid rgba(150&comma; 150&comma; 150&comma; 0.2); font-weight: bold; font-size: 18px; color: inherit; background-color: rgba(0&comma; 0&comma; 0&comma; 0.05);'>Caracter\u00edsticas Principales:<\/div>\n<div style='padding: 15px; color: inherit;'>\n<ul style='padding-left: 20px; margin: 0; font-size: 14px; list-style-type: disc; color: inherit;'>\n<li style='margin-bottom: 5px;'>Entrada 85-250 V y 45-65 Hz<\/li>\n<li style='margin-bottom: 5px;'>Tres salidas<\/li>\n<\/ul><\/div>\n<\/p><\/div>\n<div style='border: 1px solid rgba(150&comma; 150&comma; 150&comma; 0.4); border-radius: 8px; overflow: hidden; display: flex; flex-direction: column;'>\n<div style='padding: 15px; border-bottom: 1px solid rgba(150&comma; 150&comma; 150&comma; 0.2); font-weight: bold; font-size: 18px; color: inherit; background-color: rgba(0&comma; 0&comma; 0&comma; 0.05);'>Caracter\u00edsticas F\u00edsicas y El\u00e9ctricas:<\/div>\n<div style='padding: 15px; color: inherit;'>\n<ul style='padding-left: 20px; margin: 0; font-size: 14px; list-style-type: disc; color: inherit;'>\n<li style='margin-bottom: 5px;'>Voltaje de Carga de Absorci\u00f3n: 14.4V Ajustable<\/li>\n<li style='margin-bottom: 5px;'>Voltaje de Carga Flotante: 13.8V Ajustable<\/li>\n<li style='margin-bottom: 5px;'>Corriente de Carga Nominal: 50A<\/li>\n<\/ul><\/div>\n<\/p><\/div>\n<div style='border: 1px solid rgba(150&comma; 150&comma; 150&comma; 0.4); border-radius: 8px; overflow: hidden; display: flex; flex-direction: column;'>\n<div style='padding: 15px; border-bottom: 1px solid rgba(150&comma; 150&comma; 150&comma; 0.2); font-weight: bold; font-size: 18px; color: inherit; background-color: rgba(0&comma; 0&comma; 0&comma; 0.05);'>Caracter\u00edsticas:<\/div>\n<div style='padding: 15px; color: inherit;'>\n<ul style='padding-left: 20px; margin: 0; font-size: 14px; list-style-type: disc; color: inherit;'>\n<li style='margin-bottom: 5px;'>Compensaci\u00f3n autom\u00e1tica de la tensi\u00f3n<\/li>\n<li style='margin-bottom: 5px;'>Modo para bater\u00edas de litio<\/li>\n<li style='margin-bottom: 5px;'>Protecci\u00f3n IP43 en componentes electr\u00f3nicos e IP22 en zona de conexiones<\/li>\n<li style='margin-bottom: 5px;'>Protecciones contra Polaridad inversa&comma; Cortocircuito de salida&comma; Sobretemperatura<\/li>\n<\/ul><\/div>\n<\/p><\/div>\n<\/p><\/div>\n<p> <!-- Separador final --> <\/p>\n<hr style='border: 0; border-top: 1px solid rgba(150&comma; 150&comma; 150&comma; 0.3); margin: 30px 0;'> <!-- Informaci\u00f3n adicional --> <\/p>\n<div style='margin-bottom: 30px;'>\n<p style='text-align: center; color: inherit; font-size: 14px; margin: 20px 0 0;'>Una instalaci\u00f3n sin complicaciones y un funcionamiento intuitivo hacen que el Cargador Centaur sea la elecci\u00f3n perfecta tanto para aplicaciones n\u00e1uticas como terrestres. Para m\u00e1s informaci\u00f3n y consultas&comma; visite: <a style='color: inherit; text-decoration: none;' href='https:\/\/www.victronenergy.com'>Victron Energy<\/a>.<\/p>\n<\/p><\/div>\n<\/p><\/div>\n","protected":false},"excerpt":{"rendered":"<p>Phoenix Smart IP43 12\/50 \/ Cargador de Bater\u00edas 12V, 50A \/ Para Ambientes Marinos y Terrestres. \/  Para bater\u00edas de Plomo y Litio<\/p>\n","protected":false},"featured_media":56936,"comment_status":"open","ping_status":"closed","template":"","meta":[],"product_brand":[],"product_cat":[1171],"product_tag":[1173,1172,1174],"class_list":{"0":"post-56937","1":"product","2":"type-product","3":"status-publish","4":"has-post-thumbnail","6":"product_cat-fuentes-cargadores","7":"product_tag-fuentes-cargadores","8":"product_tag-soluciones-marinas","9":"product_tag-victron-energy","11":"first","12":"outofstock","13":"sale","14":"shipping-taxable","15":"purchasable","16":"product-type-simple"},"_links":{"self":[{"href":"https:\/\/soydeaqui.ddns.net\/pachuca\/index.php\/wp-json\/wp\/v2\/product\/56937","targetHints":{"allow":["GET"]}}],"collection":[{"href":"https:\/\/soydeaqui.ddns.net\/pachuca\/index.php\/wp-json\/wp\/v2\/product"}],"about":[{"href":"https:\/\/soydeaqui.ddns.net\/pachuca\/index.php\/wp-json\/wp\/v2\/types\/product"}],"replies":[{"embeddable":true,"href":"https:\/\/soydeaqui.ddns.net\/pachuca\/index.php\/wp-json\/wp\/v2\/comments?post=56937"}],"wp:featuredmedia":[{"embeddable":true,"href":"https:\/\/soydeaqui.ddns.net\/pachuca\/index.php\/wp-json\/wp\/v2\/media\/56936"}],"wp:attachment":[{"href":"https:\/\/soydeaqui.ddns.net\/pachuca\/index.php\/wp-json\/wp\/v2\/media?parent=56937"}],"wp:term":[{"taxonomy":"product_brand","embeddable":true,"href":"https:\/\/soydeaqui.ddns.net\/pachuca\/index.php\/wp-json\/wp\/v2\/product_brand?post=56937"},{"taxonomy":"product_cat","embeddable":true,"href":"https:\/\/soydeaqui.ddns.net\/pachuca\/index.php\/wp-json\/wp\/v2\/product_cat?post=56937"},{"taxonomy":"product_tag","embeddable":true,"href":"https:\/\/soydeaqui.ddns.net\/pachuca\/index.php\/wp-json\/wp\/v2\/product_tag?post=56937"}],"curies":[{"name":"wp","href":"https:\/\/api.w.org\/{rel}","templated":true}]}}