{"id":56928,"date":"2026-03-19T03:40:45","date_gmt":"2026-03-19T03:40:45","guid":{"rendered":"https:\/\/soydeaqui.ddns.net\/pachuca\/index.php\/producto\/osciloscopio-digital-rigol-de-4-canales-analogos-250-mhz-de-ancho-de-banda-analoga-vel-de-muestreo-tiempo-real-de-1-25-gs-s-con-generador-de-audio-afg\/"},"modified":"2026-03-19T03:40:49","modified_gmt":"2026-03-19T03:40:49","slug":"osciloscopio-digital-rigol-de-4-canales-analogos-250-mhz-de-ancho-de-banda-analoga-vel-de-muestreo-tiempo-real-de-1-25-gs-s-con-generador-de-audio-afg","status":"publish","type":"product","link":"https:\/\/soydeaqui.ddns.net\/pachuca\/index.php\/producto\/osciloscopio-digital-rigol-de-4-canales-analogos-250-mhz-de-ancho-de-banda-analoga-vel-de-muestreo-tiempo-real-de-1-25-gs-s-con-generador-de-audio-afg\/","title":{"rendered":"Osciloscopio Digital Rigol de 4 Canales An\u00e1logos, 250 MHz de Ancho de Banda An\u00e1loga, Vel. de Muestreo-Tiempo Real de 1.25 GS\/s. con Generador de Audio (AFG)"},"content":{"rendered":"<div style='width: 100%; max-width: 1200px; margin: 0 auto; font-family: sans-serif; line-height: 1.6; color: inherit; background-color: transparent;'> <!-- Secci\u00f3n de especificaciones --> <\/p>\n<div style='display: flex; flex-wrap: wrap; gap: 30px; margin-bottom: 30px;'>\n<div style='flex: 1 1 300px; min-width: 280px;'>\n<h3 style='font-size: 22px; border-bottom: 2px solid currentColor; padding-bottom: 5px; margin-top: 0; color: inherit; opacity: 0.8;'>Especificaciones<\/h3>\n<ul style='padding-left: 20px; font-size: 15px; color: inherit;'>\n<li style='margin-bottom: 5px;'>Canales: 4<\/li>\n<li style='margin-bottom: 5px;'>Ancho de banda: 250 MHz<\/li>\n<li style='margin-bottom: 5px;'>Frecuencia de Muestreo: 1.25 Gsa\/s (Canal Sencillo)&comma; 625 Msa\/s (Doble Canal)&comma; 312.5 Msa\/s (canales completos)<\/li>\n<li style='margin-bottom: 5px;'>Detecci\u00f3n de Pico: 500 ps (Canal Sencillo)&comma; 1 ns (Doble Canal)<\/li>\n<li style='margin-bottom: 5px;'>Profundidad de la Memoria: 50 Mpts<\/li>\n<li style='margin-bottom: 5px;'>Tasa de Captura de Forma de Onda: 1&comma;000&comma;000 wfms\/s<\/li>\n<li style='margin-bottom: 5px;'>Rango de Base de Tiempo: 2.0ns\/ div a 500s\/ div<\/li>\n<li style='margin-bottom: 5px;'>Sencibilidad Vertical: 200 \u03bcV\/div a 10 V\/div<\/li>\n<li style='margin-bottom: 5px;'>Modos de Disparo: Elevando&comma; Callendo&comma; Alternado<\/li>\n<li style='margin-bottom: 5px;'>Puertos Est\u00e1ndar: USB Huesped&comma; USB Dispositivo&comma; LAN&comma; HDMI<\/li>\n<li style='margin-bottom: 5px;'>Generador de Audio: Solo un Canal rango de 2 mHz a 25 MHz<\/li>\n<\/ul><\/div>\n<\/p><\/div>\n<p> <!-- Secci\u00f3n de caracter\u00edsticas generales --> <\/p>\n<div style='display: flex; flex-wrap: wrap; gap: 30px; margin-bottom: 30px;'>\n<div style='flex: 1 1 300px; min-width: 280px;'>\n<h3 style='font-size: 22px; border-bottom: 2px solid currentColor; padding-bottom: 5px; margin-top: 0; color: inherit; opacity: 0.8;'>Caracter\u00edsticas Generales<\/h3>\n<ul style='padding-left: 20px; font-size: 15px; color: inherit;'>\n<li style='margin-bottom: 5px;'>Voltaje de Alimentaci\u00f3n: Tipo-C 15Vcd&comma; 3A<\/li>\n<li style='margin-bottom: 5px;'>Consumo de Potencia: 45 Watt (max.)<\/li>\n<li style='margin-bottom: 5px;'>Voltaje de Salida: 3 V Pico a Pico<\/li>\n<li style='margin-bottom: 5px;'>Frecuencia: 1 kHz<\/li>\n<li style='margin-bottom: 5px;'>Rango de Temperatura (Operando): 0 \u00b0C a +50 \u00b0C<\/li>\n<li style='margin-bottom: 5px;'>Rango de Temperatura (No-Operando): -30 \u00b0C a +60 \u00b0C<\/li>\n<li style='margin-bottom: 5px;'>Pantalla: 7&#8242; TFT LCD&comma; (1024&#215;600)<\/li>\n<li style='margin-bottom: 5px;'>Color del producto: Blanco y Gris<\/li>\n<li style='margin-bottom: 5px;'>Peso Neto del producto: 2.78 +\/- 0.5 kg<\/li>\n<li style='margin-bottom: 5px;'>Tama\u00f1o del Producto (W \u00d7 H \u00d7 D): 265.35 mm \u00d7 161.75 mm \u00d7 77.38 mm<\/li>\n<li style='margin-bottom: 5px;'>Accesorios est\u00e1ndar: Sonda \u00d7 2 (1 \u00d7&comma; 10 \u00d7 conmutables)&comma; Cable de Alimentaci\u00f3n&comma; Cable USB<\/li>\n<li style='margin-bottom: 5px;'>Clasificaci\u00f3n de Seguridad: IEC 61010-1<\/li>\n<\/ul><\/div>\n<\/p><\/div>\n<p> <!-- Separador --> <\/p>\n<hr style='border: 0; border-top: 1px solid rgba(150&comma; 150&comma; 150&comma; 0.3); margin: 30px 0;'> <!-- Secci\u00f3n de video --> <\/p>\n<div style='width: 100%; max-width: 768px; margin: 0 auto;'>\n<div style='position: relative; padding-bottom: 56.25%; height: 0; overflow: hidden; margin-bottom: 30px;'>   <\/div>\n<\/p><\/div>\n<\/p><\/div>\n","protected":false},"excerpt":{"rendered":"<p>Osciloscopio Digital Rigol de 4 Canales An\u00e1logos, 250 MHz de Ancho de Banda An\u00e1loga, Vel. de Muestreo-Tiempo Real de 1.25 GS\/s. con Generador de Audio (AFG)<\/p>\n","protected":false},"featured_media":56927,"comment_status":"open","ping_status":"closed","template":"","meta":[],"product_brand":[],"product_cat":[1610],"product_tag":[1611,931,63],"class_list":{"0":"post-56928","1":"product","2":"type-product","3":"status-publish","4":"has-post-thumbnail","6":"product_cat-analizadores-espectro-y-antenas-monitores-de-servicio-y-softwares","7":"product_tag-analizadores-espectro-y-antenas-monitores-de-servicio-y-softwares","8":"product_tag-equipo-de-laboratorio","9":"product_tag-syscom","11":"first","12":"outofstock","13":"sale","14":"shipping-taxable","15":"purchasable","16":"product-type-simple"},"_links":{"self":[{"href":"https:\/\/soydeaqui.ddns.net\/pachuca\/index.php\/wp-json\/wp\/v2\/product\/56928","targetHints":{"allow":["GET"]}}],"collection":[{"href":"https:\/\/soydeaqui.ddns.net\/pachuca\/index.php\/wp-json\/wp\/v2\/product"}],"about":[{"href":"https:\/\/soydeaqui.ddns.net\/pachuca\/index.php\/wp-json\/wp\/v2\/types\/product"}],"replies":[{"embeddable":true,"href":"https:\/\/soydeaqui.ddns.net\/pachuca\/index.php\/wp-json\/wp\/v2\/comments?post=56928"}],"wp:featuredmedia":[{"embeddable":true,"href":"https:\/\/soydeaqui.ddns.net\/pachuca\/index.php\/wp-json\/wp\/v2\/media\/56927"}],"wp:attachment":[{"href":"https:\/\/soydeaqui.ddns.net\/pachuca\/index.php\/wp-json\/wp\/v2\/media?parent=56928"}],"wp:term":[{"taxonomy":"product_brand","embeddable":true,"href":"https:\/\/soydeaqui.ddns.net\/pachuca\/index.php\/wp-json\/wp\/v2\/product_brand?post=56928"},{"taxonomy":"product_cat","embeddable":true,"href":"https:\/\/soydeaqui.ddns.net\/pachuca\/index.php\/wp-json\/wp\/v2\/product_cat?post=56928"},{"taxonomy":"product_tag","embeddable":true,"href":"https:\/\/soydeaqui.ddns.net\/pachuca\/index.php\/wp-json\/wp\/v2\/product_tag?post=56928"}],"curies":[{"name":"wp","href":"https:\/\/api.w.org\/{rel}","templated":true}]}}