{"id":56920,"date":"2026-03-19T03:40:34","date_gmt":"2026-03-19T03:40:34","guid":{"rendered":"https:\/\/soydeaqui.ddns.net\/pachuca\/index.php\/producto\/servicio-de-trabajador-solitario-para-t-flex-smart-1-ano-de-servicio\/"},"modified":"2026-03-19T03:40:35","modified_gmt":"2026-03-19T03:40:35","slug":"servicio-de-trabajador-solitario-para-t-flex-smart-1-ano-de-servicio","status":"publish","type":"product","link":"https:\/\/soydeaqui.ddns.net\/pachuca\/index.php\/producto\/servicio-de-trabajador-solitario-para-t-flex-smart-1-ano-de-servicio\/","title":{"rendered":"Servicio de Trabajador Solitario para T.FLEX SMART (1 a\u00f1o de servicio)"},"content":{"rendered":"<div style='width: 100%; max-width: 1200px; margin: 0 auto; font-family: sans-serif; line-height: 1.6; color: inherit; background-color: transparent;'>\n<div style='display: flex; flex-wrap: wrap; gap: 30px; margin-bottom: 30px;'>\n<div style='flex: 1 1 300px; min-width: 280px;'>\n<h3 style='font-size: 22px; border-bottom: 2px solid currentColor; padding-bottom: 5px; margin-top: 0; color: inherit; opacity: 0.8;'>Modelo T.FlexPTT<\/h3>\n<p style='font-size: 14px; color: inherit;'>Aplicaci\u00f3n b\u00e1sica enfocada a la comunicaci\u00f3n. <strong>(Ver abajo tabla comparativa de funciones incluidas.)<\/strong><\/p>\n<h3 style='font-size: 18px; border-bottom: 2px solid currentColor; padding-bottom: 5px; margin-top: 20px; color: inherit; opacity: 0.8;'>Caracter\u00edsticas Principales<\/h3>\n<ul style='padding-left: 20px; font-size: 14px; color: inherit;'>\n<li style='margin-bottom: 5px;'>Incluye: 12 meses de servicio en plataforma TASSTA.<\/li>\n<li style='margin-bottom: 5px;'>Requiere una licencia para cada dispositivo.<\/li>\n<\/ul>\n<p style='font-size: 14px; color: inherit;'><span style='color: #bbd462;'><strong>NOTA: Para visualizar MAPA en sus dispositivos adquiera la licencia<\/strong> <a style='color: #bbd462;' href='https:\/\/www.syscom.mx\/producto\/TFLEXSMART-NXRADIO-218644.html' target='_blank' rel='noopener'>TFlexSMART (Licencia Avanzada)<\/a><\/span><\/p>\n<\/p><\/div>\n<\/p><\/div>\n<div style='display: flex; flex-wrap: wrap; gap: 30px; margin-bottom: 30px;'>\n<div style='flex: 1 1 300px; min-width: 280px;'>\n<h3 style='font-size: 24px; border-bottom: 2px solid currentColor; padding-bottom: 5px; margin-top: 0; color: inherit; opacity: 0.8;'>Soluci\u00f3n Profesional TASSTA<\/h3>\n<ul style='padding-left: 20px; font-size: 14px; color: inherit;'>\n<li style='margin-bottom: 5px;'>TASSTA ofrece una soluci\u00f3n moderna Push-to-Talk que utiliza todas las capacidades t\u00e9cnicas de uso de dispositivos m\u00f3viles inteligentes.<\/li>\n<li style='margin-bottom: 5px;'>Proporciona un paquete completo de llamadas individuales&comma; grupales y prioritarias&comma; incluyendo mensajes&comma; transferencia de datos&comma; grabaci\u00f3n de voz&comma; GPS y localizaci\u00f3n en interiores&comma; alarmas&comma; alertas de emergencia&comma; Push to Video&comma; gesti\u00f3n de tareas y muchas otras caracter\u00edsticas.<\/li>\n<\/ul>\n<p style='font-size: 14px; color: inherit;'><strong>\u00a1TASSTA ofrece comunicaciones de radio r\u00e1pidas y seguras sin limitaciones geogr\u00e1ficas!<\/strong><\/p>\n<\/p><\/div>\n<div style='flex: 1 1 300px; min-width: 280px;'> <img style='width: 100%; height: auto; border: 1px solid rgba(150&comma;150&comma;150&comma;0.3); border-radius: 8px;' src='https:\/\/ftp3.syscom.mx\/usuarios\/fotos\/TFLEXPTT\/218614-banner-m22-1024x629.png' alt=''> <\/div>\n<\/p><\/div>\n<div style='display: flex; flex-wrap: wrap; gap: 30px; margin-bottom: 30px;'>\n<div style='flex: 1 1 300px; min-width: 280px;'>\n<h3 style='font-size: 20px; border-bottom: 2px solid currentColor; padding-bottom: 5px; margin-top: 0; color: inherit; opacity: 0.8;'>T. Flex<\/h3>\n<h4 style='font-size: 18px; margin-top: 0; color: inherit;'>Soluci\u00f3n de Banda Ancha profesional Push to Talk<\/h4>\n<p style='font-size: 14px; color: inherit;'>T.Flex es la plataforma de comunicaciones TASSTA&comma; dise\u00f1ada para dispositivos port\u00e1tiles con pantalla t\u00e1ctil como tel\u00e9fonos inteligentes o tabletas. Funciona a trav\u00e9s de LAN&comma; Wi-Fi y cualquier red m\u00f3vil&comma; como 3G o LTE.<\/p>\n<p style='font-size: 14px; color: inherit;'>T.Flex proporciona la funcionalidad completa de un sistema de radio profesional y la ampl\u00eda con funciones potentes como: intercambio de texto y datos&comma; posicionamiento GPS y navegaci\u00f3n&comma; historial de actividades&comma; trabajador solitario&comma; control remoto&comma; grabaci\u00f3n de voz&comma; localizaci\u00f3n en interiores y muchos otros.<\/p>\n<p style='font-size: 14px; color: inherit;'>A trav\u00e9s de la aplicaci\u00f3n basada en Web&comma; T.Commander&comma; ofrece una completa organizaci\u00f3n y administraci\u00f3n&comma; con esta herramienta el administrador puede crear&comma; editar usuarios&comma; equipos y grupos&comma; tambi\u00e9n brinda las herramientas para administrar el conjunto de funcionalidades para cada individuo.<\/p>\n<\/p><\/div>\n<div style='flex: 1 1 300px; min-width: 280px;'> <img style='width: 100%; height: auto; border: 1px solid rgba(150&comma;150&comma;150&comma;0.3); border-radius: 8px;' src='https:\/\/ftp3.syscom.mx\/usuarios\/fotos\/TFLEXPTT\/218614-tassta_radios.jpg' alt=''> <\/div>\n<\/p><\/div>\n<div style='display: flex; flex-wrap: wrap; gap: 30px; margin-bottom: 30px;'>\n<div style='flex: 1 1 300px; min-width: 280px;'>\n<h3 style='font-size: 18px; border-bottom: 2px solid currentColor; padding-bottom: 5px; margin-top: 0; color: inherit; opacity: 0.8;'>Elige la Opci\u00f3n T. Flex para tus Operaciones<\/h3>\n<p style='font-size: 18px; color: inherit;'><strong>La aplicaci\u00f3n TASSTA T.Flex est\u00e1 disponible para los sistemas operativos Android&comma; iOS.<\/strong><\/p>\n<h4 style='font-size: 14px; margin-top: 20px; color: inherit;'>Puedes elegir entre dos versiones:<\/h4>\n<ul style='padding-left: 20px; font-size: 14px; color: inherit;'>\n<li style='margin-bottom: 5px;'><strong>T.Flex PTT:<\/strong> aplicaci\u00f3n b\u00e1sica con un enfoque en la comunicaci\u00f3n. (Dispositivos Android)<\/li>\n<li style='margin-bottom: 5px;'><strong>T.Flex Smart:<\/strong> aplicaci\u00f3n completa con todas las funciones. (Dispositivos Android y iOS)<\/li>\n<\/ul><\/div>\n<\/p><\/div>\n<div style='display: flex; flex-wrap: wrap; gap: 30px; margin-bottom: 30px;'>\n<div style='flex: 1 1 300px; min-width: 280px;'> <img style='width: 100%; height: auto; border: 1px solid rgba(150&comma;150&comma;150&comma;0.3); border-radius: 8px;' src='https:\/\/ftp3.syscom.mx\/usuarios\/fotos\/TFLEXPTT\/218614-comunicaci\u00f3n_y_mapas.jpg' alt=''> <\/div>\n<\/p><\/div>\n<div style='display: flex; flex-wrap: wrap; gap: 30px; margin-bottom: 30px;'>\n<div style='flex: 1 1 300px; min-width: 280px;'> <img style='width: 100%; height: auto; border: 1px solid rgba(150&comma;150&comma;150&comma;0.3); border-radius: 8px;' src='https:\/\/ftp3.syscom.mx\/usuarios\/fotos\/TFLEXPTT\/218614-interfaz_y_monitoreo.jpg' alt=''> <\/div>\n<\/p><\/div>\n<hr style='border: 0; border-top: 1px solid rgba(150&comma; 150&comma; 150&comma; 0.3); margin: 30px 0;'> <\/div>\n","protected":false},"excerpt":{"rendered":"<p>Servicio de Trabajador Solitario para T.FLEX SMART (1 a\u00f1o de servicio)<\/p>\n","protected":false},"featured_media":32,"comment_status":"open","ping_status":"closed","template":"","meta":[],"product_brand":[],"product_cat":[1507],"product_tag":[1509,1508,1510],"class_list":{"0":"post-56920","1":"product","2":"type-product","3":"status-publish","4":"has-post-thumbnail","6":"product_cat-plataforma-tassta","7":"product_tag-plataforma-tassta","8":"product_tag-radios-lte","9":"product_tag-tassta","11":"first","12":"outofstock","13":"sale","14":"shipping-taxable","15":"purchasable","16":"product-type-simple"},"_links":{"self":[{"href":"https:\/\/soydeaqui.ddns.net\/pachuca\/index.php\/wp-json\/wp\/v2\/product\/56920","targetHints":{"allow":["GET"]}}],"collection":[{"href":"https:\/\/soydeaqui.ddns.net\/pachuca\/index.php\/wp-json\/wp\/v2\/product"}],"about":[{"href":"https:\/\/soydeaqui.ddns.net\/pachuca\/index.php\/wp-json\/wp\/v2\/types\/product"}],"replies":[{"embeddable":true,"href":"https:\/\/soydeaqui.ddns.net\/pachuca\/index.php\/wp-json\/wp\/v2\/comments?post=56920"}],"wp:featuredmedia":[{"embeddable":true,"href":"https:\/\/soydeaqui.ddns.net\/pachuca\/index.php\/wp-json\/wp\/v2\/media\/32"}],"wp:attachment":[{"href":"https:\/\/soydeaqui.ddns.net\/pachuca\/index.php\/wp-json\/wp\/v2\/media?parent=56920"}],"wp:term":[{"taxonomy":"product_brand","embeddable":true,"href":"https:\/\/soydeaqui.ddns.net\/pachuca\/index.php\/wp-json\/wp\/v2\/product_brand?post=56920"},{"taxonomy":"product_cat","embeddable":true,"href":"https:\/\/soydeaqui.ddns.net\/pachuca\/index.php\/wp-json\/wp\/v2\/product_cat?post=56920"},{"taxonomy":"product_tag","embeddable":true,"href":"https:\/\/soydeaqui.ddns.net\/pachuca\/index.php\/wp-json\/wp\/v2\/product_tag?post=56920"}],"curies":[{"name":"wp","href":"https:\/\/api.w.org\/{rel}","templated":true}]}}