{"id":5691,"date":"2026-03-18T06:34:25","date_gmt":"2026-03-18T06:34:25","guid":{"rendered":"https:\/\/soydeaqui.ddns.net\/pachuca\/index.php\/producto\/modulo-de-relevador-inalambrico-5800rl-para-paneles-lynx-y-vista-con-teclado-6160rf-para-aplicaciones-de-activacion-de-sirenas-cableadas-a-distancia\/"},"modified":"2026-03-18T06:34:27","modified_gmt":"2026-03-18T06:34:27","slug":"modulo-de-relevador-inalambrico-5800rl-para-paneles-lynx-y-vista-con-teclado-6160rf-para-aplicaciones-de-activacion-de-sirenas-cableadas-a-distancia","status":"publish","type":"product","link":"https:\/\/soydeaqui.ddns.net\/pachuca\/index.php\/producto\/modulo-de-relevador-inalambrico-5800rl-para-paneles-lynx-y-vista-con-teclado-6160rf-para-aplicaciones-de-activacion-de-sirenas-cableadas-a-distancia\/","title":{"rendered":"Modulo de relevador inal\u00e1mbrico 5800RL para Paneles LYNX y VISTA con teclado 6160RF, para aplicaciones de activaci\u00f3n de Sirenas cableadas a distancia"},"content":{"rendered":"<div style='width: 100%; max-width: 1200px; margin: 0 auto; font-family: sans-serif; line-height: 1.6; color: inherit; background-color: transparent;'>\n<div style='display: flex; flex-wrap: wrap; gap: 30px; margin-bottom: 30px;'>\n<div style='flex: 1 1 300px; min-width: 280px;'>\n<h3 style='font-size: 22px; border-bottom: 2px solid currentColor; padding-bottom: 5px; margin-top: 0; color: inherit; opacity: 0.8;'>Descripci\u00f3n<\/h3>\n<p style='font-size: 15px; color: inherit; margin-top: 10px; margin-bottom: 20px;'>M\u00f3dulo de relevador inal\u00e1mbrico para aplicaciones de activaci\u00f3n de sirenas a distancia.<\/p>\n<ul style='padding-left: 20px; font-size: 15px; color: inherit; margin-top: 10px; margin-bottom: 20px;'>\n<li style='margin-bottom: 5px;'>Activaci\u00f3n inal\u00e1mbrica de sirenas&comma; la activaci\u00f3n ser\u00e1 solamente con alarmas sonoras ya sea de Fuego o de Intrusi\u00f3n<\/li>\n<li style='margin-bottom: 5px;'>Notificaci\u00f3n de Armado Total\/Parcial y Desarmado<\/li>\n<\/ul><\/div>\n<div style='flex: 1 1 300px; min-width: 280px;'>\n<h3 style='font-size: 22px; border-bottom: 2px solid currentColor; padding-bottom: 5px; margin-top: 0; color: inherit; opacity: 0.8;'>Especificaciones<\/h3>\n<ul style='padding-left: 20px; font-size: 15px; color: inherit; margin-top: 10px; margin-bottom: 20px;'>\n<li style='margin-bottom: 5px;'><strong>Alimentaci\u00f3n:<\/strong> 12VCC 100mA o 9VAC 15VA<\/li>\n<li style='margin-bottom: 5px;'><strong>Relevador:<\/strong> Tipo C que soporta hasta 2A 28VAC\/Vcc<\/li>\n<li style='margin-bottom: 5px;'><strong>Dimensiones:<\/strong> 70mm x 125mm x 27mm<\/li>\n<\/ul><\/div>\n<\/p><\/div>\n<div style='display: flex; flex-wrap: wrap; gap: 20px; margin-bottom: 30px;'>\n<div style='flex: 1 1 250px; border: 1px solid rgba(150&comma; 150&comma; 150&comma; 0.4); border-radius: 8px; overflow: hidden; display: flex; flex-direction: column;'>\n<div style='padding: 15px; border-bottom: 1px solid rgba(150&comma; 150&comma; 150&comma; 0.2); font-weight: bold; font-size: 18px; color: inherit;'>Compatibilidad<\/div>\n<div style='padding: 15px; color: inherit;'>\n<ul style='padding-left: 20px; margin: 0; font-size: 14px; list-style-type: disc;'>\n<li style='margin-bottom: 5px;'>Paneles LYNX<\/li>\n<li style='margin-bottom: 5px;'>Paneles VISTA con teclado 6160RF<\/li>\n<\/ul><\/div>\n<\/p><\/div>\n<\/p><\/div>\n<div style='display: flex; flex-wrap: wrap; gap: 30px; margin-bottom: 30px;'>\n<div style='flex: 1 1 300px; min-width: 280px;'>\n<h3 style='font-size: 22px; border-bottom: 2px solid currentColor; padding-bottom: 5px; margin-top: 0; color: inherit; opacity: 0.8;'>Caracter\u00edsticas Principales<\/h3>\n<ul style='padding-left: 20px; font-size: 15px; color: inherit; margin-top: 10px; margin-bottom: 20px;'>\n<li style='margin-bottom: 5px;'>Activaci\u00f3n inal\u00e1mbrica con alarmas de fuego o intrusi\u00f3n<\/li>\n<li style='margin-bottom: 5px;'>Notificaci\u00f3n de armado total&comma; parcial y desarmado<\/li>\n<li style='margin-bottom: 5px;'>Alimentaci\u00f3n de 12VCC 100mA o 9VAC 15VA<\/li>\n<li style='margin-bottom: 5px;'>Relevador tipo C soporta 2A a 28VAC\/VCC<\/li>\n<li style='margin-bottom: 5px;'>Dimensiones compactas: 70mm x 125mm x 27mm<\/li>\n<\/ul><\/div>\n<\/p><\/div>\n<div style='display: flex; flex-wrap: wrap; gap: 30px; margin-bottom: 30px;'>\n<div style='flex: 1 1 300px; min-width: 280px;'>\n<h3 style='font-size: 22px; border-bottom: 2px solid currentColor; padding-bottom: 5px; margin-top: 0; color: inherit; opacity: 0.8;'>Aplicaciones<\/h3>\n<p style='font-size: 15px; color: inherit; margin-top: 10px; margin-bottom: 20px;'>Activaci\u00f3n de sirenas cableadas a distancia para sistemas de seguridad residencial y comercial.<\/p>\n<\/p><\/div>\n<\/p><\/div>\n<div style='display: flex; flex-wrap: wrap; gap: 30px; margin-bottom: 30px;'>\n<div style='flex: 1 1 300px; min-width: 280px;'>\n<h3 style='font-size: 22px; border-bottom: 2px solid currentColor; padding-bottom: 5px; margin-top: 0; color: inherit; opacity: 0.8;'>Imagen del producto<\/h3>\n<p> <img style='width: 100%; height: auto; border: 1px solid rgba(150&comma;150&comma;150&comma;0.3); border-radius: 8px; margin-top: 15px;' src='http:\/\/ftp3.syscom.mx\/usuarios\/fotos\/5800RL\/5800RL_1.png' alt='M\u00f3dulo de relevador inal\u00e1mbrico 5800RL'> <\/div>\n<\/p><\/div>\n<hr style='border: 0; border-top: 1px solid rgba(150&comma; 150&comma; 150&comma; 0.3); margin: 30px 0;'> <\/div>\n","protected":false},"excerpt":{"rendered":"<p>Modulo de relevador inal\u00e1mbrico 5800RL para Paneles LYNX y VISTA con teclado 6160RF, para aplicaciones de activaci\u00f3n de Sirenas cableadas a distancia<\/p>\n","protected":false},"featured_media":5690,"comment_status":"open","ping_status":"closed","template":"","meta":[],"product_brand":[],"product_cat":[171],"product_tag":[45,172,173],"class_list":{"0":"post-5691","1":"product","2":"type-product","3":"status-publish","4":"has-post-thumbnail","6":"product_cat-modulos-de-expansion-de-relevador-pgm","7":"product_tag-honeywell-home-resideo","8":"product_tag-modulos-de-expansion","9":"product_tag-modulos-de-expansion-de-relevador-pgm","11":"first","12":"instock","13":"sale","14":"shipping-taxable","15":"purchasable","16":"product-type-simple"},"_links":{"self":[{"href":"https:\/\/soydeaqui.ddns.net\/pachuca\/index.php\/wp-json\/wp\/v2\/product\/5691","targetHints":{"allow":["GET"]}}],"collection":[{"href":"https:\/\/soydeaqui.ddns.net\/pachuca\/index.php\/wp-json\/wp\/v2\/product"}],"about":[{"href":"https:\/\/soydeaqui.ddns.net\/pachuca\/index.php\/wp-json\/wp\/v2\/types\/product"}],"replies":[{"embeddable":true,"href":"https:\/\/soydeaqui.ddns.net\/pachuca\/index.php\/wp-json\/wp\/v2\/comments?post=5691"}],"wp:featuredmedia":[{"embeddable":true,"href":"https:\/\/soydeaqui.ddns.net\/pachuca\/index.php\/wp-json\/wp\/v2\/media\/5690"}],"wp:attachment":[{"href":"https:\/\/soydeaqui.ddns.net\/pachuca\/index.php\/wp-json\/wp\/v2\/media?parent=5691"}],"wp:term":[{"taxonomy":"product_brand","embeddable":true,"href":"https:\/\/soydeaqui.ddns.net\/pachuca\/index.php\/wp-json\/wp\/v2\/product_brand?post=5691"},{"taxonomy":"product_cat","embeddable":true,"href":"https:\/\/soydeaqui.ddns.net\/pachuca\/index.php\/wp-json\/wp\/v2\/product_cat?post=5691"},{"taxonomy":"product_tag","embeddable":true,"href":"https:\/\/soydeaqui.ddns.net\/pachuca\/index.php\/wp-json\/wp\/v2\/product_tag?post=5691"}],"curies":[{"name":"wp","href":"https:\/\/api.w.org\/{rel}","templated":true}]}}