{"id":56892,"date":"2026-03-19T03:39:37","date_gmt":"2026-03-19T03:39:37","guid":{"rendered":"https:\/\/soydeaqui.ddns.net\/pachuca\/index.php\/producto\/cable-coaxial-rg8-30-metros-98-43-pies-50-ohms-4-1-db-malla-de-cobre-al-97-hecho-en-mxico-intemperie\/"},"modified":"2026-03-19T03:39:38","modified_gmt":"2026-03-19T03:39:38","slug":"cable-coaxial-rg8-30-metros-98-43-pies-50-ohms-4-1-db-malla-de-cobre-al-97-hecho-en-mxico-intemperie","status":"publish","type":"product","link":"https:\/\/soydeaqui.ddns.net\/pachuca\/index.php\/producto\/cable-coaxial-rg8-30-metros-98-43-pies-50-ohms-4-1-db-malla-de-cobre-al-97-hecho-en-mxico-intemperie\/","title":{"rendered":"Cable Coaxial \/ RG8 \/ 30 Metros (98.43 Pies) \/ 50 OHMS \/ 4.1 dB \/ Malla de Cobre al 97 % \/ Hecho en M?xico \/ Intemperie"},"content":{"rendered":"<div style='width: 100%; max-width: 1200px; margin: 0 auto; font-family: sans-serif; line-height: 1.6; color: inherit; background-color: transparent;'>\n<div style='display: flex; flex-wrap: wrap; gap: 30px; margin-bottom: 30px;'>\n<div style='flex: 1 1 300px; min-width: 280px;'>\n<h3 style='font-size: 22px; border-bottom: 2px solid currentColor; padding-bottom: 5px; margin-top: 0; color: inherit; opacity: 0.8;'>Descripci\u00f3n<\/h3>\n<p style='text-align: center; margin: 0;'>Coaxial formado por un conductor flexible o s\u00f3lido de cobre&comma; aislamiento de polietileno espumado o polietileno semi-r\u00edgido&comma; blindaje formado por una malla de cobre o cobre esta\u00f1ado y cubierta general de policloruro de vinilo retardante a la flama (FRPVC)<\/p>\n<p style='text-align: center; margin: 20px 70px 0 70px;'>El cable coaxial RG-8 se usa principalmente para conectar equipos de radio a sus antenas en aplicaciones donde se necesita baja p\u00e9rdida de se\u00f1al y resistencia en exteriores.<\/p>\n<\/p><\/div>\n<\/p><\/div>\n<div style='display: flex; flex-wrap: wrap; gap: 20px; margin-bottom: 30px;'>\n<div style='flex: 1 1 250px; border: 1px solid rgba(150&comma; 150&comma; 150&comma; 0.4); border-radius: 8px; overflow: hidden; display: flex; flex-direction: column;'>\n<div style='padding: 15px; border-bottom: 1px solid rgba(150&comma; 150&comma; 150&comma; 0.2); font-weight: bold; font-size: 18px; color: inherit;'>Caracter\u00edsticas<\/div>\n<div style='padding: 15px; color: inherit;'>\n<ul style='padding-left: 20px; margin: 0; font-size: 14px; list-style-type: disc;'>\n<li style='margin-bottom: 5px;'><strong>CONDUCTOR<\/strong><\/li>\n<li style='margin-bottom: 5px;'>N\u00famero de Conductores: 1<\/li>\n<li style='margin-bottom: 5px;'>Material: Cobre<\/li>\n<li style='margin-bottom: 5px;'>Calibre: 11 AWG<\/li>\n<li style='margin-bottom: 5px;'>Di\u00e1metro exterior: 0.109&#8242;<\/li>\n<li style='margin-bottom: 5px;'><strong>AISLAMIENTO<\/strong><\/li>\n<li style='margin-bottom: 5px;'>Aislamiento: Polietileno Espumado (SFS)<\/li>\n<li style='margin-bottom: 5px;'>Cobertura: 97%<\/li>\n<li style='margin-bottom: 5px;'><strong>CUBIERTA<\/strong><\/li>\n<li style='margin-bottom: 5px;'>Material: PVC<\/li>\n<li style='margin-bottom: 5px;'>Espesor Nominal: 0.045&#8242;<\/li>\n<li style='margin-bottom: 5px;'>Di\u00e1metro Externo Nominal: 0.399&#8242;<\/li>\n<li style='margin-bottom: 5px;'>Color: Negro<\/li>\n<li style='margin-bottom: 5px;'><strong>Empaque de 30 metros<\/strong><\/li>\n<\/ul><\/div>\n<\/p><\/div>\n<div style='flex: 1 1 250px; border: 1px solid rgba(150&comma; 150&comma; 150&comma; 0.4); border-radius: 8px; overflow: hidden; display: flex; flex-direction: column;'>\n<div style='padding: 15px; border-bottom: 1px solid rgba(150&comma; 150&comma; 150&comma; 0.2); font-weight: bold; font-size: 18px; color: inherit;'>Certificaciones<\/div>\n<div style='padding: 15px; color: inherit;'>\n<ul style='padding-left: 20px; margin: 0; font-size: 14px; list-style-type: disc;'>\n<li style='margin-bottom: 5px;'>UL 444: Cables para Comunicaciones<\/li>\n<li style='margin-bottom: 5px;'>UL 1655: Televisi\u00f3n por cable de antena comunitaria<\/li>\n<li style='margin-bottom: 5px;'>NEC Art\u00edculo 820: Antena Comunitaria de TV y Sistemas de distribuci\u00f3n de radio<\/li>\n<li style='margin-bottom: 5px;'>NMX-I-118\/02-NYCE-2008: Cable Coaxial para Acometida en sistemas de Televisi\u00f3n por cable (STVC)<\/li>\n<\/ul><\/div>\n<\/p><\/div>\n<div style='flex: 1 1 250px; border: 1px solid rgba(150&comma; 150&comma; 150&comma; 0.4); border-radius: 8px; overflow: hidden; display: flex; flex-direction: column;'>\n<div style='padding: 15px; border-bottom: 1px solid rgba(150&comma; 150&comma; 150&comma; 0.2); font-weight: bold; font-size: 18px; color: inherit;'>Modelos relacionados<\/div>\n<div style='padding: 15px; color: inherit;'>\n<ul style='padding-left: 20px; margin: 0; font-size: 14px; list-style-type: disc;'>\n<li style='margin-bottom: 5px;'><strong>RG8-USYS\/25M<\/strong><\/li>\n<li style='margin-bottom: 5px;'><strong>RG8-USYS\/30M<\/strong><\/li>\n<li style='margin-bottom: 5px;'><strong>RG8-USYS\/50M<\/strong><\/li>\n<li style='margin-bottom: 5px;'><strong>RG8-USYS\/100M<\/strong><\/li>\n<\/ul><\/div>\n<\/p><\/div>\n<\/p><\/div>\n<div style='display: flex; flex-wrap: wrap; gap: 20px; justify-content: center; margin-bottom: 30px;'>\n<div style='flex: 1 1 200px; max-width: 300px;'> <img style='width: 100%; height: auto; border: 1px solid rgba(150&comma;150&comma;150&comma;0.3); border-radius: 8px;' src='https:\/\/ftp3.syscom.mx\/cdn-cgi\/image\/width=1080&comma;format=webp&comma;quality=95&comma;fit=scale-down\/usuarios\/fotos\/BancoFotografiasSyscom\/VIAKON\/RG8USYS1000\/RG8USYS1000-l.PNG' alt=''> <\/div>\n<div style='flex: 1 1 200px; max-width: 300px;'> <img style='width: 100%; height: auto; border: 1px solid rgba(150&comma;150&comma;150&comma;0.3); border-radius: 8px;' src='https:\/\/ftp3.syscom.mx\/cdn-cgi\/image\/width=1080&comma;format=webp&comma;quality=95&comma;fit=scale-down\/usuarios\/fotos\/BancoFotografiasSyscom\/VIAKON\/RG8USYS1000\/RG8USYS1000-l.PNG' alt=''> <\/div>\n<div style='flex: 1 1 200px; max-width: 300px;'> <img style='width: 100%; height: auto; border: 1px solid rgba(150&comma;150&comma;150&comma;0.3); border-radius: 8px;' src='https:\/\/ftp3.syscom.mx\/cdn-cgi\/image\/width=1080&comma;format=webp&comma;quality=95&comma;fit=scale-down\/usuarios\/fotos\/BancoFotografiasSyscom\/VIAKON\/RG8USYS1000\/RG8USYS1000-l.PNG' alt=''> <\/div>\n<\/p><\/div>\n<hr style='border: 0; border-top: 1px solid rgba(150&comma; 150&comma; 150&comma; 0.3); margin: 30px 0;'> <\/div>\n","protected":false},"excerpt":{"rendered":"<p>Cable Coaxial \/ RG8 \/ 30 Metros (98.43 Pies) \/ 50 OHMS \/ 4.1 dB \/ Malla de Cobre al 97 % \/ Hecho en M?xico \/ Intemperie<\/p>\n","protected":false},"featured_media":56891,"comment_status":"open","ping_status":"closed","template":"","meta":[],"product_brand":[],"product_cat":[1558],"product_tag":[138,1559,242],"class_list":{"0":"post-56892","1":"product","2":"type-product","3":"status-publish","4":"has-post-thumbnail","6":"product_cat-coaxiales","7":"product_tag-cables","8":"product_tag-coaxiales","9":"product_tag-viakon","11":"first","12":"outofstock","13":"sale","14":"shipping-taxable","15":"purchasable","16":"product-type-simple"},"_links":{"self":[{"href":"https:\/\/soydeaqui.ddns.net\/pachuca\/index.php\/wp-json\/wp\/v2\/product\/56892","targetHints":{"allow":["GET"]}}],"collection":[{"href":"https:\/\/soydeaqui.ddns.net\/pachuca\/index.php\/wp-json\/wp\/v2\/product"}],"about":[{"href":"https:\/\/soydeaqui.ddns.net\/pachuca\/index.php\/wp-json\/wp\/v2\/types\/product"}],"replies":[{"embeddable":true,"href":"https:\/\/soydeaqui.ddns.net\/pachuca\/index.php\/wp-json\/wp\/v2\/comments?post=56892"}],"wp:featuredmedia":[{"embeddable":true,"href":"https:\/\/soydeaqui.ddns.net\/pachuca\/index.php\/wp-json\/wp\/v2\/media\/56891"}],"wp:attachment":[{"href":"https:\/\/soydeaqui.ddns.net\/pachuca\/index.php\/wp-json\/wp\/v2\/media?parent=56892"}],"wp:term":[{"taxonomy":"product_brand","embeddable":true,"href":"https:\/\/soydeaqui.ddns.net\/pachuca\/index.php\/wp-json\/wp\/v2\/product_brand?post=56892"},{"taxonomy":"product_cat","embeddable":true,"href":"https:\/\/soydeaqui.ddns.net\/pachuca\/index.php\/wp-json\/wp\/v2\/product_cat?post=56892"},{"taxonomy":"product_tag","embeddable":true,"href":"https:\/\/soydeaqui.ddns.net\/pachuca\/index.php\/wp-json\/wp\/v2\/product_tag?post=56892"}],"curies":[{"name":"wp","href":"https:\/\/api.w.org\/{rel}","templated":true}]}}