{"id":56871,"date":"2026-03-19T03:39:01","date_gmt":"2026-03-19T03:39:01","guid":{"rendered":"https:\/\/soydeaqui.ddns.net\/pachuca\/index.php\/producto\/arnes-para-adicionar-licencias-en-repetidores-kenwood-nxr-1700-nxr-1800\/"},"modified":"2026-03-19T03:39:01","modified_gmt":"2026-03-19T03:39:01","slug":"arnes-para-adicionar-licencias-en-repetidores-kenwood-nxr-1700-nxr-1800","status":"publish","type":"product","link":"https:\/\/soydeaqui.ddns.net\/pachuca\/index.php\/producto\/arnes-para-adicionar-licencias-en-repetidores-kenwood-nxr-1700-nxr-1800\/","title":{"rendered":"Arnes para adicionar licencias en repetidores KENWOOD NXR-1700 NXR-1800"},"content":{"rendered":"<div style='width: 100%; max-width: 1200px; margin: 0 auto; font-family: sans-serif; line-height: 1.6; color: inherit; background-color: transparent;'>\n<div style='display: flex; flex-wrap: wrap; gap: 30px; margin-bottom: 30px;'>\n<div style='flex: 1 1 300px; min-width: 280px;'>\n<h3 style='font-size: 22px; border-bottom: 2px solid currentColor; padding-bottom: 5px; margin-top: 0; color: inherit; opacity: 0.8;'>Descripci\u00f3n<\/h3>\n<p style='font-size: 15px; color: inherit; margin-bottom: 15px;'>La interfaz SK-NXR-1000F es un arn\u00e9s que facilita el procedimiento de agregar licencias en repetidores NXR-1700 y NXR-1800 v\u00eda serial con el software License Management Client (KPT-300) de Kenwood.<\/p>\n<p style='font-size: 15px; color: inherit; margin-bottom: 15px;'>Utilizando este procedimiento es posible remover la licencia antes de 72 hrs de haber cargado la licencia.<\/p>\n<p style='font-size: 15px; color: inherit; margin-bottom: 15px;'>El arn\u00e9s est\u00e1 fabricado con un conector tipo DB-25 Macho que permite la conexi\u00f3n directa por la parte posterior del repetidor. En el otro extremo tiene un conector tipo DB-9 Hembra&comma; por lo tanto se recomienda utilizar a la vez un cable serial a USB para la conexi\u00f3n a la computadora.<\/p>\n<p style='font-size: 15px; color: inherit; margin-bottom: 15px;'><strong style='color: inherit;'>Nota:<\/strong> Es necesario utilizar en conjunto un cable USB a serial DB-9 Macho como el incluido en SPUPLUS o TXUSBDB9.<\/p>\n<\/p><\/div>\n<\/p><\/div>\n<div style='display: flex; flex-wrap: wrap; gap: 20px; margin-bottom: 30px;'>\n<div style='flex: 1 1 250px; border: 1px solid rgba(150&comma; 150&comma; 150&comma; 0.4); border-radius: 8px; overflow: hidden; display: flex; flex-direction: column;'>\n<div style='padding: 15px; border-bottom: 1px solid rgba(150&comma; 150&comma; 150&comma; 0.2); font-weight: bold; font-size: 18px; color: inherit;'>Repetidores compatibles<\/div>\n<div style='padding: 15px; color: inherit;'>\n<ul style='padding-left: 20px; margin: 0; font-size: 14px; list-style-type: disc;'>\n<li style='margin-bottom: 5px;'>NXR-1700E<\/li>\n<li style='margin-bottom: 5px;'>NXR-1800E<\/li>\n<li style='margin-bottom: 5px;'>NXR-1800E2<\/li>\n<\/ul><\/div>\n<\/p><\/div>\n<div style='flex: 1 1 250px; border: 1px solid rgba(150&comma; 150&comma; 150&comma; 0.4); border-radius: 8px; overflow: hidden; display: flex; flex-direction: column;'>\n<div style='padding: 15px; border-bottom: 1px solid rgba(150&comma; 150&comma; 150&comma; 0.2); font-weight: bold; font-size: 18px; color: inherit;'>Licencias compatibles<\/div>\n<div style='padding: 15px; color: inherit;'>\n<ul style='padding-left: 20px; margin: 0; font-size: 14px; list-style-type: disc;'>\n<li style='margin-bottom: 5px;'>KWD-NX10NCK<\/li>\n<li style='margin-bottom: 5px;'>KWD-NX10DCK<\/li>\n<li style='margin-bottom: 5px;'>KWD-NX10MSK<\/li>\n<\/ul><\/div>\n<\/p><\/div>\n<div style='flex: 1 1 250px; border: 1px solid rgba(150&comma; 150&comma; 150&comma; 0.4); border-radius: 8px; overflow: hidden; display: flex; flex-direction: column;'>\n<div style='padding: 15px; border-bottom: 1px solid rgba(150&comma; 150&comma; 150&comma; 0.2); font-weight: bold; font-size: 18px; color: inherit;'>Limitaciones<\/div>\n<div style='padding: 15px; color: inherit;'>\n<ul style='padding-left: 20px; margin: 0; font-size: 14px; list-style-type: disc;'>\n<li style='margin-bottom: 5px;'>El arn\u00e9s solo es compatible para cargar licencias en el repetidor<\/li>\n<li style='margin-bottom: 5px;'>No es compatible para programaci\u00f3n del repetidor<\/li>\n<\/ul><\/div>\n<\/p><\/div>\n<\/p><\/div>\n<hr style='border: 0; border-top: 1px solid rgba(150&comma; 150&comma; 150&comma; 0.3); margin: 30px 0;'> <\/div>\n","protected":false},"excerpt":{"rendered":"<p>Arnes para adicionar licencias en repetidores KENWOOD NXR-1700 NXR-1800<\/p>\n","protected":false},"featured_media":56870,"comment_status":"open","ping_status":"closed","template":"","meta":[],"product_brand":[],"product_cat":[1601],"product_tag":[1579,181,1602],"class_list":{"0":"post-56871","1":"product","2":"type-product","3":"status-publish","4":"has-post-thumbnail","6":"product_cat-programacion-y-software","7":"product_tag-accesorios-para-kenwood","8":"product_tag-epcom-industrial","9":"product_tag-programacion-y-software","11":"first","12":"instock","13":"sale","14":"shipping-taxable","15":"purchasable","16":"product-type-simple"},"_links":{"self":[{"href":"https:\/\/soydeaqui.ddns.net\/pachuca\/index.php\/wp-json\/wp\/v2\/product\/56871","targetHints":{"allow":["GET"]}}],"collection":[{"href":"https:\/\/soydeaqui.ddns.net\/pachuca\/index.php\/wp-json\/wp\/v2\/product"}],"about":[{"href":"https:\/\/soydeaqui.ddns.net\/pachuca\/index.php\/wp-json\/wp\/v2\/types\/product"}],"replies":[{"embeddable":true,"href":"https:\/\/soydeaqui.ddns.net\/pachuca\/index.php\/wp-json\/wp\/v2\/comments?post=56871"}],"wp:featuredmedia":[{"embeddable":true,"href":"https:\/\/soydeaqui.ddns.net\/pachuca\/index.php\/wp-json\/wp\/v2\/media\/56870"}],"wp:attachment":[{"href":"https:\/\/soydeaqui.ddns.net\/pachuca\/index.php\/wp-json\/wp\/v2\/media?parent=56871"}],"wp:term":[{"taxonomy":"product_brand","embeddable":true,"href":"https:\/\/soydeaqui.ddns.net\/pachuca\/index.php\/wp-json\/wp\/v2\/product_brand?post=56871"},{"taxonomy":"product_cat","embeddable":true,"href":"https:\/\/soydeaqui.ddns.net\/pachuca\/index.php\/wp-json\/wp\/v2\/product_cat?post=56871"},{"taxonomy":"product_tag","embeddable":true,"href":"https:\/\/soydeaqui.ddns.net\/pachuca\/index.php\/wp-json\/wp\/v2\/product_tag?post=56871"}],"curies":[{"name":"wp","href":"https:\/\/api.w.org\/{rel}","templated":true}]}}