{"id":56852,"date":"2026-03-19T03:38:29","date_gmt":"2026-03-19T03:38:29","guid":{"rendered":"https:\/\/soydeaqui.ddns.net\/pachuca\/index.php\/producto\/auriculares-de-aviacion-con-microfono-sobre-la-cabeza-helicoptero\/"},"modified":"2026-03-19T03:38:30","modified_gmt":"2026-03-19T03:38:30","slug":"auriculares-de-aviacion-con-microfono-sobre-la-cabeza-helicoptero","status":"publish","type":"product","link":"https:\/\/soydeaqui.ddns.net\/pachuca\/index.php\/producto\/auriculares-de-aviacion-con-microfono-sobre-la-cabeza-helicoptero\/","title":{"rendered":"Auriculares de aviaci\u00f3n, con micr\u00f3fono, sobre la cabeza, helic\u00f3ptero"},"content":{"rendered":"<div style='width: 100%; max-width: 1200px; margin: 0 auto; font-family: sans-serif; line-height: 1.6; color: inherit; background-color: transparent;'> <!-- Secci\u00f3n de caracter\u00edsticas --> <\/p>\n<div style='display: flex; flex-wrap: wrap; gap: 30px; margin-bottom: 30px;'>\n<div style='flex: 1 1 300px; min-width: 280px;'>\n<h3 style='font-size: 22px; border-bottom: 2px solid currentColor; padding-bottom: 5px; margin-top: 0; color: inherit; opacity: 0.8;'>Caracter\u00edsticas y beneficios<\/h3>\n<ul style='padding-left: 20px; font-size: 15px; color: inherit;'>\n<li style='margin-bottom: 5px;'>Almohadilla supersuave para la cabeza<\/li>\n<li style='margin-bottom: 5px;'>Sellos de gel Comfort Gel&comma; m\u00e1s grandes y ligeros&comma; con cortes inferiores<\/li>\n<li style='margin-bottom: 5px;'>Brazo de alambre para una f\u00e1cil colocaci\u00f3n del micr\u00f3fono<\/li>\n<li style='margin-bottom: 5px;'>Nuestros auriculares con la mejor relaci\u00f3n calidad-precio<\/li>\n<li style='margin-bottom: 5px;'>Micr\u00f3fono M-7\/DC: el micr\u00f3fono con cancelaci\u00f3n de ruido m\u00e1s avanzado del mercado<\/li>\n<li style='margin-bottom: 5px;'>Cable moldeado&comma; fabricado con est\u00e1ndares excepcionales de tracci\u00f3n y flexi\u00f3n<\/li>\n<li style='margin-bottom: 5px;'>Versi\u00f3n para helic\u00f3ptero del H10-30<\/li>\n<li style='margin-bottom: 5px;'>Viene equipado con un cable en espiral extendido de 1&comma;5 metros y un solo enchufe<\/li>\n<li style='margin-bottom: 5px;'>Clasificaci\u00f3n certificada de reducci\u00f3n de ruido: 24 dB<\/li>\n<li style='margin-bottom: 5px;'>Supera las normas RTCA\/DO-214<\/li>\n<li style='margin-bottom: 5px;'>Garant\u00eda de cinco a\u00f1os<\/li>\n<li style='margin-bottom: 5px;'>Hecho en EE. UU.<\/li>\n<li style='margin-bottom: 5px;'>Aprobado por la FAA TSO C-139&comma; C57B<\/li>\n<\/ul><\/div>\n<\/p><\/div>\n<p> <!-- Secci\u00f3n de especificaciones --> <\/p>\n<div style='display: flex; flex-wrap: wrap; gap: 20px; margin-bottom: 30px;'>\n<div style='flex: 1 1 250px; border: 1px solid rgba(150&comma; 150&comma; 150&comma; 0.4); border-radius: 8px; overflow: hidden; display: flex; flex-direction: column;'>\n<div style='padding: 15px; border-bottom: 1px solid rgba(150&comma; 150&comma; 150&comma; 0.2); font-weight: bold; font-size: 18px; color: inherit;'>Datos t\u00e9cnicos<\/div>\n<div style='padding: 15px; color: inherit;'>\n<ul style='padding-left: 20px; margin: 0; font-size: 14px; list-style-type: circle;'>\n<li style='margin-bottom: 5px;'>Acoplamiento alrededor de la oreja<\/li>\n<li style='margin-bottom: 5px;'>Herrajes: Acero<\/li>\n<li style='margin-bottom: 5px;'>Tipo de conector: U-174\/U<\/li>\n<li style='margin-bottom: 5px;'>Cable de conexi\u00f3n: ~ 1&comma;5 m (5 pies) cable en espiral<\/li>\n<li style='margin-bottom: 5px;'>Peso sin cable: ~ 593 g (20 oz) (567 g)<\/li>\n<li style='margin-bottom: 5px;'>Tipo domo ABS<\/li>\n<li style='margin-bottom: 5px;'>SPL caracter\u00edstico ~95 dB SPL (1 kHz&comma; 1 mW) a volumen nominal m\u00e1ximo<\/li>\n<li style='margin-bottom: 5px;'>Distorsi\u00f3n arm\u00f3nica total (THD)<\/li>\n<li style='margin-bottom: 5px;'>< 1 % - 110 dB SPL (300 - 3000 Hz)<\/li>\n<li style='margin-bottom: 5px;'>Tipo de auricular: Din\u00e1mico<\/li>\n<li style='margin-bottom: 5px;'>Impedancia auditiva: 150 \u03a9 (300 cada uno; cableado en paralelo)<\/li>\n<li style='margin-bottom: 5px;'>Respuesta de frecuencia auditiva: 200 &#8211; 5500 Hz<\/li>\n<li style='margin-bottom: 5px;'>Principio del micr\u00f3fono<\/li>\n<li style='margin-bottom: 5px;'>M-7\/DC Electret amplificado<\/li>\n<li style='margin-bottom: 5px;'>Sensibilidad del micr\u00f3fono: 400 mV \u00b1 6 dB con una carga de 150 \u03a9 a 1 kHz para una entrada de 114 dB SPL<\/li>\n<li style='margin-bottom: 5px;'>Respuesta de frecuencia del micr\u00f3fono: 300 Hz &#8211; 3&comma;5 kHz por RTCA<\/li>\n<li style='margin-bottom: 5px;'>DO 214<\/li>\n<li style='margin-bottom: 5px;'>Alimentaci\u00f3n de CC del micr\u00f3fono: 8-16 V&comma; no sensible a la polaridad<\/li>\n<li style='margin-bottom: 5px;'>Resistencia de la fuente 470 \u03a9<\/li>\n<\/ul><\/div>\n<\/p><\/div>\n<\/p><\/div>\n<p> <!-- Separador --> <\/p>\n<hr style='border: 0; border-top: 1px solid rgba(150&comma; 150&comma; 150&comma; 0.3); margin: 30px 0;'> <\/div>\n","protected":false},"excerpt":{"rendered":"<p>Auriculares de aviaci\u00f3n, con micr\u00f3fono, sobre la cabeza, helic\u00f3ptero<\/p>\n","protected":false},"featured_media":32,"comment_status":"open","ping_status":"closed","template":"","meta":[],"product_brand":[],"product_cat":[1598],"product_tag":[1517,1599,1584],"class_list":{"0":"post-56852","1":"product","2":"type-product","3":"status-publish","4":"has-post-thumbnail","6":"product_cat-diademas-accesorios-para-icom","7":"product_tag-accesorios-para-icom","8":"product_tag-david-clark","9":"product_tag-diademas","11":"first","12":"instock","13":"sale","14":"shipping-taxable","15":"purchasable","16":"product-type-simple"},"_links":{"self":[{"href":"https:\/\/soydeaqui.ddns.net\/pachuca\/index.php\/wp-json\/wp\/v2\/product\/56852","targetHints":{"allow":["GET"]}}],"collection":[{"href":"https:\/\/soydeaqui.ddns.net\/pachuca\/index.php\/wp-json\/wp\/v2\/product"}],"about":[{"href":"https:\/\/soydeaqui.ddns.net\/pachuca\/index.php\/wp-json\/wp\/v2\/types\/product"}],"replies":[{"embeddable":true,"href":"https:\/\/soydeaqui.ddns.net\/pachuca\/index.php\/wp-json\/wp\/v2\/comments?post=56852"}],"wp:featuredmedia":[{"embeddable":true,"href":"https:\/\/soydeaqui.ddns.net\/pachuca\/index.php\/wp-json\/wp\/v2\/media\/32"}],"wp:attachment":[{"href":"https:\/\/soydeaqui.ddns.net\/pachuca\/index.php\/wp-json\/wp\/v2\/media?parent=56852"}],"wp:term":[{"taxonomy":"product_brand","embeddable":true,"href":"https:\/\/soydeaqui.ddns.net\/pachuca\/index.php\/wp-json\/wp\/v2\/product_brand?post=56852"},{"taxonomy":"product_cat","embeddable":true,"href":"https:\/\/soydeaqui.ddns.net\/pachuca\/index.php\/wp-json\/wp\/v2\/product_cat?post=56852"},{"taxonomy":"product_tag","embeddable":true,"href":"https:\/\/soydeaqui.ddns.net\/pachuca\/index.php\/wp-json\/wp\/v2\/product_tag?post=56852"}],"curies":[{"name":"wp","href":"https:\/\/api.w.org\/{rel}","templated":true}]}}