{"id":56773,"date":"2026-03-19T03:36:03","date_gmt":"2026-03-19T03:36:03","guid":{"rendered":"https:\/\/soydeaqui.ddns.net\/pachuca\/index.php\/producto\/jumper-coaxial-delgado-color-blanco-de-25-4-centmetros-10-pulgadas-de-longitud-y-conectores-f-hembra-en-ambos-extremos-75-ohm-de-impedancia\/"},"modified":"2026-03-19T03:36:04","modified_gmt":"2026-03-19T03:36:04","slug":"jumper-coaxial-delgado-color-blanco-de-25-4-centmetros-10-pulgadas-de-longitud-y-conectores-f-hembra-en-ambos-extremos-75-ohm-de-impedancia","status":"publish","type":"product","link":"https:\/\/soydeaqui.ddns.net\/pachuca\/index.php\/producto\/jumper-coaxial-delgado-color-blanco-de-25-4-centmetros-10-pulgadas-de-longitud-y-conectores-f-hembra-en-ambos-extremos-75-ohm-de-impedancia\/","title":{"rendered":"Jumper Coaxial Delgado Color Blanco de 25.4 Cent?metros (10 Pulgadas) de Longitud y Conectores F Hembra en Ambos Extremos. 75 Ohm de Impedancia."},"content":{"rendered":"<div style='width: 100%; max-width: 1200px; margin: 0 auto; font-family: sans-serif; line-height: 1.6; color: inherit; background-color: transparent;'>\n<div style='display: flex; flex-wrap: wrap; gap: 30px; margin-bottom: 30px;'>\n<div style='flex: 1 1 300px; min-width: 280px;'>\n<h3 style='font-size: 22px; border-bottom: 2px solid currentColor; padding-bottom: 5px; margin-top: 0; color: inherit; opacity: 0.8;'>Caracter\u00edsticas<\/h3>\n<ul style='padding-left: 20px; font-size: 15px; color: inherit;'>\n<li style='margin-bottom: 5px;'><span style='color: inherit;'>Cable coaxial delgado con conectores F hembra para facilitar unir dos cables a trav\u00e9s de una ventana u orificio.<\/span><\/li>\n<li style='margin-bottom: 5px;'><span style='color: inherit;'>Cable delgado de 25.4 cm de Wilson Electronics&comma; dise\u00f1ado para pasar se\u00f1ales a trav\u00e9s del marco de una ventana sin necesidad de perforar.<\/span><\/li>\n<li style='margin-bottom: 5px;'><span style='color: inherit;'>Conectores F-hembra en ambos extremos.<\/span><\/li>\n<\/ul><\/div>\n<\/p><\/div>\n<p> <!-- Secci\u00f3n de especificaciones --> <\/p>\n<div style='display: flex; flex-wrap: wrap; gap: 20px; margin-bottom: 30px;'>\n<div style='flex: 1 1 250px; border: 1px solid rgba(150&comma; 150&comma; 150&comma; 0.4); border-radius: 8px; overflow: hidden; display: flex; flex-direction: column;'>\n<div style='padding: 15px; border-bottom: 1px solid rgba(150&comma; 150&comma; 150&comma; 0.2); font-weight: bold; font-size: 18px; color: inherit;'>Especificaciones<\/div>\n<div style='padding: 15px; color: inherit;'>\n<ul style='padding-left: 20px; margin: 0; font-size: 14px; list-style-type: disc;'>\n<li style='margin-bottom: 5px;'><strong>Impedancia:<\/strong> 75 Ohm<\/li>\n<li style='margin-bottom: 5px;'><strong>Conectores:<\/strong> F Hembra en ambos extremos<\/li>\n<li style='margin-bottom: 5px;'><strong>Longitud:<\/strong> 25.4 cent\u00edmetros<\/li>\n<li style='margin-bottom: 5px;'><strong>Color:<\/strong> Blanco<\/li>\n<li style='margin-bottom: 5px;'><strong>Aplicaci\u00f3n:<\/strong> Para pasar se\u00f1ales a trav\u00e9s del marco de una ventana sin necesidad de perforar<\/li>\n<\/ul><\/div>\n<\/p><\/div>\n<\/p><\/div>\n<\/p><\/div>\n","protected":false},"excerpt":{"rendered":"<p>Jumper Coaxial Delgado Color Blanco de 25.4 Cent?metros (10 Pulgadas) de Longitud y Conectores F Hembra en Ambos Extremos. 75 Ohm de Impedancia.<\/p>\n","protected":false},"featured_media":56772,"comment_status":"open","ping_status":"closed","template":"","meta":[],"product_brand":[],"product_cat":[1520],"product_tag":[138,1521,1525],"class_list":{"0":"post-56773","1":"product","2":"type-product","3":"status-publish","4":"has-post-thumbnail","6":"product_cat-jumpers","7":"product_tag-cables","8":"product_tag-jumpers","9":"product_tag-wilsonpro-weboost","11":"first","12":"instock","13":"sale","14":"shipping-taxable","15":"purchasable","16":"product-type-simple"},"_links":{"self":[{"href":"https:\/\/soydeaqui.ddns.net\/pachuca\/index.php\/wp-json\/wp\/v2\/product\/56773","targetHints":{"allow":["GET"]}}],"collection":[{"href":"https:\/\/soydeaqui.ddns.net\/pachuca\/index.php\/wp-json\/wp\/v2\/product"}],"about":[{"href":"https:\/\/soydeaqui.ddns.net\/pachuca\/index.php\/wp-json\/wp\/v2\/types\/product"}],"replies":[{"embeddable":true,"href":"https:\/\/soydeaqui.ddns.net\/pachuca\/index.php\/wp-json\/wp\/v2\/comments?post=56773"}],"wp:featuredmedia":[{"embeddable":true,"href":"https:\/\/soydeaqui.ddns.net\/pachuca\/index.php\/wp-json\/wp\/v2\/media\/56772"}],"wp:attachment":[{"href":"https:\/\/soydeaqui.ddns.net\/pachuca\/index.php\/wp-json\/wp\/v2\/media?parent=56773"}],"wp:term":[{"taxonomy":"product_brand","embeddable":true,"href":"https:\/\/soydeaqui.ddns.net\/pachuca\/index.php\/wp-json\/wp\/v2\/product_brand?post=56773"},{"taxonomy":"product_cat","embeddable":true,"href":"https:\/\/soydeaqui.ddns.net\/pachuca\/index.php\/wp-json\/wp\/v2\/product_cat?post=56773"},{"taxonomy":"product_tag","embeddable":true,"href":"https:\/\/soydeaqui.ddns.net\/pachuca\/index.php\/wp-json\/wp\/v2\/product_tag?post=56773"}],"curies":[{"name":"wp","href":"https:\/\/api.w.org\/{rel}","templated":true}]}}