{"id":56699,"date":"2026-03-19T03:33:31","date_gmt":"2026-03-19T03:33:31","guid":{"rendered":"https:\/\/soydeaqui.ddns.net\/pachuca\/index.php\/producto\/gestor-vertical-de-cableado-cabletek-ec-una-cara-45u-acero-1-9-mm-negro-ral-9005-montaje-universal-4-postes-cubierta-frontal-extraible-soporte-cat-5e-6-6a-fibra\/"},"modified":"2026-03-19T03:33:32","modified_gmt":"2026-03-19T03:33:32","slug":"gestor-vertical-de-cableado-cabletek-ec-una-cara-45u-acero-1-9-mm-negro-ral-9005-montaje-universal-4-postes-cubierta-frontal-extraible-soporte-cat-5e-6-6a-fibra","status":"publish","type":"product","link":"https:\/\/soydeaqui.ddns.net\/pachuca\/index.php\/producto\/gestor-vertical-de-cableado-cabletek-ec-una-cara-45u-acero-1-9-mm-negro-ral-9005-montaje-universal-4-postes-cubierta-frontal-extraible-soporte-cat-5e-6-6a-fibra\/","title":{"rendered":"Gestor Vertical de Cableado CableTek-EC, Una Cara, 45U, Acero 1.9 mm, Negro RAL 9005, Montaje Universal 4 Postes, Cubierta Frontal Extra\u00edble, Soporte Cat 5e\/6\/6A\/Fibra"},"content":{"rendered":"<div style='width: 100%; max-width: 1200px; margin: 0 auto; font-family: sans-serif; line-height: 1.6; color: inherit; background-color: transparent;'>\n<div style='display: flex; flex-wrap: wrap; gap: 30px; margin-bottom: 30px;'>\n<div style='flex: 1 1 300px; min-width: 280px;'>\n<h3 style='font-size: 22px; border-bottom: 2px solid currentColor; padding-bottom: 5px; margin-top: 0; color: inherit; opacity: 0.8;'>Aplicaciones<\/h3>\n<ul style='padding-left: 20px; font-size: 15px; color: inherit;'>\n<li style='margin-bottom: 5px;'>Dise\u00f1ado para racks abiertos de 45 unidades<\/li>\n<li style='margin-bottom: 5px;'>Modelo sencillo (solo frontal) con 6&#8242; de ancho<\/li>\n<li style='margin-bottom: 5px;'>Soporte y gesti\u00f3n de cables en ambos lados de racks abiertos<\/li>\n<li style='margin-bottom: 5px;'>Ideal para instalaciones de red con equipos montables en rack<\/li>\n<li style='margin-bottom: 5px;'>Soporta cables Cat 5e&comma; 6&comma; 6A y fibra \u00f3ptica<\/li>\n<\/ul>\n<\/div>\n<div style='flex: 1 1 300px; min-width: 280px;'>\n<h3 style='font-size: 22px; border-bottom: 2px solid currentColor; padding-bottom: 5px; margin-top: 0; color: inherit; opacity: 0.8;'>Caracter\u00edsticas T\u00e9cnicas<\/h3>\n<ul style='padding-left: 20px; font-size: 15px; color: inherit;'>\n<li style='margin-bottom: 5px;'><strong>Material:<\/strong> Aluminio y acero de 14 gauge<\/li>\n<li style='margin-bottom: 5px;'><strong>Acabado:<\/strong> Negro texturado RAL 9005 o blanco RAL 9003<\/li>\n<li style='margin-bottom: 5px;'><strong>Dimensiones:<\/strong> 84.00&#8242; (2134mm) de alto x 6.00&#8242; (152mm) de ancho x 11.50&#8242; (292mm) de profundidad<\/li>\n<li style='margin-bottom: 5px;'><strong>Capacidad:<\/strong> 917 cables Cat 5e&comma; 710 cables Cat 6&comma; 493 cables Cat 6A<\/li>\n<li style='margin-bottom: 5px;'><strong>Montaje:<\/strong> Patr\u00f3n universal para racks de 2 y 4 postes<\/li>\n<\/ul>\n<\/div>\n<\/div>\n<div style='display: flex; flex-wrap: wrap; gap: 20px; margin-bottom: 30px;'>\n<div style='flex: 1 1 250px; border: 1px solid rgba(150&comma; 150&comma; 150&comma; 0.4); border-radius: 8px; overflow: hidden; display: flex; flex-direction: column;'>\n<div style='padding: 15px; border-bottom: 1px solid rgba(150&comma; 150&comma; 150&comma; 0.2); font-weight: bold; font-size: 18px; color: inherit;'>Caracter\u00edsticas Constructivas<\/div>\n<div style='padding: 15px; color: inherit;'>\n<ul style='padding-left: 20px; margin: 0; font-size: 14px; list-style-type: disc;'>\n<li style='margin-bottom: 5px;'>Dedos tipo arrowhead para f\u00e1cil inserci\u00f3n y alineaci\u00f3n<\/li>\n<li style='margin-bottom: 5px;'>Canal profundo para transici\u00f3n suave de cables<\/li>\n<li style='margin-bottom: 5px;'>Huecos pre-punzonados con grommets para paso de cables<\/li>\n<li style='margin-bottom: 5px;'>Tapa frontal removible de aluminio liviano con bisagras negras<\/li>\n<li style='margin-bottom: 5px;'>M\u00faltiples puntos de amarre para organizadores de cables<\/li>\n<\/ul>\n<\/div>\n<\/div>\n<div style='flex: 1 1 250px; border: 1px solid rgba(150&comma; 150&comma; 150&comma; 0.4); border-radius: 8px; overflow: hidden; display: flex; flex-direction: column;'>\n<div style='padding: 15px; border-bottom: 1px solid rgba(150&comma; 150&comma; 150&comma; 0.2); font-weight: bold; font-size: 18px; color: inherit;'>Caracter\u00edsticas de Instalaci\u00f3n<\/div>\n<div style='padding: 15px; color: inherit;'>\n<ul style='padding-left: 20px; margin: 0; font-size: 14px; list-style-type: disc;'>\n<li style='margin-bottom: 5px;'>Sistema de montaje a presi\u00f3n sin herramientas<\/li>\n<li style='margin-bottom: 5px;'>Bolts de montaje autolubricantes y autorroscantes<\/li>\n<li style='margin-bottom: 5px;'>Permite acceso no obstruido a todos los cables en cada unidad de rack<\/li>\n<li style='margin-bottom: 5px;'>Tapas que se pueden abrir desde izquierda o derecha<\/li>\n<li style='margin-bottom: 5px;'>Reposicionable sin herramientas<\/li>\n<\/ul>\n<\/div>\n<\/div>\n<div style='flex: 1 1 250px; border: 1px solid rgba(150&comma; 150&comma; 150&comma; 0.4); border-radius: 8px; overflow: hidden; display: flex; flex-direction: column;'>\n<div style='padding: 15px; border-bottom: 1px solid rgba(150&comma; 150&comma; 150&comma; 0.2); font-weight: bold; font-size: 18px; color: inherit;'>Compatibilidad<\/div>\n<div style='padding: 15px; color: inherit;'>\n<ul style='padding-left: 20px; margin: 0; font-size: 14px; list-style-type: disc;'>\n<li style='margin-bottom: 5px;'>Compatible con kits de postes y puertas DGP6 (6&#8242; de ancho)<\/li>\n<li style='margin-bottom: 5px;'>Adaptable a racks abiertos de 2 y 4 postes<\/li>\n<li style='margin-bottom: 5px;'>Acepta cubiertas traseras EC6C7 (6&#8242; de ancho)<\/li>\n<li style='margin-bottom: 5px;'>Soporta cables de categor\u00eda 5e&comma; 6&comma; 6A y fibra \u00f3ptica<\/li>\n<li style='margin-bottom: 5px;'>Compatible con organizadores horizontales y verticales<\/li>\n<\/ul>\n<\/div>\n<\/div>\n<\/div>\n<hr style='border: 0; border-top: 1px solid rgba(150&comma; 150&comma; 150&comma; 0.3); margin: 30px 0;'>\n<div style='display: flex; flex-wrap: wrap; gap: 20px; margin-bottom: 30px;'>\n<div style='flex: 1 1 250px; border: 1px solid rgba(150&comma; 150&comma; 150&comma; 0.4); border-radius: 8px; overflow: hidden; display: flex; flex-direction: column;'>\n<div style='padding: 15px; border-bottom: 1px solid rgba(150&comma; 150&comma; 150&comma; 0.2); font-weight: bold; font-size: 18px; color: inherit;'>Capacidades de Cableado<\/div>\n<div style='padding: 15px; color: inherit;'>\n<ul style='padding-left: 20px; margin: 0; font-size: 14px; list-style-type: disc;'>\n<li style='margin-bottom: 5px;'><strong>Cat 5e:<\/strong> 917 cables<\/li>\n<li style='margin-bottom: 5px;'><strong>Cat 6:<\/strong> 710 cables<\/li>\n<li style='margin-bottom: 5px;'><strong>Cat 6A:<\/strong> 493 cables<\/li>\n<\/ul>\n<\/div>\n<\/div>\n<\/div>\n<\/div>\n<\/div>\n","protected":false},"excerpt":{"rendered":"<p>Gestor Vertical de Cableado CableTek-EC, Una Cara, 45U, Acero 1.9 mm, Negro RAL 9005, Montaje Universal 4 Postes, Cubierta Frontal Extra\u00edble, Soporte Cat 5e\/6\/6A\/Fibra<\/p>\n","protected":false},"featured_media":56698,"comment_status":"open","ping_status":"closed","template":"","meta":[],"product_brand":[],"product_cat":[604],"product_tag":[606,698,605],"class_list":{"0":"post-56699","1":"product","2":"type-product","3":"status-publish","4":"has-post-thumbnail","6":"product_cat-accesorios-para-racks-y-gabinetes","7":"product_tag-accesorios-para-racks-y-gabinetes","8":"product_tag-hoffman","9":"product_tag-racks-y-gabinetes","11":"first","12":"outofstock","13":"sale","14":"shipping-taxable","15":"purchasable","16":"product-type-simple"},"_links":{"self":[{"href":"https:\/\/soydeaqui.ddns.net\/pachuca\/index.php\/wp-json\/wp\/v2\/product\/56699","targetHints":{"allow":["GET"]}}],"collection":[{"href":"https:\/\/soydeaqui.ddns.net\/pachuca\/index.php\/wp-json\/wp\/v2\/product"}],"about":[{"href":"https:\/\/soydeaqui.ddns.net\/pachuca\/index.php\/wp-json\/wp\/v2\/types\/product"}],"replies":[{"embeddable":true,"href":"https:\/\/soydeaqui.ddns.net\/pachuca\/index.php\/wp-json\/wp\/v2\/comments?post=56699"}],"wp:featuredmedia":[{"embeddable":true,"href":"https:\/\/soydeaqui.ddns.net\/pachuca\/index.php\/wp-json\/wp\/v2\/media\/56698"}],"wp:attachment":[{"href":"https:\/\/soydeaqui.ddns.net\/pachuca\/index.php\/wp-json\/wp\/v2\/media?parent=56699"}],"wp:term":[{"taxonomy":"product_brand","embeddable":true,"href":"https:\/\/soydeaqui.ddns.net\/pachuca\/index.php\/wp-json\/wp\/v2\/product_brand?post=56699"},{"taxonomy":"product_cat","embeddable":true,"href":"https:\/\/soydeaqui.ddns.net\/pachuca\/index.php\/wp-json\/wp\/v2\/product_cat?post=56699"},{"taxonomy":"product_tag","embeddable":true,"href":"https:\/\/soydeaqui.ddns.net\/pachuca\/index.php\/wp-json\/wp\/v2\/product_tag?post=56699"}],"curies":[{"name":"wp","href":"https:\/\/api.w.org\/{rel}","templated":true}]}}