{"id":56695,"date":"2026-03-19T03:33:24","date_gmt":"2026-03-19T03:33:24","guid":{"rendered":"https:\/\/soydeaqui.ddns.net\/pachuca\/index.php\/producto\/tapa-ciega-estandar-de-19in-compatible-con-racks-con-rieles-de-orificio-roscado-instalacion-sin-herramienta-plano-2-ur-color-negro\/"},"modified":"2026-03-19T03:33:25","modified_gmt":"2026-03-19T03:33:25","slug":"tapa-ciega-estandar-de-19in-compatible-con-racks-con-rieles-de-orificio-roscado-instalacion-sin-herramienta-plano-2-ur-color-negro","status":"publish","type":"product","link":"https:\/\/soydeaqui.ddns.net\/pachuca\/index.php\/producto\/tapa-ciega-estandar-de-19in-compatible-con-racks-con-rieles-de-orificio-roscado-instalacion-sin-herramienta-plano-2-ur-color-negro\/","title":{"rendered":"Tapa Ciega Est\u00e1ndar de 19in, Compatible con Racks con Rieles de Orificio Roscado, Instalaci\u00f3n sin Herramienta, Plano, 2 UR, Color Negro"},"content":{"rendered":"<div style='width: 100%; max-width: 1200px; margin: 0 auto; font-family: sans-serif; line-height: 1.6; color: inherit; background-color: transparent;'> <!-- Descripci\u00f3n principal --> <\/p>\n<div style='margin-bottom: 30px; font-size: 16px; color: inherit;'>\n<p>El panel ciego de instalaci\u00f3n sin herramientas est\u00e1 dise\u00f1ado para minimizar el flujo de aire de derivaci\u00f3n en racks y gabinetes al tiempo que brinda una apariencia deseable.<\/p>\n<\/p><\/div>\n<p> <!-- Secci\u00f3n de caracter\u00edsticas con grid --> <\/p>\n<div style='display: grid; grid-template-columns: repeat(auto-fill&comma; minmax(250px&comma; 1fr)); gap: 20px; margin-bottom: 30px;'>\n<div style='border: 1px solid rgba(150&comma; 150&comma; 150&comma; 0.4); border-radius: 8px; padding: 15px;'>\n<h3 style='font-size: 18px; border-bottom: 2px solid currentColor; padding-bottom: 5px; margin-top: 0; color: inherit; opacity: 0.8;'>Especificaciones<\/h3>\n<ul style='padding-left: 20px; margin: 10px 0; font-size: 14px; color: inherit; list-style-type: disc;'>\n<li style='margin-bottom: 5px;'><strong>Material:<\/strong> ABS<\/li>\n<li style='margin-bottom: 5px;'><strong>Color:<\/strong> Negro<\/li>\n<li style='margin-bottom: 5px;'><strong>Dimensiones:<\/strong> 482.6 x 88.1 mm (Ancho x Alto)<\/li>\n<li style='margin-bottom: 5px;'><strong>Unidades de Rack:<\/strong> 2<\/li>\n<\/ul><\/div>\n<div style='border: 1px solid rgba(150&comma; 150&comma; 150&comma; 0.4); border-radius: 8px; padding: 15px;'>\n<h3 style='font-size: 18px; border-bottom: 2px solid currentColor; padding-bottom: 5px; margin-top: 0; color: inherit; opacity: 0.8;'>Caracter\u00edsticas<\/h3>\n<ul style='padding-left: 20px; margin: 10px 0; font-size: 14px; color: inherit; list-style-type: disc;'>\n<li style='margin-bottom: 5px;'>Instalaci\u00f3n sin herramientas para f\u00e1cil montaje<\/li>\n<li style='margin-bottom: 5px;'>Minimiza flujo de aire de derivaci\u00f3n en racks<\/li>\n<li style='margin-bottom: 5px;'>Material ABS resistente de alta calidad<\/li>\n<li style='margin-bottom: 5px;'>Dimensiones 482.6 x 88.1 mm<\/li>\n<li style='margin-bottom: 5px;'>Compatible con 2 unidades de rack<\/li>\n<\/ul><\/div>\n<\/p><\/div>\n<p> <!-- Separador --> <\/p>\n<hr style='border: 0; border-top: 1px solid rgba(150&comma; 150&comma; 150&comma; 0.3); margin: 30px 0;'> <\/div>\n","protected":false},"excerpt":{"rendered":"<p>Tapa Ciega Est\u00e1ndar de 19in, Compatible con Racks con Rieles de Orificio Roscado, Instalaci\u00f3n sin Herramienta, Plano, 2 UR, Color Negro<\/p>\n","protected":false},"featured_media":32,"comment_status":"open","ping_status":"closed","template":"","meta":[],"product_brand":[],"product_cat":[604],"product_tag":[606,445,605],"class_list":{"0":"post-56695","1":"product","2":"type-product","3":"status-publish","4":"has-post-thumbnail","6":"product_cat-accesorios-para-racks-y-gabinetes","7":"product_tag-accesorios-para-racks-y-gabinetes","8":"product_tag-panduit","9":"product_tag-racks-y-gabinetes","11":"first","12":"outofstock","13":"sale","14":"shipping-taxable","15":"purchasable","16":"product-type-simple"},"_links":{"self":[{"href":"https:\/\/soydeaqui.ddns.net\/pachuca\/index.php\/wp-json\/wp\/v2\/product\/56695","targetHints":{"allow":["GET"]}}],"collection":[{"href":"https:\/\/soydeaqui.ddns.net\/pachuca\/index.php\/wp-json\/wp\/v2\/product"}],"about":[{"href":"https:\/\/soydeaqui.ddns.net\/pachuca\/index.php\/wp-json\/wp\/v2\/types\/product"}],"replies":[{"embeddable":true,"href":"https:\/\/soydeaqui.ddns.net\/pachuca\/index.php\/wp-json\/wp\/v2\/comments?post=56695"}],"wp:featuredmedia":[{"embeddable":true,"href":"https:\/\/soydeaqui.ddns.net\/pachuca\/index.php\/wp-json\/wp\/v2\/media\/32"}],"wp:attachment":[{"href":"https:\/\/soydeaqui.ddns.net\/pachuca\/index.php\/wp-json\/wp\/v2\/media?parent=56695"}],"wp:term":[{"taxonomy":"product_brand","embeddable":true,"href":"https:\/\/soydeaqui.ddns.net\/pachuca\/index.php\/wp-json\/wp\/v2\/product_brand?post=56695"},{"taxonomy":"product_cat","embeddable":true,"href":"https:\/\/soydeaqui.ddns.net\/pachuca\/index.php\/wp-json\/wp\/v2\/product_cat?post=56695"},{"taxonomy":"product_tag","embeddable":true,"href":"https:\/\/soydeaqui.ddns.net\/pachuca\/index.php\/wp-json\/wp\/v2\/product_tag?post=56695"}],"curies":[{"name":"wp","href":"https:\/\/api.w.org\/{rel}","templated":true}]}}