{"id":56652,"date":"2026-03-19T03:32:03","date_gmt":"2026-03-19T03:32:03","guid":{"rendered":"https:\/\/soydeaqui.ddns.net\/pachuca\/index.php\/producto\/interruptor-switch-para-puerta-lampara-led-cel550m-hoffman\/"},"modified":"2026-03-19T03:32:04","modified_gmt":"2026-03-19T03:32:04","slug":"interruptor-switch-para-puerta-lampara-led-cel550m-hoffman","status":"publish","type":"product","link":"https:\/\/soydeaqui.ddns.net\/pachuca\/index.php\/producto\/interruptor-switch-para-puerta-lampara-led-cel550m-hoffman\/","title":{"rendered":"Interruptor switch para puerta lampara LED CEL550M HOFFMAN"},"content":{"rendered":"<div style='width: 100%; max-width: 1200px; margin: 0 auto; font-family: sans-serif; line-height: 1.6; color: inherit; background-color: transparent;'> <!-- Imagen logo --> <\/p>\n<div style='width: 100%; text-align: center; margin: 20px 0;'> <img style='width: 100%; max-width: 300px; height: auto; border: 1px solid rgba(150&comma;150&comma;150&comma;0.3); border-radius: 8px;' src='https:\/\/ftp3.syscom.mx\/usuarios\/fotos\/A12108CH\/224288-hoffman_logo.png' alt=''> <\/div>\n<p> <!-- Descripci\u00f3n general --> <\/p>\n<div style='width: 100%; margin: 30px 0;'>\n<p style='font-size: 16px; color: inherit; letter-spacing: 0.4px; margin: 0 0 20px 0;'>El ADSW01 es el componente esencial para convertir un gabinete est\u00e1ndar en una estaci\u00f3n de trabajo inteligente. Este interruptor detecta la apertura de la puerta para activar dispositivos autom\u00e1ticamente&comma; mejorando la seguridad y la eficiencia energ\u00e9tica.<\/p>\n<\/p><\/div>\n<p> <!-- Caracter\u00edsticas principales --> <\/p>\n<div style='width: 100%; margin: 30px 0;'>\n<h3 style='font-size: 22px; border-bottom: 2px solid currentColor; padding-bottom: 5px; margin-top: 0; margin-bottom: 20px; color: inherit; opacity: 0.8;'>Caracter\u00edsticas principales<\/h3>\n<ul style='padding-left: 20px; font-size: 15px; color: inherit;'>\n<li style='margin-bottom: 15px;'><strong>Automatizaci\u00f3n Total (\u00a1Manos Libres!):<\/strong> Haz que la luz se encienda en cuanto abras la puerta y se apague al cerrarla. No m\u00e1s b\u00fasquedas de interruptores en la oscuridad; el ADSW01 hace el trabajo por ti&comma; permiti\u00e9ndote concentrarte en el mantenimiento del equipo.<\/li>\n<li style='margin-bottom: 15px;'><strong>Multifuncional: M\u00e1s que solo Luces:<\/strong> Aunque es ideal para iluminaci\u00f3n&comma; este interruptor puede controlar otros dispositivos. \u00dasalo para activar ventiladores de refrigeraci\u00f3n solo cuando sea necesario o para enviar una se\u00f1al de alarma a tu sistema de control si alguien abre el gabinete.<\/li>\n<li style='margin-bottom: 15px;'><strong>Ahorro de Energ\u00eda Inteligente:<\/strong> Garantiza que ning\u00fan dispositivo el\u00e9ctrico se quede encendido por error dentro del gabinete cerrado. Esto no solo reduce el consumo el\u00e9ctrico&comma; sino que tambi\u00e9n extiende la vida \u00fatil de tus l\u00e1mparas y componentes electr\u00f3nicos.<\/li>\n<li style='margin-bottom: 15px;'><strong>Dise\u00f1o Robusto y Confiable:<\/strong> Fabricado bajo los est\u00e1ndares de nVent HOFFMAN&comma; este interruptor est\u00e1 dise\u00f1ado para soportar miles de ciclos de apertura en entornos industriales. Es una inversi\u00f3n de una sola vez que funcionar\u00e1 perfectamente durante a\u00f1os.<\/li>\n<li style='margin-bottom: 15px;'><strong>Instalaci\u00f3n Universal en Gabinetes Murales:<\/strong> Su dise\u00f1o est\u00e1 optimizado para montarse f\u00e1cilmente en el marco de gabinetes de montaje en pared (murales). Es compacto y discreto&comma; por lo que no estorbar\u00e1 con tus rieles DIN o componentes principales.<\/li>\n<\/ul><\/div>\n<p> <!-- Separador --> <\/p>\n<hr style='border: 0; border-top: 1px solid rgba(150&comma;150&comma;150&comma;0.3); margin: 30px 0;'> <!-- Especificaciones t\u00e9cnicas --> <\/p>\n<div style='width: 100%; margin: 30px 0;'>\n<h3 style='font-size: 22px; border-bottom: 2px solid currentColor; padding-bottom: 5px; margin-top: 0; margin-bottom: 20px; color: inherit; opacity: 0.8;'>Especificaciones T\u00e9cnicas<\/h3>\n<ul style='padding-left: 20px; font-size: 15px; color: inherit;'>\n<li style='margin-bottom: 5px;'><strong>Tensi\u00f3n nominal:<\/strong> 24-240 V AC\/DC<\/li>\n<li style='margin-bottom: 5px;'><strong>Corriente m\u00e1xima:<\/strong> 3A<\/li>\n<li style='margin-bottom: 5px;'><strong>Material:<\/strong> De pl\u00e1stico&comma; Acero dulce<\/li>\n<li style='margin-bottom: 5px;'><strong>Acabado:<\/strong> Suave mate<\/li>\n<li style='margin-bottom: 5px;'><strong>Color:<\/strong> Gris negro<\/li>\n<li style='margin-bottom: 5px;'><strong>Cantidad del paquete:<\/strong> 1<\/li>\n<li style='margin-bottom: 5px;'><strong>Altura:<\/strong> 30mm<\/li>\n<li style='margin-bottom: 5px;'><strong>Anchura:<\/strong> 31mm<\/li>\n<li style='margin-bottom: 5px;'><strong>Fondo:<\/strong> 62mm<\/li>\n<li style='margin-bottom: 5px;'><strong>Espesor:<\/strong> 2mm<\/li>\n<li style='margin-bottom: 5px;'><strong>Peso:<\/strong> 0.5kg<\/li>\n<\/ul><\/div>\n<\/p><\/div>\n","protected":false},"excerpt":{"rendered":"<p>Interruptor switch para puerta lampara LED CEL550M HOFFMAN<\/p>\n","protected":false},"featured_media":56651,"comment_status":"open","ping_status":"closed","template":"","meta":[],"product_brand":[],"product_cat":[604],"product_tag":[606,698,605],"class_list":{"0":"post-56652","1":"product","2":"type-product","3":"status-publish","4":"has-post-thumbnail","6":"product_cat-accesorios-para-racks-y-gabinetes","7":"product_tag-accesorios-para-racks-y-gabinetes","8":"product_tag-hoffman","9":"product_tag-racks-y-gabinetes","11":"first","12":"instock","13":"sale","14":"shipping-taxable","15":"purchasable","16":"product-type-simple"},"_links":{"self":[{"href":"https:\/\/soydeaqui.ddns.net\/pachuca\/index.php\/wp-json\/wp\/v2\/product\/56652","targetHints":{"allow":["GET"]}}],"collection":[{"href":"https:\/\/soydeaqui.ddns.net\/pachuca\/index.php\/wp-json\/wp\/v2\/product"}],"about":[{"href":"https:\/\/soydeaqui.ddns.net\/pachuca\/index.php\/wp-json\/wp\/v2\/types\/product"}],"replies":[{"embeddable":true,"href":"https:\/\/soydeaqui.ddns.net\/pachuca\/index.php\/wp-json\/wp\/v2\/comments?post=56652"}],"wp:featuredmedia":[{"embeddable":true,"href":"https:\/\/soydeaqui.ddns.net\/pachuca\/index.php\/wp-json\/wp\/v2\/media\/56651"}],"wp:attachment":[{"href":"https:\/\/soydeaqui.ddns.net\/pachuca\/index.php\/wp-json\/wp\/v2\/media?parent=56652"}],"wp:term":[{"taxonomy":"product_brand","embeddable":true,"href":"https:\/\/soydeaqui.ddns.net\/pachuca\/index.php\/wp-json\/wp\/v2\/product_brand?post=56652"},{"taxonomy":"product_cat","embeddable":true,"href":"https:\/\/soydeaqui.ddns.net\/pachuca\/index.php\/wp-json\/wp\/v2\/product_cat?post=56652"},{"taxonomy":"product_tag","embeddable":true,"href":"https:\/\/soydeaqui.ddns.net\/pachuca\/index.php\/wp-json\/wp\/v2\/product_tag?post=56652"}],"curies":[{"name":"wp","href":"https:\/\/api.w.org\/{rel}","templated":true}]}}