{"id":56622,"date":"2026-03-19T03:31:09","date_gmt":"2026-03-19T03:31:09","guid":{"rendered":"https:\/\/soydeaqui.ddns.net\/pachuca\/index.php\/producto\/kit-gabinete-ventilado-de-acero-montaje-rack-19-11u-ip55-uso-en-exterior-593-x-609-x-399-mm-con-placa-trasera-interior-metalica-y-compuerta-inferior-atornillable-incluye-ventilador-ventilas-fi\/"},"modified":"2026-03-19T03:31:19","modified_gmt":"2026-03-19T03:31:19","slug":"kit-gabinete-ventilado-de-acero-montaje-rack-19-11u-ip55-uso-en-exterior-593-x-609-x-399-mm-con-placa-trasera-interior-metalica-y-compuerta-inferior-atornillable-incluye-ventilador-ventilas-fi","status":"publish","type":"product","link":"https:\/\/soydeaqui.ddns.net\/pachuca\/index.php\/producto\/kit-gabinete-ventilado-de-acero-montaje-rack-19-11u-ip55-uso-en-exterior-593-x-609-x-399-mm-con-placa-trasera-interior-metalica-y-compuerta-inferior-atornillable-incluye-ventilador-ventilas-fi\/","title":{"rendered":"Kit Gabinete Ventilado de Acero, Montaje Rack 19&#8243; 11U, IP55 Uso en Exterior (593 x 609 x 399 mm) con Placa Trasera Interior Met\u00e1lica y Compuerta Inferior Atornillable. Incluye Ventilador, Ventilas, filtros, Terminal de Tierra F\u00edsica, Ch"},"content":{"rendered":"<div style='width: 100%; max-width: 1200px; margin: 0 auto; font-family: sans-serif; line-height: 1.6; color: inherit; background-color: transparent;'> <!-- Secci\u00f3n de descripci\u00f3n principal --> <\/p>\n<div style='margin-bottom: 30px;'>\n<h3 style='font-size: 22px; border-bottom: 2px solid currentColor; padding-bottom: 5px; margin-top: 0; color: inherit; opacity: 0.8; font-weight: 600;'> Kit Gabinete de Acero con Ventilaci\u00f3n Incluida y Montaje Interno tipo Rack 19&#8242; para uso en aplicaciones en exterior como postes&comma; torres de telecomunicaci\u00f3n o pared donde no se cuente con protecci\u00f3n contra lluvia o polvo excesivo. <\/h3>\n<p> <!-- Imagen --> <\/p>\n<div style='margin: 20px 0;'> <img style='width: 100%; height: auto; border: 1px solid rgba(150&comma;150&comma;150&comma;0.3); border-radius: 8px; max-width: 400px;' src='https:\/\/ftp3.syscom.mx\/usuarios\/fotos\/PST253015A\/154654-precisionlogosolid.jpg' alt=''> <\/div>\n<\/p><\/div>\n<p> <!-- Secci\u00f3n de contenido con flex --> <\/p>\n<div style='display: flex; flex-wrap: wrap; gap: 30px; margin-bottom: 30px;'>\n<div style='flex: 1 1 300px; min-width: 280px;'>\n<h3 style='font-size: 20px; border-bottom: 2px solid currentColor; padding-bottom: 5px; margin-top: 0; color: inherit; opacity: 0.8; font-weight: 600;'>Caracter\u00edsticas f\u00edsicas:<\/h3>\n<ul style='padding-left: 20px; font-size: 15px; color: inherit; list-style-position: outside;'>\n<li style='margin-bottom: 5px; margin-top: 5px;'><strong>Material:<\/strong> Acero<\/li>\n<li style='margin-bottom: 5px;'><strong>Pintura:<\/strong> En polvo base poliester<\/li>\n<li style='margin-bottom: 5px;'><strong>Nivel de protecci\u00f3n:<\/strong> IP55<\/li>\n<li style='margin-bottom: 5px;'><strong>Resistencia contra impactos:<\/strong> IK10 en la parte met\u00e1lica<\/li>\n<li style='margin-bottom: 5px;'><strong>Material de placa trasera:<\/strong> Acero galvanizado<\/li>\n<li style='margin-bottom: 5px;'><strong>Dimensiones:<\/strong> 593 x 609 x 399 mm (ancho x alto x profundidad)<\/li>\n<li style='margin-bottom: 5px;'><strong>Peso del gabinete \/ Almacenaje m\u00e1ximo recomendado:<\/strong> 30Kg. \/ 40 Kg<\/li>\n<\/ul><\/div>\n<div style='flex: 1 1 300px; min-width: 280px;'>\n<h3 style='font-size: 20px; border-bottom: 2px solid currentColor; padding-bottom: 5px; margin-top: 0; color: inherit; opacity: 0.8; font-weight: 600;'>Incluye:<\/h3>\n<ul style='padding-left: 20px; font-size: 15px; color: inherit; list-style-position: outside;'>\n<li style='margin-bottom: 5px; margin-top: 5px;'><strong>Cuerpo y puerta:<\/strong> De acero<\/li>\n<li style='margin-bottom: 5px;'><strong>Placa trasera:<\/strong> Para montaje de equipo. 550 x 565 mm (ancho x alto)<\/li>\n<li style='margin-bottom: 5px;'><strong>Cerradura de seguridad:<\/strong> Con llave (PSTK2L y PSTK2K)<\/li>\n<li style='margin-bottom: 5px;'><strong>Tapa inferior:<\/strong> Para instalaci\u00f3n de conectores tipo gl\u00e1ndula<\/li>\n<li style='margin-bottom: 5px;'><strong>Accesorios:<\/strong> Empaque e informaci\u00f3n<\/li>\n<li style='margin-bottom: 5px;'><strong>Ventilaci\u00f3n:<\/strong> Ventilador 110 Vca con ventila y filtro&comma; y ventila lateral con filtro<\/li>\n<\/ul><\/div>\n<\/p><\/div>\n<p> <!-- Secci\u00f3n de aplicaci\u00f3n --> <\/p>\n<div style='margin-bottom: 30px;'>\n<h3 style='font-size: 20px; border-bottom: 2px solid currentColor; padding-bottom: 5px; margin-top: 0; color: inherit; opacity: 0.8; font-weight: 600;'>Aplicaci\u00f3n:<\/h3>\n<ul style='padding-left: 20px; font-size: 15px; color: inherit; list-style-position: outside;'>\n<li style='margin-bottom: 5px; margin-top: 5px;'><strong>Instalaci\u00f3n:<\/strong> POE&#8217;s en torre&comma; poste o pared<\/li>\n<li style='margin-bottom: 5px;'><strong>Almacenamiento:<\/strong> Bater\u00edas (se recomienda agregar respiraci\u00f3n)<\/li>\n<li style='margin-bottom: 5px;'><strong>Resguardo:<\/strong> Protectores de pico&comma; fusibles o tablillas el\u00e9ctricas<\/li>\n<\/ul>\n<p style='margin-top: 15px; font-size: 15px; color: inherit;'> Se recomienda utilizar conectores tipo gl\u00e1ndula para salida de cableado: <a href='https:\/\/www.syscom.mx\/principal\/consultarproductosazul?global_search=txgb&#038;ordenar=Relevancia&#038;pag=1' style='color: inherit; text-decoration: underline;'> Ver modelos <\/a> <\/p>\n<\/p><\/div>\n<p> <!-- Secci\u00f3n de recomendaciones --> <\/p>\n<div style='margin-bottom: 30px;'>\n<h3 style='font-size: 20px; border-bottom: 2px solid currentColor; padding-bottom: 5px; margin-top: 0; color: inherit; opacity: 0.8; font-weight: 600;'>Recomendaciones de montaje:<\/h3>\n<ul style='padding-left: 20px; font-size: 15px; color: inherit; list-style-position: outside;'>\n<li style='margin-bottom: 5px; margin-top: 5px;'> <a href='https:\/\/www.syscom.mx\/producto\/PST-WA-080-PRECISION-161009.html' style='color: inherit; text-decoration: underline;'> * Para montaje en poste se sugiere el modelo PST-WA-080 <\/a> <\/li>\n<li style='margin-bottom: 5px;'> <a href='https:\/\/www.syscom.mx\/producto\/PST-WC-010-PRECISION-161010.html' style='color: inherit; text-decoration: underline;'> * Para montaje en pared se sugiere el modelo PST-WC-010 <\/a> <\/li>\n<\/ul><\/div>\n<p> <!-- Nota t\u00e9cnica --> <\/p>\n<div style='margin-bottom: 30px;'>\n<h3 style='font-size: 20px; border-bottom: 2px solid currentColor; padding-bottom: 5px; margin-top: 0; color: inherit; opacity: 0.8; font-weight: 600;'>Nota t\u00e9cnica:<\/h3>\n<div style='font-size: 15px; color: inherit;'>\n<p style='margin: 8px 0;'><em><strong>\u2022<\/strong> La implementaci\u00f3n de ventilaci\u00f3n est\u00e1 incluida.<\/em><\/p>\n<p style='margin: 8px 0;'><em>\u2022 El instalar los elementos de ventilaci\u00f3n reducir\u00e1 el nivel de protecci\u00f3n (IP) del gabinete pero mejorar\u00e1 la disipaci\u00f3n de calor<\/em><\/p>\n<\/p><\/div>\n<\/p><\/div>\n<\/p><\/div>\n","protected":false},"excerpt":{"rendered":"<p>Kit Gabinete Ventilado de Acero, Montaje Rack 19&#8243; 11U, IP55 Uso en Exterior (593 x 609 x 399 mm) con Placa Trasera Interior Met\u00e1lica y Compuerta Inferior Atornillable. Incluye Ventilador, Ventilas, filtros, Terminal de Tierra F\u00edsica, Ch<\/p>\n","protected":false},"featured_media":56621,"comment_status":"open","ping_status":"closed","template":"","meta":[],"product_brand":[],"product_cat":[637],"product_tag":[638,248,605],"class_list":{"0":"post-56622","1":"product","2":"type-product","3":"status-publish","4":"has-post-thumbnail","6":"product_cat-gabinetes-para-intemperie","7":"product_tag-gabinetes-para-intemperie","8":"product_tag-precision","9":"product_tag-racks-y-gabinetes","11":"first","12":"outofstock","13":"sale","14":"shipping-taxable","15":"purchasable","16":"product-type-simple"},"_links":{"self":[{"href":"https:\/\/soydeaqui.ddns.net\/pachuca\/index.php\/wp-json\/wp\/v2\/product\/56622","targetHints":{"allow":["GET"]}}],"collection":[{"href":"https:\/\/soydeaqui.ddns.net\/pachuca\/index.php\/wp-json\/wp\/v2\/product"}],"about":[{"href":"https:\/\/soydeaqui.ddns.net\/pachuca\/index.php\/wp-json\/wp\/v2\/types\/product"}],"replies":[{"embeddable":true,"href":"https:\/\/soydeaqui.ddns.net\/pachuca\/index.php\/wp-json\/wp\/v2\/comments?post=56622"}],"wp:featuredmedia":[{"embeddable":true,"href":"https:\/\/soydeaqui.ddns.net\/pachuca\/index.php\/wp-json\/wp\/v2\/media\/56621"}],"wp:attachment":[{"href":"https:\/\/soydeaqui.ddns.net\/pachuca\/index.php\/wp-json\/wp\/v2\/media?parent=56622"}],"wp:term":[{"taxonomy":"product_brand","embeddable":true,"href":"https:\/\/soydeaqui.ddns.net\/pachuca\/index.php\/wp-json\/wp\/v2\/product_brand?post=56622"},{"taxonomy":"product_cat","embeddable":true,"href":"https:\/\/soydeaqui.ddns.net\/pachuca\/index.php\/wp-json\/wp\/v2\/product_cat?post=56622"},{"taxonomy":"product_tag","embeddable":true,"href":"https:\/\/soydeaqui.ddns.net\/pachuca\/index.php\/wp-json\/wp\/v2\/product_tag?post=56622"}],"curies":[{"name":"wp","href":"https:\/\/api.w.org\/{rel}","templated":true}]}}