{"id":5658,"date":"2026-03-18T06:33:59","date_gmt":"2026-03-18T06:33:59","guid":{"rendered":"https:\/\/soydeaqui.ddns.net\/pachuca\/index.php\/producto\/fuente-de-alimentacion-remota-salida-12-24vcd-seleccionable-capacidad-4a-listada-ul-aprobada-fm-0500-02380\/"},"modified":"2026-03-18T06:34:07","modified_gmt":"2026-03-18T06:34:07","slug":"fuente-de-alimentacion-remota-salida-12-24vcd-seleccionable-capacidad-4a-listada-ul-aprobada-fm-0500-02380","status":"publish","type":"product","link":"https:\/\/soydeaqui.ddns.net\/pachuca\/index.php\/producto\/fuente-de-alimentacion-remota-salida-12-24vcd-seleccionable-capacidad-4a-listada-ul-aprobada-fm-0500-02380\/","title":{"rendered":"Fuente De Alimentaci\u00f3n Remota, Salida 12\/24Vcd Seleccionable, Capacidad 4A, Listada UL, Aprobada FM, (0500-02380)"},"content":{"rendered":"<div style='width: 100%; max-width: 1200px; margin: 0 auto; font-family: sans-serif; line-height: 1.6; color: inherit; background-color: transparent;'>\n<div style='display: flex; flex-direction: column; align-items: center; margin-bottom: 30px;'>\n<h1 style='font-size: 24px; margin: 5px 0; color: inherit;'>Fuentes Remotas De Alimentaci\u00f3n<\/h1>\n<h1 style='font-size: 24px; margin: 5px 0; color: inherit;'>Para Sistemas De Incendio<\/h1>\n<h1 style='font-size: 24px; margin: 5px 0; color: inherit;'>Listadas UL Aprobadas FM<\/h1>\n<\/p><\/div>\n<div style='margin-bottom: 30px;'>\n<p style='text-align: justify; color: inherit;'>Los <strong>FN-300-ULX&comma; FN-400-ULX&comma; FN-600-ULX y FN1024-ULX<\/strong> son extensores de potencia remotos regulados por voltaje extremadamente rentables. Estas fuentes de alimentaci\u00f3n\/cargadores convierten una entrada de 115 VCA\/60 Hz en una salida filtrada y regulada de <strong>12 VCC o 24 VCC<\/strong>. Los extensores de potencia de la serie ULX est\u00e1n dise\u00f1ados para proporcionar energ\u00eda auxiliar a los accesorios del sistema de soporte.<\/p>\n<\/p><\/div>\n<div style='margin-bottom: 30px;'>\n<h3 style='font-size: 22px; border-bottom: 2px solid currentColor; padding-bottom: 5px; margin-top: 0; color: inherit; opacity: 0.8;'>Caracter\u00edsticas Generales<\/h3>\n<ul style='padding-left: 20px; font-size: 15px; color: inherit; list-style-type: disc;'>\n<li style='margin-bottom: 5px;'><span style='font-size: 15px;'>Fusible de entrada nominal @3.5 amperios\/250V<\/span><\/li>\n<li style='margin-bottom: 5px;'><span style='font-size: 15px;'>Salida filtrada y regulada electr\u00f3nicamente<\/span><\/li>\n<li style='margin-bottom: 5px;'><span style='font-size: 15px;'>Protecci\u00f3n contra cortocircuitos y sobrecarga t\u00e9rmica<\/span><\/li>\n<li style='margin-bottom: 5px;'><span style='font-size: 15px;'>Supervisi\u00f3n de fallo de corriente alterna (contactos tipo &#8216;C&#8217;)<\/span><\/li>\n<li style='margin-bottom: 5px;'><span style='font-size: 15px;'>Supervisi\u00f3n de bater\u00eda baja (contactos forma &#8216;C&#8217;)<\/span><\/li>\n<li style='margin-bottom: 5px;'><span style='font-size: 15px;'>Supervisi\u00f3n de presencia de bater\u00eda (contactos forma &#8216;C&#8217;)<\/span><\/li>\n<li style='margin-bottom: 5px;'><span style='font-size: 15px;'>Cargador incorporado para bater\u00edas de plomo \u00e1cido selladas o de gel.<\/span><\/li>\n<li style='margin-bottom: 5px;'><span style='font-size: 15px;'>Cambio autom\u00e1tico a bater\u00eda de respaldo cuando la corriente alterna falla<\/span><\/li>\n<li style='margin-bottom: 5px;'><span style='font-size: 15px;'>Ca\u00edda de voltaje cero cuando se cambia a bater\u00eda de respaldo<\/span><\/li>\n<li style='margin-bottom: 5px;'><span style='font-size: 15px;'>Indicadores LED de entrada de corriente CA y salida de CD<\/span><\/li>\n<li style='margin-bottom: 5px;'><span style='font-size: 15px;'>Admite hasta dos (2) bater\u00edas de 12V\/7 AH (<strong>Se recomienda Power Sonic <\/strong><a style='color: #e67e22; text-decoration: none; font-weight: 600;' href='https:\/\/www.syscom.mx\/producto\/PS-1270-F1-POWER-SONIC-183408.html'>PS-1270-F1<\/a>)<\/span><\/li>\n<li style='margin-bottom: 5px;'><span style='font-size: 15px;'>Cables de baterias incluidos<\/span><\/li>\n<\/ul><\/div>\n<div style='margin-bottom: 30px;'>\n<h3 style='font-size: 22px; border-bottom: 2px solid currentColor; padding-bottom: 5px; margin-top: 0; color: inherit; opacity: 0.8;'>Especificaciones<\/h3>\n<ul style='padding-left: 20px; font-size: 15px; color: inherit; list-style-type: disc;'>\n<li style='margin-bottom: 5px;'><span style='font-size: 15px;'>Salida 24 o 12 Vcd nominal @3A m\u00e1x. <strong>(seleccionable)<\/strong><\/span><\/li>\n<li style='margin-bottom: 5px;'><span style='font-size: 15px;'>Entrada 115 Vca\/60 Hz&comma; 1.45 A<\/span><\/li>\n<li style='margin-bottom: 5px;'><span style='font-size: 15px;'>Corriente de carga m\u00e1xima 0.7 A<\/span><\/li>\n<li style='margin-bottom: 5px;'><span style='font-size: 15px;'>Tama\u00f1o del gabinete: 13&#8242; Altura x 13.5&#8242; Ancho x 3.25&#8242; Profundidad<\/span><\/li>\n<\/ul><\/div>\n<div style='margin-bottom: 30px;'>\n<p style='color: #e74c3c; font-size: 18.6667px; text-align: justify;'>PRECAUCI\u00d3N: Desactive la unidad antes de realizar tareas de mantenimiento. Para una protecci\u00f3n continua contra el riesgo de descarga el\u00e9ctrica y de incendio&comma; reemplace el fusible por uno del mismo tipo y capacidad nominal. No exponga la unidad a la lluvia ni a la humedad.<\/p>\n<\/p><\/div>\n<\/p><\/div>\n","protected":false},"excerpt":{"rendered":"<p>Fuente De Alimentaci\u00f3n Remota, Salida 12\/24Vcd Seleccionable, Capacidad 4A, Listada UL, Aprobada FM, (0500-02380)<\/p>\n","protected":false},"featured_media":5657,"comment_status":"open","ping_status":"closed","template":"","meta":[],"product_brand":[],"product_cat":[404],"product_tag":[142,405,406],"class_list":{"0":"post-5658","1":"product","2":"type-product","3":"status-publish","4":"has-post-thumbnail","6":"product_cat-fuentes-de-poder","7":"product_tag-energia","8":"product_tag-fuentes-de-poder","9":"product_tag-hochiki","11":"first","12":"instock","13":"sale","14":"shipping-taxable","15":"purchasable","16":"product-type-simple"},"_links":{"self":[{"href":"https:\/\/soydeaqui.ddns.net\/pachuca\/index.php\/wp-json\/wp\/v2\/product\/5658","targetHints":{"allow":["GET"]}}],"collection":[{"href":"https:\/\/soydeaqui.ddns.net\/pachuca\/index.php\/wp-json\/wp\/v2\/product"}],"about":[{"href":"https:\/\/soydeaqui.ddns.net\/pachuca\/index.php\/wp-json\/wp\/v2\/types\/product"}],"replies":[{"embeddable":true,"href":"https:\/\/soydeaqui.ddns.net\/pachuca\/index.php\/wp-json\/wp\/v2\/comments?post=5658"}],"wp:featuredmedia":[{"embeddable":true,"href":"https:\/\/soydeaqui.ddns.net\/pachuca\/index.php\/wp-json\/wp\/v2\/media\/5657"}],"wp:attachment":[{"href":"https:\/\/soydeaqui.ddns.net\/pachuca\/index.php\/wp-json\/wp\/v2\/media?parent=5658"}],"wp:term":[{"taxonomy":"product_brand","embeddable":true,"href":"https:\/\/soydeaqui.ddns.net\/pachuca\/index.php\/wp-json\/wp\/v2\/product_brand?post=5658"},{"taxonomy":"product_cat","embeddable":true,"href":"https:\/\/soydeaqui.ddns.net\/pachuca\/index.php\/wp-json\/wp\/v2\/product_cat?post=5658"},{"taxonomy":"product_tag","embeddable":true,"href":"https:\/\/soydeaqui.ddns.net\/pachuca\/index.php\/wp-json\/wp\/v2\/product_tag?post=5658"}],"curies":[{"name":"wp","href":"https:\/\/api.w.org\/{rel}","templated":true}]}}