{"id":56543,"date":"2026-03-19T03:28:37","date_gmt":"2026-03-19T03:28:37","guid":{"rendered":"https:\/\/soydeaqui.ddns.net\/pachuca\/index.php\/producto\/microfono-de-garganta-liviano-para-icom-ic-f11-14-3021-3013-3103-3003-ic-f1000-2000-se-fija-al-equipo-con-tornillos\/"},"modified":"2026-03-19T03:28:38","modified_gmt":"2026-03-19T03:28:38","slug":"microfono-de-garganta-liviano-para-icom-ic-f11-14-3021-3013-3103-3003-ic-f1000-2000-se-fija-al-equipo-con-tornillos","status":"publish","type":"product","link":"https:\/\/soydeaqui.ddns.net\/pachuca\/index.php\/producto\/microfono-de-garganta-liviano-para-icom-ic-f11-14-3021-3013-3103-3003-ic-f1000-2000-se-fija-al-equipo-con-tornillos\/","title":{"rendered":"Micr\u00f3fono de Garganta Liviano. Para ICOM IC-F11\/ 14\/ 3021\/ 3013\/ 3103\/ 3003, IC-F1000\/2000. Se fija al equipo con tornillos."},"content":{"rendered":"<div style='width: 100%; max-width: 1200px; margin: 0 auto; font-family: sans-serif; line-height: 1.6; color: inherit; background-color: transparent;'>\n<div style='display: flex; flex-wrap: wrap; gap: 30px; margin-bottom: 30px;'>\n<div style='flex: 1 1 300px; min-width: 280px;'>\n<h3 style='font-size: 22px; border-bottom: 2px solid currentColor; padding-bottom: 5px; margin-top: 0; color: inherit; opacity: 0.8;'>Descripci\u00f3n<\/h3>\n<p style='font-size: 15px; color: inherit; margin-top: 0; margin-bottom: 15px;'>Micr\u00f3fono de Garganta Liviano. Para ICOM IC-F2100D. Se fija al equipo con tornillos.<\/p>\n<p style='font-size: 15px; color: inherit; margin-top: 0; margin-bottom: 15px;'>Ideal para utilizarlo c\u00f3modamente con casco de motocicleta cerrado&comma; m\u00e1scaras de respiraci\u00f3n de laboratorio o fumigaci\u00f3n.<\/p>\n<\/p><\/div>\n<\/p><\/div>\n<div style='display: flex; flex-wrap: wrap; gap: 20px; margin-bottom: 30px;'>\n<div style='flex: 1 1 250px; border: 1px solid rgba(150&comma; 150&comma; 150&comma; 0.4); border-radius: 8px; overflow: hidden; display: flex; flex-direction: column;'>\n<div style='padding: 15px; border-bottom: 1px solid rgba(150&comma; 150&comma; 150&comma; 0.2); font-weight: bold; font-size: 18px; color: inherit;'>Caracter\u00edsticas<\/div>\n<div style='padding: 15px; color: inherit;'>\n<ul style='padding-left: 20px; margin: 0; font-size: 14px; list-style-type: disc;'>\n<li style='margin-bottom: 5px;'>Micr\u00f3fono liviano de garganta con aud\u00edfono ac\u00fastico y PTT de anillo<\/li>\n<li style='margin-bottom: 5px;'>Bloquea el ruido de fondo recogiendo el sonido de la voz del usuario directamente de la vibraci\u00f3n de sus cuerdas vocales.<\/li>\n<li style='margin-bottom: 5px;'>(No se use con vox en motocicleta)<\/li>\n<li style='margin-bottom: 5px;'>Micr\u00f3fono de una pieza para confort en su desempe\u00f1o.<\/li>\n<li style='margin-bottom: 5px;'>Tubo ac\u00fastico transparente para vigilancia<\/li>\n<li style='margin-bottom: 5px;'>Cable de PU reforzado con Kevlar y doble troquelado en conector&comma; PTT y micr\u00f3fono<\/li>\n<\/ul><\/div>\n<\/p><\/div>\n<div style='flex: 1 1 250px; border: 1px solid rgba(150&comma; 150&comma; 150&comma; 0.4); border-radius: 8px; overflow: hidden; display: flex; flex-direction: column;'>\n<div style='padding: 15px; border-bottom: 1px solid rgba(150&comma; 150&comma; 150&comma; 0.2); font-weight: bold; font-size: 18px; color: inherit;'>Caracter\u00edsticas Adicionales<\/div>\n<div style='padding: 15px; color: inherit;'>\n<ul style='padding-left: 20px; margin: 0; font-size: 14px; list-style-type: disc;'>\n<li style='margin-bottom: 5px;'>PTT de anillo resistente&comma; ajustable&comma; modo y f\u00e1cil de ocultar<\/li>\n<li style='margin-bottom: 5px;'>Tubo ac\u00fastico de PU de grado m\u00e9dico&comma; m\u00e1s suave y confortable de usar&comma; con inserto de o\u00eddo adicional incluido<\/li>\n<li style='margin-bottom: 5px;'>Micr\u00f3fono de alta calidad proporciona un sonido alto y claro&comma; capta la voz por la garganta con el micr\u00f3fono de cancelaci\u00f3n de ruido.<\/li>\n<li style='margin-bottom: 5px;'>Ideal para cuando tenemos la boca obstruida con equipo de seguridad.<\/li>\n<\/ul><\/div>\n<\/p><\/div>\n<\/p><\/div>\n<div style='display: flex; flex-wrap: wrap; gap: 15px; margin-bottom: 30px;'>\n<div style='flex: 1 1 300px; min-width: 280px;'>\n<h3 style='font-size: 22px; border-bottom: 2px solid currentColor; padding-bottom: 5px; margin-top: 0; color: inherit; opacity: 0.8;'>Compatibilidad<\/h3>\n<p style='font-size: 15px; color: inherit; margin-top: 0; margin-bottom: 15px;'>Para ICOM IC-F11\/14\/3021\/3013\/3103\/3003&comma; IC-F1000\/2000<\/p>\n<\/p><\/div>\n<\/p><\/div>\n<div style='display: flex; flex-wrap: wrap; gap: 15px; margin-bottom: 30px;'>\n<div style='flex: 1 1 300px; min-width: 280px;'>\n<h3 style='font-size: 22px; border-bottom: 2px solid currentColor; padding-bottom: 5px; margin-top: 0; color: inherit; opacity: 0.8;'>Fijaci\u00f3n<\/h3>\n<p style='font-size: 15px; color: inherit; margin-top: 0; margin-bottom: 15px;'>Se fija al equipo con tornillos<\/p>\n<\/p><\/div>\n<\/p><\/div>\n<div style='display: flex; flex-wrap: wrap; gap: 15px; margin-bottom: 30px;'>\n<div style='flex: 1 1 300px; min-width: 280px;'>\n<h3 style='font-size: 22px; border-bottom: 2px solid currentColor; padding-bottom: 5px; margin-top: 0; color: inherit; opacity: 0.8;'>Conector<\/h3>\n<p style='font-size: 15px; color: inherit; margin-top: 0; margin-bottom: 15px;'>Conector S05<\/p>\n<\/p><\/div>\n<\/p><\/div>\n<div style='display: flex; flex-wrap: wrap; gap: 15px; margin-bottom: 30px;'>\n<div style='flex: 1 1 300px; min-width: 280px;'>\n<h3 style='font-size: 22px; border-bottom: 2px solid currentColor; padding-bottom: 5px; margin-top: 0; color: inherit; opacity: 0.8;'>Im\u00e1genes<\/h3>\n<\/p><\/div>\n<\/p><\/div>\n<div style='display: flex; flex-wrap: wrap; gap: 15px; margin-bottom: 30px;'>\n<div style='flex: 1 1 300px; min-width: 280px;'> <img style='width: 100%; height: auto; border: 1px solid rgba(150&comma;150&comma;150&comma;0.3); border-radius: 8px;' src='http:\/\/ftp3.syscom.mx\/usuarios\/fotos\/TX780K01\/67313-tx780_esp_1.png' alt=''> <\/div>\n<div style='flex: 1 1 300px; min-width: 280px;'> <img style='width: 100%; height: auto; border: 1px solid rgba(150&comma;150&comma;150&comma;0.3); border-radius: 8px;' src='http:\/\/ftp3.syscom.mx\/usuarios\/fotos\/TX780S05\/68935-s05.jpg' alt=''> <\/div>\n<div style='flex: 1 1 300px; min-width: 280px;'> <img style='width: 100%; height: auto; border: 1px solid rgba(150&comma;150&comma;150&comma;0.3); border-radius: 8px;' src='http:\/\/ftp3.syscom.mx\/usuarios\/fotos\/TX780_1\/TX780_1.png' alt=''> <\/div>\n<div style='flex: 1 1 300px; min-width: 280px;'> <img style='width: 100%; height: auto; border: 1px solid rgba(150&comma;150&comma;150&comma;0.3); border-radius: 8px;' src='http:\/\/ftp3.syscom.mx\/usuarios\/fotos\/TX780_1\/TX780_2.png' alt=''> <\/div>\n<\/p><\/div>\n<hr style='border: 0; border-top: 1px solid rgba(150&comma; 150&comma; 150&comma; 0.3); margin: 30px 0;'> <\/div>\n","protected":false},"excerpt":{"rendered":"<p>Micr\u00f3fono de Garganta Liviano. Para ICOM IC-F11\/ 14\/ 3021\/ 3013\/ 3103\/ 3003, IC-F1000\/2000. Se fija al equipo con tornillos.<\/p>\n","protected":false},"featured_media":32,"comment_status":"open","ping_status":"closed","template":"","meta":[],"product_brand":[],"product_cat":[1516],"product_tag":[1517,1518,560],"class_list":{"0":"post-56543","1":"product","2":"type-product","3":"status-publish","4":"has-post-thumbnail","6":"product_cat-microfono-audifono","7":"product_tag-accesorios-para-icom","8":"product_tag-microfono-audifono","9":"product_tag-txpro","11":"first","12":"outofstock","13":"sale","14":"shipping-taxable","15":"purchasable","16":"product-type-simple"},"_links":{"self":[{"href":"https:\/\/soydeaqui.ddns.net\/pachuca\/index.php\/wp-json\/wp\/v2\/product\/56543","targetHints":{"allow":["GET"]}}],"collection":[{"href":"https:\/\/soydeaqui.ddns.net\/pachuca\/index.php\/wp-json\/wp\/v2\/product"}],"about":[{"href":"https:\/\/soydeaqui.ddns.net\/pachuca\/index.php\/wp-json\/wp\/v2\/types\/product"}],"replies":[{"embeddable":true,"href":"https:\/\/soydeaqui.ddns.net\/pachuca\/index.php\/wp-json\/wp\/v2\/comments?post=56543"}],"wp:featuredmedia":[{"embeddable":true,"href":"https:\/\/soydeaqui.ddns.net\/pachuca\/index.php\/wp-json\/wp\/v2\/media\/32"}],"wp:attachment":[{"href":"https:\/\/soydeaqui.ddns.net\/pachuca\/index.php\/wp-json\/wp\/v2\/media?parent=56543"}],"wp:term":[{"taxonomy":"product_brand","embeddable":true,"href":"https:\/\/soydeaqui.ddns.net\/pachuca\/index.php\/wp-json\/wp\/v2\/product_brand?post=56543"},{"taxonomy":"product_cat","embeddable":true,"href":"https:\/\/soydeaqui.ddns.net\/pachuca\/index.php\/wp-json\/wp\/v2\/product_cat?post=56543"},{"taxonomy":"product_tag","embeddable":true,"href":"https:\/\/soydeaqui.ddns.net\/pachuca\/index.php\/wp-json\/wp\/v2\/product_tag?post=56543"}],"curies":[{"name":"wp","href":"https:\/\/api.w.org\/{rel}","templated":true}]}}