{"id":5654,"date":"2026-03-18T06:33:56","date_gmt":"2026-03-18T06:33:56","guid":{"rendered":"https:\/\/soydeaqui.ddns.net\/pachuca\/index.php\/producto\/transmisor-de-test-interno-para-sensor-de-vibracion-sc100\/"},"modified":"2026-03-18T06:33:56","modified_gmt":"2026-03-18T06:33:56","slug":"transmisor-de-test-interno-para-sensor-de-vibracion-sc100","status":"publish","type":"product","link":"https:\/\/soydeaqui.ddns.net\/pachuca\/index.php\/producto\/transmisor-de-test-interno-para-sensor-de-vibracion-sc100\/","title":{"rendered":"Transmisor de Test Interno para Sensor de Vibraci\u00f3n SC100"},"content":{"rendered":"<div style='width: 100%; max-width: 1200px; margin: 0 auto; font-family: sans-serif; line-height: 1.6; color: inherit; background-color: transparent;'> <!-- Secci\u00f3n de descripci\u00f3n general --> <\/p>\n<div style='display: flex; flex-wrap: wrap; gap: 30px; margin-bottom: 30px;'>\n<div style='flex: 1 1 300px; min-width: 280px;'>\n<h3 style='font-size: 22px; border-bottom: 2px solid currentColor; padding-bottom: 5px; margin-top: 0; color: inherit; opacity: 0.8;'>Descripci\u00f3n General<\/h3>\n<ul style='padding-left: 20px; font-size: 15px; color: inherit;'>\n<li style='margin-bottom: 5px;'>Transmisor de test interno para sensor de vibraci\u00f3n<\/li>\n<li style='margin-bottom: 5px;'>Modelo: SC113<\/li>\n<li style='margin-bottom: 5px;'>Permite realizar un test completo del funcionamiento del sensor<\/li>\n<li style='margin-bottom: 5px;'>Verifica si el montaje del sensor se ha realizado correctamente<\/li>\n<\/ul><\/div>\n<\/p><\/div>\n<p> <!-- Secci\u00f3n de caracter\u00edsticas principales --> <\/p>\n<div style='display: flex; flex-wrap: wrap; gap: 20px; margin-bottom: 30px;'>\n<div style='flex: 1 1 250px; border: 1px solid rgba(150&comma; 150&comma; 150&comma; 0.4); border-radius: 8px; overflow: hidden; display: flex; flex-direction: column;'>\n<div style='padding: 15px; border-bottom: 1px solid rgba(150&comma; 150&comma; 150&comma; 0.2); font-weight: bold; font-size: 18px; color: inherit;'>Caracter\u00edsticas Principales<\/div>\n<div style='padding: 15px; color: inherit;'>\n<ul style='padding-left: 20px; margin: 0; font-size: 14px; list-style-type: disc;'>\n<li style='margin-bottom: 5px;'>Detecci\u00f3n de ataques mediante sledgehammers&comma; explosivos&comma; martillos&comma; cinceles&comma; perforaciones&comma; corte con herramientas mec\u00e1nicas&comma; t\u00e9rmicas y de corte con ox\u00edgeno<\/li>\n<li style='margin-bottom: 5px;'>Detecci\u00f3n de ataques mediante soplete oxiacetil\u00e9nico y lanza t\u00e9rmica<\/li>\n<li style='margin-bottom: 5px;'>Alarma de temperatura: Dispara una alarma cuando la temperatura local supera los 85\u00b0C<\/li>\n<li style='margin-bottom: 5px;'>Detecci\u00f3n de aumento r\u00e1pido de temperatura: Dispara alarma cuando el aumento de temperatura es mayor a 6\u00b0C por minuto<\/li>\n<\/ul><\/div>\n<\/p><\/div>\n<div style='flex: 1 1 250px; border: 1px solid rgba(150&comma; 150&comma; 150&comma; 0.4); border-radius: 8px; overflow: hidden; display: flex; flex-direction: column;'>\n<div style='padding: 15px; border-bottom: 1px solid rgba(150&comma; 150&comma; 150&comma; 0.2); font-weight: bold; font-size: 18px; color: inherit;'>Caracter\u00edsticas T\u00e9cnicas<\/div>\n<div style='padding: 15px; color: inherit;'>\n<ul style='padding-left: 20px; margin: 0; font-size: 14px; list-style-type: disc;'>\n<li style='margin-bottom: 5px;'><strong>Alimentaci\u00f3n:<\/strong> 8\u201316 VDC&comma; nominal 12 VDC<\/li>\n<li style='margin-bottom: 5px;'><strong>Consumo:<\/strong> 3mA @ 12VDC t\u00edpico<\/li>\n<li style='margin-bottom: 5px;'><strong>Salida de alarma:<\/strong> Rel\u00e9 de estado s\u00f3lido (cambio) 30 VDC \/ 100 mA; Tipo C<\/li>\n<li style='margin-bottom: 5px;'><strong>Temperatura de operaci\u00f3n:<\/strong> -40\u00b0C a +70\u00b0C<\/li>\n<li style='margin-bottom: 5px;'><strong>Grado de protecci\u00f3n:<\/strong> IP43<\/li>\n<li style='margin-bottom: 5px;'><strong>Dimensiones:<\/strong> 80 mm x 60 mm x 21 mm<\/li>\n<li style='margin-bottom: 5px;'><strong>Peso:<\/strong> 228g<\/li>\n<\/ul><\/div>\n<\/p><\/div>\n<div style='flex: 1 1 250px; border: 1px solid rgba(150&comma; 150&comma; 150&comma; 0.4); border-radius: 8px; overflow: hidden; display: flex; flex-direction: column;'>\n<div style='padding: 15px; border-bottom: 1px solid rgba(150&comma; 150&comma; 150&comma; 0.2); font-weight: bold; font-size: 18px; color: inherit;'>Funciones Especiales<\/div>\n<div style='padding: 15px; color: inherit;'>\n<ul style='padding-left: 20px; margin: 0; font-size: 14px; list-style-type: disc;'>\n<li style='margin-bottom: 5px;'>Entrada de prueba remota: Permite iniciar una prueba funcional usando el transmisor SC113 (interno) o SC115 (externo)<\/li>\n<li style='margin-bottom: 5px;'>Reducci\u00f3n de sensibilidad remota: Permite ajustar la sensibilidad durante el mantenimiento<\/li>\n<li style='margin-bottom: 5px;'>Selecci\u00f3n de sensibilidad: 4 niveles diferentes mediante DIP switches<\/li>\n<li style='margin-bottom: 5px;'>Alarma de tensi\u00f3n baja: Dispara cuando la tensi\u00f3n cae por debajo de 7 VDC<\/li>\n<li style='margin-bottom: 5px;'>Protecci\u00f3n contra sabotaje: Escudo de perforaci\u00f3n integrado<\/li>\n<\/ul><\/div>\n<\/p><\/div>\n<\/p><\/div>\n<p> <!-- Separador --> <\/p>\n<hr style='border: 0; border-top: 1px solid rgba(150&comma; 150&comma; 150&comma; 0.3); margin: 30px 0;'> <!-- Secci\u00f3n de aplicaciones --> <\/p>\n<div style='display: flex; flex-wrap: wrap; gap: 30px; margin-bottom: 30px;'>\n<div style='flex: 1 1 300px; min-width: 280px;'>\n<h3 style='font-size: 22px; border-bottom: 2px solid currentColor; padding-bottom: 5px; margin-top: 0; color: inherit; opacity: 0.8;'>Aplicaciones<\/h3>\n<ul style='padding-left: 20px; font-size: 15px; color: inherit;'>\n<li style='margin-bottom: 5px;'>Cajeros autom\u00e1ticos (ATMs)<\/li>\n<li style='margin-bottom: 5px;'>Cajas fuertes<\/li>\n<li style='margin-bottom: 5px;'>Puertas de b\u00f3vedas<\/li>\n<li style='margin-bottom: 5px;'>M\u00e1quinas expendedoras<\/li>\n<li style='margin-bottom: 5px;'>Cabinas de archivos<\/li>\n<li style='margin-bottom: 5px;'>Contenedores<\/li>\n<li style='margin-bottom: 5px;'>Compartimentos<\/li>\n<li style='margin-bottom: 5px;'>Armarios de armas<\/li>\n<li style='margin-bottom: 5px;'>Huecos de escaleras<\/li>\n<li style='margin-bottom: 5px;'>Gabinetes de control<\/li>\n<\/ul><\/div>\n<div style='flex: 1 1 300px; min-width: 280px;'>\n<h3 style='font-size: 22px; border-bottom: 2px solid currentColor; padding-bottom: 5px; margin-top: 0; color: inherit; opacity: 0.8;'>Compatibilidad<\/h3>\n<ul style='padding-left: 20px; font-size: 15px; color: inherit;'>\n<li style='margin-bottom: 5px;'>Compatible con SC100 y SC105<\/li>\n<li style='margin-bottom: 5px;'>Funciona con sensores de vibraci\u00f3n Honeywell<\/li>\n<li style='margin-bottom: 5px;'>Compatible con sistema de alarma Honeywell<\/li>\n<\/ul><\/div>\n<\/p><\/div>\n<p> <!-- Separador --> <\/p>\n<hr style='border: 0; border-top: 1px solid rgba(150&comma; 150&comma; 150&comma; 0.3); margin: 30px 0;'> <!-- Secci\u00f3n de accesorios --> <\/p>\n<div style='display: flex; flex-wrap: wrap; gap: 30px; margin-bottom: 30px;'>\n<div style='flex: 1 1 300px; min-width: 280px;'>\n<h3 style='font-size: 22px; border-bottom: 2px solid currentColor; padding-bottom: 5px; margin-top: 0; color: inherit; opacity: 0.8;'>Accesorios Disponibles<\/h3>\n<ul style='padding-left: 20px; font-size: 15px; color: inherit;'>\n<li style='margin-bottom: 5px;'>SC110 Placa de montaje<\/li>\n<li style='margin-bottom: 5px;'>SC111 Kit de montaje m\u00f3vil<\/li>\n<li style='margin-bottom: 5px;'>SC112 Kit de protecci\u00f3n de llave<\/li>\n<li style='margin-bottom: 5px;'>SC114 Cable armado de 1.80m (8 hilos)<\/li>\n<li style='margin-bottom: 5px;'>SC115 Transmisor de prueba externo<\/li>\n<li style='margin-bottom: 5px;'>SC116 Kit de montaje en pared<\/li>\n<li style='margin-bottom: 5px;'>SC117 Kit de montaje en suelo<\/li>\n<li style='margin-bottom: 5px;'>SC118 Separador para SC112<\/li>\n<\/ul><\/div>\n<\/p><\/div>\n<\/p><\/div>\n","protected":false},"excerpt":{"rendered":"<p>Transmisor de Test Interno para Sensor de Vibraci\u00f3n SC100<\/p>\n","protected":false},"featured_media":5653,"comment_status":"open","ping_status":"closed","template":"","meta":[],"product_brand":[],"product_cat":[100],"product_tag":[19,209,101],"class_list":{"0":"post-5654","1":"product","2":"type-product","3":"status-publish","4":"has-post-thumbnail","6":"product_cat-impacto","7":"product_tag-detectores-sensores","8":"product_tag-honeywell","9":"product_tag-impacto","11":"first","12":"outofstock","13":"sale","14":"shipping-taxable","15":"purchasable","16":"product-type-simple"},"_links":{"self":[{"href":"https:\/\/soydeaqui.ddns.net\/pachuca\/index.php\/wp-json\/wp\/v2\/product\/5654","targetHints":{"allow":["GET"]}}],"collection":[{"href":"https:\/\/soydeaqui.ddns.net\/pachuca\/index.php\/wp-json\/wp\/v2\/product"}],"about":[{"href":"https:\/\/soydeaqui.ddns.net\/pachuca\/index.php\/wp-json\/wp\/v2\/types\/product"}],"replies":[{"embeddable":true,"href":"https:\/\/soydeaqui.ddns.net\/pachuca\/index.php\/wp-json\/wp\/v2\/comments?post=5654"}],"wp:featuredmedia":[{"embeddable":true,"href":"https:\/\/soydeaqui.ddns.net\/pachuca\/index.php\/wp-json\/wp\/v2\/media\/5653"}],"wp:attachment":[{"href":"https:\/\/soydeaqui.ddns.net\/pachuca\/index.php\/wp-json\/wp\/v2\/media?parent=5654"}],"wp:term":[{"taxonomy":"product_brand","embeddable":true,"href":"https:\/\/soydeaqui.ddns.net\/pachuca\/index.php\/wp-json\/wp\/v2\/product_brand?post=5654"},{"taxonomy":"product_cat","embeddable":true,"href":"https:\/\/soydeaqui.ddns.net\/pachuca\/index.php\/wp-json\/wp\/v2\/product_cat?post=5654"},{"taxonomy":"product_tag","embeddable":true,"href":"https:\/\/soydeaqui.ddns.net\/pachuca\/index.php\/wp-json\/wp\/v2\/product_tag?post=5654"}],"curies":[{"name":"wp","href":"https:\/\/api.w.org\/{rel}","templated":true}]}}