{"id":5641,"date":"2026-03-18T06:33:48","date_gmt":"2026-03-18T06:33:48","guid":{"rendered":"https:\/\/soydeaqui.ddns.net\/pachuca\/index.php\/producto\/contacto-magnetico-para-piso-uso-rudo-con-55cm-de-cable-blindado-gap-75mm-placa-de-montaje-de-l\/"},"modified":"2026-03-18T06:33:51","modified_gmt":"2026-03-18T06:33:51","slug":"contacto-magnetico-para-piso-uso-rudo-con-55cm-de-cable-blindado-gap-75mm-placa-de-montaje-de-l","status":"publish","type":"product","link":"https:\/\/soydeaqui.ddns.net\/pachuca\/index.php\/producto\/contacto-magnetico-para-piso-uso-rudo-con-55cm-de-cable-blindado-gap-75mm-placa-de-montaje-de-l\/","title":{"rendered":"Contacto magn\u00e9tico para piso uso rudo con 55cm de cable blindado \/ GAP 75mm \/ Placa de montaje de &#8220;L&#8221;."},"content":{"rendered":"<div style='width: 100%; max-width: 1200px; margin: 0 auto; font-family: sans-serif; line-height: 1.6; color: inherit; background-color: transparent;'>\n<div style='display: flex; flex-wrap: wrap; gap: 30px; margin-bottom: 30px;'>\n<div style='flex: 1 1 300px; min-width: 280px;'>\n<h3 style='font-size: 22px; border-bottom: 2px solid currentColor; padding-bottom: 5px; margin-top: 0; color: inherit; opacity: 0.8;'>Funcionamiento<\/h3>\n<p style='text-align: justify; color: inherit; font-size: 15px;'>El Sensor magn\u00e9tico para ventanas y puertas consta de un im\u00e1n y un reedswitch (interruptor magn\u00e9tico). Este sensor funciona como un switch normalmente cerrado (mientras hay campo magn\u00e9tico). Cuando la puerta o ventana se abre&comma; el circuito el\u00e9ctrico tambi\u00e9n se abre y es posible detectar la apertura de la misma.<\/p>\n<\/p><\/div>\n<\/p><\/div>\n<div style='display: flex; flex-wrap: wrap; gap: 20px; margin-bottom: 30px;'>\n<div style='flex: 1 1 250px; border: 1px solid rgba(150&comma; 150&comma; 150&comma; 0.4); border-radius: 8px; overflow: hidden; display: flex; flex-direction: column;'>\n<div style='padding: 15px; border-bottom: 1px solid rgba(150&comma; 150&comma; 150&comma; 0.2); font-weight: bold; font-size: 18px; color: inherit;'>Especificaciones<\/div>\n<div style='padding: 15px; color: inherit;'>\n<ul style='padding-left: 20px; margin: 0; font-size: 14px; list-style-type: disc;'>\n<li style='margin-bottom: 5px; text-align: justify;'><span style='font-family: arial&comma; helvetica&comma; sans-serif;'>55 cm de cable calibre 22.<\/span><\/li>\n<li style='margin-bottom: 5px; text-align: justify;'><span style='font-family: arial&comma; helvetica&comma; sans-serif;'>Separaci\u00f3n entre orificios de montaje switch 56 cm.<\/span><\/li>\n<li style='margin-bottom: 5px; text-align: justify;'><span style='font-family: arial&comma; helvetica&comma; sans-serif;'>Separaci\u00f3n de orificios de im\u00e1n 88 cm.<\/span><\/li>\n<li style='margin-bottom: 5px; text-align: justify;'><span style='font-family: arial&comma; helvetica&comma; sans-serif;'>Dimensiones switch: 106 x 15.5 x 38 mm.<\/span><\/li>\n<li style='margin-bottom: 5px; text-align: justify;'><span style='font-family: arial&comma; helvetica&comma; sans-serif;'>Dimensiones de Im\u00e1n: 106 x 15 x 16 mm.<\/span><\/li>\n<li style='margin-bottom: 5px; text-align: justify;'><span style='font-family: arial&comma; helvetica&comma; sans-serif;'>Placa de montaje de &#8216;L&#8217;.<\/span><\/li>\n<li style='margin-bottom: 5px; text-align: justify;'><span style='font-family: arial&comma; helvetica&comma; sans-serif;'>GAP 75mm<\/span><\/li>\n<li style='margin-bottom: 5px; text-align: justify;'><span style='font-family: arial&comma; helvetica&comma; sans-serif;'>1 a\u00f1o de garantia<\/span><\/li>\n<li style='margin-bottom: 5px; text-align: justify;'><span style='font-family: arial&comma; helvetica&comma; sans-serif;'>12Vcc&comma; 0.5A<\/span><\/li>\n<li style='margin-bottom: 5px; text-align: justify;'><span style='font-family: arial&comma; helvetica&comma; sans-serif;'>GAP: 80mm<\/span><\/li>\n<\/ul><\/div>\n<\/p><\/div>\n<\/p><\/div>\n<div style='display: flex; flex-wrap: wrap; gap: 20px; margin-bottom: 30px;'>\n<div style='flex: 1 1 250px; min-width: 280px;'> <img style='width: 100%; height: auto; border: 1px solid rgba(150&comma;150&comma;150&comma;0.3); border-radius: 8px;' src='http:\/\/i.imgur.com\/qCNQDSe.jpg' alt=''> <\/div>\n<\/p><\/div>\n<\/p><\/div>\n","protected":false},"excerpt":{"rendered":"<p>Contacto magn\u00e9tico para piso uso rudo con 55cm de cable blindado \/ GAP 75mm \/ Placa de montaje de &#8220;L&#8221;.<\/p>\n","protected":false},"featured_media":5640,"comment_status":"open","ping_status":"closed","template":"","meta":[],"product_brand":[],"product_cat":[113],"product_tag":[115,114,79],"class_list":{"0":"post-5641","1":"product","2":"type-product","3":"status-publish","4":"has-post-thumbnail","6":"product_cat-contacto-magnetico-cableado","7":"product_tag-contacto-magnetico-cableado","8":"product_tag-contactos-magneticos","9":"product_tag-sfire","11":"first","12":"instock","13":"sale","14":"shipping-taxable","15":"purchasable","16":"product-type-simple"},"_links":{"self":[{"href":"https:\/\/soydeaqui.ddns.net\/pachuca\/index.php\/wp-json\/wp\/v2\/product\/5641","targetHints":{"allow":["GET"]}}],"collection":[{"href":"https:\/\/soydeaqui.ddns.net\/pachuca\/index.php\/wp-json\/wp\/v2\/product"}],"about":[{"href":"https:\/\/soydeaqui.ddns.net\/pachuca\/index.php\/wp-json\/wp\/v2\/types\/product"}],"replies":[{"embeddable":true,"href":"https:\/\/soydeaqui.ddns.net\/pachuca\/index.php\/wp-json\/wp\/v2\/comments?post=5641"}],"wp:featuredmedia":[{"embeddable":true,"href":"https:\/\/soydeaqui.ddns.net\/pachuca\/index.php\/wp-json\/wp\/v2\/media\/5640"}],"wp:attachment":[{"href":"https:\/\/soydeaqui.ddns.net\/pachuca\/index.php\/wp-json\/wp\/v2\/media?parent=5641"}],"wp:term":[{"taxonomy":"product_brand","embeddable":true,"href":"https:\/\/soydeaqui.ddns.net\/pachuca\/index.php\/wp-json\/wp\/v2\/product_brand?post=5641"},{"taxonomy":"product_cat","embeddable":true,"href":"https:\/\/soydeaqui.ddns.net\/pachuca\/index.php\/wp-json\/wp\/v2\/product_cat?post=5641"},{"taxonomy":"product_tag","embeddable":true,"href":"https:\/\/soydeaqui.ddns.net\/pachuca\/index.php\/wp-json\/wp\/v2\/product_tag?post=5641"}],"curies":[{"name":"wp","href":"https:\/\/api.w.org\/{rel}","templated":true}]}}